{"id":7076,"date":"2021-10-26T17:52:42","date_gmt":"2021-10-26T15:52:42","guid":{"rendered":"https:\/\/www.amberlithuania.com\/parduotuve\/uncategorized\/silver-925-earrings-stud-flowers\/"},"modified":"2021-10-26T17:52:42","modified_gmt":"2021-10-26T15:52:42","slug":"silver-925-earrings-stud-flowers","status":"publish","type":"product","link":"https:\/\/www.amberlithuania.com\/en\/parduotuve\/amber-stud-earrings\/silver-925-earrings-stud-flowers\/","title":{"rendered":"Silver 925 earrings stud &#8220;Flowers&#8221;"},"content":{"rendered":"<p class=\"western\"><span style=\"color: #111111;\"><span style=\"font-family: Times New Roman, serif;\"><span style=\"font-size: medium;\">Small stud Sterling Silver 925 earrings made of genuine Baltic amber. All parts \u2013 Sterling silver 925.<\/span><\/span><\/span><\/p>\n<p class=\"western\">Total length about 1,5 cm.<\/p>\n<p class=\"western\"><span style=\"color: #111111;\"><span style=\"font-family: Times New Roman, serif;\"><span style=\"font-size: medium;\">We sell only genuine, real, not pressed, authentic, natural Baltic Amber. Because of that some Item may have natural imperfections and each item can be slightly different colour than the one You see in a photos.<\/span><\/span><\/span><\/p>\n","protected":false},"excerpt":{"rendered":"<p class=\"western\"><span style=\"color: #111111;\"><span style=\"font-family: Times New Roman, serif;\"><span style=\"font-size: medium;\">Small stud Sterling Silver 925 earrings made of genuine Baltic amber. All parts \u2013 Sterling silver 925.<\/span><\/span><\/span><\/p>\n<p class=\"western\">Total length about 1,5 cm.<\/p>\n<p class=\"western\"><span style=\"color: #111111;\"><span style=\"font-family: Times New Roman, serif;\"><span style=\"font-size: medium;\">We sell only genuine, real, not pressed, authentic, natural Baltic Amber. Because of that some Item may have natural imperfections and each item can be slightly different colour than the one You see in a photos.<\/span><\/span><\/span><\/p>\n","protected":false},"featured_media":5022,"comment_status":"open","ping_status":"closed","template":"","meta":[],"product_brand":[],"product_cat":[442],"product_tag":[1389,1227,483,579,308,316,2079,2218,407,481,500,414,480,479,501,492],"class_list":{"0":"post-7076","1":"product","2":"type-product","3":"status-publish","4":"has-post-thumbnail","6":"product_cat-amber-stud-earrings","7":"product_tag-amber-en","8":"product_tag-amber-baltic-dangle-earring-en","9":"product_tag-amber-bracelet","10":"product_tag-amber-earrings-en-2","11":"product_tag-amber-necklace-en","12":"product_tag-baltic-amber","13":"product_tag-baltic-amber-gift-en","14":"product_tag-baltic-amber-jewelry-en","15":"product_tag-bracelet-and-amber","16":"product_tag-christmas-gift","17":"product_tag-earrings","18":"product_tag-gift-for-her-en","19":"product_tag-gold-and-amber","20":"product_tag-green-amber-earrings","21":"product_tag-round-amber-bead","22":"product_tag-white-amber-pendant","24":"first","25":"instock","26":"shipping-taxable","27":"purchasable","28":"product-type-simple"},"yoast_head":"<!-- This site is optimized with the Yoast SEO plugin v26.6 - https:\/\/yoast.com\/wordpress\/plugins\/seo\/ -->\n<title>Silver 925 earrings stud &quot;Flowers&quot; - amberlithuania.com<\/title>\n<meta name=\"robots\" content=\"index, follow, max-snippet:-1, max-image-preview:large, max-video-preview:-1\" \/>\n<link rel=\"canonical\" href=\"https:\/\/www.amberlithuania.com\/en\/parduotuve\/amber-stud-earrings\/silver-925-earrings-stud-flowers\/\" \/>\n<meta property=\"og:locale\" content=\"en_US\" \/>\n<meta property=\"og:type\" content=\"article\" \/>\n<meta property=\"og:title\" content=\"Silver 925 earrings stud &quot;Flowers&quot; - amberlithuania.com\" \/>\n<meta property=\"og:description\" content=\"Small stud Sterling Silver 925 earrings made of genuine Baltic amber. All parts \u2013 Sterling silver 925. Total length about 1,5 cm. We sell only genuine, real, not pressed, authentic, natural Baltic Amber. Because of that some Item may have natural imperfections and each item can be slightly different colour than the one You see in a photos.\" \/>\n<meta property=\"og:url\" content=\"https:\/\/www.amberlithuania.com\/en\/parduotuve\/amber-stud-earrings\/silver-925-earrings-stud-flowers\/\" \/>\n<meta property=\"og:site_name\" content=\"amberlithuania.com\" \/>\n<meta property=\"article:publisher\" content=\"https:\/\/www.facebook.com\/GintaroGaliaAmberLithuania\/\" \/>\n<meta property=\"og:image\" content=\"https:\/\/www.amberlithuania.com\/wp-content\/uploads\/2021\/10\/20201111_133456-scaled.jpg\" \/>\n\t<meta property=\"og:image:width\" content=\"2560\" \/>\n\t<meta property=\"og:image:height\" content=\"1920\" \/>\n\t<meta property=\"og:image:type\" content=\"image\/jpeg\" \/>\n<meta name=\"twitter:card\" content=\"summary_large_image\" \/>\n<meta name=\"twitter:site\" content=\"@com\" \/>\n<script type=\"application\/ld+json\" class=\"yoast-schema-graph\">{\"@context\":\"https:\/\/schema.org\",\"@graph\":[{\"@type\":\"WebPage\",\"@id\":\"https:\/\/www.amberlithuania.com\/en\/parduotuve\/amber-stud-earrings\/silver-925-earrings-stud-flowers\/\",\"url\":\"https:\/\/www.amberlithuania.com\/en\/parduotuve\/amber-stud-earrings\/silver-925-earrings-stud-flowers\/\",\"name\":\"Silver 925 earrings stud \\\"Flowers\\\" - amberlithuania.com\",\"isPartOf\":{\"@id\":\"https:\/\/www.amberlithuania.com\/en\/#website\"},\"primaryImageOfPage\":{\"@id\":\"https:\/\/www.amberlithuania.com\/en\/parduotuve\/amber-stud-earrings\/silver-925-earrings-stud-flowers\/#primaryimage\"},\"image\":{\"@id\":\"https:\/\/www.amberlithuania.com\/en\/parduotuve\/amber-stud-earrings\/silver-925-earrings-stud-flowers\/#primaryimage\"},\"thumbnailUrl\":\"https:\/\/www.amberlithuania.com\/wp-content\/uploads\/2021\/10\/20201111_133456-scaled.jpg\",\"datePublished\":\"2021-10-26T15:52:42+00:00\",\"breadcrumb\":{\"@id\":\"https:\/\/www.amberlithuania.com\/en\/parduotuve\/amber-stud-earrings\/silver-925-earrings-stud-flowers\/#breadcrumb\"},\"inLanguage\":\"en-US\",\"potentialAction\":[{\"@type\":\"ReadAction\",\"target\":[\"https:\/\/www.amberlithuania.com\/en\/parduotuve\/amber-stud-earrings\/silver-925-earrings-stud-flowers\/\"]}]},{\"@type\":\"ImageObject\",\"inLanguage\":\"en-US\",\"@id\":\"https:\/\/www.amberlithuania.com\/en\/parduotuve\/amber-stud-earrings\/silver-925-earrings-stud-flowers\/#primaryimage\",\"url\":\"https:\/\/www.amberlithuania.com\/wp-content\/uploads\/2021\/10\/20201111_133456-scaled.jpg\",\"contentUrl\":\"https:\/\/www.amberlithuania.com\/wp-content\/uploads\/2021\/10\/20201111_133456-scaled.jpg\",\"width\":2560,\"height\":1920,\"caption\":\"Sidabriniai auskarai \\\"G\u0117l\u0117s\\\" vinukai\"},{\"@type\":\"BreadcrumbList\",\"@id\":\"https:\/\/www.amberlithuania.com\/en\/parduotuve\/amber-stud-earrings\/silver-925-earrings-stud-flowers\/#breadcrumb\",\"itemListElement\":[{\"@type\":\"ListItem\",\"position\":1,\"name\":\"Home\",\"item\":\"https:\/\/www.amberlithuania.com\/en\/\"},{\"@type\":\"ListItem\",\"position\":2,\"name\":\"Shop\",\"item\":\"https:\/\/www.amberlithuania.com\/en\/shop\/\"},{\"@type\":\"ListItem\",\"position\":3,\"name\":\"Silver 925 earrings stud &#8222;Flowers&#8221;\"}]},{\"@type\":\"WebSite\",\"@id\":\"https:\/\/www.amberlithuania.com\/en\/#website\",\"url\":\"https:\/\/www.amberlithuania.com\/en\/\",\"name\":\"amberlithuania.com\",\"description\":\"Gintariniai papuo\u0161alai Kal\u0117din\u0117s dovanos Juvelyriniai dirbiniai\",\"publisher\":{\"@id\":\"https:\/\/www.amberlithuania.com\/en\/#\/schema\/person\/6ba64bb15b47b2e25b6ff0bba2850db7\"},\"potentialAction\":[{\"@type\":\"SearchAction\",\"target\":{\"@type\":\"EntryPoint\",\"urlTemplate\":\"https:\/\/www.amberlithuania.com\/en\/?s={search_term_string}\"},\"query-input\":{\"@type\":\"PropertyValueSpecification\",\"valueRequired\":true,\"valueName\":\"search_term_string\"}}],\"inLanguage\":\"en-US\"},{\"@type\":[\"Person\",\"Organization\"],\"@id\":\"https:\/\/www.amberlithuania.com\/en\/#\/schema\/person\/6ba64bb15b47b2e25b6ff0bba2850db7\",\"name\":\"amberlithuania.com\",\"image\":{\"@type\":\"ImageObject\",\"inLanguage\":\"en-US\",\"@id\":\"https:\/\/www.amberlithuania.com\/en\/#\/schema\/person\/image\/\",\"url\":\"https:\/\/www.amberlithuania.com\/wp-content\/uploads\/2022\/02\/20220222_162041-scaled.jpg\",\"contentUrl\":\"https:\/\/www.amberlithuania.com\/wp-content\/uploads\/2022\/02\/20220222_162041-scaled.jpg\",\"width\":2560,\"height\":2560,\"caption\":\"amberlithuania.com\"},\"logo\":{\"@id\":\"https:\/\/www.amberlithuania.com\/en\/#\/schema\/person\/image\/\"},\"sameAs\":[\"http:\/\/www.amberlithuania.com\",\"https:\/\/www.facebook.com\/GintaroGaliaAmberLithuania\/\",\"https:\/\/x.com\/amberlithuania.com\"]}]}<\/script>\n<!-- \/ Yoast SEO plugin. -->","yoast_head_json":{"title":"Silver 925 earrings stud \"Flowers\" - amberlithuania.com","robots":{"index":"index","follow":"follow","max-snippet":"max-snippet:-1","max-image-preview":"max-image-preview:large","max-video-preview":"max-video-preview:-1"},"canonical":"https:\/\/www.amberlithuania.com\/en\/parduotuve\/amber-stud-earrings\/silver-925-earrings-stud-flowers\/","og_locale":"en_US","og_type":"article","og_title":"Silver 925 earrings stud \"Flowers\" - amberlithuania.com","og_description":"Small stud Sterling Silver 925 earrings made of genuine Baltic amber. All parts \u2013 Sterling silver 925. Total length about 1,5 cm. We sell only genuine, real, not pressed, authentic, natural Baltic Amber. Because of that some Item may have natural imperfections and each item can be slightly different colour than the one You see in a photos.","og_url":"https:\/\/www.amberlithuania.com\/en\/parduotuve\/amber-stud-earrings\/silver-925-earrings-stud-flowers\/","og_site_name":"amberlithuania.com","article_publisher":"https:\/\/www.facebook.com\/GintaroGaliaAmberLithuania\/","og_image":[{"width":2560,"height":1920,"url":"https:\/\/www.amberlithuania.com\/wp-content\/uploads\/2021\/10\/20201111_133456-scaled.jpg","type":"image\/jpeg"}],"twitter_card":"summary_large_image","twitter_site":"@com","schema":{"@context":"https:\/\/schema.org","@graph":[{"@type":"WebPage","@id":"https:\/\/www.amberlithuania.com\/en\/parduotuve\/amber-stud-earrings\/silver-925-earrings-stud-flowers\/","url":"https:\/\/www.amberlithuania.com\/en\/parduotuve\/amber-stud-earrings\/silver-925-earrings-stud-flowers\/","name":"Silver 925 earrings stud \"Flowers\" - amberlithuania.com","isPartOf":{"@id":"https:\/\/www.amberlithuania.com\/en\/#website"},"primaryImageOfPage":{"@id":"https:\/\/www.amberlithuania.com\/en\/parduotuve\/amber-stud-earrings\/silver-925-earrings-stud-flowers\/#primaryimage"},"image":{"@id":"https:\/\/www.amberlithuania.com\/en\/parduotuve\/amber-stud-earrings\/silver-925-earrings-stud-flowers\/#primaryimage"},"thumbnailUrl":"https:\/\/www.amberlithuania.com\/wp-content\/uploads\/2021\/10\/20201111_133456-scaled.jpg","datePublished":"2021-10-26T15:52:42+00:00","breadcrumb":{"@id":"https:\/\/www.amberlithuania.com\/en\/parduotuve\/amber-stud-earrings\/silver-925-earrings-stud-flowers\/#breadcrumb"},"inLanguage":"en-US","potentialAction":[{"@type":"ReadAction","target":["https:\/\/www.amberlithuania.com\/en\/parduotuve\/amber-stud-earrings\/silver-925-earrings-stud-flowers\/"]}]},{"@type":"ImageObject","inLanguage":"en-US","@id":"https:\/\/www.amberlithuania.com\/en\/parduotuve\/amber-stud-earrings\/silver-925-earrings-stud-flowers\/#primaryimage","url":"https:\/\/www.amberlithuania.com\/wp-content\/uploads\/2021\/10\/20201111_133456-scaled.jpg","contentUrl":"https:\/\/www.amberlithuania.com\/wp-content\/uploads\/2021\/10\/20201111_133456-scaled.jpg","width":2560,"height":1920,"caption":"Sidabriniai auskarai \"G\u0117l\u0117s\" vinukai"},{"@type":"BreadcrumbList","@id":"https:\/\/www.amberlithuania.com\/en\/parduotuve\/amber-stud-earrings\/silver-925-earrings-stud-flowers\/#breadcrumb","itemListElement":[{"@type":"ListItem","position":1,"name":"Home","item":"https:\/\/www.amberlithuania.com\/en\/"},{"@type":"ListItem","position":2,"name":"Shop","item":"https:\/\/www.amberlithuania.com\/en\/shop\/"},{"@type":"ListItem","position":3,"name":"Silver 925 earrings stud &#8222;Flowers&#8221;"}]},{"@type":"WebSite","@id":"https:\/\/www.amberlithuania.com\/en\/#website","url":"https:\/\/www.amberlithuania.com\/en\/","name":"amberlithuania.com","description":"Gintariniai papuo\u0161alai Kal\u0117din\u0117s dovanos Juvelyriniai dirbiniai","publisher":{"@id":"https:\/\/www.amberlithuania.com\/en\/#\/schema\/person\/6ba64bb15b47b2e25b6ff0bba2850db7"},"potentialAction":[{"@type":"SearchAction","target":{"@type":"EntryPoint","urlTemplate":"https:\/\/www.amberlithuania.com\/en\/?s={search_term_string}"},"query-input":{"@type":"PropertyValueSpecification","valueRequired":true,"valueName":"search_term_string"}}],"inLanguage":"en-US"},{"@type":["Person","Organization"],"@id":"https:\/\/www.amberlithuania.com\/en\/#\/schema\/person\/6ba64bb15b47b2e25b6ff0bba2850db7","name":"amberlithuania.com","image":{"@type":"ImageObject","inLanguage":"en-US","@id":"https:\/\/www.amberlithuania.com\/en\/#\/schema\/person\/image\/","url":"https:\/\/www.amberlithuania.com\/wp-content\/uploads\/2022\/02\/20220222_162041-scaled.jpg","contentUrl":"https:\/\/www.amberlithuania.com\/wp-content\/uploads\/2022\/02\/20220222_162041-scaled.jpg","width":2560,"height":2560,"caption":"amberlithuania.com"},"logo":{"@id":"https:\/\/www.amberlithuania.com\/en\/#\/schema\/person\/image\/"},"sameAs":["http:\/\/www.amberlithuania.com","https:\/\/www.facebook.com\/GintaroGaliaAmberLithuania\/","https:\/\/x.com\/amberlithuania.com"]}]}},"_links":{"self":[{"href":"https:\/\/www.amberlithuania.com\/en\/wp-json\/wp\/v2\/product\/7076","targetHints":{"allow":["GET"]}}],"collection":[{"href":"https:\/\/www.amberlithuania.com\/en\/wp-json\/wp\/v2\/product"}],"about":[{"href":"https:\/\/www.amberlithuania.com\/en\/wp-json\/wp\/v2\/types\/product"}],"replies":[{"embeddable":true,"href":"https:\/\/www.amberlithuania.com\/en\/wp-json\/wp\/v2\/comments?post=7076"}],"wp:featuredmedia":[{"embeddable":true,"href":"https:\/\/www.amberlithuania.com\/en\/wp-json\/wp\/v2\/media\/5022"}],"wp:attachment":[{"href":"https:\/\/www.amberlithuania.com\/en\/wp-json\/wp\/v2\/media?parent=7076"}],"wp:term":[{"taxonomy":"product_brand","embeddable":true,"href":"https:\/\/www.amberlithuania.com\/en\/wp-json\/wp\/v2\/product_brand?post=7076"},{"taxonomy":"product_cat","embeddable":true,"href":"https:\/\/www.amberlithuania.com\/en\/wp-json\/wp\/v2\/product_cat?post=7076"},{"taxonomy":"product_tag","embeddable":true,"href":"https:\/\/www.amberlithuania.com\/en\/wp-json\/wp\/v2\/product_tag?post=7076"}],"curies":[{"name":"wp","href":"https:\/\/api.w.org\/{rel}","templated":true}]}}