{"id":7032,"date":"2021-10-27T08:54:59","date_gmt":"2021-10-27T06:54:59","guid":{"rendered":"https:\/\/www.amberlithuania.com\/parduotuve\/uncategorized\/amber-insect-pendant\/"},"modified":"2021-10-27T08:54:59","modified_gmt":"2021-10-27T06:54:59","slug":"amber-insect-pendant","status":"publish","type":"product","link":"https:\/\/www.amberlithuania.com\/en\/parduotuve\/pendants\/amber-insect-pendant\/","title":{"rendered":"Amber insect pendant"},"content":{"rendered":"<p class=\"western\"><span style=\"color: #111111;\"><span style=\"font-family: Times New Roman, serif;\"><span style=\"font-size: large;\">Genuine yellow Baltic amber pendant. Natural shape with original insect. Weight 24,6 gr. Size 8 x 4 cm.\u00a0<\/span><\/span><\/span><\/p>\n<p class=\"western\"><span style=\"color: #111111;\"><span style=\"font-family: Times New Roman, serif;\"><span style=\"font-size: x-large;\">We sell only genuine, real, not pressed, authentic, natural Baltic Amber. Because of that some Item may have natural imperfections and each item can be slightly different colour than the one You see in a photos<\/span><\/span><\/span><\/p>\n","protected":false},"excerpt":{"rendered":"<p class=\"western\"><span style=\"color: #111111;\"><span style=\"font-family: Times New Roman, serif;\"><span style=\"font-size: large;\">Genuine yellow Baltic amber pendant. Natural shape with original insect. Weight 24,6 gr. Size 8 x 4 cm.\u00a0<\/span><\/span><\/span><\/p>\n<p class=\"western\"><span style=\"color: #111111;\"><span style=\"font-family: Times New Roman, serif;\"><span style=\"font-size: x-large;\">We sell only genuine, real, not pressed, authentic, natural Baltic Amber. Because of that some Item may have natural imperfections and each item can be slightly different colour than the one You see in a photos<\/span><\/span><\/span><\/p>\n","protected":false},"featured_media":5418,"comment_status":"open","ping_status":"closed","template":"","meta":[],"product_brand":[],"product_cat":[100],"product_tag":[2057,1308,2059,306,1991,303],"class_list":{"0":"post-7032","1":"product","2":"type-product","3":"status-publish","4":"has-post-thumbnail","6":"product_cat-pendants","7":"product_tag-amber-inclusions-en","8":"product_tag-fossil-amber-en","9":"product_tag-gemstone-insect-en","10":"product_tag-gemstone-necklace","11":"product_tag-inclusion-amber-en","12":"product_tag-raw-amber","14":"first","15":"instock","16":"shipping-taxable","17":"purchasable","18":"product-type-simple"},"yoast_head":"<!-- This site is optimized with the Yoast SEO plugin v26.6 - https:\/\/yoast.com\/wordpress\/plugins\/seo\/ -->\n<title>Amber insect pendant - amberlithuania.com<\/title>\n<meta name=\"robots\" content=\"index, follow, max-snippet:-1, max-image-preview:large, max-video-preview:-1\" \/>\n<link rel=\"canonical\" href=\"https:\/\/www.amberlithuania.com\/en\/parduotuve\/pendants\/amber-insect-pendant\/\" \/>\n<meta property=\"og:locale\" content=\"en_US\" \/>\n<meta property=\"og:type\" content=\"article\" \/>\n<meta property=\"og:title\" content=\"Amber insect pendant - amberlithuania.com\" \/>\n<meta property=\"og:description\" content=\"Genuine yellow Baltic amber pendant. Natural shape with original insect. Weight 24,6 gr. Size 8 x 4 cm.\u00a0 We sell only genuine, real, not pressed, authentic, natural Baltic Amber. Because of that some Item may have natural imperfections and each item can be slightly different colour than the one You see in a photos\" \/>\n<meta property=\"og:url\" content=\"https:\/\/www.amberlithuania.com\/en\/parduotuve\/pendants\/amber-insect-pendant\/\" \/>\n<meta property=\"og:site_name\" content=\"amberlithuania.com\" \/>\n<meta property=\"article:publisher\" content=\"https:\/\/www.facebook.com\/GintaroGaliaAmberLithuania\/\" \/>\n<meta property=\"og:image\" content=\"https:\/\/www.amberlithuania.com\/wp-content\/uploads\/2021\/10\/20210618_194756-scaled.jpg\" \/>\n\t<meta property=\"og:image:width\" content=\"2560\" \/>\n\t<meta property=\"og:image:height\" content=\"2560\" \/>\n\t<meta property=\"og:image:type\" content=\"image\/jpeg\" \/>\n<meta name=\"twitter:card\" content=\"summary_large_image\" \/>\n<meta name=\"twitter:site\" content=\"@com\" \/>\n<script type=\"application\/ld+json\" class=\"yoast-schema-graph\">{\"@context\":\"https:\/\/schema.org\",\"@graph\":[{\"@type\":\"WebPage\",\"@id\":\"https:\/\/www.amberlithuania.com\/en\/parduotuve\/pendants\/amber-insect-pendant\/\",\"url\":\"https:\/\/www.amberlithuania.com\/en\/parduotuve\/pendants\/amber-insect-pendant\/\",\"name\":\"Amber insect pendant - amberlithuania.com\",\"isPartOf\":{\"@id\":\"https:\/\/www.amberlithuania.com\/en\/#website\"},\"primaryImageOfPage\":{\"@id\":\"https:\/\/www.amberlithuania.com\/en\/parduotuve\/pendants\/amber-insect-pendant\/#primaryimage\"},\"image\":{\"@id\":\"https:\/\/www.amberlithuania.com\/en\/parduotuve\/pendants\/amber-insect-pendant\/#primaryimage\"},\"thumbnailUrl\":\"https:\/\/www.amberlithuania.com\/wp-content\/uploads\/2021\/10\/20210618_194756-scaled.jpg\",\"datePublished\":\"2021-10-27T06:54:59+00:00\",\"breadcrumb\":{\"@id\":\"https:\/\/www.amberlithuania.com\/en\/parduotuve\/pendants\/amber-insect-pendant\/#breadcrumb\"},\"inLanguage\":\"en-US\",\"potentialAction\":[{\"@type\":\"ReadAction\",\"target\":[\"https:\/\/www.amberlithuania.com\/en\/parduotuve\/pendants\/amber-insect-pendant\/\"]}]},{\"@type\":\"ImageObject\",\"inLanguage\":\"en-US\",\"@id\":\"https:\/\/www.amberlithuania.com\/en\/parduotuve\/pendants\/amber-insect-pendant\/#primaryimage\",\"url\":\"https:\/\/www.amberlithuania.com\/wp-content\/uploads\/2021\/10\/20210618_194756-scaled.jpg\",\"contentUrl\":\"https:\/\/www.amberlithuania.com\/wp-content\/uploads\/2021\/10\/20210618_194756-scaled.jpg\",\"width\":2560,\"height\":2560,\"caption\":\"Pakabukas gintarinis su inkliuzu\"},{\"@type\":\"BreadcrumbList\",\"@id\":\"https:\/\/www.amberlithuania.com\/en\/parduotuve\/pendants\/amber-insect-pendant\/#breadcrumb\",\"itemListElement\":[{\"@type\":\"ListItem\",\"position\":1,\"name\":\"Home\",\"item\":\"https:\/\/www.amberlithuania.com\/en\/\"},{\"@type\":\"ListItem\",\"position\":2,\"name\":\"Shop\",\"item\":\"https:\/\/www.amberlithuania.com\/en\/shop\/\"},{\"@type\":\"ListItem\",\"position\":3,\"name\":\"Amber insect pendant\"}]},{\"@type\":\"WebSite\",\"@id\":\"https:\/\/www.amberlithuania.com\/en\/#website\",\"url\":\"https:\/\/www.amberlithuania.com\/en\/\",\"name\":\"amberlithuania.com\",\"description\":\"Gintariniai papuo\u0161alai Kal\u0117din\u0117s dovanos Juvelyriniai dirbiniai\",\"publisher\":{\"@id\":\"https:\/\/www.amberlithuania.com\/en\/#\/schema\/person\/6ba64bb15b47b2e25b6ff0bba2850db7\"},\"potentialAction\":[{\"@type\":\"SearchAction\",\"target\":{\"@type\":\"EntryPoint\",\"urlTemplate\":\"https:\/\/www.amberlithuania.com\/en\/?s={search_term_string}\"},\"query-input\":{\"@type\":\"PropertyValueSpecification\",\"valueRequired\":true,\"valueName\":\"search_term_string\"}}],\"inLanguage\":\"en-US\"},{\"@type\":[\"Person\",\"Organization\"],\"@id\":\"https:\/\/www.amberlithuania.com\/en\/#\/schema\/person\/6ba64bb15b47b2e25b6ff0bba2850db7\",\"name\":\"amberlithuania.com\",\"image\":{\"@type\":\"ImageObject\",\"inLanguage\":\"en-US\",\"@id\":\"https:\/\/www.amberlithuania.com\/en\/#\/schema\/person\/image\/\",\"url\":\"https:\/\/www.amberlithuania.com\/wp-content\/uploads\/2022\/02\/20220222_162041-scaled.jpg\",\"contentUrl\":\"https:\/\/www.amberlithuania.com\/wp-content\/uploads\/2022\/02\/20220222_162041-scaled.jpg\",\"width\":2560,\"height\":2560,\"caption\":\"amberlithuania.com\"},\"logo\":{\"@id\":\"https:\/\/www.amberlithuania.com\/en\/#\/schema\/person\/image\/\"},\"sameAs\":[\"http:\/\/www.amberlithuania.com\",\"https:\/\/www.facebook.com\/GintaroGaliaAmberLithuania\/\",\"https:\/\/x.com\/amberlithuania.com\"]}]}<\/script>\n<!-- \/ Yoast SEO plugin. -->","yoast_head_json":{"title":"Amber insect pendant - amberlithuania.com","robots":{"index":"index","follow":"follow","max-snippet":"max-snippet:-1","max-image-preview":"max-image-preview:large","max-video-preview":"max-video-preview:-1"},"canonical":"https:\/\/www.amberlithuania.com\/en\/parduotuve\/pendants\/amber-insect-pendant\/","og_locale":"en_US","og_type":"article","og_title":"Amber insect pendant - amberlithuania.com","og_description":"Genuine yellow Baltic amber pendant. Natural shape with original insect. Weight 24,6 gr. Size 8 x 4 cm.\u00a0 We sell only genuine, real, not pressed, authentic, natural Baltic Amber. Because of that some Item may have natural imperfections and each item can be slightly different colour than the one You see in a photos","og_url":"https:\/\/www.amberlithuania.com\/en\/parduotuve\/pendants\/amber-insect-pendant\/","og_site_name":"amberlithuania.com","article_publisher":"https:\/\/www.facebook.com\/GintaroGaliaAmberLithuania\/","og_image":[{"width":2560,"height":2560,"url":"https:\/\/www.amberlithuania.com\/wp-content\/uploads\/2021\/10\/20210618_194756-scaled.jpg","type":"image\/jpeg"}],"twitter_card":"summary_large_image","twitter_site":"@com","schema":{"@context":"https:\/\/schema.org","@graph":[{"@type":"WebPage","@id":"https:\/\/www.amberlithuania.com\/en\/parduotuve\/pendants\/amber-insect-pendant\/","url":"https:\/\/www.amberlithuania.com\/en\/parduotuve\/pendants\/amber-insect-pendant\/","name":"Amber insect pendant - amberlithuania.com","isPartOf":{"@id":"https:\/\/www.amberlithuania.com\/en\/#website"},"primaryImageOfPage":{"@id":"https:\/\/www.amberlithuania.com\/en\/parduotuve\/pendants\/amber-insect-pendant\/#primaryimage"},"image":{"@id":"https:\/\/www.amberlithuania.com\/en\/parduotuve\/pendants\/amber-insect-pendant\/#primaryimage"},"thumbnailUrl":"https:\/\/www.amberlithuania.com\/wp-content\/uploads\/2021\/10\/20210618_194756-scaled.jpg","datePublished":"2021-10-27T06:54:59+00:00","breadcrumb":{"@id":"https:\/\/www.amberlithuania.com\/en\/parduotuve\/pendants\/amber-insect-pendant\/#breadcrumb"},"inLanguage":"en-US","potentialAction":[{"@type":"ReadAction","target":["https:\/\/www.amberlithuania.com\/en\/parduotuve\/pendants\/amber-insect-pendant\/"]}]},{"@type":"ImageObject","inLanguage":"en-US","@id":"https:\/\/www.amberlithuania.com\/en\/parduotuve\/pendants\/amber-insect-pendant\/#primaryimage","url":"https:\/\/www.amberlithuania.com\/wp-content\/uploads\/2021\/10\/20210618_194756-scaled.jpg","contentUrl":"https:\/\/www.amberlithuania.com\/wp-content\/uploads\/2021\/10\/20210618_194756-scaled.jpg","width":2560,"height":2560,"caption":"Pakabukas gintarinis su inkliuzu"},{"@type":"BreadcrumbList","@id":"https:\/\/www.amberlithuania.com\/en\/parduotuve\/pendants\/amber-insect-pendant\/#breadcrumb","itemListElement":[{"@type":"ListItem","position":1,"name":"Home","item":"https:\/\/www.amberlithuania.com\/en\/"},{"@type":"ListItem","position":2,"name":"Shop","item":"https:\/\/www.amberlithuania.com\/en\/shop\/"},{"@type":"ListItem","position":3,"name":"Amber insect pendant"}]},{"@type":"WebSite","@id":"https:\/\/www.amberlithuania.com\/en\/#website","url":"https:\/\/www.amberlithuania.com\/en\/","name":"amberlithuania.com","description":"Gintariniai papuo\u0161alai Kal\u0117din\u0117s dovanos Juvelyriniai dirbiniai","publisher":{"@id":"https:\/\/www.amberlithuania.com\/en\/#\/schema\/person\/6ba64bb15b47b2e25b6ff0bba2850db7"},"potentialAction":[{"@type":"SearchAction","target":{"@type":"EntryPoint","urlTemplate":"https:\/\/www.amberlithuania.com\/en\/?s={search_term_string}"},"query-input":{"@type":"PropertyValueSpecification","valueRequired":true,"valueName":"search_term_string"}}],"inLanguage":"en-US"},{"@type":["Person","Organization"],"@id":"https:\/\/www.amberlithuania.com\/en\/#\/schema\/person\/6ba64bb15b47b2e25b6ff0bba2850db7","name":"amberlithuania.com","image":{"@type":"ImageObject","inLanguage":"en-US","@id":"https:\/\/www.amberlithuania.com\/en\/#\/schema\/person\/image\/","url":"https:\/\/www.amberlithuania.com\/wp-content\/uploads\/2022\/02\/20220222_162041-scaled.jpg","contentUrl":"https:\/\/www.amberlithuania.com\/wp-content\/uploads\/2022\/02\/20220222_162041-scaled.jpg","width":2560,"height":2560,"caption":"amberlithuania.com"},"logo":{"@id":"https:\/\/www.amberlithuania.com\/en\/#\/schema\/person\/image\/"},"sameAs":["http:\/\/www.amberlithuania.com","https:\/\/www.facebook.com\/GintaroGaliaAmberLithuania\/","https:\/\/x.com\/amberlithuania.com"]}]}},"_links":{"self":[{"href":"https:\/\/www.amberlithuania.com\/en\/wp-json\/wp\/v2\/product\/7032","targetHints":{"allow":["GET"]}}],"collection":[{"href":"https:\/\/www.amberlithuania.com\/en\/wp-json\/wp\/v2\/product"}],"about":[{"href":"https:\/\/www.amberlithuania.com\/en\/wp-json\/wp\/v2\/types\/product"}],"replies":[{"embeddable":true,"href":"https:\/\/www.amberlithuania.com\/en\/wp-json\/wp\/v2\/comments?post=7032"}],"wp:featuredmedia":[{"embeddable":true,"href":"https:\/\/www.amberlithuania.com\/en\/wp-json\/wp\/v2\/media\/5418"}],"wp:attachment":[{"href":"https:\/\/www.amberlithuania.com\/en\/wp-json\/wp\/v2\/media?parent=7032"}],"wp:term":[{"taxonomy":"product_brand","embeddable":true,"href":"https:\/\/www.amberlithuania.com\/en\/wp-json\/wp\/v2\/product_brand?post=7032"},{"taxonomy":"product_cat","embeddable":true,"href":"https:\/\/www.amberlithuania.com\/en\/wp-json\/wp\/v2\/product_cat?post=7032"},{"taxonomy":"product_tag","embeddable":true,"href":"https:\/\/www.amberlithuania.com\/en\/wp-json\/wp\/v2\/product_tag?post=7032"}],"curies":[{"name":"wp","href":"https:\/\/api.w.org\/{rel}","templated":true}]}}