{"id":7000,"date":"2021-10-26T19:10:05","date_gmt":"2021-10-26T17:10:05","guid":{"rendered":"https:\/\/www.amberlithuania.com\/parduotuve\/uncategorized\/silver-925-earrings-8\/"},"modified":"2026-02-08T11:50:48","modified_gmt":"2026-02-08T09:50:48","slug":"silver-925-earrings-with-baltic-amber","status":"publish","type":"product","link":"https:\/\/www.amberlithuania.com\/en\/parduotuve\/earrings\/silver-925-earrings-with-baltic-amber\/","title":{"rendered":"Silver 925 earrings with Baltic amber"},"content":{"rendered":"<p class=\"western\"><span style=\"color: #111111;\"><span style=\"font-family: Times New Roman, serif;\"><span style=\"font-size: medium;\">Solid Sterling Silver 925 earrings made of genuine Baltic amber. All parts \u2013 Sterling silver 925. Silver 925 earrings with Baltic amber.<\/span><\/span><\/span><\/p>\n<p class=\"western\">Total length about 1,8 cm. Latch back.<\/p>\n<p class=\"western\"><span style=\"color: #111111;\"><span style=\"font-family: Times New Roman, serif;\"><span style=\"font-size: medium;\">We sell only genuine, real, not pressed, authentic, natural <a href=\"https:\/\/www.amberlithuania.com\/en\/parduotuve\/earrings\/clip-on-earrings-baltic-amber-short-earring-silver-925\/\">Baltic Amber<\/a>. Because of that some Item may have natural imperfections and each item can be slightly different colour than the one You see in a photos.<\/span><\/span><\/span><\/p>\n<p>Amber silver latch earrings handcrafted from genuine amber and sterling silver. Timeless design, secure latch closure, perfect for everyday elegance.<\/p>\n<p><em>Whether you&#8217;re searching for a meaningful gift or a piece of history to wear close to your heart, this shop invites you to experience the magic of Baltic amber in its purest form. Perfect gift for wife , mother, sister, friend. <\/em><\/p>\n","protected":false},"excerpt":{"rendered":"<p class=\"western\"><span style=\"color: #111111;\"><span style=\"font-family: Times New Roman, serif;\"><span style=\"font-size: medium;\">Solid Sterling Silver 925<a href=\"https:\/\/www.amberlithuania.com\/en\/parduotuve\/earrings\/clip-on-earrings-baltic-amber-short-earring-silver-925\/\"> earrings made of genuine Baltic amber<\/a>. All parts \u2013 Sterling silver 925.<\/span><\/span><\/span><\/p>\n<p class=\"western\">Total length about 1,8 cm. Latch back.<\/p>\n<p class=\"western\"><span style=\"color: #111111;\"><span style=\"font-family: Times New Roman, serif;\"><span style=\"font-size: medium;\">We sell only genuine, real, not pressed, authentic, natural Baltic Amber. Because of that some Item may have natural imperfections and each item can be slightly different colour than the one You see in a photos.<\/span><\/span><\/span><\/p>\n<p>Amber silver latch earrings handcrafted from genuine amber and sterling silver. Timeless design, secure latch closure, perfect for everyday elegance.<\/p>\n","protected":false},"featured_media":5223,"comment_status":"open","ping_status":"closed","template":"","meta":[],"product_brand":[],"product_cat":[98],"product_tag":[316,2079,991,593,488,479,3375],"class_list":{"0":"post-7000","1":"product","2":"type-product","3":"status-publish","4":"has-post-thumbnail","6":"product_cat-earrings","7":"product_tag-baltic-amber","8":"product_tag-baltic-amber-gift-en","9":"product_tag-birthday-gift","10":"product_tag-christmas-gift-en","11":"product_tag-green-amber","12":"product_tag-green-amber-earrings","13":"product_tag-latch-back-earrings","15":"first","16":"instock","17":"shipping-taxable","18":"purchasable","19":"product-type-variable"},"yoast_head":"<!-- This site is optimized with the Yoast SEO plugin v26.6 - https:\/\/yoast.com\/wordpress\/plugins\/seo\/ -->\n<title>Silver 925 earrings with Baltic amber - amberlithuania.com<\/title>\n<meta name=\"description\" content=\"Silver 925 earrings with Baltic amber Amber silver latch earrings handcrafted from genuine amber and sterling silver. Timeless design, secure latch closure, perfect for everyday elegance.\" \/>\n<meta name=\"robots\" content=\"index, follow, max-snippet:-1, max-image-preview:large, max-video-preview:-1\" \/>\n<link rel=\"canonical\" href=\"https:\/\/www.amberlithuania.com\/en\/parduotuve\/earrings\/silver-925-earrings-with-baltic-amber\/\" \/>\n<meta property=\"og:locale\" content=\"en_US\" \/>\n<meta property=\"og:type\" content=\"article\" \/>\n<meta property=\"og:title\" content=\"Silver 925 earrings with Baltic amber - amberlithuania.com\" \/>\n<meta property=\"og:description\" content=\"Silver 925 earrings with Baltic amber Amber silver latch earrings handcrafted from genuine amber and sterling silver. Timeless design, secure latch closure, perfect for everyday elegance.\" \/>\n<meta property=\"og:url\" content=\"https:\/\/www.amberlithuania.com\/en\/parduotuve\/earrings\/silver-925-earrings-with-baltic-amber\/\" \/>\n<meta property=\"og:site_name\" content=\"amberlithuania.com\" \/>\n<meta property=\"article:publisher\" content=\"https:\/\/www.facebook.com\/GintaroGaliaAmberLithuania\/\" \/>\n<meta property=\"article:modified_time\" content=\"2026-02-08T09:50:48+00:00\" \/>\n<meta property=\"og:image\" content=\"https:\/\/www.amberlithuania.com\/wp-content\/uploads\/2021\/10\/20201211_142052-scaled.jpg\" \/>\n\t<meta property=\"og:image:width\" content=\"1920\" \/>\n\t<meta property=\"og:image:height\" content=\"2560\" \/>\n\t<meta property=\"og:image:type\" content=\"image\/jpeg\" \/>\n<meta name=\"twitter:card\" content=\"summary_large_image\" \/>\n<meta name=\"twitter:site\" content=\"@com\" \/>\n<meta name=\"twitter:label1\" content=\"Est. reading time\" \/>\n\t<meta name=\"twitter:data1\" content=\"1 minute\" \/>\n<script type=\"application\/ld+json\" class=\"yoast-schema-graph\">{\"@context\":\"https:\/\/schema.org\",\"@graph\":[{\"@type\":\"WebPage\",\"@id\":\"https:\/\/www.amberlithuania.com\/en\/parduotuve\/earrings\/silver-925-earrings-with-baltic-amber\/\",\"url\":\"https:\/\/www.amberlithuania.com\/en\/parduotuve\/earrings\/silver-925-earrings-with-baltic-amber\/\",\"name\":\"Silver 925 earrings with Baltic amber - amberlithuania.com\",\"isPartOf\":{\"@id\":\"https:\/\/www.amberlithuania.com\/en\/#website\"},\"primaryImageOfPage\":{\"@id\":\"https:\/\/www.amberlithuania.com\/en\/parduotuve\/earrings\/silver-925-earrings-with-baltic-amber\/#primaryimage\"},\"image\":{\"@id\":\"https:\/\/www.amberlithuania.com\/en\/parduotuve\/earrings\/silver-925-earrings-with-baltic-amber\/#primaryimage\"},\"thumbnailUrl\":\"https:\/\/www.amberlithuania.com\/wp-content\/uploads\/2021\/10\/20201211_142052-scaled.jpg\",\"datePublished\":\"2021-10-26T17:10:05+00:00\",\"dateModified\":\"2026-02-08T09:50:48+00:00\",\"description\":\"Silver 925 earrings with Baltic amber Amber silver latch earrings handcrafted from genuine amber and sterling silver. Timeless design, secure latch closure, perfect for everyday elegance.\",\"breadcrumb\":{\"@id\":\"https:\/\/www.amberlithuania.com\/en\/parduotuve\/earrings\/silver-925-earrings-with-baltic-amber\/#breadcrumb\"},\"inLanguage\":\"en-US\",\"potentialAction\":[{\"@type\":\"ReadAction\",\"target\":[\"https:\/\/www.amberlithuania.com\/en\/parduotuve\/earrings\/silver-925-earrings-with-baltic-amber\/\"]}]},{\"@type\":\"ImageObject\",\"inLanguage\":\"en-US\",\"@id\":\"https:\/\/www.amberlithuania.com\/en\/parduotuve\/earrings\/silver-925-earrings-with-baltic-amber\/#primaryimage\",\"url\":\"https:\/\/www.amberlithuania.com\/wp-content\/uploads\/2021\/10\/20201211_142052-scaled.jpg\",\"contentUrl\":\"https:\/\/www.amberlithuania.com\/wp-content\/uploads\/2021\/10\/20201211_142052-scaled.jpg\",\"width\":1920,\"height\":2560,\"caption\":\"Kal\u0117din\u0117 dovana\"},{\"@type\":\"BreadcrumbList\",\"@id\":\"https:\/\/www.amberlithuania.com\/en\/parduotuve\/earrings\/silver-925-earrings-with-baltic-amber\/#breadcrumb\",\"itemListElement\":[{\"@type\":\"ListItem\",\"position\":1,\"name\":\"Home\",\"item\":\"https:\/\/www.amberlithuania.com\/en\/\"},{\"@type\":\"ListItem\",\"position\":2,\"name\":\"Shop\",\"item\":\"https:\/\/www.amberlithuania.com\/en\/shop\/\"},{\"@type\":\"ListItem\",\"position\":3,\"name\":\"Silver 925 earrings with Baltic amber\"}]},{\"@type\":\"WebSite\",\"@id\":\"https:\/\/www.amberlithuania.com\/en\/#website\",\"url\":\"https:\/\/www.amberlithuania.com\/en\/\",\"name\":\"amberlithuania.com\",\"description\":\"Gintariniai papuo\u0161alai Kal\u0117din\u0117s dovanos Juvelyriniai dirbiniai\",\"publisher\":{\"@id\":\"https:\/\/www.amberlithuania.com\/en\/#\/schema\/person\/6ba64bb15b47b2e25b6ff0bba2850db7\"},\"potentialAction\":[{\"@type\":\"SearchAction\",\"target\":{\"@type\":\"EntryPoint\",\"urlTemplate\":\"https:\/\/www.amberlithuania.com\/en\/?s={search_term_string}\"},\"query-input\":{\"@type\":\"PropertyValueSpecification\",\"valueRequired\":true,\"valueName\":\"search_term_string\"}}],\"inLanguage\":\"en-US\"},{\"@type\":[\"Person\",\"Organization\"],\"@id\":\"https:\/\/www.amberlithuania.com\/en\/#\/schema\/person\/6ba64bb15b47b2e25b6ff0bba2850db7\",\"name\":\"amberlithuania.com\",\"image\":{\"@type\":\"ImageObject\",\"inLanguage\":\"en-US\",\"@id\":\"https:\/\/www.amberlithuania.com\/en\/#\/schema\/person\/image\/\",\"url\":\"https:\/\/www.amberlithuania.com\/wp-content\/uploads\/2022\/02\/20220222_162041-scaled.jpg\",\"contentUrl\":\"https:\/\/www.amberlithuania.com\/wp-content\/uploads\/2022\/02\/20220222_162041-scaled.jpg\",\"width\":2560,\"height\":2560,\"caption\":\"amberlithuania.com\"},\"logo\":{\"@id\":\"https:\/\/www.amberlithuania.com\/en\/#\/schema\/person\/image\/\"},\"sameAs\":[\"http:\/\/www.amberlithuania.com\",\"https:\/\/www.facebook.com\/GintaroGaliaAmberLithuania\/\",\"https:\/\/x.com\/amberlithuania.com\"]}]}<\/script>\n<!-- \/ Yoast SEO plugin. -->","yoast_head_json":{"title":"Silver 925 earrings with Baltic amber - amberlithuania.com","description":"Silver 925 earrings with Baltic amber Amber silver latch earrings handcrafted from genuine amber and sterling silver. Timeless design, secure latch closure, perfect for everyday elegance.","robots":{"index":"index","follow":"follow","max-snippet":"max-snippet:-1","max-image-preview":"max-image-preview:large","max-video-preview":"max-video-preview:-1"},"canonical":"https:\/\/www.amberlithuania.com\/en\/parduotuve\/earrings\/silver-925-earrings-with-baltic-amber\/","og_locale":"en_US","og_type":"article","og_title":"Silver 925 earrings with Baltic amber - amberlithuania.com","og_description":"Silver 925 earrings with Baltic amber Amber silver latch earrings handcrafted from genuine amber and sterling silver. Timeless design, secure latch closure, perfect for everyday elegance.","og_url":"https:\/\/www.amberlithuania.com\/en\/parduotuve\/earrings\/silver-925-earrings-with-baltic-amber\/","og_site_name":"amberlithuania.com","article_publisher":"https:\/\/www.facebook.com\/GintaroGaliaAmberLithuania\/","article_modified_time":"2026-02-08T09:50:48+00:00","og_image":[{"width":1920,"height":2560,"url":"https:\/\/www.amberlithuania.com\/wp-content\/uploads\/2021\/10\/20201211_142052-scaled.jpg","type":"image\/jpeg"}],"twitter_card":"summary_large_image","twitter_site":"@com","twitter_misc":{"Est. reading time":"1 minute"},"schema":{"@context":"https:\/\/schema.org","@graph":[{"@type":"WebPage","@id":"https:\/\/www.amberlithuania.com\/en\/parduotuve\/earrings\/silver-925-earrings-with-baltic-amber\/","url":"https:\/\/www.amberlithuania.com\/en\/parduotuve\/earrings\/silver-925-earrings-with-baltic-amber\/","name":"Silver 925 earrings with Baltic amber - amberlithuania.com","isPartOf":{"@id":"https:\/\/www.amberlithuania.com\/en\/#website"},"primaryImageOfPage":{"@id":"https:\/\/www.amberlithuania.com\/en\/parduotuve\/earrings\/silver-925-earrings-with-baltic-amber\/#primaryimage"},"image":{"@id":"https:\/\/www.amberlithuania.com\/en\/parduotuve\/earrings\/silver-925-earrings-with-baltic-amber\/#primaryimage"},"thumbnailUrl":"https:\/\/www.amberlithuania.com\/wp-content\/uploads\/2021\/10\/20201211_142052-scaled.jpg","datePublished":"2021-10-26T17:10:05+00:00","dateModified":"2026-02-08T09:50:48+00:00","description":"Silver 925 earrings with Baltic amber Amber silver latch earrings handcrafted from genuine amber and sterling silver. Timeless design, secure latch closure, perfect for everyday elegance.","breadcrumb":{"@id":"https:\/\/www.amberlithuania.com\/en\/parduotuve\/earrings\/silver-925-earrings-with-baltic-amber\/#breadcrumb"},"inLanguage":"en-US","potentialAction":[{"@type":"ReadAction","target":["https:\/\/www.amberlithuania.com\/en\/parduotuve\/earrings\/silver-925-earrings-with-baltic-amber\/"]}]},{"@type":"ImageObject","inLanguage":"en-US","@id":"https:\/\/www.amberlithuania.com\/en\/parduotuve\/earrings\/silver-925-earrings-with-baltic-amber\/#primaryimage","url":"https:\/\/www.amberlithuania.com\/wp-content\/uploads\/2021\/10\/20201211_142052-scaled.jpg","contentUrl":"https:\/\/www.amberlithuania.com\/wp-content\/uploads\/2021\/10\/20201211_142052-scaled.jpg","width":1920,"height":2560,"caption":"Kal\u0117din\u0117 dovana"},{"@type":"BreadcrumbList","@id":"https:\/\/www.amberlithuania.com\/en\/parduotuve\/earrings\/silver-925-earrings-with-baltic-amber\/#breadcrumb","itemListElement":[{"@type":"ListItem","position":1,"name":"Home","item":"https:\/\/www.amberlithuania.com\/en\/"},{"@type":"ListItem","position":2,"name":"Shop","item":"https:\/\/www.amberlithuania.com\/en\/shop\/"},{"@type":"ListItem","position":3,"name":"Silver 925 earrings with Baltic amber"}]},{"@type":"WebSite","@id":"https:\/\/www.amberlithuania.com\/en\/#website","url":"https:\/\/www.amberlithuania.com\/en\/","name":"amberlithuania.com","description":"Gintariniai papuo\u0161alai Kal\u0117din\u0117s dovanos Juvelyriniai dirbiniai","publisher":{"@id":"https:\/\/www.amberlithuania.com\/en\/#\/schema\/person\/6ba64bb15b47b2e25b6ff0bba2850db7"},"potentialAction":[{"@type":"SearchAction","target":{"@type":"EntryPoint","urlTemplate":"https:\/\/www.amberlithuania.com\/en\/?s={search_term_string}"},"query-input":{"@type":"PropertyValueSpecification","valueRequired":true,"valueName":"search_term_string"}}],"inLanguage":"en-US"},{"@type":["Person","Organization"],"@id":"https:\/\/www.amberlithuania.com\/en\/#\/schema\/person\/6ba64bb15b47b2e25b6ff0bba2850db7","name":"amberlithuania.com","image":{"@type":"ImageObject","inLanguage":"en-US","@id":"https:\/\/www.amberlithuania.com\/en\/#\/schema\/person\/image\/","url":"https:\/\/www.amberlithuania.com\/wp-content\/uploads\/2022\/02\/20220222_162041-scaled.jpg","contentUrl":"https:\/\/www.amberlithuania.com\/wp-content\/uploads\/2022\/02\/20220222_162041-scaled.jpg","width":2560,"height":2560,"caption":"amberlithuania.com"},"logo":{"@id":"https:\/\/www.amberlithuania.com\/en\/#\/schema\/person\/image\/"},"sameAs":["http:\/\/www.amberlithuania.com","https:\/\/www.facebook.com\/GintaroGaliaAmberLithuania\/","https:\/\/x.com\/amberlithuania.com"]}]}},"_links":{"self":[{"href":"https:\/\/www.amberlithuania.com\/en\/wp-json\/wp\/v2\/product\/7000","targetHints":{"allow":["GET"]}}],"collection":[{"href":"https:\/\/www.amberlithuania.com\/en\/wp-json\/wp\/v2\/product"}],"about":[{"href":"https:\/\/www.amberlithuania.com\/en\/wp-json\/wp\/v2\/types\/product"}],"replies":[{"embeddable":true,"href":"https:\/\/www.amberlithuania.com\/en\/wp-json\/wp\/v2\/comments?post=7000"}],"wp:featuredmedia":[{"embeddable":true,"href":"https:\/\/www.amberlithuania.com\/en\/wp-json\/wp\/v2\/media\/5223"}],"wp:attachment":[{"href":"https:\/\/www.amberlithuania.com\/en\/wp-json\/wp\/v2\/media?parent=7000"}],"wp:term":[{"taxonomy":"product_brand","embeddable":true,"href":"https:\/\/www.amberlithuania.com\/en\/wp-json\/wp\/v2\/product_brand?post=7000"},{"taxonomy":"product_cat","embeddable":true,"href":"https:\/\/www.amberlithuania.com\/en\/wp-json\/wp\/v2\/product_cat?post=7000"},{"taxonomy":"product_tag","embeddable":true,"href":"https:\/\/www.amberlithuania.com\/en\/wp-json\/wp\/v2\/product_tag?post=7000"}],"curies":[{"name":"wp","href":"https:\/\/api.w.org\/{rel}","templated":true}]}}