{"id":6880,"date":"2021-10-29T12:45:50","date_gmt":"2021-10-29T10:45:50","guid":{"rendered":"https:\/\/www.amberlithuania.com\/parduotuve\/uncategorized\/amber-pendant-sun\/"},"modified":"2025-05-01T12:39:53","modified_gmt":"2025-05-01T10:39:53","slug":"amber-pendant-sun","status":"publish","type":"product","link":"https:\/\/www.amberlithuania.com\/en\/parduotuve\/pendants\/amber-pendant-sun\/","title":{"rendered":"Amber pendant &#8220;Sun&#8221;"},"content":{"rendered":"<p class=\"western\">Sterling Silver 925 earrings made of genuine Baltic amber. All parts \u2013 Sterling silver 925. Small pendants.<\/p>\n<p class=\"western\">Total length about 4,5 cm. 1psc included. Free gift- silver plated chain.<\/p>\n<p class=\"western\"><span style=\"color: #111111;\"><span style=\"font-family: Times New Roman, serif;\"><span style=\"font-size: medium;\">We sell only genuine, real, not pressed, authentic, natural Baltic Amber. Because of that some Item may have natural imperfections and each item can be slightly different colour than the one You see in a photos.<\/span><\/span><\/span><\/p>\n","protected":false},"excerpt":{"rendered":"<p class=\"western\">Sterling Silver 925 earrings made of genuine Baltic amber. All parts \u2013 Sterling silver 925. Small pendants.<\/p>\n<p class=\"western\">Total length about 4,5 cm. 1psc included. Free gift- silver plated chain.<\/p>\n<p class=\"western\"><span style=\"color: #111111;\"><span style=\"font-family: Times New Roman, serif;\"><span style=\"font-size: medium;\">We sell only genuine, real, not pressed, authentic, natural Baltic Amber. Because of that some Item may have natural imperfections and each item can be slightly different colour than the one You see in a photos.<\/span><\/span><\/span><\/p>\n","protected":false},"featured_media":6450,"comment_status":"open","ping_status":"closed","template":"","meta":[],"product_brand":[],"product_cat":[100],"product_tag":[409,991,1367,3302,3356,383,488,2249,995,377],"class_list":{"0":"post-6880","1":"product","2":"type-product","3":"status-publish","4":"has-post-thumbnail","6":"product_cat-pendants","7":"product_tag-amber-pendant-en","8":"product_tag-birthday-gift","9":"product_tag-birthday-gift-for-wife","10":"product_tag-flaming-sun","11":"product_tag-flaming-sun-pendant","12":"product_tag-gift-for-her","13":"product_tag-green-amber","14":"product_tag-silver-necklace-pendant-chain","15":"product_tag-sun-pendant","16":"product_tag-white-amber","18":"first","19":"instock","20":"shipping-taxable","21":"purchasable","22":"product-type-variable"},"yoast_head":"<!-- This site is optimized with the Yoast SEO plugin v26.6 - https:\/\/yoast.com\/wordpress\/plugins\/seo\/ -->\n<title>Amber pendant &quot;Sun&quot; - amberlithuania.com<\/title>\n<meta name=\"robots\" content=\"index, follow, max-snippet:-1, max-image-preview:large, max-video-preview:-1\" \/>\n<link rel=\"canonical\" href=\"https:\/\/www.amberlithuania.com\/en\/parduotuve\/pendants\/amber-pendant-sun\/\" \/>\n<meta property=\"og:locale\" content=\"en_US\" \/>\n<meta property=\"og:type\" content=\"article\" \/>\n<meta property=\"og:title\" content=\"Amber pendant &quot;Sun&quot; - amberlithuania.com\" \/>\n<meta property=\"og:description\" content=\"Sterling Silver 925 earrings made of genuine Baltic amber. All parts \u2013 Sterling silver 925. Small pendants. Total length about 4,5 cm. 1psc included. Free gift- silver plated chain. We sell only genuine, real, not pressed, authentic, natural Baltic Amber. Because of that some Item may have natural imperfections and each item can be slightly different colour than the one You see in a photos.\" \/>\n<meta property=\"og:url\" content=\"https:\/\/www.amberlithuania.com\/en\/parduotuve\/pendants\/amber-pendant-sun\/\" \/>\n<meta property=\"og:site_name\" content=\"amberlithuania.com\" \/>\n<meta property=\"article:publisher\" content=\"https:\/\/www.facebook.com\/GintaroGaliaAmberLithuania\/\" \/>\n<meta property=\"article:modified_time\" content=\"2025-05-01T10:39:53+00:00\" \/>\n<meta property=\"og:image\" content=\"https:\/\/www.amberlithuania.com\/wp-content\/uploads\/2021\/10\/20210104_200151-scaled.jpg\" \/>\n\t<meta property=\"og:image:width\" content=\"2560\" \/>\n\t<meta property=\"og:image:height\" content=\"1920\" \/>\n\t<meta property=\"og:image:type\" content=\"image\/jpeg\" \/>\n<meta name=\"twitter:card\" content=\"summary_large_image\" \/>\n<meta name=\"twitter:site\" content=\"@com\" \/>\n<script type=\"application\/ld+json\" class=\"yoast-schema-graph\">{\"@context\":\"https:\/\/schema.org\",\"@graph\":[{\"@type\":\"WebPage\",\"@id\":\"https:\/\/www.amberlithuania.com\/en\/parduotuve\/pendants\/amber-pendant-sun\/\",\"url\":\"https:\/\/www.amberlithuania.com\/en\/parduotuve\/pendants\/amber-pendant-sun\/\",\"name\":\"Amber pendant \\\"Sun\\\" - amberlithuania.com\",\"isPartOf\":{\"@id\":\"https:\/\/www.amberlithuania.com\/en\/#website\"},\"primaryImageOfPage\":{\"@id\":\"https:\/\/www.amberlithuania.com\/en\/parduotuve\/pendants\/amber-pendant-sun\/#primaryimage\"},\"image\":{\"@id\":\"https:\/\/www.amberlithuania.com\/en\/parduotuve\/pendants\/amber-pendant-sun\/#primaryimage\"},\"thumbnailUrl\":\"https:\/\/www.amberlithuania.com\/wp-content\/uploads\/2021\/10\/20210104_200151-scaled.jpg\",\"datePublished\":\"2021-10-29T10:45:50+00:00\",\"dateModified\":\"2025-05-01T10:39:53+00:00\",\"breadcrumb\":{\"@id\":\"https:\/\/www.amberlithuania.com\/en\/parduotuve\/pendants\/amber-pendant-sun\/#breadcrumb\"},\"inLanguage\":\"en-US\",\"potentialAction\":[{\"@type\":\"ReadAction\",\"target\":[\"https:\/\/www.amberlithuania.com\/en\/parduotuve\/pendants\/amber-pendant-sun\/\"]}]},{\"@type\":\"ImageObject\",\"inLanguage\":\"en-US\",\"@id\":\"https:\/\/www.amberlithuania.com\/en\/parduotuve\/pendants\/amber-pendant-sun\/#primaryimage\",\"url\":\"https:\/\/www.amberlithuania.com\/wp-content\/uploads\/2021\/10\/20210104_200151-scaled.jpg\",\"contentUrl\":\"https:\/\/www.amberlithuania.com\/wp-content\/uploads\/2021\/10\/20210104_200151-scaled.jpg\",\"width\":2560,\"height\":1920,\"caption\":\"Pakabukas sidabrinis su gintaru Saul\u0117\"},{\"@type\":\"BreadcrumbList\",\"@id\":\"https:\/\/www.amberlithuania.com\/en\/parduotuve\/pendants\/amber-pendant-sun\/#breadcrumb\",\"itemListElement\":[{\"@type\":\"ListItem\",\"position\":1,\"name\":\"Home\",\"item\":\"https:\/\/www.amberlithuania.com\/en\/\"},{\"@type\":\"ListItem\",\"position\":2,\"name\":\"Shop\",\"item\":\"https:\/\/www.amberlithuania.com\/en\/shop\/\"},{\"@type\":\"ListItem\",\"position\":3,\"name\":\"Amber pendant &#8222;Sun&#8221;\"}]},{\"@type\":\"WebSite\",\"@id\":\"https:\/\/www.amberlithuania.com\/en\/#website\",\"url\":\"https:\/\/www.amberlithuania.com\/en\/\",\"name\":\"amberlithuania.com\",\"description\":\"Gintariniai papuo\u0161alai Kal\u0117din\u0117s dovanos Juvelyriniai dirbiniai\",\"publisher\":{\"@id\":\"https:\/\/www.amberlithuania.com\/en\/#\/schema\/person\/6ba64bb15b47b2e25b6ff0bba2850db7\"},\"potentialAction\":[{\"@type\":\"SearchAction\",\"target\":{\"@type\":\"EntryPoint\",\"urlTemplate\":\"https:\/\/www.amberlithuania.com\/en\/?s={search_term_string}\"},\"query-input\":{\"@type\":\"PropertyValueSpecification\",\"valueRequired\":true,\"valueName\":\"search_term_string\"}}],\"inLanguage\":\"en-US\"},{\"@type\":[\"Person\",\"Organization\"],\"@id\":\"https:\/\/www.amberlithuania.com\/en\/#\/schema\/person\/6ba64bb15b47b2e25b6ff0bba2850db7\",\"name\":\"amberlithuania.com\",\"image\":{\"@type\":\"ImageObject\",\"inLanguage\":\"en-US\",\"@id\":\"https:\/\/www.amberlithuania.com\/en\/#\/schema\/person\/image\/\",\"url\":\"https:\/\/www.amberlithuania.com\/wp-content\/uploads\/2022\/02\/20220222_162041-scaled.jpg\",\"contentUrl\":\"https:\/\/www.amberlithuania.com\/wp-content\/uploads\/2022\/02\/20220222_162041-scaled.jpg\",\"width\":2560,\"height\":2560,\"caption\":\"amberlithuania.com\"},\"logo\":{\"@id\":\"https:\/\/www.amberlithuania.com\/en\/#\/schema\/person\/image\/\"},\"sameAs\":[\"http:\/\/www.amberlithuania.com\",\"https:\/\/www.facebook.com\/GintaroGaliaAmberLithuania\/\",\"https:\/\/x.com\/amberlithuania.com\"]}]}<\/script>\n<!-- \/ Yoast SEO plugin. -->","yoast_head_json":{"title":"Amber pendant \"Sun\" - amberlithuania.com","robots":{"index":"index","follow":"follow","max-snippet":"max-snippet:-1","max-image-preview":"max-image-preview:large","max-video-preview":"max-video-preview:-1"},"canonical":"https:\/\/www.amberlithuania.com\/en\/parduotuve\/pendants\/amber-pendant-sun\/","og_locale":"en_US","og_type":"article","og_title":"Amber pendant \"Sun\" - amberlithuania.com","og_description":"Sterling Silver 925 earrings made of genuine Baltic amber. All parts \u2013 Sterling silver 925. Small pendants. Total length about 4,5 cm. 1psc included. Free gift- silver plated chain. We sell only genuine, real, not pressed, authentic, natural Baltic Amber. Because of that some Item may have natural imperfections and each item can be slightly different colour than the one You see in a photos.","og_url":"https:\/\/www.amberlithuania.com\/en\/parduotuve\/pendants\/amber-pendant-sun\/","og_site_name":"amberlithuania.com","article_publisher":"https:\/\/www.facebook.com\/GintaroGaliaAmberLithuania\/","article_modified_time":"2025-05-01T10:39:53+00:00","og_image":[{"width":2560,"height":1920,"url":"https:\/\/www.amberlithuania.com\/wp-content\/uploads\/2021\/10\/20210104_200151-scaled.jpg","type":"image\/jpeg"}],"twitter_card":"summary_large_image","twitter_site":"@com","schema":{"@context":"https:\/\/schema.org","@graph":[{"@type":"WebPage","@id":"https:\/\/www.amberlithuania.com\/en\/parduotuve\/pendants\/amber-pendant-sun\/","url":"https:\/\/www.amberlithuania.com\/en\/parduotuve\/pendants\/amber-pendant-sun\/","name":"Amber pendant \"Sun\" - amberlithuania.com","isPartOf":{"@id":"https:\/\/www.amberlithuania.com\/en\/#website"},"primaryImageOfPage":{"@id":"https:\/\/www.amberlithuania.com\/en\/parduotuve\/pendants\/amber-pendant-sun\/#primaryimage"},"image":{"@id":"https:\/\/www.amberlithuania.com\/en\/parduotuve\/pendants\/amber-pendant-sun\/#primaryimage"},"thumbnailUrl":"https:\/\/www.amberlithuania.com\/wp-content\/uploads\/2021\/10\/20210104_200151-scaled.jpg","datePublished":"2021-10-29T10:45:50+00:00","dateModified":"2025-05-01T10:39:53+00:00","breadcrumb":{"@id":"https:\/\/www.amberlithuania.com\/en\/parduotuve\/pendants\/amber-pendant-sun\/#breadcrumb"},"inLanguage":"en-US","potentialAction":[{"@type":"ReadAction","target":["https:\/\/www.amberlithuania.com\/en\/parduotuve\/pendants\/amber-pendant-sun\/"]}]},{"@type":"ImageObject","inLanguage":"en-US","@id":"https:\/\/www.amberlithuania.com\/en\/parduotuve\/pendants\/amber-pendant-sun\/#primaryimage","url":"https:\/\/www.amberlithuania.com\/wp-content\/uploads\/2021\/10\/20210104_200151-scaled.jpg","contentUrl":"https:\/\/www.amberlithuania.com\/wp-content\/uploads\/2021\/10\/20210104_200151-scaled.jpg","width":2560,"height":1920,"caption":"Pakabukas sidabrinis su gintaru Saul\u0117"},{"@type":"BreadcrumbList","@id":"https:\/\/www.amberlithuania.com\/en\/parduotuve\/pendants\/amber-pendant-sun\/#breadcrumb","itemListElement":[{"@type":"ListItem","position":1,"name":"Home","item":"https:\/\/www.amberlithuania.com\/en\/"},{"@type":"ListItem","position":2,"name":"Shop","item":"https:\/\/www.amberlithuania.com\/en\/shop\/"},{"@type":"ListItem","position":3,"name":"Amber pendant &#8222;Sun&#8221;"}]},{"@type":"WebSite","@id":"https:\/\/www.amberlithuania.com\/en\/#website","url":"https:\/\/www.amberlithuania.com\/en\/","name":"amberlithuania.com","description":"Gintariniai papuo\u0161alai Kal\u0117din\u0117s dovanos Juvelyriniai dirbiniai","publisher":{"@id":"https:\/\/www.amberlithuania.com\/en\/#\/schema\/person\/6ba64bb15b47b2e25b6ff0bba2850db7"},"potentialAction":[{"@type":"SearchAction","target":{"@type":"EntryPoint","urlTemplate":"https:\/\/www.amberlithuania.com\/en\/?s={search_term_string}"},"query-input":{"@type":"PropertyValueSpecification","valueRequired":true,"valueName":"search_term_string"}}],"inLanguage":"en-US"},{"@type":["Person","Organization"],"@id":"https:\/\/www.amberlithuania.com\/en\/#\/schema\/person\/6ba64bb15b47b2e25b6ff0bba2850db7","name":"amberlithuania.com","image":{"@type":"ImageObject","inLanguage":"en-US","@id":"https:\/\/www.amberlithuania.com\/en\/#\/schema\/person\/image\/","url":"https:\/\/www.amberlithuania.com\/wp-content\/uploads\/2022\/02\/20220222_162041-scaled.jpg","contentUrl":"https:\/\/www.amberlithuania.com\/wp-content\/uploads\/2022\/02\/20220222_162041-scaled.jpg","width":2560,"height":2560,"caption":"amberlithuania.com"},"logo":{"@id":"https:\/\/www.amberlithuania.com\/en\/#\/schema\/person\/image\/"},"sameAs":["http:\/\/www.amberlithuania.com","https:\/\/www.facebook.com\/GintaroGaliaAmberLithuania\/","https:\/\/x.com\/amberlithuania.com"]}]}},"_links":{"self":[{"href":"https:\/\/www.amberlithuania.com\/en\/wp-json\/wp\/v2\/product\/6880","targetHints":{"allow":["GET"]}}],"collection":[{"href":"https:\/\/www.amberlithuania.com\/en\/wp-json\/wp\/v2\/product"}],"about":[{"href":"https:\/\/www.amberlithuania.com\/en\/wp-json\/wp\/v2\/types\/product"}],"replies":[{"embeddable":true,"href":"https:\/\/www.amberlithuania.com\/en\/wp-json\/wp\/v2\/comments?post=6880"}],"wp:featuredmedia":[{"embeddable":true,"href":"https:\/\/www.amberlithuania.com\/en\/wp-json\/wp\/v2\/media\/6450"}],"wp:attachment":[{"href":"https:\/\/www.amberlithuania.com\/en\/wp-json\/wp\/v2\/media?parent=6880"}],"wp:term":[{"taxonomy":"product_brand","embeddable":true,"href":"https:\/\/www.amberlithuania.com\/en\/wp-json\/wp\/v2\/product_brand?post=6880"},{"taxonomy":"product_cat","embeddable":true,"href":"https:\/\/www.amberlithuania.com\/en\/wp-json\/wp\/v2\/product_cat?post=6880"},{"taxonomy":"product_tag","embeddable":true,"href":"https:\/\/www.amberlithuania.com\/en\/wp-json\/wp\/v2\/product_tag?post=6880"}],"curies":[{"name":"wp","href":"https:\/\/api.w.org\/{rel}","templated":true}]}}