{"id":6877,"date":"2021-10-29T13:18:27","date_gmt":"2021-10-29T11:18:27","guid":{"rendered":"https:\/\/www.amberlithuania.com\/parduotuve\/uncategorized\/silver-925-pendant-green-martin\/"},"modified":"2025-03-07T00:23:03","modified_gmt":"2025-03-06T22:23:03","slug":"silver-925-pendant-green-martin","status":"publish","type":"product","link":"https:\/\/www.amberlithuania.com\/en\/parduotuve\/pendants\/silver-925-pendant-green-martin\/","title":{"rendered":"Silver 925 pendant green &#8220;Martin&#8221;"},"content":{"rendered":"<p class=\"western\">Solid Sterling Silver 925 pendant made of genuine Baltic amber. All parts \u2013 Sterling silver 925.<\/p>\n<p class=\"western\">Total length about 5 x 3 cm. Weight 5 gr. Green colour. Price per 1 psc. Free gift &#8211; silver plated chain.<\/p>\n<p class=\"western\"><span style=\"color: #111111;\"><span style=\"font-family: Times New Roman, serif;\"><span style=\"font-size: medium;\">We sell only genuine, real, not pressed, authentic, natural Baltic Amber. Because of that some Item may have natural imperfections and each item can be slightly different colour than the one You see in a photos.<\/span><\/span><\/span><\/p>\n","protected":false},"excerpt":{"rendered":"<p class=\"western\">Solid Sterling Silver 925 pendant made of genuine Baltic amber. All parts \u2013 Sterling silver 925.<\/p>\n<p class=\"western\">Total length about 5 x 3 cm. Weight 5 gr. Green colour. Price per 1 psc. Free gift &#8211; silver plated chain.<\/p>\n<p class=\"western\"><span style=\"color: #111111;\"><span style=\"font-family: Times New Roman, serif;\"><span style=\"font-size: medium;\">We sell only genuine, real, not pressed, authentic, natural Baltic Amber. Because of that some Item may have natural imperfections and each item can be slightly different colour than the one You see in a photos.<\/span><\/span><\/span><\/p>\n","protected":false},"featured_media":7748,"comment_status":"open","ping_status":"closed","template":"","meta":[],"product_brand":[],"product_cat":[100],"product_tag":[1389,308,2079,2218,500,2231,383,480,482,488,377],"class_list":{"0":"post-6877","1":"product","2":"type-product","3":"status-publish","4":"has-post-thumbnail","6":"product_cat-pendants","7":"product_tag-amber-en","8":"product_tag-amber-necklace-en","9":"product_tag-baltic-amber-gift-en","10":"product_tag-baltic-amber-jewelry-en","11":"product_tag-earrings","12":"product_tag-gift-for-boss-en-2","13":"product_tag-gift-for-her","14":"product_tag-gold-and-amber","15":"product_tag-gold-pendant","16":"product_tag-green-amber","17":"product_tag-white-amber","19":"first","20":"instock","21":"shipping-taxable","22":"purchasable","23":"product-type-variable"},"yoast_head":"<!-- This site is optimized with the Yoast SEO plugin v26.6 - https:\/\/yoast.com\/wordpress\/plugins\/seo\/ -->\n<title>Silver 925 pendant green &quot;Martin&quot; - amberlithuania.com<\/title>\n<meta name=\"robots\" content=\"index, follow, max-snippet:-1, max-image-preview:large, max-video-preview:-1\" \/>\n<link rel=\"canonical\" href=\"https:\/\/www.amberlithuania.com\/en\/parduotuve\/pendants\/silver-925-pendant-green-martin\/\" \/>\n<meta property=\"og:locale\" content=\"en_US\" \/>\n<meta property=\"og:type\" content=\"article\" \/>\n<meta property=\"og:title\" content=\"Silver 925 pendant green &quot;Martin&quot; - amberlithuania.com\" \/>\n<meta property=\"og:description\" content=\"Solid Sterling Silver 925 pendant made of genuine Baltic amber. All parts \u2013 Sterling silver 925. Total length about 5 x 3 cm. Weight 5 gr. Green colour. Price per 1 psc. Free gift - silver plated chain. We sell only genuine, real, not pressed, authentic, natural Baltic Amber. Because of that some Item may have natural imperfections and each item can be slightly different colour than the one You see in a photos.\" \/>\n<meta property=\"og:url\" content=\"https:\/\/www.amberlithuania.com\/en\/parduotuve\/pendants\/silver-925-pendant-green-martin\/\" \/>\n<meta property=\"og:site_name\" content=\"amberlithuania.com\" \/>\n<meta property=\"article:publisher\" content=\"https:\/\/www.facebook.com\/GintaroGaliaAmberLithuania\/\" \/>\n<meta property=\"article:modified_time\" content=\"2025-03-06T22:23:03+00:00\" \/>\n<meta property=\"og:image\" content=\"https:\/\/www.amberlithuania.com\/wp-content\/uploads\/2021\/10\/4-scaled.jpg\" \/>\n\t<meta property=\"og:image:width\" content=\"1707\" \/>\n\t<meta property=\"og:image:height\" content=\"2560\" \/>\n\t<meta property=\"og:image:type\" content=\"image\/jpeg\" \/>\n<meta name=\"twitter:card\" content=\"summary_large_image\" \/>\n<meta name=\"twitter:site\" content=\"@com\" \/>\n<script type=\"application\/ld+json\" class=\"yoast-schema-graph\">{\"@context\":\"https:\/\/schema.org\",\"@graph\":[{\"@type\":\"WebPage\",\"@id\":\"https:\/\/www.amberlithuania.com\/en\/parduotuve\/pendants\/silver-925-pendant-green-martin\/\",\"url\":\"https:\/\/www.amberlithuania.com\/en\/parduotuve\/pendants\/silver-925-pendant-green-martin\/\",\"name\":\"Silver 925 pendant green \\\"Martin\\\" - amberlithuania.com\",\"isPartOf\":{\"@id\":\"https:\/\/www.amberlithuania.com\/en\/#website\"},\"primaryImageOfPage\":{\"@id\":\"https:\/\/www.amberlithuania.com\/en\/parduotuve\/pendants\/silver-925-pendant-green-martin\/#primaryimage\"},\"image\":{\"@id\":\"https:\/\/www.amberlithuania.com\/en\/parduotuve\/pendants\/silver-925-pendant-green-martin\/#primaryimage\"},\"thumbnailUrl\":\"https:\/\/www.amberlithuania.com\/wp-content\/uploads\/2021\/10\/4-scaled.jpg\",\"datePublished\":\"2021-10-29T11:18:27+00:00\",\"dateModified\":\"2025-03-06T22:23:03+00:00\",\"breadcrumb\":{\"@id\":\"https:\/\/www.amberlithuania.com\/en\/parduotuve\/pendants\/silver-925-pendant-green-martin\/#breadcrumb\"},\"inLanguage\":\"en-US\",\"potentialAction\":[{\"@type\":\"ReadAction\",\"target\":[\"https:\/\/www.amberlithuania.com\/en\/parduotuve\/pendants\/silver-925-pendant-green-martin\/\"]}]},{\"@type\":\"ImageObject\",\"inLanguage\":\"en-US\",\"@id\":\"https:\/\/www.amberlithuania.com\/en\/parduotuve\/pendants\/silver-925-pendant-green-martin\/#primaryimage\",\"url\":\"https:\/\/www.amberlithuania.com\/wp-content\/uploads\/2021\/10\/4-scaled.jpg\",\"contentUrl\":\"https:\/\/www.amberlithuania.com\/wp-content\/uploads\/2021\/10\/4-scaled.jpg\",\"width\":1707,\"height\":2560,\"caption\":\"Sidabrinis pakabukas \\\"Martin\\\" rudas\"},{\"@type\":\"BreadcrumbList\",\"@id\":\"https:\/\/www.amberlithuania.com\/en\/parduotuve\/pendants\/silver-925-pendant-green-martin\/#breadcrumb\",\"itemListElement\":[{\"@type\":\"ListItem\",\"position\":1,\"name\":\"Home\",\"item\":\"https:\/\/www.amberlithuania.com\/en\/\"},{\"@type\":\"ListItem\",\"position\":2,\"name\":\"Shop\",\"item\":\"https:\/\/www.amberlithuania.com\/en\/shop\/\"},{\"@type\":\"ListItem\",\"position\":3,\"name\":\"Silver 925 pendant green &#8222;Martin&#8221;\"}]},{\"@type\":\"WebSite\",\"@id\":\"https:\/\/www.amberlithuania.com\/en\/#website\",\"url\":\"https:\/\/www.amberlithuania.com\/en\/\",\"name\":\"amberlithuania.com\",\"description\":\"Gintariniai papuo\u0161alai Kal\u0117din\u0117s dovanos Juvelyriniai dirbiniai\",\"publisher\":{\"@id\":\"https:\/\/www.amberlithuania.com\/en\/#\/schema\/person\/6ba64bb15b47b2e25b6ff0bba2850db7\"},\"potentialAction\":[{\"@type\":\"SearchAction\",\"target\":{\"@type\":\"EntryPoint\",\"urlTemplate\":\"https:\/\/www.amberlithuania.com\/en\/?s={search_term_string}\"},\"query-input\":{\"@type\":\"PropertyValueSpecification\",\"valueRequired\":true,\"valueName\":\"search_term_string\"}}],\"inLanguage\":\"en-US\"},{\"@type\":[\"Person\",\"Organization\"],\"@id\":\"https:\/\/www.amberlithuania.com\/en\/#\/schema\/person\/6ba64bb15b47b2e25b6ff0bba2850db7\",\"name\":\"amberlithuania.com\",\"image\":{\"@type\":\"ImageObject\",\"inLanguage\":\"en-US\",\"@id\":\"https:\/\/www.amberlithuania.com\/en\/#\/schema\/person\/image\/\",\"url\":\"https:\/\/www.amberlithuania.com\/wp-content\/uploads\/2022\/02\/20220222_162041-scaled.jpg\",\"contentUrl\":\"https:\/\/www.amberlithuania.com\/wp-content\/uploads\/2022\/02\/20220222_162041-scaled.jpg\",\"width\":2560,\"height\":2560,\"caption\":\"amberlithuania.com\"},\"logo\":{\"@id\":\"https:\/\/www.amberlithuania.com\/en\/#\/schema\/person\/image\/\"},\"sameAs\":[\"http:\/\/www.amberlithuania.com\",\"https:\/\/www.facebook.com\/GintaroGaliaAmberLithuania\/\",\"https:\/\/x.com\/amberlithuania.com\"]}]}<\/script>\n<!-- \/ Yoast SEO plugin. -->","yoast_head_json":{"title":"Silver 925 pendant green \"Martin\" - amberlithuania.com","robots":{"index":"index","follow":"follow","max-snippet":"max-snippet:-1","max-image-preview":"max-image-preview:large","max-video-preview":"max-video-preview:-1"},"canonical":"https:\/\/www.amberlithuania.com\/en\/parduotuve\/pendants\/silver-925-pendant-green-martin\/","og_locale":"en_US","og_type":"article","og_title":"Silver 925 pendant green \"Martin\" - amberlithuania.com","og_description":"Solid Sterling Silver 925 pendant made of genuine Baltic amber. All parts \u2013 Sterling silver 925. Total length about 5 x 3 cm. Weight 5 gr. Green colour. Price per 1 psc. Free gift - silver plated chain. We sell only genuine, real, not pressed, authentic, natural Baltic Amber. Because of that some Item may have natural imperfections and each item can be slightly different colour than the one You see in a photos.","og_url":"https:\/\/www.amberlithuania.com\/en\/parduotuve\/pendants\/silver-925-pendant-green-martin\/","og_site_name":"amberlithuania.com","article_publisher":"https:\/\/www.facebook.com\/GintaroGaliaAmberLithuania\/","article_modified_time":"2025-03-06T22:23:03+00:00","og_image":[{"width":1707,"height":2560,"url":"https:\/\/www.amberlithuania.com\/wp-content\/uploads\/2021\/10\/4-scaled.jpg","type":"image\/jpeg"}],"twitter_card":"summary_large_image","twitter_site":"@com","schema":{"@context":"https:\/\/schema.org","@graph":[{"@type":"WebPage","@id":"https:\/\/www.amberlithuania.com\/en\/parduotuve\/pendants\/silver-925-pendant-green-martin\/","url":"https:\/\/www.amberlithuania.com\/en\/parduotuve\/pendants\/silver-925-pendant-green-martin\/","name":"Silver 925 pendant green \"Martin\" - amberlithuania.com","isPartOf":{"@id":"https:\/\/www.amberlithuania.com\/en\/#website"},"primaryImageOfPage":{"@id":"https:\/\/www.amberlithuania.com\/en\/parduotuve\/pendants\/silver-925-pendant-green-martin\/#primaryimage"},"image":{"@id":"https:\/\/www.amberlithuania.com\/en\/parduotuve\/pendants\/silver-925-pendant-green-martin\/#primaryimage"},"thumbnailUrl":"https:\/\/www.amberlithuania.com\/wp-content\/uploads\/2021\/10\/4-scaled.jpg","datePublished":"2021-10-29T11:18:27+00:00","dateModified":"2025-03-06T22:23:03+00:00","breadcrumb":{"@id":"https:\/\/www.amberlithuania.com\/en\/parduotuve\/pendants\/silver-925-pendant-green-martin\/#breadcrumb"},"inLanguage":"en-US","potentialAction":[{"@type":"ReadAction","target":["https:\/\/www.amberlithuania.com\/en\/parduotuve\/pendants\/silver-925-pendant-green-martin\/"]}]},{"@type":"ImageObject","inLanguage":"en-US","@id":"https:\/\/www.amberlithuania.com\/en\/parduotuve\/pendants\/silver-925-pendant-green-martin\/#primaryimage","url":"https:\/\/www.amberlithuania.com\/wp-content\/uploads\/2021\/10\/4-scaled.jpg","contentUrl":"https:\/\/www.amberlithuania.com\/wp-content\/uploads\/2021\/10\/4-scaled.jpg","width":1707,"height":2560,"caption":"Sidabrinis pakabukas \"Martin\" rudas"},{"@type":"BreadcrumbList","@id":"https:\/\/www.amberlithuania.com\/en\/parduotuve\/pendants\/silver-925-pendant-green-martin\/#breadcrumb","itemListElement":[{"@type":"ListItem","position":1,"name":"Home","item":"https:\/\/www.amberlithuania.com\/en\/"},{"@type":"ListItem","position":2,"name":"Shop","item":"https:\/\/www.amberlithuania.com\/en\/shop\/"},{"@type":"ListItem","position":3,"name":"Silver 925 pendant green &#8222;Martin&#8221;"}]},{"@type":"WebSite","@id":"https:\/\/www.amberlithuania.com\/en\/#website","url":"https:\/\/www.amberlithuania.com\/en\/","name":"amberlithuania.com","description":"Gintariniai papuo\u0161alai Kal\u0117din\u0117s dovanos Juvelyriniai dirbiniai","publisher":{"@id":"https:\/\/www.amberlithuania.com\/en\/#\/schema\/person\/6ba64bb15b47b2e25b6ff0bba2850db7"},"potentialAction":[{"@type":"SearchAction","target":{"@type":"EntryPoint","urlTemplate":"https:\/\/www.amberlithuania.com\/en\/?s={search_term_string}"},"query-input":{"@type":"PropertyValueSpecification","valueRequired":true,"valueName":"search_term_string"}}],"inLanguage":"en-US"},{"@type":["Person","Organization"],"@id":"https:\/\/www.amberlithuania.com\/en\/#\/schema\/person\/6ba64bb15b47b2e25b6ff0bba2850db7","name":"amberlithuania.com","image":{"@type":"ImageObject","inLanguage":"en-US","@id":"https:\/\/www.amberlithuania.com\/en\/#\/schema\/person\/image\/","url":"https:\/\/www.amberlithuania.com\/wp-content\/uploads\/2022\/02\/20220222_162041-scaled.jpg","contentUrl":"https:\/\/www.amberlithuania.com\/wp-content\/uploads\/2022\/02\/20220222_162041-scaled.jpg","width":2560,"height":2560,"caption":"amberlithuania.com"},"logo":{"@id":"https:\/\/www.amberlithuania.com\/en\/#\/schema\/person\/image\/"},"sameAs":["http:\/\/www.amberlithuania.com","https:\/\/www.facebook.com\/GintaroGaliaAmberLithuania\/","https:\/\/x.com\/amberlithuania.com"]}]}},"_links":{"self":[{"href":"https:\/\/www.amberlithuania.com\/en\/wp-json\/wp\/v2\/product\/6877","targetHints":{"allow":["GET"]}}],"collection":[{"href":"https:\/\/www.amberlithuania.com\/en\/wp-json\/wp\/v2\/product"}],"about":[{"href":"https:\/\/www.amberlithuania.com\/en\/wp-json\/wp\/v2\/types\/product"}],"replies":[{"embeddable":true,"href":"https:\/\/www.amberlithuania.com\/en\/wp-json\/wp\/v2\/comments?post=6877"}],"wp:featuredmedia":[{"embeddable":true,"href":"https:\/\/www.amberlithuania.com\/en\/wp-json\/wp\/v2\/media\/7748"}],"wp:attachment":[{"href":"https:\/\/www.amberlithuania.com\/en\/wp-json\/wp\/v2\/media?parent=6877"}],"wp:term":[{"taxonomy":"product_brand","embeddable":true,"href":"https:\/\/www.amberlithuania.com\/en\/wp-json\/wp\/v2\/product_brand?post=6877"},{"taxonomy":"product_cat","embeddable":true,"href":"https:\/\/www.amberlithuania.com\/en\/wp-json\/wp\/v2\/product_cat?post=6877"},{"taxonomy":"product_tag","embeddable":true,"href":"https:\/\/www.amberlithuania.com\/en\/wp-json\/wp\/v2\/product_tag?post=6877"}],"curies":[{"name":"wp","href":"https:\/\/api.w.org\/{rel}","templated":true}]}}