{"id":29268,"date":"2026-01-17T17:04:30","date_gmt":"2026-01-17T15:04:30","guid":{"rendered":"https:\/\/www.amberlithuania.com\/?post_type=product&#038;p=29268"},"modified":"2026-01-17T17:07:03","modified_gmt":"2026-01-17T15:07:03","slug":"melyno-gintaro-auskarai-su-auksu","status":"publish","type":"product","link":"https:\/\/www.amberlithuania.com\/en\/parduotuve\/uncategorized\/melyno-gintaro-auskarai-su-auksu\/","title":{"rendered":"m\u0117lyno gintaro auskarai su auksu"},"content":{"rendered":"<p>M\u0117lyno gintaro auskarai. Paauksuotas sidabras 925. Ilgis 4 cm. U\u017esegimas &#8211; vinukas. M\u0117lyno gintaro auskarai su auksu.<\/p>\n<p>Metalas: auksuotas sidabras<\/p>\n<p>Praba: 925&#8242;<\/p>\n<p>Svoris: 5,05 gr<\/p>\n<p>Akmuo: gintaras, autoklavintas, apdirbtas.<\/p>\n<p>Gintaras yra organin\u0117s kilm\u0117s mineralas, susidar\u0119s sustingus spygliuo\u010di\u0173 augal\u0173 sakams. Gintaras \u017einomas nuo neatmenam\u0173 laik\u0173. Gintaras susidar\u0117 prie\u0161 ma\u017edaug 50 mln. met\u0173. Pasaulyje \u017einoma daugiau negu 200 gintaro r\u016b\u0161i\u0173 ir kasmet j\u0173 vis atrandama nauj\u0173. Lietuviai gintar\u0105 vadina savo auksu, turb\u016bt tod\u0117l, kad Baltijos j\u016bra yra vienintel\u0117 j\u016bra i\u0161metanti gintar\u0105 \u012f krantus. Gintaras gali b\u016bti skaidrus arba matinis, nepermatomas. Gintaras yra ypatingas, jis lengvas, \u0161iltas ir turi ne\u012ftik\u0117tin\u0105 \u012fvairov\u0119 spalv\u0173 (baltas, rudas, geltonas, juodas, \u017ealias, raudonas, m\u0117lynas ir pan.). Ilgi m\u0117lyno gintaro auskarai su auksu.<\/p>\n<p>\u0160iandien gintaras tebenaudojamas gydant \u012fvairias ligas, ypatingai skydliauk\u0117s sutrikimus. Ne\u0161lifuoto, nat\u016bralaus gintaro v\u0117rinys i\u0161skirdamas gintaro r\u016bg\u0161t\u012f gydo skydliauk\u0117s, o apyrank\u0117 \u2013 \u0161irdies ligas.<br \/>\nKaroliai \u0161unims ir kat\u0117ms \u2013 apsaugo juos nuo blus\u0173. Gintaras \u012felektrina gyv\u016bn\u0173 plaukus ir taip i\u0161naikina parazitus.<br \/>\nAteina laikas, kai sukaupta patirtimi reikia prad\u0117ti dalintis\u2026 I\u0161 \u0161ios prasmingos minties kilo didelis noras pasidalinti savo gyvenimo aistra \u2013 gintaru.<br \/>\nNe vienerius metus, vis\u0105 savo laik\u0105 paskiriu gintaro apdirbimui bei dirbini\u0173 gamybai. Geltona gintaro spalva simbolizuoja saul\u0119, g\u0117r\u012f, i\u0161mint\u012f ir \u0161ilum\u0105, galb\u016bt tod\u0117l gintaras mane u\u017evald\u0117 taip, kad mano darbams, siekiams ir tikslams neb\u0117ra galo. Nepaprastai d\u017eiaugiuosi, kad \u0161i mano aistra neliko vien pom\u0117giu, o peraugo \u012f gra\u017e\u0173 \u0161eimos versl\u0105 ir edukacinio pob\u016bd\u017eio projektus.<br \/>\nSu nekantrumu lauksiu J\u016bs\u0173 u\u017esakym\u0173.<\/p>\n","protected":false},"excerpt":{"rendered":"<p>M\u0117lyno gintaro auskarai. Paauksuotas sidabras 925. Ilgis 4 cm. U\u017esegimas &#8211; vinukas. M\u0117lyno gintaro auskarai su auksu.<\/p>\n<p>Metalas: auksuotas sidabras<\/p>\n<p>Praba: 925&#8242;<\/p>\n<p>Svoris: 5,05 gr<\/p>\n<p>Akmuo: gintaras, autoklavintas, apdirbtas.<\/p>\n","protected":false},"featured_media":29266,"comment_status":"open","ping_status":"closed","template":"","meta":[],"product_brand":[],"product_cat":[],"product_tag":[1761,2884,3265,2924,846,220,665,3266,1449,3267,215,1000,2811,1315,2432,3264,1893,2366,1771],"class_list":{"0":"post-29268","1":"product","2":"type-product","3":"status-publish","4":"has-post-thumbnail","6":"product_tag-beernstein-blau","7":"product_tag-blau-bernstein-ohrringe","8":"product_tag-blue-amber-dangle","9":"product_tag-blue-amber-earring","10":"product_tag-gold-earrings-en","11":"product_tag-ilgi-auskarai","12":"product_tag-ilgi-gintariniai-auskarai","13":"product_tag-kolczyki-z-niebieskiego-bursztynu","14":"product_tag-long-earrings","15":"product_tag-long-studs","16":"product_tag-melynas-gintaras","17":"product_tag-melynas-gintaras-pakabukas-su-tikru-gintaru-ir-auksu","18":"product_tag-melynas-gintaras-ranku-darbo-papuosalas","19":"product_tag-melyno-gintaro-auskarai","20":"product_tag-melyno-gintaro-auskarai-auksiniai-auskarai-su-gintaru","21":"product_tag-melyno-gintaro-auskarai-su-auksu","22":"product_tag-melyno-gintaro-auskarai-su-sidabru","23":"product_tag-melyno-gintaro-pakabukas-su-auksu","24":"product_tag-niebeski-burstyn","26":"first","27":"instock","28":"shipping-taxable","29":"purchasable","30":"product-type-simple"},"yoast_head":"<!-- This site is optimized with the Yoast SEO plugin v26.6 - https:\/\/yoast.com\/wordpress\/plugins\/seo\/ -->\n<title>m\u0117lyno gintaro auskarai su auksu - amberlithuania.com<\/title>\n<meta name=\"description\" content=\"m\u0117lyno gintaro auskarai su auksu gintariniai auskarai auskarai su gintaru ranku darbo papuosalas blue amber earrings kolczyki z niebieskiego bursztynu\" \/>\n<meta name=\"robots\" content=\"index, follow, max-snippet:-1, max-image-preview:large, max-video-preview:-1\" \/>\n<link rel=\"canonical\" href=\"https:\/\/www.amberlithuania.com\/en\/parduotuve\/uncategorized\/melyno-gintaro-auskarai-su-auksu\/\" \/>\n<meta property=\"og:locale\" content=\"en_US\" \/>\n<meta property=\"og:type\" content=\"article\" \/>\n<meta property=\"og:title\" content=\"m\u0117lyno gintaro auskarai su auksu - amberlithuania.com\" \/>\n<meta property=\"og:description\" content=\"m\u0117lyno gintaro auskarai su auksu gintariniai auskarai auskarai su gintaru ranku darbo papuosalas blue amber earrings kolczyki z niebieskiego bursztynu\" \/>\n<meta property=\"og:url\" content=\"https:\/\/www.amberlithuania.com\/en\/parduotuve\/uncategorized\/melyno-gintaro-auskarai-su-auksu\/\" \/>\n<meta property=\"og:site_name\" content=\"amberlithuania.com\" \/>\n<meta property=\"article:publisher\" content=\"https:\/\/www.facebook.com\/GintaroGaliaAmberLithuania\/\" \/>\n<meta property=\"article:modified_time\" content=\"2026-01-17T15:07:03+00:00\" \/>\n<meta property=\"og:image\" content=\"https:\/\/www.amberlithuania.com\/wp-content\/uploads\/2026\/01\/s-l1600.webp\" \/>\n\t<meta property=\"og:image:width\" content=\"1600\" \/>\n\t<meta property=\"og:image:height\" content=\"1600\" \/>\n\t<meta property=\"og:image:type\" content=\"image\/webp\" \/>\n<meta name=\"twitter:card\" content=\"summary_large_image\" \/>\n<meta name=\"twitter:site\" content=\"@com\" \/>\n<meta name=\"twitter:label1\" content=\"Est. reading time\" \/>\n\t<meta name=\"twitter:data1\" content=\"2 minutes\" \/>\n<script type=\"application\/ld+json\" class=\"yoast-schema-graph\">{\"@context\":\"https:\/\/schema.org\",\"@graph\":[{\"@type\":\"WebPage\",\"@id\":\"https:\/\/www.amberlithuania.com\/en\/parduotuve\/uncategorized\/melyno-gintaro-auskarai-su-auksu\/\",\"url\":\"https:\/\/www.amberlithuania.com\/en\/parduotuve\/uncategorized\/melyno-gintaro-auskarai-su-auksu\/\",\"name\":\"m\u0117lyno gintaro auskarai su auksu - amberlithuania.com\",\"isPartOf\":{\"@id\":\"https:\/\/www.amberlithuania.com\/en\/#website\"},\"primaryImageOfPage\":{\"@id\":\"https:\/\/www.amberlithuania.com\/en\/parduotuve\/uncategorized\/melyno-gintaro-auskarai-su-auksu\/#primaryimage\"},\"image\":{\"@id\":\"https:\/\/www.amberlithuania.com\/en\/parduotuve\/uncategorized\/melyno-gintaro-auskarai-su-auksu\/#primaryimage\"},\"thumbnailUrl\":\"https:\/\/www.amberlithuania.com\/wp-content\/uploads\/2026\/01\/s-l1600.webp\",\"datePublished\":\"2026-01-17T15:04:30+00:00\",\"dateModified\":\"2026-01-17T15:07:03+00:00\",\"description\":\"m\u0117lyno gintaro auskarai su auksu gintariniai auskarai auskarai su gintaru ranku darbo papuosalas blue amber earrings kolczyki z niebieskiego bursztynu\",\"breadcrumb\":{\"@id\":\"https:\/\/www.amberlithuania.com\/en\/parduotuve\/uncategorized\/melyno-gintaro-auskarai-su-auksu\/#breadcrumb\"},\"inLanguage\":\"en-US\",\"potentialAction\":[{\"@type\":\"ReadAction\",\"target\":[\"https:\/\/www.amberlithuania.com\/en\/parduotuve\/uncategorized\/melyno-gintaro-auskarai-su-auksu\/\"]}]},{\"@type\":\"ImageObject\",\"inLanguage\":\"en-US\",\"@id\":\"https:\/\/www.amberlithuania.com\/en\/parduotuve\/uncategorized\/melyno-gintaro-auskarai-su-auksu\/#primaryimage\",\"url\":\"https:\/\/www.amberlithuania.com\/wp-content\/uploads\/2026\/01\/s-l1600.webp\",\"contentUrl\":\"https:\/\/www.amberlithuania.com\/wp-content\/uploads\/2026\/01\/s-l1600.webp\",\"width\":1600,\"height\":1600,\"caption\":\"m\u0117lyno gintaro auskarai su auksu\"},{\"@type\":\"BreadcrumbList\",\"@id\":\"https:\/\/www.amberlithuania.com\/en\/parduotuve\/uncategorized\/melyno-gintaro-auskarai-su-auksu\/#breadcrumb\",\"itemListElement\":[{\"@type\":\"ListItem\",\"position\":1,\"name\":\"Home\",\"item\":\"https:\/\/www.amberlithuania.com\/en\/\"},{\"@type\":\"ListItem\",\"position\":2,\"name\":\"Shop\",\"item\":\"https:\/\/www.amberlithuania.com\/en\/shop\/\"},{\"@type\":\"ListItem\",\"position\":3,\"name\":\"m\u0117lyno gintaro auskarai su auksu\"}]},{\"@type\":\"WebSite\",\"@id\":\"https:\/\/www.amberlithuania.com\/en\/#website\",\"url\":\"https:\/\/www.amberlithuania.com\/en\/\",\"name\":\"amberlithuania.com\",\"description\":\"Gintariniai papuo\u0161alai Kal\u0117din\u0117s dovanos Juvelyriniai dirbiniai\",\"publisher\":{\"@id\":\"https:\/\/www.amberlithuania.com\/en\/#\/schema\/person\/6ba64bb15b47b2e25b6ff0bba2850db7\"},\"potentialAction\":[{\"@type\":\"SearchAction\",\"target\":{\"@type\":\"EntryPoint\",\"urlTemplate\":\"https:\/\/www.amberlithuania.com\/en\/?s={search_term_string}\"},\"query-input\":{\"@type\":\"PropertyValueSpecification\",\"valueRequired\":true,\"valueName\":\"search_term_string\"}}],\"inLanguage\":\"en-US\"},{\"@type\":[\"Person\",\"Organization\"],\"@id\":\"https:\/\/www.amberlithuania.com\/en\/#\/schema\/person\/6ba64bb15b47b2e25b6ff0bba2850db7\",\"name\":\"amberlithuania.com\",\"image\":{\"@type\":\"ImageObject\",\"inLanguage\":\"en-US\",\"@id\":\"https:\/\/www.amberlithuania.com\/en\/#\/schema\/person\/image\/\",\"url\":\"https:\/\/www.amberlithuania.com\/wp-content\/uploads\/2022\/02\/20220222_162041-scaled.jpg\",\"contentUrl\":\"https:\/\/www.amberlithuania.com\/wp-content\/uploads\/2022\/02\/20220222_162041-scaled.jpg\",\"width\":2560,\"height\":2560,\"caption\":\"amberlithuania.com\"},\"logo\":{\"@id\":\"https:\/\/www.amberlithuania.com\/en\/#\/schema\/person\/image\/\"},\"sameAs\":[\"http:\/\/www.amberlithuania.com\",\"https:\/\/www.facebook.com\/GintaroGaliaAmberLithuania\/\",\"https:\/\/x.com\/amberlithuania.com\"]}]}<\/script>\n<!-- \/ Yoast SEO plugin. -->","yoast_head_json":{"title":"m\u0117lyno gintaro auskarai su auksu - amberlithuania.com","description":"m\u0117lyno gintaro auskarai su auksu gintariniai auskarai auskarai su gintaru ranku darbo papuosalas blue amber earrings kolczyki z niebieskiego bursztynu","robots":{"index":"index","follow":"follow","max-snippet":"max-snippet:-1","max-image-preview":"max-image-preview:large","max-video-preview":"max-video-preview:-1"},"canonical":"https:\/\/www.amberlithuania.com\/en\/parduotuve\/uncategorized\/melyno-gintaro-auskarai-su-auksu\/","og_locale":"en_US","og_type":"article","og_title":"m\u0117lyno gintaro auskarai su auksu - amberlithuania.com","og_description":"m\u0117lyno gintaro auskarai su auksu gintariniai auskarai auskarai su gintaru ranku darbo papuosalas blue amber earrings kolczyki z niebieskiego bursztynu","og_url":"https:\/\/www.amberlithuania.com\/en\/parduotuve\/uncategorized\/melyno-gintaro-auskarai-su-auksu\/","og_site_name":"amberlithuania.com","article_publisher":"https:\/\/www.facebook.com\/GintaroGaliaAmberLithuania\/","article_modified_time":"2026-01-17T15:07:03+00:00","og_image":[{"width":1600,"height":1600,"url":"https:\/\/www.amberlithuania.com\/wp-content\/uploads\/2026\/01\/s-l1600.webp","type":"image\/webp"}],"twitter_card":"summary_large_image","twitter_site":"@com","twitter_misc":{"Est. reading time":"2 minutes"},"schema":{"@context":"https:\/\/schema.org","@graph":[{"@type":"WebPage","@id":"https:\/\/www.amberlithuania.com\/en\/parduotuve\/uncategorized\/melyno-gintaro-auskarai-su-auksu\/","url":"https:\/\/www.amberlithuania.com\/en\/parduotuve\/uncategorized\/melyno-gintaro-auskarai-su-auksu\/","name":"m\u0117lyno gintaro auskarai su auksu - amberlithuania.com","isPartOf":{"@id":"https:\/\/www.amberlithuania.com\/en\/#website"},"primaryImageOfPage":{"@id":"https:\/\/www.amberlithuania.com\/en\/parduotuve\/uncategorized\/melyno-gintaro-auskarai-su-auksu\/#primaryimage"},"image":{"@id":"https:\/\/www.amberlithuania.com\/en\/parduotuve\/uncategorized\/melyno-gintaro-auskarai-su-auksu\/#primaryimage"},"thumbnailUrl":"https:\/\/www.amberlithuania.com\/wp-content\/uploads\/2026\/01\/s-l1600.webp","datePublished":"2026-01-17T15:04:30+00:00","dateModified":"2026-01-17T15:07:03+00:00","description":"m\u0117lyno gintaro auskarai su auksu gintariniai auskarai auskarai su gintaru ranku darbo papuosalas blue amber earrings kolczyki z niebieskiego bursztynu","breadcrumb":{"@id":"https:\/\/www.amberlithuania.com\/en\/parduotuve\/uncategorized\/melyno-gintaro-auskarai-su-auksu\/#breadcrumb"},"inLanguage":"en-US","potentialAction":[{"@type":"ReadAction","target":["https:\/\/www.amberlithuania.com\/en\/parduotuve\/uncategorized\/melyno-gintaro-auskarai-su-auksu\/"]}]},{"@type":"ImageObject","inLanguage":"en-US","@id":"https:\/\/www.amberlithuania.com\/en\/parduotuve\/uncategorized\/melyno-gintaro-auskarai-su-auksu\/#primaryimage","url":"https:\/\/www.amberlithuania.com\/wp-content\/uploads\/2026\/01\/s-l1600.webp","contentUrl":"https:\/\/www.amberlithuania.com\/wp-content\/uploads\/2026\/01\/s-l1600.webp","width":1600,"height":1600,"caption":"m\u0117lyno gintaro auskarai su auksu"},{"@type":"BreadcrumbList","@id":"https:\/\/www.amberlithuania.com\/en\/parduotuve\/uncategorized\/melyno-gintaro-auskarai-su-auksu\/#breadcrumb","itemListElement":[{"@type":"ListItem","position":1,"name":"Home","item":"https:\/\/www.amberlithuania.com\/en\/"},{"@type":"ListItem","position":2,"name":"Shop","item":"https:\/\/www.amberlithuania.com\/en\/shop\/"},{"@type":"ListItem","position":3,"name":"m\u0117lyno gintaro auskarai su auksu"}]},{"@type":"WebSite","@id":"https:\/\/www.amberlithuania.com\/en\/#website","url":"https:\/\/www.amberlithuania.com\/en\/","name":"amberlithuania.com","description":"Gintariniai papuo\u0161alai Kal\u0117din\u0117s dovanos Juvelyriniai dirbiniai","publisher":{"@id":"https:\/\/www.amberlithuania.com\/en\/#\/schema\/person\/6ba64bb15b47b2e25b6ff0bba2850db7"},"potentialAction":[{"@type":"SearchAction","target":{"@type":"EntryPoint","urlTemplate":"https:\/\/www.amberlithuania.com\/en\/?s={search_term_string}"},"query-input":{"@type":"PropertyValueSpecification","valueRequired":true,"valueName":"search_term_string"}}],"inLanguage":"en-US"},{"@type":["Person","Organization"],"@id":"https:\/\/www.amberlithuania.com\/en\/#\/schema\/person\/6ba64bb15b47b2e25b6ff0bba2850db7","name":"amberlithuania.com","image":{"@type":"ImageObject","inLanguage":"en-US","@id":"https:\/\/www.amberlithuania.com\/en\/#\/schema\/person\/image\/","url":"https:\/\/www.amberlithuania.com\/wp-content\/uploads\/2022\/02\/20220222_162041-scaled.jpg","contentUrl":"https:\/\/www.amberlithuania.com\/wp-content\/uploads\/2022\/02\/20220222_162041-scaled.jpg","width":2560,"height":2560,"caption":"amberlithuania.com"},"logo":{"@id":"https:\/\/www.amberlithuania.com\/en\/#\/schema\/person\/image\/"},"sameAs":["http:\/\/www.amberlithuania.com","https:\/\/www.facebook.com\/GintaroGaliaAmberLithuania\/","https:\/\/x.com\/amberlithuania.com"]}]}},"_links":{"self":[{"href":"https:\/\/www.amberlithuania.com\/en\/wp-json\/wp\/v2\/product\/29268","targetHints":{"allow":["GET"]}}],"collection":[{"href":"https:\/\/www.amberlithuania.com\/en\/wp-json\/wp\/v2\/product"}],"about":[{"href":"https:\/\/www.amberlithuania.com\/en\/wp-json\/wp\/v2\/types\/product"}],"replies":[{"embeddable":true,"href":"https:\/\/www.amberlithuania.com\/en\/wp-json\/wp\/v2\/comments?post=29268"}],"wp:featuredmedia":[{"embeddable":true,"href":"https:\/\/www.amberlithuania.com\/en\/wp-json\/wp\/v2\/media\/29266"}],"wp:attachment":[{"href":"https:\/\/www.amberlithuania.com\/en\/wp-json\/wp\/v2\/media?parent=29268"}],"wp:term":[{"taxonomy":"product_brand","embeddable":true,"href":"https:\/\/www.amberlithuania.com\/en\/wp-json\/wp\/v2\/product_brand?post=29268"},{"taxonomy":"product_cat","embeddable":true,"href":"https:\/\/www.amberlithuania.com\/en\/wp-json\/wp\/v2\/product_cat?post=29268"},{"taxonomy":"product_tag","embeddable":true,"href":"https:\/\/www.amberlithuania.com\/en\/wp-json\/wp\/v2\/product_tag?post=29268"}],"curies":[{"name":"wp","href":"https:\/\/api.w.org\/{rel}","templated":true}]}}