{"id":29221,"date":"2026-01-05T11:07:26","date_gmt":"2026-01-05T09:07:26","guid":{"rendered":"https:\/\/www.amberlithuania.com\/?post_type=product&#038;p=29221"},"modified":"2026-02-08T13:13:45","modified_gmt":"2026-02-08T11:13:45","slug":"red-amber-round-ball-sphear-earrings-latch-back-dangle","status":"publish","type":"product","link":"https:\/\/www.amberlithuania.com\/en\/parduotuve\/earrings\/red-amber-round-ball-sphear-earrings-latch-back-dangle\/","title":{"rendered":"Red Amber round ball sphear Earrings Latch back dangle"},"content":{"rendered":"<p><a href=\"https:\/\/www.amberlithuania.com\/en\/parduotuve\/earrings\/long-round-ball-earrings-faceted\/\">Red Amber<\/a> round ball sphear Earrings Latch back dangle. Gold color closure. Real amber. Ball size about 1,3 cm. Total length 3 cm.<\/p>\n<p>Baltic amber jewelry is crafted from natural fossilized resin formed over millions of years. Known for its warm glow and rich golden tones, Baltic amber is treasured for its beauty, history, and timeless appeal. Each piece is unique, carrying natural inclusions that tell a story of the past.<\/p>\n","protected":false},"excerpt":{"rendered":"<p>Red Amber ball sphear Earrings <a href=\"https:\/\/www.amberlithuania.com\/en\/parduotuve\/earrings\/long-round-ball-earrings-faceted\/\">Latch back dangle<\/a>. Gold color closure. Real amber. Ball size about 1,3 cm. Total length 3 cm.<\/p>\n","protected":false},"featured_media":27496,"comment_status":"open","ping_status":"closed","template":"","meta":[],"product_brand":[],"product_cat":[98],"product_tag":[2129,2130,858,860,2418,1071,1069,1323,1070,989],"class_list":{"0":"post-29221","1":"product","2":"type-product","3":"status-publish","4":"has-post-thumbnail","6":"product_cat-earrings","7":"product_tag-benrstein-ohrringe-en","8":"product_tag-ohrringe-aus-bernstein-en","9":"product_tag-raudonas-gintaras-en","10":"product_tag-raudono-gintaro-auskarai-mazi-vinukai-en","11":"product_tag-red-amber-en","12":"product_tag-red-amber-earrings","13":"product_tag-red-amber-earrings-gold-earrings-round-earrings-studs","14":"product_tag-red-baltic-amber-gold-earrings","15":"product_tag-round-earrings","16":"product_tag-small-red-amber-earrings-red-amber-earrings","18":"first","19":"instock","20":"shipping-taxable","21":"purchasable","22":"product-type-simple"},"yoast_head":"<!-- This site is optimized with the Yoast SEO plugin v26.6 - https:\/\/yoast.com\/wordpress\/plugins\/seo\/ -->\n<title>Red Amber round ball sphear Earrings Latch back dangle - amberlithuania.com<\/title>\n<meta name=\"description\" content=\"Red Amber round ball sphear Earrings Latch back dangle Ruby red chery red big balls bead round jewelry unique wholesale gift for her souvenirs\" \/>\n<meta name=\"robots\" content=\"index, follow, max-snippet:-1, max-image-preview:large, max-video-preview:-1\" \/>\n<link rel=\"canonical\" href=\"https:\/\/www.amberlithuania.com\/en\/parduotuve\/earrings\/red-amber-round-ball-sphear-earrings-latch-back-dangle\/\" \/>\n<meta property=\"og:locale\" content=\"en_US\" \/>\n<meta property=\"og:type\" content=\"article\" \/>\n<meta property=\"og:title\" content=\"Red Amber round ball sphear Earrings Latch back dangle - amberlithuania.com\" \/>\n<meta property=\"og:description\" content=\"Red Amber round ball sphear Earrings Latch back dangle Ruby red chery red big balls bead round jewelry unique wholesale gift for her souvenirs\" \/>\n<meta property=\"og:url\" content=\"https:\/\/www.amberlithuania.com\/en\/parduotuve\/earrings\/red-amber-round-ball-sphear-earrings-latch-back-dangle\/\" \/>\n<meta property=\"og:site_name\" content=\"amberlithuania.com\" \/>\n<meta property=\"article:publisher\" content=\"https:\/\/www.facebook.com\/GintaroGaliaAmberLithuania\/\" \/>\n<meta property=\"article:modified_time\" content=\"2026-02-08T11:13:45+00:00\" \/>\n<meta property=\"og:image\" content=\"https:\/\/www.amberlithuania.com\/wp-content\/uploads\/2025\/10\/20250929_124255-scaled.jpg\" \/>\n\t<meta property=\"og:image:width\" content=\"2560\" \/>\n\t<meta property=\"og:image:height\" content=\"1920\" \/>\n\t<meta property=\"og:image:type\" content=\"image\/jpeg\" \/>\n<meta name=\"twitter:card\" content=\"summary_large_image\" \/>\n<meta name=\"twitter:site\" content=\"@com\" \/>\n<meta name=\"twitter:label1\" content=\"Est. reading time\" \/>\n\t<meta name=\"twitter:data1\" content=\"1 minute\" \/>\n<script type=\"application\/ld+json\" class=\"yoast-schema-graph\">{\"@context\":\"https:\/\/schema.org\",\"@graph\":[{\"@type\":\"WebPage\",\"@id\":\"https:\/\/www.amberlithuania.com\/en\/parduotuve\/earrings\/red-amber-round-ball-sphear-earrings-latch-back-dangle\/\",\"url\":\"https:\/\/www.amberlithuania.com\/en\/parduotuve\/earrings\/red-amber-round-ball-sphear-earrings-latch-back-dangle\/\",\"name\":\"Red Amber round ball sphear Earrings Latch back dangle - amberlithuania.com\",\"isPartOf\":{\"@id\":\"https:\/\/www.amberlithuania.com\/en\/#website\"},\"primaryImageOfPage\":{\"@id\":\"https:\/\/www.amberlithuania.com\/en\/parduotuve\/earrings\/red-amber-round-ball-sphear-earrings-latch-back-dangle\/#primaryimage\"},\"image\":{\"@id\":\"https:\/\/www.amberlithuania.com\/en\/parduotuve\/earrings\/red-amber-round-ball-sphear-earrings-latch-back-dangle\/#primaryimage\"},\"thumbnailUrl\":\"https:\/\/www.amberlithuania.com\/wp-content\/uploads\/2025\/10\/20250929_124255-scaled.jpg\",\"datePublished\":\"2026-01-05T09:07:26+00:00\",\"dateModified\":\"2026-02-08T11:13:45+00:00\",\"description\":\"Red Amber round ball sphear Earrings Latch back dangle Ruby red chery red big balls bead round jewelry unique wholesale gift for her souvenirs\",\"breadcrumb\":{\"@id\":\"https:\/\/www.amberlithuania.com\/en\/parduotuve\/earrings\/red-amber-round-ball-sphear-earrings-latch-back-dangle\/#breadcrumb\"},\"inLanguage\":\"en-US\",\"potentialAction\":[{\"@type\":\"ReadAction\",\"target\":[\"https:\/\/www.amberlithuania.com\/en\/parduotuve\/earrings\/red-amber-round-ball-sphear-earrings-latch-back-dangle\/\"]}]},{\"@type\":\"ImageObject\",\"inLanguage\":\"en-US\",\"@id\":\"https:\/\/www.amberlithuania.com\/en\/parduotuve\/earrings\/red-amber-round-ball-sphear-earrings-latch-back-dangle\/#primaryimage\",\"url\":\"https:\/\/www.amberlithuania.com\/wp-content\/uploads\/2025\/10\/20250929_124255-scaled.jpg\",\"contentUrl\":\"https:\/\/www.amberlithuania.com\/wp-content\/uploads\/2025\/10\/20250929_124255-scaled.jpg\",\"width\":2560,\"height\":1920,\"caption\":\"Apval\u016bs raudono gintaro auskarai\"},{\"@type\":\"BreadcrumbList\",\"@id\":\"https:\/\/www.amberlithuania.com\/en\/parduotuve\/earrings\/red-amber-round-ball-sphear-earrings-latch-back-dangle\/#breadcrumb\",\"itemListElement\":[{\"@type\":\"ListItem\",\"position\":1,\"name\":\"Home\",\"item\":\"https:\/\/www.amberlithuania.com\/en\/\"},{\"@type\":\"ListItem\",\"position\":2,\"name\":\"Shop\",\"item\":\"https:\/\/www.amberlithuania.com\/en\/shop\/\"},{\"@type\":\"ListItem\",\"position\":3,\"name\":\"Red Amber round ball sphear Earrings Latch back dangle\"}]},{\"@type\":\"WebSite\",\"@id\":\"https:\/\/www.amberlithuania.com\/en\/#website\",\"url\":\"https:\/\/www.amberlithuania.com\/en\/\",\"name\":\"amberlithuania.com\",\"description\":\"Gintariniai papuo\u0161alai Kal\u0117din\u0117s dovanos Juvelyriniai dirbiniai\",\"publisher\":{\"@id\":\"https:\/\/www.amberlithuania.com\/en\/#\/schema\/person\/6ba64bb15b47b2e25b6ff0bba2850db7\"},\"potentialAction\":[{\"@type\":\"SearchAction\",\"target\":{\"@type\":\"EntryPoint\",\"urlTemplate\":\"https:\/\/www.amberlithuania.com\/en\/?s={search_term_string}\"},\"query-input\":{\"@type\":\"PropertyValueSpecification\",\"valueRequired\":true,\"valueName\":\"search_term_string\"}}],\"inLanguage\":\"en-US\"},{\"@type\":[\"Person\",\"Organization\"],\"@id\":\"https:\/\/www.amberlithuania.com\/en\/#\/schema\/person\/6ba64bb15b47b2e25b6ff0bba2850db7\",\"name\":\"amberlithuania.com\",\"image\":{\"@type\":\"ImageObject\",\"inLanguage\":\"en-US\",\"@id\":\"https:\/\/www.amberlithuania.com\/en\/#\/schema\/person\/image\/\",\"url\":\"https:\/\/www.amberlithuania.com\/wp-content\/uploads\/2022\/02\/20220222_162041-scaled.jpg\",\"contentUrl\":\"https:\/\/www.amberlithuania.com\/wp-content\/uploads\/2022\/02\/20220222_162041-scaled.jpg\",\"width\":2560,\"height\":2560,\"caption\":\"amberlithuania.com\"},\"logo\":{\"@id\":\"https:\/\/www.amberlithuania.com\/en\/#\/schema\/person\/image\/\"},\"sameAs\":[\"http:\/\/www.amberlithuania.com\",\"https:\/\/www.facebook.com\/GintaroGaliaAmberLithuania\/\",\"https:\/\/x.com\/amberlithuania.com\"]}]}<\/script>\n<!-- \/ Yoast SEO plugin. -->","yoast_head_json":{"title":"Red Amber round ball sphear Earrings Latch back dangle - amberlithuania.com","description":"Red Amber round ball sphear Earrings Latch back dangle Ruby red chery red big balls bead round jewelry unique wholesale gift for her souvenirs","robots":{"index":"index","follow":"follow","max-snippet":"max-snippet:-1","max-image-preview":"max-image-preview:large","max-video-preview":"max-video-preview:-1"},"canonical":"https:\/\/www.amberlithuania.com\/en\/parduotuve\/earrings\/red-amber-round-ball-sphear-earrings-latch-back-dangle\/","og_locale":"en_US","og_type":"article","og_title":"Red Amber round ball sphear Earrings Latch back dangle - amberlithuania.com","og_description":"Red Amber round ball sphear Earrings Latch back dangle Ruby red chery red big balls bead round jewelry unique wholesale gift for her souvenirs","og_url":"https:\/\/www.amberlithuania.com\/en\/parduotuve\/earrings\/red-amber-round-ball-sphear-earrings-latch-back-dangle\/","og_site_name":"amberlithuania.com","article_publisher":"https:\/\/www.facebook.com\/GintaroGaliaAmberLithuania\/","article_modified_time":"2026-02-08T11:13:45+00:00","og_image":[{"width":2560,"height":1920,"url":"https:\/\/www.amberlithuania.com\/wp-content\/uploads\/2025\/10\/20250929_124255-scaled.jpg","type":"image\/jpeg"}],"twitter_card":"summary_large_image","twitter_site":"@com","twitter_misc":{"Est. reading time":"1 minute"},"schema":{"@context":"https:\/\/schema.org","@graph":[{"@type":"WebPage","@id":"https:\/\/www.amberlithuania.com\/en\/parduotuve\/earrings\/red-amber-round-ball-sphear-earrings-latch-back-dangle\/","url":"https:\/\/www.amberlithuania.com\/en\/parduotuve\/earrings\/red-amber-round-ball-sphear-earrings-latch-back-dangle\/","name":"Red Amber round ball sphear Earrings Latch back dangle - amberlithuania.com","isPartOf":{"@id":"https:\/\/www.amberlithuania.com\/en\/#website"},"primaryImageOfPage":{"@id":"https:\/\/www.amberlithuania.com\/en\/parduotuve\/earrings\/red-amber-round-ball-sphear-earrings-latch-back-dangle\/#primaryimage"},"image":{"@id":"https:\/\/www.amberlithuania.com\/en\/parduotuve\/earrings\/red-amber-round-ball-sphear-earrings-latch-back-dangle\/#primaryimage"},"thumbnailUrl":"https:\/\/www.amberlithuania.com\/wp-content\/uploads\/2025\/10\/20250929_124255-scaled.jpg","datePublished":"2026-01-05T09:07:26+00:00","dateModified":"2026-02-08T11:13:45+00:00","description":"Red Amber round ball sphear Earrings Latch back dangle Ruby red chery red big balls bead round jewelry unique wholesale gift for her souvenirs","breadcrumb":{"@id":"https:\/\/www.amberlithuania.com\/en\/parduotuve\/earrings\/red-amber-round-ball-sphear-earrings-latch-back-dangle\/#breadcrumb"},"inLanguage":"en-US","potentialAction":[{"@type":"ReadAction","target":["https:\/\/www.amberlithuania.com\/en\/parduotuve\/earrings\/red-amber-round-ball-sphear-earrings-latch-back-dangle\/"]}]},{"@type":"ImageObject","inLanguage":"en-US","@id":"https:\/\/www.amberlithuania.com\/en\/parduotuve\/earrings\/red-amber-round-ball-sphear-earrings-latch-back-dangle\/#primaryimage","url":"https:\/\/www.amberlithuania.com\/wp-content\/uploads\/2025\/10\/20250929_124255-scaled.jpg","contentUrl":"https:\/\/www.amberlithuania.com\/wp-content\/uploads\/2025\/10\/20250929_124255-scaled.jpg","width":2560,"height":1920,"caption":"Apval\u016bs raudono gintaro auskarai"},{"@type":"BreadcrumbList","@id":"https:\/\/www.amberlithuania.com\/en\/parduotuve\/earrings\/red-amber-round-ball-sphear-earrings-latch-back-dangle\/#breadcrumb","itemListElement":[{"@type":"ListItem","position":1,"name":"Home","item":"https:\/\/www.amberlithuania.com\/en\/"},{"@type":"ListItem","position":2,"name":"Shop","item":"https:\/\/www.amberlithuania.com\/en\/shop\/"},{"@type":"ListItem","position":3,"name":"Red Amber round ball sphear Earrings Latch back dangle"}]},{"@type":"WebSite","@id":"https:\/\/www.amberlithuania.com\/en\/#website","url":"https:\/\/www.amberlithuania.com\/en\/","name":"amberlithuania.com","description":"Gintariniai papuo\u0161alai Kal\u0117din\u0117s dovanos Juvelyriniai dirbiniai","publisher":{"@id":"https:\/\/www.amberlithuania.com\/en\/#\/schema\/person\/6ba64bb15b47b2e25b6ff0bba2850db7"},"potentialAction":[{"@type":"SearchAction","target":{"@type":"EntryPoint","urlTemplate":"https:\/\/www.amberlithuania.com\/en\/?s={search_term_string}"},"query-input":{"@type":"PropertyValueSpecification","valueRequired":true,"valueName":"search_term_string"}}],"inLanguage":"en-US"},{"@type":["Person","Organization"],"@id":"https:\/\/www.amberlithuania.com\/en\/#\/schema\/person\/6ba64bb15b47b2e25b6ff0bba2850db7","name":"amberlithuania.com","image":{"@type":"ImageObject","inLanguage":"en-US","@id":"https:\/\/www.amberlithuania.com\/en\/#\/schema\/person\/image\/","url":"https:\/\/www.amberlithuania.com\/wp-content\/uploads\/2022\/02\/20220222_162041-scaled.jpg","contentUrl":"https:\/\/www.amberlithuania.com\/wp-content\/uploads\/2022\/02\/20220222_162041-scaled.jpg","width":2560,"height":2560,"caption":"amberlithuania.com"},"logo":{"@id":"https:\/\/www.amberlithuania.com\/en\/#\/schema\/person\/image\/"},"sameAs":["http:\/\/www.amberlithuania.com","https:\/\/www.facebook.com\/GintaroGaliaAmberLithuania\/","https:\/\/x.com\/amberlithuania.com"]}]}},"_links":{"self":[{"href":"https:\/\/www.amberlithuania.com\/en\/wp-json\/wp\/v2\/product\/29221","targetHints":{"allow":["GET"]}}],"collection":[{"href":"https:\/\/www.amberlithuania.com\/en\/wp-json\/wp\/v2\/product"}],"about":[{"href":"https:\/\/www.amberlithuania.com\/en\/wp-json\/wp\/v2\/types\/product"}],"replies":[{"embeddable":true,"href":"https:\/\/www.amberlithuania.com\/en\/wp-json\/wp\/v2\/comments?post=29221"}],"wp:featuredmedia":[{"embeddable":true,"href":"https:\/\/www.amberlithuania.com\/en\/wp-json\/wp\/v2\/media\/27496"}],"wp:attachment":[{"href":"https:\/\/www.amberlithuania.com\/en\/wp-json\/wp\/v2\/media?parent=29221"}],"wp:term":[{"taxonomy":"product_brand","embeddable":true,"href":"https:\/\/www.amberlithuania.com\/en\/wp-json\/wp\/v2\/product_brand?post=29221"},{"taxonomy":"product_cat","embeddable":true,"href":"https:\/\/www.amberlithuania.com\/en\/wp-json\/wp\/v2\/product_cat?post=29221"},{"taxonomy":"product_tag","embeddable":true,"href":"https:\/\/www.amberlithuania.com\/en\/wp-json\/wp\/v2\/product_tag?post=29221"}],"curies":[{"name":"wp","href":"https:\/\/api.w.org\/{rel}","templated":true}]}}