{"id":29087,"date":"2025-12-16T14:22:13","date_gmt":"2025-12-16T12:22:13","guid":{"rendered":"https:\/\/www.amberlithuania.com\/?post_type=product&#038;p=29087"},"modified":"2026-02-08T12:37:14","modified_gmt":"2026-02-08T10:37:14","slug":"green-baltic-amber-bracele-handmade-of-real-gemstone-healing","status":"publish","type":"product","link":"https:\/\/www.amberlithuania.com\/en\/parduotuve\/bracelets\/green-baltic-amber-bracele-handmade-of-real-gemstone-healing\/","title":{"rendered":"Green Baltic Amber bracelet Handmade of real gemstone. Healing"},"content":{"rendered":"<div>Green Baltic Amber bracelet Handmade of real gemstone. Healing Massive green black\u00a0 <a href=\"https:\/\/www.amberlithuania.com\/en\/parduotuve\/bracelets\/green-baltic-amber-bracele-handmade-of-real-gemstone-healing\/\">Amber bracelet<\/a>. Raw stones.<\/div>\n<div><\/div>\n<div>Weight: 38,30gr<\/div>\n<div>Length: about\u00a0 18,60 cm . Elastic bracelet will fit to different wrists. So I could say it is a bit adjustable.<\/div>\n<div>Stone size: 3\u00a0 cm<\/div>\n<div><\/div>\n<div>This item was made of natural Baltic Amber. All the amber used in my jewelry is collected in my home country Lithuania.\u00a0 I sell only genuine,\u00a0 real, not pressed, authentic, natural Baltic Amber. Item may have natural imperfections.<\/div>\n<div>Baltic amber jewelry embodies natural elegance and ancient beauty. Formed over millions of years in the Baltic region, genuine amber is carefully polished and paired with fine metals to create timeless jewelry that radiates warmth, character, and sophistication.<\/div>\n<div>Baltic amber jewelry captures the magic of nature and history in one piece. Created from ancient fossilized tree resin, each amber stone is unique in color and texture, making every jewelry piece one of a kind and deeply personal.<\/div>\n<div>Baltic amber jewelry made from genuine natural amber, sourced from the Baltic region and set in sterling silver. Valued for its warm color, lightweight feel, and natural beauty, amber jewelry offers a timeless and elegant style for everyday wear.<\/div>\n<div><\/div>\n<div><\/div>\n","protected":false},"excerpt":{"rendered":"<div>Massive green black\u00a0 Amber. Raw stones.\u00a0 <a href=\"https:\/\/www.amberlithuania.com\/en\/parduotuve\/bracelets\/green-baltic-amber-bracele-handmade-of-real-gemstone-healing\/\">Handcrafted bracelet.<\/a><\/div>\n<div><\/div>\n<div>Weight: 38,30gr<\/div>\n<div>Length: about\u00a0 18,60 cm . Elastic bracelet will fit to different wrists. So I could say it is a bit adjustable.<\/div>\n<div>Stone size: 3\u00a0 cm<\/div>\n<div><\/div>\n<div>This item was made of natural Baltic Amber. All the amber used in my jewelry is collected in my home country Lithuania.\u00a0 I sell only genuine,\u00a0 real, not pressed, authentic, natural Baltic Amber. Item may have natural imperfections.<\/div>\n","protected":false},"featured_media":29100,"comment_status":"open","ping_status":"closed","template":"","meta":[],"product_brand":[],"product_cat":[99],"product_tag":[316,2046,2079,2218,3234,881,407,3232,3240,593,2005,2232,3233,3239,2138,2067,1299,2043],"class_list":{"0":"post-29087","1":"product","2":"type-product","3":"status-publish","4":"has-post-thumbnail","6":"product_cat-bracelets","7":"product_tag-baltic-amber","8":"product_tag-baltic-amber-beads-en","9":"product_tag-baltic-amber-gift-en","10":"product_tag-baltic-amber-jewelry-en","11":"product_tag-bizuteria-z-bursztynu","12":"product_tag-bracelet","13":"product_tag-bracelet-and-amber","14":"product_tag-bursztyn-baltycki","15":"product_tag-bursztyn-znad-baltyku","16":"product_tag-christmas-gift-en","17":"product_tag-everyday-bracelet-with-gemstone-for-teens-or-adults-adjustable","18":"product_tag-gold-bracelet-with-amber-en","19":"product_tag-naturalny-bursztyn","20":"product_tag-prezent-z-bursztynu","21":"product_tag-silver-chain-braceleet-en","22":"product_tag-sterling-jewelery-en","23":"product_tag-sterling-silver-925-bracelet-with-amber-gemstone","24":"product_tag-sterling-silver-charms-en","26":"first","27":"instock","28":"sale","29":"shipping-taxable","30":"purchasable","31":"product-type-simple"},"yoast_head":"<!-- This site is optimized with the Yoast SEO plugin v26.6 - https:\/\/yoast.com\/wordpress\/plugins\/seo\/ -->\n<title>Green Baltic Amber bracelet Handmade of real gemstone. Healing<\/title>\n<meta name=\"description\" content=\"Multi color Baltic Amber bracelet. Sterling silver bracelet. Vintage bracelet. Handmade of real gemstone Green Baltic Amber bracele Handmade of real gemstone. Healing\" \/>\n<meta name=\"robots\" content=\"index, follow, max-snippet:-1, max-image-preview:large, max-video-preview:-1\" \/>\n<link rel=\"canonical\" href=\"https:\/\/www.amberlithuania.com\/en\/parduotuve\/bracelets\/green-baltic-amber-bracele-handmade-of-real-gemstone-healing\/\" \/>\n<meta property=\"og:locale\" content=\"en_US\" \/>\n<meta property=\"og:type\" content=\"article\" \/>\n<meta property=\"og:title\" content=\"Green Baltic Amber bracelet Handmade of real gemstone. Healing\" \/>\n<meta property=\"og:description\" content=\"Multi color Baltic Amber bracelet. Sterling silver bracelet. Vintage bracelet. Handmade of real gemstone Green Baltic Amber bracele Handmade of real gemstone. Healing\" \/>\n<meta property=\"og:url\" content=\"https:\/\/www.amberlithuania.com\/en\/parduotuve\/bracelets\/green-baltic-amber-bracele-handmade-of-real-gemstone-healing\/\" \/>\n<meta property=\"og:site_name\" content=\"amberlithuania.com\" \/>\n<meta property=\"article:publisher\" content=\"https:\/\/www.facebook.com\/GintaroGaliaAmberLithuania\/\" \/>\n<meta property=\"article:modified_time\" content=\"2026-02-08T10:37:14+00:00\" \/>\n<meta property=\"og:image\" content=\"https:\/\/www.amberlithuania.com\/wp-content\/uploads\/2023\/08\/20251221_152311-scaled.jpg\" \/>\n\t<meta property=\"og:image:width\" content=\"2560\" \/>\n\t<meta property=\"og:image:height\" content=\"1920\" \/>\n\t<meta property=\"og:image:type\" content=\"image\/jpeg\" \/>\n<meta name=\"twitter:card\" content=\"summary_large_image\" \/>\n<meta name=\"twitter:site\" content=\"@com\" \/>\n<meta name=\"twitter:label1\" content=\"Est. reading time\" \/>\n\t<meta name=\"twitter:data1\" content=\"2 minutes\" \/>\n<script type=\"application\/ld+json\" class=\"yoast-schema-graph\">{\"@context\":\"https:\/\/schema.org\",\"@graph\":[{\"@type\":\"WebPage\",\"@id\":\"https:\/\/www.amberlithuania.com\/en\/parduotuve\/bracelets\/green-baltic-amber-bracele-handmade-of-real-gemstone-healing\/\",\"url\":\"https:\/\/www.amberlithuania.com\/en\/parduotuve\/bracelets\/green-baltic-amber-bracele-handmade-of-real-gemstone-healing\/\",\"name\":\"Green Baltic Amber bracelet Handmade of real gemstone. Healing\",\"isPartOf\":{\"@id\":\"https:\/\/www.amberlithuania.com\/en\/#website\"},\"primaryImageOfPage\":{\"@id\":\"https:\/\/www.amberlithuania.com\/en\/parduotuve\/bracelets\/green-baltic-amber-bracele-handmade-of-real-gemstone-healing\/#primaryimage\"},\"image\":{\"@id\":\"https:\/\/www.amberlithuania.com\/en\/parduotuve\/bracelets\/green-baltic-amber-bracele-handmade-of-real-gemstone-healing\/#primaryimage\"},\"thumbnailUrl\":\"https:\/\/www.amberlithuania.com\/wp-content\/uploads\/2023\/08\/20251221_152311-scaled.jpg\",\"datePublished\":\"2025-12-16T12:22:13+00:00\",\"dateModified\":\"2026-02-08T10:37:14+00:00\",\"description\":\"Multi color Baltic Amber bracelet. Sterling silver bracelet. Vintage bracelet. Handmade of real gemstone Green Baltic Amber bracele Handmade of real gemstone. Healing\",\"breadcrumb\":{\"@id\":\"https:\/\/www.amberlithuania.com\/en\/parduotuve\/bracelets\/green-baltic-amber-bracele-handmade-of-real-gemstone-healing\/#breadcrumb\"},\"inLanguage\":\"en-US\",\"potentialAction\":[{\"@type\":\"ReadAction\",\"target\":[\"https:\/\/www.amberlithuania.com\/en\/parduotuve\/bracelets\/green-baltic-amber-bracele-handmade-of-real-gemstone-healing\/\"]}]},{\"@type\":\"ImageObject\",\"inLanguage\":\"en-US\",\"@id\":\"https:\/\/www.amberlithuania.com\/en\/parduotuve\/bracelets\/green-baltic-amber-bracele-handmade-of-real-gemstone-healing\/#primaryimage\",\"url\":\"https:\/\/www.amberlithuania.com\/wp-content\/uploads\/2023\/08\/20251221_152311-scaled.jpg\",\"contentUrl\":\"https:\/\/www.amberlithuania.com\/wp-content\/uploads\/2023\/08\/20251221_152311-scaled.jpg\",\"width\":2560,\"height\":1920,\"caption\":\"\u017dalio gintaro apyrank\u0117 matin\u0117 gydomoji\"},{\"@type\":\"BreadcrumbList\",\"@id\":\"https:\/\/www.amberlithuania.com\/en\/parduotuve\/bracelets\/green-baltic-amber-bracele-handmade-of-real-gemstone-healing\/#breadcrumb\",\"itemListElement\":[{\"@type\":\"ListItem\",\"position\":1,\"name\":\"Home\",\"item\":\"https:\/\/www.amberlithuania.com\/en\/\"},{\"@type\":\"ListItem\",\"position\":2,\"name\":\"Shop\",\"item\":\"https:\/\/www.amberlithuania.com\/en\/shop\/\"},{\"@type\":\"ListItem\",\"position\":3,\"name\":\"Green Baltic Amber bracelet Handmade of real gemstone. Healing\"}]},{\"@type\":\"WebSite\",\"@id\":\"https:\/\/www.amberlithuania.com\/en\/#website\",\"url\":\"https:\/\/www.amberlithuania.com\/en\/\",\"name\":\"amberlithuania.com\",\"description\":\"Gintariniai papuo\u0161alai Kal\u0117din\u0117s dovanos Juvelyriniai dirbiniai\",\"publisher\":{\"@id\":\"https:\/\/www.amberlithuania.com\/en\/#\/schema\/person\/6ba64bb15b47b2e25b6ff0bba2850db7\"},\"potentialAction\":[{\"@type\":\"SearchAction\",\"target\":{\"@type\":\"EntryPoint\",\"urlTemplate\":\"https:\/\/www.amberlithuania.com\/en\/?s={search_term_string}\"},\"query-input\":{\"@type\":\"PropertyValueSpecification\",\"valueRequired\":true,\"valueName\":\"search_term_string\"}}],\"inLanguage\":\"en-US\"},{\"@type\":[\"Person\",\"Organization\"],\"@id\":\"https:\/\/www.amberlithuania.com\/en\/#\/schema\/person\/6ba64bb15b47b2e25b6ff0bba2850db7\",\"name\":\"amberlithuania.com\",\"image\":{\"@type\":\"ImageObject\",\"inLanguage\":\"en-US\",\"@id\":\"https:\/\/www.amberlithuania.com\/en\/#\/schema\/person\/image\/\",\"url\":\"https:\/\/www.amberlithuania.com\/wp-content\/uploads\/2022\/02\/20220222_162041-scaled.jpg\",\"contentUrl\":\"https:\/\/www.amberlithuania.com\/wp-content\/uploads\/2022\/02\/20220222_162041-scaled.jpg\",\"width\":2560,\"height\":2560,\"caption\":\"amberlithuania.com\"},\"logo\":{\"@id\":\"https:\/\/www.amberlithuania.com\/en\/#\/schema\/person\/image\/\"},\"sameAs\":[\"http:\/\/www.amberlithuania.com\",\"https:\/\/www.facebook.com\/GintaroGaliaAmberLithuania\/\",\"https:\/\/x.com\/amberlithuania.com\"]}]}<\/script>\n<!-- \/ Yoast SEO plugin. -->","yoast_head_json":{"title":"Green Baltic Amber bracelet Handmade of real gemstone. Healing","description":"Multi color Baltic Amber bracelet. Sterling silver bracelet. Vintage bracelet. Handmade of real gemstone Green Baltic Amber bracele Handmade of real gemstone. Healing","robots":{"index":"index","follow":"follow","max-snippet":"max-snippet:-1","max-image-preview":"max-image-preview:large","max-video-preview":"max-video-preview:-1"},"canonical":"https:\/\/www.amberlithuania.com\/en\/parduotuve\/bracelets\/green-baltic-amber-bracele-handmade-of-real-gemstone-healing\/","og_locale":"en_US","og_type":"article","og_title":"Green Baltic Amber bracelet Handmade of real gemstone. Healing","og_description":"Multi color Baltic Amber bracelet. Sterling silver bracelet. Vintage bracelet. Handmade of real gemstone Green Baltic Amber bracele Handmade of real gemstone. Healing","og_url":"https:\/\/www.amberlithuania.com\/en\/parduotuve\/bracelets\/green-baltic-amber-bracele-handmade-of-real-gemstone-healing\/","og_site_name":"amberlithuania.com","article_publisher":"https:\/\/www.facebook.com\/GintaroGaliaAmberLithuania\/","article_modified_time":"2026-02-08T10:37:14+00:00","og_image":[{"width":2560,"height":1920,"url":"https:\/\/www.amberlithuania.com\/wp-content\/uploads\/2023\/08\/20251221_152311-scaled.jpg","type":"image\/jpeg"}],"twitter_card":"summary_large_image","twitter_site":"@com","twitter_misc":{"Est. reading time":"2 minutes"},"schema":{"@context":"https:\/\/schema.org","@graph":[{"@type":"WebPage","@id":"https:\/\/www.amberlithuania.com\/en\/parduotuve\/bracelets\/green-baltic-amber-bracele-handmade-of-real-gemstone-healing\/","url":"https:\/\/www.amberlithuania.com\/en\/parduotuve\/bracelets\/green-baltic-amber-bracele-handmade-of-real-gemstone-healing\/","name":"Green Baltic Amber bracelet Handmade of real gemstone. Healing","isPartOf":{"@id":"https:\/\/www.amberlithuania.com\/en\/#website"},"primaryImageOfPage":{"@id":"https:\/\/www.amberlithuania.com\/en\/parduotuve\/bracelets\/green-baltic-amber-bracele-handmade-of-real-gemstone-healing\/#primaryimage"},"image":{"@id":"https:\/\/www.amberlithuania.com\/en\/parduotuve\/bracelets\/green-baltic-amber-bracele-handmade-of-real-gemstone-healing\/#primaryimage"},"thumbnailUrl":"https:\/\/www.amberlithuania.com\/wp-content\/uploads\/2023\/08\/20251221_152311-scaled.jpg","datePublished":"2025-12-16T12:22:13+00:00","dateModified":"2026-02-08T10:37:14+00:00","description":"Multi color Baltic Amber bracelet. Sterling silver bracelet. Vintage bracelet. Handmade of real gemstone Green Baltic Amber bracele Handmade of real gemstone. Healing","breadcrumb":{"@id":"https:\/\/www.amberlithuania.com\/en\/parduotuve\/bracelets\/green-baltic-amber-bracele-handmade-of-real-gemstone-healing\/#breadcrumb"},"inLanguage":"en-US","potentialAction":[{"@type":"ReadAction","target":["https:\/\/www.amberlithuania.com\/en\/parduotuve\/bracelets\/green-baltic-amber-bracele-handmade-of-real-gemstone-healing\/"]}]},{"@type":"ImageObject","inLanguage":"en-US","@id":"https:\/\/www.amberlithuania.com\/en\/parduotuve\/bracelets\/green-baltic-amber-bracele-handmade-of-real-gemstone-healing\/#primaryimage","url":"https:\/\/www.amberlithuania.com\/wp-content\/uploads\/2023\/08\/20251221_152311-scaled.jpg","contentUrl":"https:\/\/www.amberlithuania.com\/wp-content\/uploads\/2023\/08\/20251221_152311-scaled.jpg","width":2560,"height":1920,"caption":"\u017dalio gintaro apyrank\u0117 matin\u0117 gydomoji"},{"@type":"BreadcrumbList","@id":"https:\/\/www.amberlithuania.com\/en\/parduotuve\/bracelets\/green-baltic-amber-bracele-handmade-of-real-gemstone-healing\/#breadcrumb","itemListElement":[{"@type":"ListItem","position":1,"name":"Home","item":"https:\/\/www.amberlithuania.com\/en\/"},{"@type":"ListItem","position":2,"name":"Shop","item":"https:\/\/www.amberlithuania.com\/en\/shop\/"},{"@type":"ListItem","position":3,"name":"Green Baltic Amber bracelet Handmade of real gemstone. Healing"}]},{"@type":"WebSite","@id":"https:\/\/www.amberlithuania.com\/en\/#website","url":"https:\/\/www.amberlithuania.com\/en\/","name":"amberlithuania.com","description":"Gintariniai papuo\u0161alai Kal\u0117din\u0117s dovanos Juvelyriniai dirbiniai","publisher":{"@id":"https:\/\/www.amberlithuania.com\/en\/#\/schema\/person\/6ba64bb15b47b2e25b6ff0bba2850db7"},"potentialAction":[{"@type":"SearchAction","target":{"@type":"EntryPoint","urlTemplate":"https:\/\/www.amberlithuania.com\/en\/?s={search_term_string}"},"query-input":{"@type":"PropertyValueSpecification","valueRequired":true,"valueName":"search_term_string"}}],"inLanguage":"en-US"},{"@type":["Person","Organization"],"@id":"https:\/\/www.amberlithuania.com\/en\/#\/schema\/person\/6ba64bb15b47b2e25b6ff0bba2850db7","name":"amberlithuania.com","image":{"@type":"ImageObject","inLanguage":"en-US","@id":"https:\/\/www.amberlithuania.com\/en\/#\/schema\/person\/image\/","url":"https:\/\/www.amberlithuania.com\/wp-content\/uploads\/2022\/02\/20220222_162041-scaled.jpg","contentUrl":"https:\/\/www.amberlithuania.com\/wp-content\/uploads\/2022\/02\/20220222_162041-scaled.jpg","width":2560,"height":2560,"caption":"amberlithuania.com"},"logo":{"@id":"https:\/\/www.amberlithuania.com\/en\/#\/schema\/person\/image\/"},"sameAs":["http:\/\/www.amberlithuania.com","https:\/\/www.facebook.com\/GintaroGaliaAmberLithuania\/","https:\/\/x.com\/amberlithuania.com"]}]}},"_links":{"self":[{"href":"https:\/\/www.amberlithuania.com\/en\/wp-json\/wp\/v2\/product\/29087","targetHints":{"allow":["GET"]}}],"collection":[{"href":"https:\/\/www.amberlithuania.com\/en\/wp-json\/wp\/v2\/product"}],"about":[{"href":"https:\/\/www.amberlithuania.com\/en\/wp-json\/wp\/v2\/types\/product"}],"replies":[{"embeddable":true,"href":"https:\/\/www.amberlithuania.com\/en\/wp-json\/wp\/v2\/comments?post=29087"}],"wp:featuredmedia":[{"embeddable":true,"href":"https:\/\/www.amberlithuania.com\/en\/wp-json\/wp\/v2\/media\/29100"}],"wp:attachment":[{"href":"https:\/\/www.amberlithuania.com\/en\/wp-json\/wp\/v2\/media?parent=29087"}],"wp:term":[{"taxonomy":"product_brand","embeddable":true,"href":"https:\/\/www.amberlithuania.com\/en\/wp-json\/wp\/v2\/product_brand?post=29087"},{"taxonomy":"product_cat","embeddable":true,"href":"https:\/\/www.amberlithuania.com\/en\/wp-json\/wp\/v2\/product_cat?post=29087"},{"taxonomy":"product_tag","embeddable":true,"href":"https:\/\/www.amberlithuania.com\/en\/wp-json\/wp\/v2\/product_tag?post=29087"}],"curies":[{"name":"wp","href":"https:\/\/api.w.org\/{rel}","templated":true}]}}