{"id":29084,"date":"2025-12-16T13:06:12","date_gmt":"2025-12-16T11:06:12","guid":{"rendered":"https:\/\/www.amberlithuania.com\/?post_type=product&#038;p=29084"},"modified":"2025-12-16T13:08:02","modified_gmt":"2025-12-16T11:08:02","slug":"multi-color-baltic-amber-bracelet-handmade-sterling-silver-925-bracelet-cute-and-not-very-small-handmade-jewelry-ready-as-a-gift","status":"publish","type":"product","link":"https:\/\/www.amberlithuania.com\/en\/parduotuve\/bracelets\/multi-color-baltic-amber-bracelet-handmade-sterling-silver-925-bracelet-cute-and-not-very-small-handmade-jewelry-ready-as-a-gift\/","title":{"rendered":"Multi Color Baltic Amber bracelet, handmade sterling silver 925 bracelet, cute and not very small handmade jewelry ready as a gift"},"content":{"rendered":"<div>Multi color Baltic Amber bracelet. Sterling silver 925 bracelet. Vintage bracelet. Handmade of real gemstone.<\/div>\n<div><\/div>\n<div>White and brown and yellow amber bracelet.<\/div>\n<div><\/div>\n<div>Length 18,50 cm.<\/div>\n<div>Weight 29,30 gr<\/div>\n","protected":false},"excerpt":{"rendered":"<div>Multi color Baltic Amber bracelet. Sterling silver 925 bracelet. Vintage bracelet. Handmade of real gemstone.<\/div>\n<div><\/div>\n<div>White and brown and yellow amber bracelet.<\/div>\n<div><\/div>\n<div>Length 18,50 cm.<\/div>\n<div>Weight 29,30 gr<\/div>\n","protected":false},"featured_media":27000,"comment_status":"open","ping_status":"closed","template":"","meta":[],"product_brand":[],"product_cat":[99],"product_tag":[316,2046,2079,2218,881,407,593,2005,2232,2138,2067,1299,2043],"class_list":{"0":"post-29084","1":"product","2":"type-product","3":"status-publish","4":"has-post-thumbnail","6":"product_cat-bracelets","7":"product_tag-baltic-amber","8":"product_tag-baltic-amber-beads-en","9":"product_tag-baltic-amber-gift-en","10":"product_tag-baltic-amber-jewelry-en","11":"product_tag-bracelet","12":"product_tag-bracelet-and-amber","13":"product_tag-christmas-gift-en","14":"product_tag-everyday-bracelet-with-gemstone-for-teens-or-adults-adjustable","15":"product_tag-gold-bracelet-with-amber-en","16":"product_tag-silver-chain-braceleet-en","17":"product_tag-sterling-jewelery-en","18":"product_tag-sterling-silver-925-bracelet-with-amber-gemstone","19":"product_tag-sterling-silver-charms-en","21":"first","22":"instock","23":"sale","24":"shipping-taxable","25":"purchasable","26":"product-type-simple"},"yoast_head":"<!-- This site is optimized with the Yoast SEO plugin v26.6 - https:\/\/yoast.com\/wordpress\/plugins\/seo\/ -->\n<title>Multi Color Baltic Amber bracelet, handmade sterling silver 925 bracelet, cute and not very small handmade jewelry ready as a gift - amberlithuania.com<\/title>\n<meta name=\"description\" content=\"Multi Color Baltic Amber bracelet, handmade sterling silver 925 bracelet, cute and not very small handmade jewelry ready as a gift\" \/>\n<meta name=\"robots\" content=\"index, follow, max-snippet:-1, max-image-preview:large, max-video-preview:-1\" \/>\n<link rel=\"canonical\" href=\"https:\/\/www.amberlithuania.com\/en\/parduotuve\/bracelets\/multi-color-baltic-amber-bracelet-handmade-sterling-silver-925-bracelet-cute-and-not-very-small-handmade-jewelry-ready-as-a-gift\/\" \/>\n<meta property=\"og:locale\" content=\"en_US\" \/>\n<meta property=\"og:type\" content=\"article\" \/>\n<meta property=\"og:title\" content=\"Multi Color Baltic Amber bracelet, handmade sterling silver 925 bracelet, cute and not very small handmade jewelry ready as a gift - amberlithuania.com\" \/>\n<meta property=\"og:description\" content=\"Multi Color Baltic Amber bracelet, handmade sterling silver 925 bracelet, cute and not very small handmade jewelry ready as a gift\" \/>\n<meta property=\"og:url\" content=\"https:\/\/www.amberlithuania.com\/en\/parduotuve\/bracelets\/multi-color-baltic-amber-bracelet-handmade-sterling-silver-925-bracelet-cute-and-not-very-small-handmade-jewelry-ready-as-a-gift\/\" \/>\n<meta property=\"og:site_name\" content=\"amberlithuania.com\" \/>\n<meta property=\"article:publisher\" content=\"https:\/\/www.facebook.com\/GintaroGaliaAmberLithuania\/\" \/>\n<meta property=\"article:modified_time\" content=\"2025-12-16T11:08:02+00:00\" \/>\n<meta property=\"og:image\" content=\"https:\/\/www.amberlithuania.com\/wp-content\/uploads\/2025\/09\/20250916_152751-scaled.jpg\" \/>\n\t<meta property=\"og:image:width\" content=\"2560\" \/>\n\t<meta property=\"og:image:height\" content=\"1920\" \/>\n\t<meta property=\"og:image:type\" content=\"image\/jpeg\" \/>\n<meta name=\"twitter:card\" content=\"summary_large_image\" \/>\n<meta name=\"twitter:site\" content=\"@com\" \/>\n<script type=\"application\/ld+json\" class=\"yoast-schema-graph\">{\"@context\":\"https:\/\/schema.org\",\"@graph\":[{\"@type\":\"WebPage\",\"@id\":\"https:\/\/www.amberlithuania.com\/en\/parduotuve\/bracelets\/multi-color-baltic-amber-bracelet-handmade-sterling-silver-925-bracelet-cute-and-not-very-small-handmade-jewelry-ready-as-a-gift\/\",\"url\":\"https:\/\/www.amberlithuania.com\/en\/parduotuve\/bracelets\/multi-color-baltic-amber-bracelet-handmade-sterling-silver-925-bracelet-cute-and-not-very-small-handmade-jewelry-ready-as-a-gift\/\",\"name\":\"Multi Color Baltic Amber bracelet, handmade sterling silver 925 bracelet, cute and not very small handmade jewelry ready as a gift - amberlithuania.com\",\"isPartOf\":{\"@id\":\"https:\/\/www.amberlithuania.com\/en\/#website\"},\"primaryImageOfPage\":{\"@id\":\"https:\/\/www.amberlithuania.com\/en\/parduotuve\/bracelets\/multi-color-baltic-amber-bracelet-handmade-sterling-silver-925-bracelet-cute-and-not-very-small-handmade-jewelry-ready-as-a-gift\/#primaryimage\"},\"image\":{\"@id\":\"https:\/\/www.amberlithuania.com\/en\/parduotuve\/bracelets\/multi-color-baltic-amber-bracelet-handmade-sterling-silver-925-bracelet-cute-and-not-very-small-handmade-jewelry-ready-as-a-gift\/#primaryimage\"},\"thumbnailUrl\":\"https:\/\/www.amberlithuania.com\/wp-content\/uploads\/2025\/09\/20250916_152751-scaled.jpg\",\"datePublished\":\"2025-12-16T11:06:12+00:00\",\"dateModified\":\"2025-12-16T11:08:02+00:00\",\"description\":\"Multi Color Baltic Amber bracelet, handmade sterling silver 925 bracelet, cute and not very small handmade jewelry ready as a gift\",\"breadcrumb\":{\"@id\":\"https:\/\/www.amberlithuania.com\/en\/parduotuve\/bracelets\/multi-color-baltic-amber-bracelet-handmade-sterling-silver-925-bracelet-cute-and-not-very-small-handmade-jewelry-ready-as-a-gift\/#breadcrumb\"},\"inLanguage\":\"en-US\",\"potentialAction\":[{\"@type\":\"ReadAction\",\"target\":[\"https:\/\/www.amberlithuania.com\/en\/parduotuve\/bracelets\/multi-color-baltic-amber-bracelet-handmade-sterling-silver-925-bracelet-cute-and-not-very-small-handmade-jewelry-ready-as-a-gift\/\"]}]},{\"@type\":\"ImageObject\",\"inLanguage\":\"en-US\",\"@id\":\"https:\/\/www.amberlithuania.com\/en\/parduotuve\/bracelets\/multi-color-baltic-amber-bracelet-handmade-sterling-silver-925-bracelet-cute-and-not-very-small-handmade-jewelry-ready-as-a-gift\/#primaryimage\",\"url\":\"https:\/\/www.amberlithuania.com\/wp-content\/uploads\/2025\/09\/20250916_152751-scaled.jpg\",\"contentUrl\":\"https:\/\/www.amberlithuania.com\/wp-content\/uploads\/2025\/09\/20250916_152751-scaled.jpg\",\"width\":2560,\"height\":1920,\"caption\":\"Sidabrin\u0117 apyran\u0117 su gintaru\"},{\"@type\":\"BreadcrumbList\",\"@id\":\"https:\/\/www.amberlithuania.com\/en\/parduotuve\/bracelets\/multi-color-baltic-amber-bracelet-handmade-sterling-silver-925-bracelet-cute-and-not-very-small-handmade-jewelry-ready-as-a-gift\/#breadcrumb\",\"itemListElement\":[{\"@type\":\"ListItem\",\"position\":1,\"name\":\"Home\",\"item\":\"https:\/\/www.amberlithuania.com\/en\/\"},{\"@type\":\"ListItem\",\"position\":2,\"name\":\"Shop\",\"item\":\"https:\/\/www.amberlithuania.com\/en\/shop\/\"},{\"@type\":\"ListItem\",\"position\":3,\"name\":\"Multi Color Baltic Amber bracelet, handmade sterling silver 925 bracelet, cute and not very small handmade jewelry ready as a gift\"}]},{\"@type\":\"WebSite\",\"@id\":\"https:\/\/www.amberlithuania.com\/en\/#website\",\"url\":\"https:\/\/www.amberlithuania.com\/en\/\",\"name\":\"amberlithuania.com\",\"description\":\"Gintariniai papuo\u0161alai Kal\u0117din\u0117s dovanos Juvelyriniai dirbiniai\",\"publisher\":{\"@id\":\"https:\/\/www.amberlithuania.com\/en\/#\/schema\/person\/6ba64bb15b47b2e25b6ff0bba2850db7\"},\"potentialAction\":[{\"@type\":\"SearchAction\",\"target\":{\"@type\":\"EntryPoint\",\"urlTemplate\":\"https:\/\/www.amberlithuania.com\/en\/?s={search_term_string}\"},\"query-input\":{\"@type\":\"PropertyValueSpecification\",\"valueRequired\":true,\"valueName\":\"search_term_string\"}}],\"inLanguage\":\"en-US\"},{\"@type\":[\"Person\",\"Organization\"],\"@id\":\"https:\/\/www.amberlithuania.com\/en\/#\/schema\/person\/6ba64bb15b47b2e25b6ff0bba2850db7\",\"name\":\"amberlithuania.com\",\"image\":{\"@type\":\"ImageObject\",\"inLanguage\":\"en-US\",\"@id\":\"https:\/\/www.amberlithuania.com\/en\/#\/schema\/person\/image\/\",\"url\":\"https:\/\/www.amberlithuania.com\/wp-content\/uploads\/2022\/02\/20220222_162041-scaled.jpg\",\"contentUrl\":\"https:\/\/www.amberlithuania.com\/wp-content\/uploads\/2022\/02\/20220222_162041-scaled.jpg\",\"width\":2560,\"height\":2560,\"caption\":\"amberlithuania.com\"},\"logo\":{\"@id\":\"https:\/\/www.amberlithuania.com\/en\/#\/schema\/person\/image\/\"},\"sameAs\":[\"http:\/\/www.amberlithuania.com\",\"https:\/\/www.facebook.com\/GintaroGaliaAmberLithuania\/\",\"https:\/\/x.com\/amberlithuania.com\"]}]}<\/script>\n<!-- \/ Yoast SEO plugin. -->","yoast_head_json":{"title":"Multi Color Baltic Amber bracelet, handmade sterling silver 925 bracelet, cute and not very small handmade jewelry ready as a gift - amberlithuania.com","description":"Multi Color Baltic Amber bracelet, handmade sterling silver 925 bracelet, cute and not very small handmade jewelry ready as a gift","robots":{"index":"index","follow":"follow","max-snippet":"max-snippet:-1","max-image-preview":"max-image-preview:large","max-video-preview":"max-video-preview:-1"},"canonical":"https:\/\/www.amberlithuania.com\/en\/parduotuve\/bracelets\/multi-color-baltic-amber-bracelet-handmade-sterling-silver-925-bracelet-cute-and-not-very-small-handmade-jewelry-ready-as-a-gift\/","og_locale":"en_US","og_type":"article","og_title":"Multi Color Baltic Amber bracelet, handmade sterling silver 925 bracelet, cute and not very small handmade jewelry ready as a gift - amberlithuania.com","og_description":"Multi Color Baltic Amber bracelet, handmade sterling silver 925 bracelet, cute and not very small handmade jewelry ready as a gift","og_url":"https:\/\/www.amberlithuania.com\/en\/parduotuve\/bracelets\/multi-color-baltic-amber-bracelet-handmade-sterling-silver-925-bracelet-cute-and-not-very-small-handmade-jewelry-ready-as-a-gift\/","og_site_name":"amberlithuania.com","article_publisher":"https:\/\/www.facebook.com\/GintaroGaliaAmberLithuania\/","article_modified_time":"2025-12-16T11:08:02+00:00","og_image":[{"width":2560,"height":1920,"url":"https:\/\/www.amberlithuania.com\/wp-content\/uploads\/2025\/09\/20250916_152751-scaled.jpg","type":"image\/jpeg"}],"twitter_card":"summary_large_image","twitter_site":"@com","schema":{"@context":"https:\/\/schema.org","@graph":[{"@type":"WebPage","@id":"https:\/\/www.amberlithuania.com\/en\/parduotuve\/bracelets\/multi-color-baltic-amber-bracelet-handmade-sterling-silver-925-bracelet-cute-and-not-very-small-handmade-jewelry-ready-as-a-gift\/","url":"https:\/\/www.amberlithuania.com\/en\/parduotuve\/bracelets\/multi-color-baltic-amber-bracelet-handmade-sterling-silver-925-bracelet-cute-and-not-very-small-handmade-jewelry-ready-as-a-gift\/","name":"Multi Color Baltic Amber bracelet, handmade sterling silver 925 bracelet, cute and not very small handmade jewelry ready as a gift - amberlithuania.com","isPartOf":{"@id":"https:\/\/www.amberlithuania.com\/en\/#website"},"primaryImageOfPage":{"@id":"https:\/\/www.amberlithuania.com\/en\/parduotuve\/bracelets\/multi-color-baltic-amber-bracelet-handmade-sterling-silver-925-bracelet-cute-and-not-very-small-handmade-jewelry-ready-as-a-gift\/#primaryimage"},"image":{"@id":"https:\/\/www.amberlithuania.com\/en\/parduotuve\/bracelets\/multi-color-baltic-amber-bracelet-handmade-sterling-silver-925-bracelet-cute-and-not-very-small-handmade-jewelry-ready-as-a-gift\/#primaryimage"},"thumbnailUrl":"https:\/\/www.amberlithuania.com\/wp-content\/uploads\/2025\/09\/20250916_152751-scaled.jpg","datePublished":"2025-12-16T11:06:12+00:00","dateModified":"2025-12-16T11:08:02+00:00","description":"Multi Color Baltic Amber bracelet, handmade sterling silver 925 bracelet, cute and not very small handmade jewelry ready as a gift","breadcrumb":{"@id":"https:\/\/www.amberlithuania.com\/en\/parduotuve\/bracelets\/multi-color-baltic-amber-bracelet-handmade-sterling-silver-925-bracelet-cute-and-not-very-small-handmade-jewelry-ready-as-a-gift\/#breadcrumb"},"inLanguage":"en-US","potentialAction":[{"@type":"ReadAction","target":["https:\/\/www.amberlithuania.com\/en\/parduotuve\/bracelets\/multi-color-baltic-amber-bracelet-handmade-sterling-silver-925-bracelet-cute-and-not-very-small-handmade-jewelry-ready-as-a-gift\/"]}]},{"@type":"ImageObject","inLanguage":"en-US","@id":"https:\/\/www.amberlithuania.com\/en\/parduotuve\/bracelets\/multi-color-baltic-amber-bracelet-handmade-sterling-silver-925-bracelet-cute-and-not-very-small-handmade-jewelry-ready-as-a-gift\/#primaryimage","url":"https:\/\/www.amberlithuania.com\/wp-content\/uploads\/2025\/09\/20250916_152751-scaled.jpg","contentUrl":"https:\/\/www.amberlithuania.com\/wp-content\/uploads\/2025\/09\/20250916_152751-scaled.jpg","width":2560,"height":1920,"caption":"Sidabrin\u0117 apyran\u0117 su gintaru"},{"@type":"BreadcrumbList","@id":"https:\/\/www.amberlithuania.com\/en\/parduotuve\/bracelets\/multi-color-baltic-amber-bracelet-handmade-sterling-silver-925-bracelet-cute-and-not-very-small-handmade-jewelry-ready-as-a-gift\/#breadcrumb","itemListElement":[{"@type":"ListItem","position":1,"name":"Home","item":"https:\/\/www.amberlithuania.com\/en\/"},{"@type":"ListItem","position":2,"name":"Shop","item":"https:\/\/www.amberlithuania.com\/en\/shop\/"},{"@type":"ListItem","position":3,"name":"Multi Color Baltic Amber bracelet, handmade sterling silver 925 bracelet, cute and not very small handmade jewelry ready as a gift"}]},{"@type":"WebSite","@id":"https:\/\/www.amberlithuania.com\/en\/#website","url":"https:\/\/www.amberlithuania.com\/en\/","name":"amberlithuania.com","description":"Gintariniai papuo\u0161alai Kal\u0117din\u0117s dovanos Juvelyriniai dirbiniai","publisher":{"@id":"https:\/\/www.amberlithuania.com\/en\/#\/schema\/person\/6ba64bb15b47b2e25b6ff0bba2850db7"},"potentialAction":[{"@type":"SearchAction","target":{"@type":"EntryPoint","urlTemplate":"https:\/\/www.amberlithuania.com\/en\/?s={search_term_string}"},"query-input":{"@type":"PropertyValueSpecification","valueRequired":true,"valueName":"search_term_string"}}],"inLanguage":"en-US"},{"@type":["Person","Organization"],"@id":"https:\/\/www.amberlithuania.com\/en\/#\/schema\/person\/6ba64bb15b47b2e25b6ff0bba2850db7","name":"amberlithuania.com","image":{"@type":"ImageObject","inLanguage":"en-US","@id":"https:\/\/www.amberlithuania.com\/en\/#\/schema\/person\/image\/","url":"https:\/\/www.amberlithuania.com\/wp-content\/uploads\/2022\/02\/20220222_162041-scaled.jpg","contentUrl":"https:\/\/www.amberlithuania.com\/wp-content\/uploads\/2022\/02\/20220222_162041-scaled.jpg","width":2560,"height":2560,"caption":"amberlithuania.com"},"logo":{"@id":"https:\/\/www.amberlithuania.com\/en\/#\/schema\/person\/image\/"},"sameAs":["http:\/\/www.amberlithuania.com","https:\/\/www.facebook.com\/GintaroGaliaAmberLithuania\/","https:\/\/x.com\/amberlithuania.com"]}]}},"_links":{"self":[{"href":"https:\/\/www.amberlithuania.com\/en\/wp-json\/wp\/v2\/product\/29084","targetHints":{"allow":["GET"]}}],"collection":[{"href":"https:\/\/www.amberlithuania.com\/en\/wp-json\/wp\/v2\/product"}],"about":[{"href":"https:\/\/www.amberlithuania.com\/en\/wp-json\/wp\/v2\/types\/product"}],"replies":[{"embeddable":true,"href":"https:\/\/www.amberlithuania.com\/en\/wp-json\/wp\/v2\/comments?post=29084"}],"wp:featuredmedia":[{"embeddable":true,"href":"https:\/\/www.amberlithuania.com\/en\/wp-json\/wp\/v2\/media\/27000"}],"wp:attachment":[{"href":"https:\/\/www.amberlithuania.com\/en\/wp-json\/wp\/v2\/media?parent=29084"}],"wp:term":[{"taxonomy":"product_brand","embeddable":true,"href":"https:\/\/www.amberlithuania.com\/en\/wp-json\/wp\/v2\/product_brand?post=29084"},{"taxonomy":"product_cat","embeddable":true,"href":"https:\/\/www.amberlithuania.com\/en\/wp-json\/wp\/v2\/product_cat?post=29084"},{"taxonomy":"product_tag","embeddable":true,"href":"https:\/\/www.amberlithuania.com\/en\/wp-json\/wp\/v2\/product_tag?post=29084"}],"curies":[{"name":"wp","href":"https:\/\/api.w.org\/{rel}","templated":true}]}}