{"id":29029,"date":"2025-12-08T19:12:57","date_gmt":"2025-12-08T17:12:57","guid":{"rendered":"https:\/\/www.amberlithuania.com\/?post_type=product&#038;p=29029"},"modified":"2026-01-27T16:50:49","modified_gmt":"2026-01-27T14:50:49","slug":"unique-amber-pendant","status":"publish","type":"product","link":"https:\/\/www.amberlithuania.com\/en\/parduotuve\/uncategorized\/unique-amber-pendant\/","title":{"rendered":"unique amber pendant"},"content":{"rendered":"<div>Unique amber pendant. Pendant size about 6,5 cm Stone sizet 5,7 x 2,5 cm. Weight 10,30 gr<\/div>\n<div><\/div>\n<div>This item was made of natural Baltic Amber. All the amber used in my jewelry is collected in my home country Lithuania.\u00a0 I sell only genuine,\u00a0 real, not pressed, authentic, natural Baltic Amber. Item may have natural imperfections.<\/div>\n","protected":false},"excerpt":{"rendered":"<div>Unique amber pendant. Pendant size about 6,5 cm Stone sizet 5,7 x 2,5 cm. Weight 10,30 gr<\/div>\n<div><\/div>\n<div>This item was made of natural Baltic Amber. All the amber used in my jewelry is collected in my home country Lithuania.\u00a0 I sell only genuine,\u00a0 real, not pressed, authentic, natural Baltic Amber. Item may have natural imperfections.<\/div>\n","protected":false},"featured_media":29143,"comment_status":"open","ping_status":"closed","template":"","meta":[],"product_brand":[],"product_cat":[],"product_tag":[788,188,194,226,180,440,2384,3137],"class_list":{"0":"post-29029","1":"product","2":"type-product","3":"status-publish","4":"has-post-thumbnail","6":"product_tag-amber-necklace-en-3","7":"product_tag-apvalus-gintaras","8":"product_tag-auksas-ir-gintaras","9":"product_tag-auskarai-su-gintaru","10":"product_tag-baltas-gintaras","11":"product_tag-balto-gintaro-auskarai-ir-pakabukas","12":"product_tag-balto-gintaro-pakabukas-neapdirbtas","13":"product_tag-zalio-gintaro-pakabukas-auksine-sirdis","15":"first","16":"instock","17":"shipping-taxable","18":"purchasable","19":"product-type-simple"},"yoast_head":"<!-- This site is optimized with the Yoast SEO plugin v26.6 - https:\/\/yoast.com\/wordpress\/plugins\/seo\/ -->\n<title>unique amber pendant - amberlithuania.com<\/title>\n<meta name=\"description\" content=\"bursztyn, auksin\u0117 grandin\u0117l\u0117, gitariniai karoliai neapdirbtas amber real Heart pendant amber heart pendant gemstone heart pendant unique amber pendant\" \/>\n<meta name=\"robots\" content=\"index, follow, max-snippet:-1, max-image-preview:large, max-video-preview:-1\" \/>\n<link rel=\"canonical\" href=\"https:\/\/www.amberlithuania.com\/en\/parduotuve\/uncategorized\/unique-amber-pendant\/\" \/>\n<meta property=\"og:locale\" content=\"en_US\" \/>\n<meta property=\"og:type\" content=\"article\" \/>\n<meta property=\"og:title\" content=\"unique amber pendant - amberlithuania.com\" \/>\n<meta property=\"og:description\" content=\"bursztyn, auksin\u0117 grandin\u0117l\u0117, gitariniai karoliai neapdirbtas amber real Heart pendant amber heart pendant gemstone heart pendant unique amber pendant\" \/>\n<meta property=\"og:url\" content=\"https:\/\/www.amberlithuania.com\/en\/parduotuve\/uncategorized\/unique-amber-pendant\/\" \/>\n<meta property=\"og:site_name\" content=\"amberlithuania.com\" \/>\n<meta property=\"article:publisher\" content=\"https:\/\/www.facebook.com\/GintaroGaliaAmberLithuania\/\" \/>\n<meta property=\"article:modified_time\" content=\"2026-01-27T14:50:49+00:00\" \/>\n<meta property=\"og:image\" content=\"https:\/\/www.amberlithuania.com\/wp-content\/uploads\/2025\/12\/20251221_154606-scaled.jpg\" \/>\n\t<meta property=\"og:image:width\" content=\"2560\" \/>\n\t<meta property=\"og:image:height\" content=\"1920\" \/>\n\t<meta property=\"og:image:type\" content=\"image\/jpeg\" \/>\n<meta name=\"twitter:card\" content=\"summary_large_image\" \/>\n<meta name=\"twitter:site\" content=\"@com\" \/>\n<meta name=\"twitter:label1\" content=\"Est. reading time\" \/>\n\t<meta name=\"twitter:data1\" content=\"1 minute\" \/>\n<script type=\"application\/ld+json\" class=\"yoast-schema-graph\">{\"@context\":\"https:\/\/schema.org\",\"@graph\":[{\"@type\":\"WebPage\",\"@id\":\"https:\/\/www.amberlithuania.com\/en\/parduotuve\/uncategorized\/unique-amber-pendant\/\",\"url\":\"https:\/\/www.amberlithuania.com\/en\/parduotuve\/uncategorized\/unique-amber-pendant\/\",\"name\":\"unique amber pendant - amberlithuania.com\",\"isPartOf\":{\"@id\":\"https:\/\/www.amberlithuania.com\/en\/#website\"},\"primaryImageOfPage\":{\"@id\":\"https:\/\/www.amberlithuania.com\/en\/parduotuve\/uncategorized\/unique-amber-pendant\/#primaryimage\"},\"image\":{\"@id\":\"https:\/\/www.amberlithuania.com\/en\/parduotuve\/uncategorized\/unique-amber-pendant\/#primaryimage\"},\"thumbnailUrl\":\"https:\/\/www.amberlithuania.com\/wp-content\/uploads\/2025\/12\/20251221_154606-scaled.jpg\",\"datePublished\":\"2025-12-08T17:12:57+00:00\",\"dateModified\":\"2026-01-27T14:50:49+00:00\",\"description\":\"bursztyn, auksin\u0117 grandin\u0117l\u0117, gitariniai karoliai neapdirbtas amber real Heart pendant amber heart pendant gemstone heart pendant unique amber pendant\",\"breadcrumb\":{\"@id\":\"https:\/\/www.amberlithuania.com\/en\/parduotuve\/uncategorized\/unique-amber-pendant\/#breadcrumb\"},\"inLanguage\":\"en-US\",\"potentialAction\":[{\"@type\":\"ReadAction\",\"target\":[\"https:\/\/www.amberlithuania.com\/en\/parduotuve\/uncategorized\/unique-amber-pendant\/\"]}]},{\"@type\":\"ImageObject\",\"inLanguage\":\"en-US\",\"@id\":\"https:\/\/www.amberlithuania.com\/en\/parduotuve\/uncategorized\/unique-amber-pendant\/#primaryimage\",\"url\":\"https:\/\/www.amberlithuania.com\/wp-content\/uploads\/2025\/12\/20251221_154606-scaled.jpg\",\"contentUrl\":\"https:\/\/www.amberlithuania.com\/wp-content\/uploads\/2025\/12\/20251221_154606-scaled.jpg\",\"width\":2560,\"height\":1920,\"caption\":\"Dvispalvis gintaro pakabukas\"},{\"@type\":\"BreadcrumbList\",\"@id\":\"https:\/\/www.amberlithuania.com\/en\/parduotuve\/uncategorized\/unique-amber-pendant\/#breadcrumb\",\"itemListElement\":[{\"@type\":\"ListItem\",\"position\":1,\"name\":\"Home\",\"item\":\"https:\/\/www.amberlithuania.com\/en\/\"},{\"@type\":\"ListItem\",\"position\":2,\"name\":\"Shop\",\"item\":\"https:\/\/www.amberlithuania.com\/en\/shop\/\"},{\"@type\":\"ListItem\",\"position\":3,\"name\":\"unique amber pendant\"}]},{\"@type\":\"WebSite\",\"@id\":\"https:\/\/www.amberlithuania.com\/en\/#website\",\"url\":\"https:\/\/www.amberlithuania.com\/en\/\",\"name\":\"amberlithuania.com\",\"description\":\"Gintariniai papuo\u0161alai Kal\u0117din\u0117s dovanos Juvelyriniai dirbiniai\",\"publisher\":{\"@id\":\"https:\/\/www.amberlithuania.com\/en\/#\/schema\/person\/6ba64bb15b47b2e25b6ff0bba2850db7\"},\"potentialAction\":[{\"@type\":\"SearchAction\",\"target\":{\"@type\":\"EntryPoint\",\"urlTemplate\":\"https:\/\/www.amberlithuania.com\/en\/?s={search_term_string}\"},\"query-input\":{\"@type\":\"PropertyValueSpecification\",\"valueRequired\":true,\"valueName\":\"search_term_string\"}}],\"inLanguage\":\"en-US\"},{\"@type\":[\"Person\",\"Organization\"],\"@id\":\"https:\/\/www.amberlithuania.com\/en\/#\/schema\/person\/6ba64bb15b47b2e25b6ff0bba2850db7\",\"name\":\"amberlithuania.com\",\"image\":{\"@type\":\"ImageObject\",\"inLanguage\":\"en-US\",\"@id\":\"https:\/\/www.amberlithuania.com\/en\/#\/schema\/person\/image\/\",\"url\":\"https:\/\/www.amberlithuania.com\/wp-content\/uploads\/2022\/02\/20220222_162041-scaled.jpg\",\"contentUrl\":\"https:\/\/www.amberlithuania.com\/wp-content\/uploads\/2022\/02\/20220222_162041-scaled.jpg\",\"width\":2560,\"height\":2560,\"caption\":\"amberlithuania.com\"},\"logo\":{\"@id\":\"https:\/\/www.amberlithuania.com\/en\/#\/schema\/person\/image\/\"},\"sameAs\":[\"http:\/\/www.amberlithuania.com\",\"https:\/\/www.facebook.com\/GintaroGaliaAmberLithuania\/\",\"https:\/\/x.com\/amberlithuania.com\"]}]}<\/script>\n<!-- \/ Yoast SEO plugin. -->","yoast_head_json":{"title":"unique amber pendant - amberlithuania.com","description":"bursztyn, auksin\u0117 grandin\u0117l\u0117, gitariniai karoliai neapdirbtas amber real Heart pendant amber heart pendant gemstone heart pendant unique amber pendant","robots":{"index":"index","follow":"follow","max-snippet":"max-snippet:-1","max-image-preview":"max-image-preview:large","max-video-preview":"max-video-preview:-1"},"canonical":"https:\/\/www.amberlithuania.com\/en\/parduotuve\/uncategorized\/unique-amber-pendant\/","og_locale":"en_US","og_type":"article","og_title":"unique amber pendant - amberlithuania.com","og_description":"bursztyn, auksin\u0117 grandin\u0117l\u0117, gitariniai karoliai neapdirbtas amber real Heart pendant amber heart pendant gemstone heart pendant unique amber pendant","og_url":"https:\/\/www.amberlithuania.com\/en\/parduotuve\/uncategorized\/unique-amber-pendant\/","og_site_name":"amberlithuania.com","article_publisher":"https:\/\/www.facebook.com\/GintaroGaliaAmberLithuania\/","article_modified_time":"2026-01-27T14:50:49+00:00","og_image":[{"width":2560,"height":1920,"url":"https:\/\/www.amberlithuania.com\/wp-content\/uploads\/2025\/12\/20251221_154606-scaled.jpg","type":"image\/jpeg"}],"twitter_card":"summary_large_image","twitter_site":"@com","twitter_misc":{"Est. reading time":"1 minute"},"schema":{"@context":"https:\/\/schema.org","@graph":[{"@type":"WebPage","@id":"https:\/\/www.amberlithuania.com\/en\/parduotuve\/uncategorized\/unique-amber-pendant\/","url":"https:\/\/www.amberlithuania.com\/en\/parduotuve\/uncategorized\/unique-amber-pendant\/","name":"unique amber pendant - amberlithuania.com","isPartOf":{"@id":"https:\/\/www.amberlithuania.com\/en\/#website"},"primaryImageOfPage":{"@id":"https:\/\/www.amberlithuania.com\/en\/parduotuve\/uncategorized\/unique-amber-pendant\/#primaryimage"},"image":{"@id":"https:\/\/www.amberlithuania.com\/en\/parduotuve\/uncategorized\/unique-amber-pendant\/#primaryimage"},"thumbnailUrl":"https:\/\/www.amberlithuania.com\/wp-content\/uploads\/2025\/12\/20251221_154606-scaled.jpg","datePublished":"2025-12-08T17:12:57+00:00","dateModified":"2026-01-27T14:50:49+00:00","description":"bursztyn, auksin\u0117 grandin\u0117l\u0117, gitariniai karoliai neapdirbtas amber real Heart pendant amber heart pendant gemstone heart pendant unique amber pendant","breadcrumb":{"@id":"https:\/\/www.amberlithuania.com\/en\/parduotuve\/uncategorized\/unique-amber-pendant\/#breadcrumb"},"inLanguage":"en-US","potentialAction":[{"@type":"ReadAction","target":["https:\/\/www.amberlithuania.com\/en\/parduotuve\/uncategorized\/unique-amber-pendant\/"]}]},{"@type":"ImageObject","inLanguage":"en-US","@id":"https:\/\/www.amberlithuania.com\/en\/parduotuve\/uncategorized\/unique-amber-pendant\/#primaryimage","url":"https:\/\/www.amberlithuania.com\/wp-content\/uploads\/2025\/12\/20251221_154606-scaled.jpg","contentUrl":"https:\/\/www.amberlithuania.com\/wp-content\/uploads\/2025\/12\/20251221_154606-scaled.jpg","width":2560,"height":1920,"caption":"Dvispalvis gintaro pakabukas"},{"@type":"BreadcrumbList","@id":"https:\/\/www.amberlithuania.com\/en\/parduotuve\/uncategorized\/unique-amber-pendant\/#breadcrumb","itemListElement":[{"@type":"ListItem","position":1,"name":"Home","item":"https:\/\/www.amberlithuania.com\/en\/"},{"@type":"ListItem","position":2,"name":"Shop","item":"https:\/\/www.amberlithuania.com\/en\/shop\/"},{"@type":"ListItem","position":3,"name":"unique amber pendant"}]},{"@type":"WebSite","@id":"https:\/\/www.amberlithuania.com\/en\/#website","url":"https:\/\/www.amberlithuania.com\/en\/","name":"amberlithuania.com","description":"Gintariniai papuo\u0161alai Kal\u0117din\u0117s dovanos Juvelyriniai dirbiniai","publisher":{"@id":"https:\/\/www.amberlithuania.com\/en\/#\/schema\/person\/6ba64bb15b47b2e25b6ff0bba2850db7"},"potentialAction":[{"@type":"SearchAction","target":{"@type":"EntryPoint","urlTemplate":"https:\/\/www.amberlithuania.com\/en\/?s={search_term_string}"},"query-input":{"@type":"PropertyValueSpecification","valueRequired":true,"valueName":"search_term_string"}}],"inLanguage":"en-US"},{"@type":["Person","Organization"],"@id":"https:\/\/www.amberlithuania.com\/en\/#\/schema\/person\/6ba64bb15b47b2e25b6ff0bba2850db7","name":"amberlithuania.com","image":{"@type":"ImageObject","inLanguage":"en-US","@id":"https:\/\/www.amberlithuania.com\/en\/#\/schema\/person\/image\/","url":"https:\/\/www.amberlithuania.com\/wp-content\/uploads\/2022\/02\/20220222_162041-scaled.jpg","contentUrl":"https:\/\/www.amberlithuania.com\/wp-content\/uploads\/2022\/02\/20220222_162041-scaled.jpg","width":2560,"height":2560,"caption":"amberlithuania.com"},"logo":{"@id":"https:\/\/www.amberlithuania.com\/en\/#\/schema\/person\/image\/"},"sameAs":["http:\/\/www.amberlithuania.com","https:\/\/www.facebook.com\/GintaroGaliaAmberLithuania\/","https:\/\/x.com\/amberlithuania.com"]}]}},"_links":{"self":[{"href":"https:\/\/www.amberlithuania.com\/en\/wp-json\/wp\/v2\/product\/29029","targetHints":{"allow":["GET"]}}],"collection":[{"href":"https:\/\/www.amberlithuania.com\/en\/wp-json\/wp\/v2\/product"}],"about":[{"href":"https:\/\/www.amberlithuania.com\/en\/wp-json\/wp\/v2\/types\/product"}],"replies":[{"embeddable":true,"href":"https:\/\/www.amberlithuania.com\/en\/wp-json\/wp\/v2\/comments?post=29029"}],"wp:featuredmedia":[{"embeddable":true,"href":"https:\/\/www.amberlithuania.com\/en\/wp-json\/wp\/v2\/media\/29143"}],"wp:attachment":[{"href":"https:\/\/www.amberlithuania.com\/en\/wp-json\/wp\/v2\/media?parent=29029"}],"wp:term":[{"taxonomy":"product_brand","embeddable":true,"href":"https:\/\/www.amberlithuania.com\/en\/wp-json\/wp\/v2\/product_brand?post=29029"},{"taxonomy":"product_cat","embeddable":true,"href":"https:\/\/www.amberlithuania.com\/en\/wp-json\/wp\/v2\/product_cat?post=29029"},{"taxonomy":"product_tag","embeddable":true,"href":"https:\/\/www.amberlithuania.com\/en\/wp-json\/wp\/v2\/product_tag?post=29029"}],"curies":[{"name":"wp","href":"https:\/\/api.w.org\/{rel}","templated":true}]}}