{"id":28505,"date":"2025-11-14T12:08:28","date_gmt":"2025-11-14T10:08:28","guid":{"rendered":"https:\/\/www.amberlithuania.com\/?post_type=product&#038;p=28505"},"modified":"2025-11-14T12:21:42","modified_gmt":"2025-11-14T10:21:42","slug":"large-huge-big-amber-pendant-kopija-kopija","status":"publish","type":"product","link":"https:\/\/www.amberlithuania.com\/en\/parduotuve\/pendants\/large-huge-big-amber-pendant-kopija-kopija\/","title":{"rendered":"Large big Amber pendant"},"content":{"rendered":"<p>Large\u00a0 big Amber pendant. Yellow orange amber necklace pendant. 7 cm pendant 5 cm stone<\/p>\n<p>&nbsp;<\/p>\n<p><a href=\"https:\/\/www.amberlithuania.com\/wp-admin\/post.php?post=28504&amp;action=edit&amp;lang=lt\">https:\/\/www.amberlithuania.com\/wp-admin\/post.php?post=28504&amp;action=edit&amp;lang=lt<\/a><\/p>\n<p><strong><em>Step into a world where ancient earth meets artisan craftsmanship.<\/em><\/strong><em> This handmade Baltic amber jewelry shop offers a unique collection of timeless pieces, each crafted with care and inspired by the natural beauty of the Baltic region. Every gem is genuine, ethically sourced amber\u2014formed over millions of years and hand-selected for its rich golden hues, organic inclusions, and warm, honeyed glow. From delicate necklaces and statement rings to earthy bracelets and vintage-style earrings, each piece tells a story, blending tradition with artistry. Whether you&#8217;re searching for a meaningful gift or a piece of history to wear close to your heart, this shop invites you to experience the magic of Baltic amber in its purest form. Perfect gift for wife , mother, sister, friend. <\/em><\/p>\n<p>Treat yourself or your loved one to luxury with our Baltic Amber jewelry. These handmade items will make you feel unique. \u00a0Handmade of traditional, almost weightless,\u00a0Baltic gemstone. It is a perfect gift for the Anniversary, Birthday, or Christmas so your loved one could feel luxurious. Suitable for both the daily modern clothing and linen clothes.<\/p>\n<p>&nbsp;<\/p>\n","protected":false},"excerpt":{"rendered":"<p>Large\u00a0 big Amber pendant. Yellow orange amber necklace pendant. 7 cm pendant 5 cm stone<\/p>\n","protected":false},"featured_media":28479,"comment_status":"open","ping_status":"closed","template":"","meta":[],"product_brand":[],"product_cat":[100],"product_tag":[308,399,1167,480,488,1060,303,1331,501,377,1166],"class_list":{"0":"post-28505","1":"product","2":"type-product","3":"status-publish","4":"has-post-thumbnail","6":"product_cat-pendants","7":"product_tag-amber-necklace-en","8":"product_tag-earrings-with-amber","9":"product_tag-gitariniai-karoliai-en","10":"product_tag-gold-and-amber","11":"product_tag-green-amber","12":"product_tag-green-healing-raw-baltic-amber-necklace","13":"product_tag-raw-amber","14":"product_tag-real-baltic-amber-pendant-necklace-with-gold-details-en","15":"product_tag-round-amber-bead","16":"product_tag-white-amber","17":"product_tag-white-amber-necklace-gold-pendant-healing-gemstone-amulet","19":"first","20":"instock","21":"shipping-taxable","22":"purchasable","23":"product-type-simple"},"yoast_head":"<!-- This site is optimized with the Yoast SEO plugin v26.6 - https:\/\/yoast.com\/wordpress\/plugins\/seo\/ -->\n<title>Large big Amber pendant - amberlithuania.com<\/title>\n<meta name=\"description\" content=\"Large huge big Amber pendant necklace gift jewelry large bernstein kette burstztyn healing gemstone gift shop jewelry wholesale\" \/>\n<meta name=\"robots\" content=\"index, follow, max-snippet:-1, max-image-preview:large, max-video-preview:-1\" \/>\n<link rel=\"canonical\" href=\"https:\/\/www.amberlithuania.com\/en\/parduotuve\/pendants\/large-huge-big-amber-pendant-kopija-kopija\/\" \/>\n<meta property=\"og:locale\" content=\"en_US\" \/>\n<meta property=\"og:type\" content=\"article\" \/>\n<meta property=\"og:title\" content=\"Large big Amber pendant - amberlithuania.com\" \/>\n<meta property=\"og:description\" content=\"Large huge big Amber pendant necklace gift jewelry large bernstein kette burstztyn healing gemstone gift shop jewelry wholesale\" \/>\n<meta property=\"og:url\" content=\"https:\/\/www.amberlithuania.com\/en\/parduotuve\/pendants\/large-huge-big-amber-pendant-kopija-kopija\/\" \/>\n<meta property=\"og:site_name\" content=\"amberlithuania.com\" \/>\n<meta property=\"article:publisher\" content=\"https:\/\/www.facebook.com\/GintaroGaliaAmberLithuania\/\" \/>\n<meta property=\"article:modified_time\" content=\"2025-11-14T10:21:42+00:00\" \/>\n<meta property=\"og:image\" content=\"https:\/\/www.amberlithuania.com\/wp-content\/uploads\/2025\/11\/20251031_170334-scaled.jpg\" \/>\n\t<meta property=\"og:image:width\" content=\"2560\" \/>\n\t<meta property=\"og:image:height\" content=\"1920\" \/>\n\t<meta property=\"og:image:type\" content=\"image\/jpeg\" \/>\n<meta name=\"twitter:card\" content=\"summary_large_image\" \/>\n<meta name=\"twitter:site\" content=\"@com\" \/>\n<meta name=\"twitter:label1\" content=\"Est. reading time\" \/>\n\t<meta name=\"twitter:data1\" content=\"1 minute\" \/>\n<script type=\"application\/ld+json\" class=\"yoast-schema-graph\">{\"@context\":\"https:\/\/schema.org\",\"@graph\":[{\"@type\":\"WebPage\",\"@id\":\"https:\/\/www.amberlithuania.com\/en\/parduotuve\/pendants\/large-huge-big-amber-pendant-kopija-kopija\/\",\"url\":\"https:\/\/www.amberlithuania.com\/en\/parduotuve\/pendants\/large-huge-big-amber-pendant-kopija-kopija\/\",\"name\":\"Large big Amber pendant - amberlithuania.com\",\"isPartOf\":{\"@id\":\"https:\/\/www.amberlithuania.com\/en\/#website\"},\"primaryImageOfPage\":{\"@id\":\"https:\/\/www.amberlithuania.com\/en\/parduotuve\/pendants\/large-huge-big-amber-pendant-kopija-kopija\/#primaryimage\"},\"image\":{\"@id\":\"https:\/\/www.amberlithuania.com\/en\/parduotuve\/pendants\/large-huge-big-amber-pendant-kopija-kopija\/#primaryimage\"},\"thumbnailUrl\":\"https:\/\/www.amberlithuania.com\/wp-content\/uploads\/2025\/11\/20251031_170334-scaled.jpg\",\"datePublished\":\"2025-11-14T10:08:28+00:00\",\"dateModified\":\"2025-11-14T10:21:42+00:00\",\"description\":\"Large huge big Amber pendant necklace gift jewelry large bernstein kette burstztyn healing gemstone gift shop jewelry wholesale\",\"breadcrumb\":{\"@id\":\"https:\/\/www.amberlithuania.com\/en\/parduotuve\/pendants\/large-huge-big-amber-pendant-kopija-kopija\/#breadcrumb\"},\"inLanguage\":\"en-US\",\"potentialAction\":[{\"@type\":\"ReadAction\",\"target\":[\"https:\/\/www.amberlithuania.com\/en\/parduotuve\/pendants\/large-huge-big-amber-pendant-kopija-kopija\/\"]}]},{\"@type\":\"ImageObject\",\"inLanguage\":\"en-US\",\"@id\":\"https:\/\/www.amberlithuania.com\/en\/parduotuve\/pendants\/large-huge-big-amber-pendant-kopija-kopija\/#primaryimage\",\"url\":\"https:\/\/www.amberlithuania.com\/wp-content\/uploads\/2025\/11\/20251031_170334-scaled.jpg\",\"contentUrl\":\"https:\/\/www.amberlithuania.com\/wp-content\/uploads\/2025\/11\/20251031_170334-scaled.jpg\",\"width\":2560,\"height\":1920,\"caption\":\"Gintaras pakabukas gintarinis pakabukas dovana mamai \u017emonai Kal\u0117dos\"},{\"@type\":\"BreadcrumbList\",\"@id\":\"https:\/\/www.amberlithuania.com\/en\/parduotuve\/pendants\/large-huge-big-amber-pendant-kopija-kopija\/#breadcrumb\",\"itemListElement\":[{\"@type\":\"ListItem\",\"position\":1,\"name\":\"Home\",\"item\":\"https:\/\/www.amberlithuania.com\/en\/\"},{\"@type\":\"ListItem\",\"position\":2,\"name\":\"Shop\",\"item\":\"https:\/\/www.amberlithuania.com\/en\/shop\/\"},{\"@type\":\"ListItem\",\"position\":3,\"name\":\"Large big Amber pendant\"}]},{\"@type\":\"WebSite\",\"@id\":\"https:\/\/www.amberlithuania.com\/en\/#website\",\"url\":\"https:\/\/www.amberlithuania.com\/en\/\",\"name\":\"amberlithuania.com\",\"description\":\"Gintariniai papuo\u0161alai Kal\u0117din\u0117s dovanos Juvelyriniai dirbiniai\",\"publisher\":{\"@id\":\"https:\/\/www.amberlithuania.com\/en\/#\/schema\/person\/6ba64bb15b47b2e25b6ff0bba2850db7\"},\"potentialAction\":[{\"@type\":\"SearchAction\",\"target\":{\"@type\":\"EntryPoint\",\"urlTemplate\":\"https:\/\/www.amberlithuania.com\/en\/?s={search_term_string}\"},\"query-input\":{\"@type\":\"PropertyValueSpecification\",\"valueRequired\":true,\"valueName\":\"search_term_string\"}}],\"inLanguage\":\"en-US\"},{\"@type\":[\"Person\",\"Organization\"],\"@id\":\"https:\/\/www.amberlithuania.com\/en\/#\/schema\/person\/6ba64bb15b47b2e25b6ff0bba2850db7\",\"name\":\"amberlithuania.com\",\"image\":{\"@type\":\"ImageObject\",\"inLanguage\":\"en-US\",\"@id\":\"https:\/\/www.amberlithuania.com\/en\/#\/schema\/person\/image\/\",\"url\":\"https:\/\/www.amberlithuania.com\/wp-content\/uploads\/2022\/02\/20220222_162041-scaled.jpg\",\"contentUrl\":\"https:\/\/www.amberlithuania.com\/wp-content\/uploads\/2022\/02\/20220222_162041-scaled.jpg\",\"width\":2560,\"height\":2560,\"caption\":\"amberlithuania.com\"},\"logo\":{\"@id\":\"https:\/\/www.amberlithuania.com\/en\/#\/schema\/person\/image\/\"},\"sameAs\":[\"http:\/\/www.amberlithuania.com\",\"https:\/\/www.facebook.com\/GintaroGaliaAmberLithuania\/\",\"https:\/\/x.com\/amberlithuania.com\"]}]}<\/script>\n<!-- \/ Yoast SEO plugin. -->","yoast_head_json":{"title":"Large big Amber pendant - amberlithuania.com","description":"Large huge big Amber pendant necklace gift jewelry large bernstein kette burstztyn healing gemstone gift shop jewelry wholesale","robots":{"index":"index","follow":"follow","max-snippet":"max-snippet:-1","max-image-preview":"max-image-preview:large","max-video-preview":"max-video-preview:-1"},"canonical":"https:\/\/www.amberlithuania.com\/en\/parduotuve\/pendants\/large-huge-big-amber-pendant-kopija-kopija\/","og_locale":"en_US","og_type":"article","og_title":"Large big Amber pendant - amberlithuania.com","og_description":"Large huge big Amber pendant necklace gift jewelry large bernstein kette burstztyn healing gemstone gift shop jewelry wholesale","og_url":"https:\/\/www.amberlithuania.com\/en\/parduotuve\/pendants\/large-huge-big-amber-pendant-kopija-kopija\/","og_site_name":"amberlithuania.com","article_publisher":"https:\/\/www.facebook.com\/GintaroGaliaAmberLithuania\/","article_modified_time":"2025-11-14T10:21:42+00:00","og_image":[{"width":2560,"height":1920,"url":"https:\/\/www.amberlithuania.com\/wp-content\/uploads\/2025\/11\/20251031_170334-scaled.jpg","type":"image\/jpeg"}],"twitter_card":"summary_large_image","twitter_site":"@com","twitter_misc":{"Est. reading time":"1 minute"},"schema":{"@context":"https:\/\/schema.org","@graph":[{"@type":"WebPage","@id":"https:\/\/www.amberlithuania.com\/en\/parduotuve\/pendants\/large-huge-big-amber-pendant-kopija-kopija\/","url":"https:\/\/www.amberlithuania.com\/en\/parduotuve\/pendants\/large-huge-big-amber-pendant-kopija-kopija\/","name":"Large big Amber pendant - amberlithuania.com","isPartOf":{"@id":"https:\/\/www.amberlithuania.com\/en\/#website"},"primaryImageOfPage":{"@id":"https:\/\/www.amberlithuania.com\/en\/parduotuve\/pendants\/large-huge-big-amber-pendant-kopija-kopija\/#primaryimage"},"image":{"@id":"https:\/\/www.amberlithuania.com\/en\/parduotuve\/pendants\/large-huge-big-amber-pendant-kopija-kopija\/#primaryimage"},"thumbnailUrl":"https:\/\/www.amberlithuania.com\/wp-content\/uploads\/2025\/11\/20251031_170334-scaled.jpg","datePublished":"2025-11-14T10:08:28+00:00","dateModified":"2025-11-14T10:21:42+00:00","description":"Large huge big Amber pendant necklace gift jewelry large bernstein kette burstztyn healing gemstone gift shop jewelry wholesale","breadcrumb":{"@id":"https:\/\/www.amberlithuania.com\/en\/parduotuve\/pendants\/large-huge-big-amber-pendant-kopija-kopija\/#breadcrumb"},"inLanguage":"en-US","potentialAction":[{"@type":"ReadAction","target":["https:\/\/www.amberlithuania.com\/en\/parduotuve\/pendants\/large-huge-big-amber-pendant-kopija-kopija\/"]}]},{"@type":"ImageObject","inLanguage":"en-US","@id":"https:\/\/www.amberlithuania.com\/en\/parduotuve\/pendants\/large-huge-big-amber-pendant-kopija-kopija\/#primaryimage","url":"https:\/\/www.amberlithuania.com\/wp-content\/uploads\/2025\/11\/20251031_170334-scaled.jpg","contentUrl":"https:\/\/www.amberlithuania.com\/wp-content\/uploads\/2025\/11\/20251031_170334-scaled.jpg","width":2560,"height":1920,"caption":"Gintaras pakabukas gintarinis pakabukas dovana mamai \u017emonai Kal\u0117dos"},{"@type":"BreadcrumbList","@id":"https:\/\/www.amberlithuania.com\/en\/parduotuve\/pendants\/large-huge-big-amber-pendant-kopija-kopija\/#breadcrumb","itemListElement":[{"@type":"ListItem","position":1,"name":"Home","item":"https:\/\/www.amberlithuania.com\/en\/"},{"@type":"ListItem","position":2,"name":"Shop","item":"https:\/\/www.amberlithuania.com\/en\/shop\/"},{"@type":"ListItem","position":3,"name":"Large big Amber pendant"}]},{"@type":"WebSite","@id":"https:\/\/www.amberlithuania.com\/en\/#website","url":"https:\/\/www.amberlithuania.com\/en\/","name":"amberlithuania.com","description":"Gintariniai papuo\u0161alai Kal\u0117din\u0117s dovanos Juvelyriniai dirbiniai","publisher":{"@id":"https:\/\/www.amberlithuania.com\/en\/#\/schema\/person\/6ba64bb15b47b2e25b6ff0bba2850db7"},"potentialAction":[{"@type":"SearchAction","target":{"@type":"EntryPoint","urlTemplate":"https:\/\/www.amberlithuania.com\/en\/?s={search_term_string}"},"query-input":{"@type":"PropertyValueSpecification","valueRequired":true,"valueName":"search_term_string"}}],"inLanguage":"en-US"},{"@type":["Person","Organization"],"@id":"https:\/\/www.amberlithuania.com\/en\/#\/schema\/person\/6ba64bb15b47b2e25b6ff0bba2850db7","name":"amberlithuania.com","image":{"@type":"ImageObject","inLanguage":"en-US","@id":"https:\/\/www.amberlithuania.com\/en\/#\/schema\/person\/image\/","url":"https:\/\/www.amberlithuania.com\/wp-content\/uploads\/2022\/02\/20220222_162041-scaled.jpg","contentUrl":"https:\/\/www.amberlithuania.com\/wp-content\/uploads\/2022\/02\/20220222_162041-scaled.jpg","width":2560,"height":2560,"caption":"amberlithuania.com"},"logo":{"@id":"https:\/\/www.amberlithuania.com\/en\/#\/schema\/person\/image\/"},"sameAs":["http:\/\/www.amberlithuania.com","https:\/\/www.facebook.com\/GintaroGaliaAmberLithuania\/","https:\/\/x.com\/amberlithuania.com"]}]}},"_links":{"self":[{"href":"https:\/\/www.amberlithuania.com\/en\/wp-json\/wp\/v2\/product\/28505","targetHints":{"allow":["GET"]}}],"collection":[{"href":"https:\/\/www.amberlithuania.com\/en\/wp-json\/wp\/v2\/product"}],"about":[{"href":"https:\/\/www.amberlithuania.com\/en\/wp-json\/wp\/v2\/types\/product"}],"replies":[{"embeddable":true,"href":"https:\/\/www.amberlithuania.com\/en\/wp-json\/wp\/v2\/comments?post=28505"}],"wp:featuredmedia":[{"embeddable":true,"href":"https:\/\/www.amberlithuania.com\/en\/wp-json\/wp\/v2\/media\/28479"}],"wp:attachment":[{"href":"https:\/\/www.amberlithuania.com\/en\/wp-json\/wp\/v2\/media?parent=28505"}],"wp:term":[{"taxonomy":"product_brand","embeddable":true,"href":"https:\/\/www.amberlithuania.com\/en\/wp-json\/wp\/v2\/product_brand?post=28505"},{"taxonomy":"product_cat","embeddable":true,"href":"https:\/\/www.amberlithuania.com\/en\/wp-json\/wp\/v2\/product_cat?post=28505"},{"taxonomy":"product_tag","embeddable":true,"href":"https:\/\/www.amberlithuania.com\/en\/wp-json\/wp\/v2\/product_tag?post=28505"}],"curies":[{"name":"wp","href":"https:\/\/api.w.org\/{rel}","templated":true}]}}