{"id":28441,"date":"2025-11-10T19:31:59","date_gmt":"2025-11-10T17:31:59","guid":{"rendered":"https:\/\/www.amberlithuania.com\/?post_type=product&#038;p=28441"},"modified":"2025-11-12T14:20:56","modified_gmt":"2025-11-12T12:20:56","slug":"amber-gemstone-rare-stone-with-insects-collectable-4","status":"publish","type":"product","link":"https:\/\/www.amberlithuania.com\/en\/parduotuve\/raw-amber-stones-insects\/amber-gemstone-rare-stone-with-insects-collectable-4\/","title":{"rendered":"Amber gemstone Rare stone with insects collectable"},"content":{"rendered":"<p>Amber stone with many inclusion. Many inclusions. A unique natural creation. Weight 85,10 g. Size 7 x 6 x 3,6 cm A unique gift and souvenir. Suitable as a home or office decor element. Huge and rare.<\/p>\n","protected":false},"excerpt":{"rendered":"<p>&nbsp;<\/p>\n<p>Amber stone with many inclusion. Many inclusions. A unique natural creation. Weight 85,10 g. Size 7 x 6 x 3,6 cm A unique gift and souvenir. Suitable as a home or office decor element. Huge and rare.<\/p>\n","protected":false},"featured_media":27502,"comment_status":"open","ping_status":"closed","template":"","meta":[],"product_brand":[],"product_cat":[104],"product_tag":[376,630,3121,3122,2284,1309],"class_list":{"0":"post-28441","1":"product","2":"type-product","3":"status-publish","4":"has-post-thumbnail","6":"product_cat-raw-amber-stones-insects","7":"product_tag-amber","8":"product_tag-amber-inclusion-baltic-amber-insect","9":"product_tag-big-insect","10":"product_tag-big-stone","11":"product_tag-gemstone-en","12":"product_tag-incusions","14":"first","15":"instock","16":"shipping-taxable","17":"purchasable","18":"product-type-simple"},"yoast_head":"<!-- This site is optimized with the Yoast SEO plugin v26.6 - https:\/\/yoast.com\/wordpress\/plugins\/seo\/ -->\n<title>Amber gemstone Rare stone with insects collectable - amberlithuania.com<\/title>\n<meta name=\"description\" content=\"Amber gemstone Rare stone with insects collectable rare gems jewels unique jewelry shop gift for him husband decor home office vintage antic\" \/>\n<meta name=\"robots\" content=\"index, follow, max-snippet:-1, max-image-preview:large, max-video-preview:-1\" \/>\n<link rel=\"canonical\" href=\"https:\/\/www.amberlithuania.com\/en\/parduotuve\/raw-amber-stones-insects\/amber-gemstone-rare-stone-with-insects-collectable-4\/\" \/>\n<meta property=\"og:locale\" content=\"en_US\" \/>\n<meta property=\"og:type\" content=\"article\" \/>\n<meta property=\"og:title\" content=\"Amber gemstone Rare stone with insects collectable - amberlithuania.com\" \/>\n<meta property=\"og:description\" content=\"Amber gemstone Rare stone with insects collectable rare gems jewels unique jewelry shop gift for him husband decor home office vintage antic\" \/>\n<meta property=\"og:url\" content=\"https:\/\/www.amberlithuania.com\/en\/parduotuve\/raw-amber-stones-insects\/amber-gemstone-rare-stone-with-insects-collectable-4\/\" \/>\n<meta property=\"og:site_name\" content=\"amberlithuania.com\" \/>\n<meta property=\"article:publisher\" content=\"https:\/\/www.facebook.com\/GintaroGaliaAmberLithuania\/\" \/>\n<meta property=\"article:modified_time\" content=\"2025-11-12T12:20:56+00:00\" \/>\n<meta property=\"og:image\" content=\"https:\/\/www.amberlithuania.com\/wp-content\/uploads\/2025\/10\/20250929_124447-scaled.jpg\" \/>\n\t<meta property=\"og:image:width\" content=\"2560\" \/>\n\t<meta property=\"og:image:height\" content=\"1920\" \/>\n\t<meta property=\"og:image:type\" content=\"image\/jpeg\" \/>\n<meta name=\"twitter:card\" content=\"summary_large_image\" \/>\n<meta name=\"twitter:site\" content=\"@com\" \/>\n<meta name=\"twitter:label1\" content=\"Est. reading time\" \/>\n\t<meta name=\"twitter:data1\" content=\"1 minute\" \/>\n<script type=\"application\/ld+json\" class=\"yoast-schema-graph\">{\"@context\":\"https:\/\/schema.org\",\"@graph\":[{\"@type\":\"WebPage\",\"@id\":\"https:\/\/www.amberlithuania.com\/en\/parduotuve\/raw-amber-stones-insects\/amber-gemstone-rare-stone-with-insects-collectable-4\/\",\"url\":\"https:\/\/www.amberlithuania.com\/en\/parduotuve\/raw-amber-stones-insects\/amber-gemstone-rare-stone-with-insects-collectable-4\/\",\"name\":\"Amber gemstone Rare stone with insects collectable - amberlithuania.com\",\"isPartOf\":{\"@id\":\"https:\/\/www.amberlithuania.com\/en\/#website\"},\"primaryImageOfPage\":{\"@id\":\"https:\/\/www.amberlithuania.com\/en\/parduotuve\/raw-amber-stones-insects\/amber-gemstone-rare-stone-with-insects-collectable-4\/#primaryimage\"},\"image\":{\"@id\":\"https:\/\/www.amberlithuania.com\/en\/parduotuve\/raw-amber-stones-insects\/amber-gemstone-rare-stone-with-insects-collectable-4\/#primaryimage\"},\"thumbnailUrl\":\"https:\/\/www.amberlithuania.com\/wp-content\/uploads\/2025\/10\/20250929_124447-scaled.jpg\",\"datePublished\":\"2025-11-10T17:31:59+00:00\",\"dateModified\":\"2025-11-12T12:20:56+00:00\",\"description\":\"Amber gemstone Rare stone with insects collectable rare gems jewels unique jewelry shop gift for him husband decor home office vintage antic\",\"breadcrumb\":{\"@id\":\"https:\/\/www.amberlithuania.com\/en\/parduotuve\/raw-amber-stones-insects\/amber-gemstone-rare-stone-with-insects-collectable-4\/#breadcrumb\"},\"inLanguage\":\"en-US\",\"potentialAction\":[{\"@type\":\"ReadAction\",\"target\":[\"https:\/\/www.amberlithuania.com\/en\/parduotuve\/raw-amber-stones-insects\/amber-gemstone-rare-stone-with-insects-collectable-4\/\"]}]},{\"@type\":\"ImageObject\",\"inLanguage\":\"en-US\",\"@id\":\"https:\/\/www.amberlithuania.com\/en\/parduotuve\/raw-amber-stones-insects\/amber-gemstone-rare-stone-with-insects-collectable-4\/#primaryimage\",\"url\":\"https:\/\/www.amberlithuania.com\/wp-content\/uploads\/2025\/10\/20250929_124447-scaled.jpg\",\"contentUrl\":\"https:\/\/www.amberlithuania.com\/wp-content\/uploads\/2025\/10\/20250929_124447-scaled.jpg\",\"width\":2560,\"height\":1920,\"caption\":\"Gintaras su inkli\u016bzu\"},{\"@type\":\"BreadcrumbList\",\"@id\":\"https:\/\/www.amberlithuania.com\/en\/parduotuve\/raw-amber-stones-insects\/amber-gemstone-rare-stone-with-insects-collectable-4\/#breadcrumb\",\"itemListElement\":[{\"@type\":\"ListItem\",\"position\":1,\"name\":\"Home\",\"item\":\"https:\/\/www.amberlithuania.com\/en\/\"},{\"@type\":\"ListItem\",\"position\":2,\"name\":\"Shop\",\"item\":\"https:\/\/www.amberlithuania.com\/en\/shop\/\"},{\"@type\":\"ListItem\",\"position\":3,\"name\":\"Amber gemstone Rare stone with insects collectable\"}]},{\"@type\":\"WebSite\",\"@id\":\"https:\/\/www.amberlithuania.com\/en\/#website\",\"url\":\"https:\/\/www.amberlithuania.com\/en\/\",\"name\":\"amberlithuania.com\",\"description\":\"Gintariniai papuo\u0161alai Kal\u0117din\u0117s dovanos Juvelyriniai dirbiniai\",\"publisher\":{\"@id\":\"https:\/\/www.amberlithuania.com\/en\/#\/schema\/person\/6ba64bb15b47b2e25b6ff0bba2850db7\"},\"potentialAction\":[{\"@type\":\"SearchAction\",\"target\":{\"@type\":\"EntryPoint\",\"urlTemplate\":\"https:\/\/www.amberlithuania.com\/en\/?s={search_term_string}\"},\"query-input\":{\"@type\":\"PropertyValueSpecification\",\"valueRequired\":true,\"valueName\":\"search_term_string\"}}],\"inLanguage\":\"en-US\"},{\"@type\":[\"Person\",\"Organization\"],\"@id\":\"https:\/\/www.amberlithuania.com\/en\/#\/schema\/person\/6ba64bb15b47b2e25b6ff0bba2850db7\",\"name\":\"amberlithuania.com\",\"image\":{\"@type\":\"ImageObject\",\"inLanguage\":\"en-US\",\"@id\":\"https:\/\/www.amberlithuania.com\/en\/#\/schema\/person\/image\/\",\"url\":\"https:\/\/www.amberlithuania.com\/wp-content\/uploads\/2022\/02\/20220222_162041-scaled.jpg\",\"contentUrl\":\"https:\/\/www.amberlithuania.com\/wp-content\/uploads\/2022\/02\/20220222_162041-scaled.jpg\",\"width\":2560,\"height\":2560,\"caption\":\"amberlithuania.com\"},\"logo\":{\"@id\":\"https:\/\/www.amberlithuania.com\/en\/#\/schema\/person\/image\/\"},\"sameAs\":[\"http:\/\/www.amberlithuania.com\",\"https:\/\/www.facebook.com\/GintaroGaliaAmberLithuania\/\",\"https:\/\/x.com\/amberlithuania.com\"]}]}<\/script>\n<!-- \/ Yoast SEO plugin. -->","yoast_head_json":{"title":"Amber gemstone Rare stone with insects collectable - amberlithuania.com","description":"Amber gemstone Rare stone with insects collectable rare gems jewels unique jewelry shop gift for him husband decor home office vintage antic","robots":{"index":"index","follow":"follow","max-snippet":"max-snippet:-1","max-image-preview":"max-image-preview:large","max-video-preview":"max-video-preview:-1"},"canonical":"https:\/\/www.amberlithuania.com\/en\/parduotuve\/raw-amber-stones-insects\/amber-gemstone-rare-stone-with-insects-collectable-4\/","og_locale":"en_US","og_type":"article","og_title":"Amber gemstone Rare stone with insects collectable - amberlithuania.com","og_description":"Amber gemstone Rare stone with insects collectable rare gems jewels unique jewelry shop gift for him husband decor home office vintage antic","og_url":"https:\/\/www.amberlithuania.com\/en\/parduotuve\/raw-amber-stones-insects\/amber-gemstone-rare-stone-with-insects-collectable-4\/","og_site_name":"amberlithuania.com","article_publisher":"https:\/\/www.facebook.com\/GintaroGaliaAmberLithuania\/","article_modified_time":"2025-11-12T12:20:56+00:00","og_image":[{"width":2560,"height":1920,"url":"https:\/\/www.amberlithuania.com\/wp-content\/uploads\/2025\/10\/20250929_124447-scaled.jpg","type":"image\/jpeg"}],"twitter_card":"summary_large_image","twitter_site":"@com","twitter_misc":{"Est. reading time":"1 minute"},"schema":{"@context":"https:\/\/schema.org","@graph":[{"@type":"WebPage","@id":"https:\/\/www.amberlithuania.com\/en\/parduotuve\/raw-amber-stones-insects\/amber-gemstone-rare-stone-with-insects-collectable-4\/","url":"https:\/\/www.amberlithuania.com\/en\/parduotuve\/raw-amber-stones-insects\/amber-gemstone-rare-stone-with-insects-collectable-4\/","name":"Amber gemstone Rare stone with insects collectable - amberlithuania.com","isPartOf":{"@id":"https:\/\/www.amberlithuania.com\/en\/#website"},"primaryImageOfPage":{"@id":"https:\/\/www.amberlithuania.com\/en\/parduotuve\/raw-amber-stones-insects\/amber-gemstone-rare-stone-with-insects-collectable-4\/#primaryimage"},"image":{"@id":"https:\/\/www.amberlithuania.com\/en\/parduotuve\/raw-amber-stones-insects\/amber-gemstone-rare-stone-with-insects-collectable-4\/#primaryimage"},"thumbnailUrl":"https:\/\/www.amberlithuania.com\/wp-content\/uploads\/2025\/10\/20250929_124447-scaled.jpg","datePublished":"2025-11-10T17:31:59+00:00","dateModified":"2025-11-12T12:20:56+00:00","description":"Amber gemstone Rare stone with insects collectable rare gems jewels unique jewelry shop gift for him husband decor home office vintage antic","breadcrumb":{"@id":"https:\/\/www.amberlithuania.com\/en\/parduotuve\/raw-amber-stones-insects\/amber-gemstone-rare-stone-with-insects-collectable-4\/#breadcrumb"},"inLanguage":"en-US","potentialAction":[{"@type":"ReadAction","target":["https:\/\/www.amberlithuania.com\/en\/parduotuve\/raw-amber-stones-insects\/amber-gemstone-rare-stone-with-insects-collectable-4\/"]}]},{"@type":"ImageObject","inLanguage":"en-US","@id":"https:\/\/www.amberlithuania.com\/en\/parduotuve\/raw-amber-stones-insects\/amber-gemstone-rare-stone-with-insects-collectable-4\/#primaryimage","url":"https:\/\/www.amberlithuania.com\/wp-content\/uploads\/2025\/10\/20250929_124447-scaled.jpg","contentUrl":"https:\/\/www.amberlithuania.com\/wp-content\/uploads\/2025\/10\/20250929_124447-scaled.jpg","width":2560,"height":1920,"caption":"Gintaras su inkli\u016bzu"},{"@type":"BreadcrumbList","@id":"https:\/\/www.amberlithuania.com\/en\/parduotuve\/raw-amber-stones-insects\/amber-gemstone-rare-stone-with-insects-collectable-4\/#breadcrumb","itemListElement":[{"@type":"ListItem","position":1,"name":"Home","item":"https:\/\/www.amberlithuania.com\/en\/"},{"@type":"ListItem","position":2,"name":"Shop","item":"https:\/\/www.amberlithuania.com\/en\/shop\/"},{"@type":"ListItem","position":3,"name":"Amber gemstone Rare stone with insects collectable"}]},{"@type":"WebSite","@id":"https:\/\/www.amberlithuania.com\/en\/#website","url":"https:\/\/www.amberlithuania.com\/en\/","name":"amberlithuania.com","description":"Gintariniai papuo\u0161alai Kal\u0117din\u0117s dovanos Juvelyriniai dirbiniai","publisher":{"@id":"https:\/\/www.amberlithuania.com\/en\/#\/schema\/person\/6ba64bb15b47b2e25b6ff0bba2850db7"},"potentialAction":[{"@type":"SearchAction","target":{"@type":"EntryPoint","urlTemplate":"https:\/\/www.amberlithuania.com\/en\/?s={search_term_string}"},"query-input":{"@type":"PropertyValueSpecification","valueRequired":true,"valueName":"search_term_string"}}],"inLanguage":"en-US"},{"@type":["Person","Organization"],"@id":"https:\/\/www.amberlithuania.com\/en\/#\/schema\/person\/6ba64bb15b47b2e25b6ff0bba2850db7","name":"amberlithuania.com","image":{"@type":"ImageObject","inLanguage":"en-US","@id":"https:\/\/www.amberlithuania.com\/en\/#\/schema\/person\/image\/","url":"https:\/\/www.amberlithuania.com\/wp-content\/uploads\/2022\/02\/20220222_162041-scaled.jpg","contentUrl":"https:\/\/www.amberlithuania.com\/wp-content\/uploads\/2022\/02\/20220222_162041-scaled.jpg","width":2560,"height":2560,"caption":"amberlithuania.com"},"logo":{"@id":"https:\/\/www.amberlithuania.com\/en\/#\/schema\/person\/image\/"},"sameAs":["http:\/\/www.amberlithuania.com","https:\/\/www.facebook.com\/GintaroGaliaAmberLithuania\/","https:\/\/x.com\/amberlithuania.com"]}]}},"_links":{"self":[{"href":"https:\/\/www.amberlithuania.com\/en\/wp-json\/wp\/v2\/product\/28441","targetHints":{"allow":["GET"]}}],"collection":[{"href":"https:\/\/www.amberlithuania.com\/en\/wp-json\/wp\/v2\/product"}],"about":[{"href":"https:\/\/www.amberlithuania.com\/en\/wp-json\/wp\/v2\/types\/product"}],"replies":[{"embeddable":true,"href":"https:\/\/www.amberlithuania.com\/en\/wp-json\/wp\/v2\/comments?post=28441"}],"wp:featuredmedia":[{"embeddable":true,"href":"https:\/\/www.amberlithuania.com\/en\/wp-json\/wp\/v2\/media\/27502"}],"wp:attachment":[{"href":"https:\/\/www.amberlithuania.com\/en\/wp-json\/wp\/v2\/media?parent=28441"}],"wp:term":[{"taxonomy":"product_brand","embeddable":true,"href":"https:\/\/www.amberlithuania.com\/en\/wp-json\/wp\/v2\/product_brand?post=28441"},{"taxonomy":"product_cat","embeddable":true,"href":"https:\/\/www.amberlithuania.com\/en\/wp-json\/wp\/v2\/product_cat?post=28441"},{"taxonomy":"product_tag","embeddable":true,"href":"https:\/\/www.amberlithuania.com\/en\/wp-json\/wp\/v2\/product_tag?post=28441"}],"curies":[{"name":"wp","href":"https:\/\/api.w.org\/{rel}","templated":true}]}}