{"id":28361,"date":"2025-11-06T12:28:09","date_gmt":"2025-11-06T10:28:09","guid":{"rendered":"https:\/\/www.amberlithuania.com\/?post_type=product&#038;p=28361"},"modified":"2025-11-20T10:35:50","modified_gmt":"2025-11-20T08:35:50","slug":"gold-plated-silver-925-pendant-amber-pendant-with-amber-will-be-a-great-luxurious-and-unique-gift-for-her-christmas-or-other-occasion-blue-amber-faceted-size-about-3-7-cm-8-gr-a-chain-and-leathe","status":"publish","type":"product","link":"https:\/\/www.amberlithuania.com\/en\/parduotuve\/pendants\/gold-plated-silver-925-pendant-amber-pendant-with-amber-will-be-a-great-luxurious-and-unique-gift-for-her-christmas-or-other-occasion-blue-amber-faceted-size-about-3-7-cm-8-gr-a-chain-and-leathe\/","title":{"rendered":"Blue amber pendant amber pendant with gemtone gift for her Christmas"},"content":{"rendered":"<p>Gold-plated Silver 925 Pendant, amber pendant with amber will be a great luxurious and unique gift for Her. Christmas or other occasion. Blue amber. Faceted. Size about 3.7 cm. 8 gr<br \/>\nA chain and leather cord are included.<\/p>\n<p><strong><em>Step into a world where ancient earth meets artisan craftsmanship.<\/em><\/strong><em> This handmade Baltic amber jewelry shop offers a unique collection of timeless pieces, each crafted with care and inspired by the natural beauty of the Baltic region. Every gem is genuine, ethically sourced amber\u2014formed over millions of years and hand-selected for its rich golden hues, organic inclusions, and warm, honeyed glow. From delicate necklaces and statement rings to earthy bracelets and vintage-style earrings, each piece tells a story, blending tradition with artistry. Whether you&#8217;re searching for a meaningful gift or a piece of history to wear close to your heart, this shop invites you to experience the magic of Baltic amber in its purest form. Perfect gift for wife , mother, sister, friend. <\/em><\/p>\n<p>Treat yourself or your loved one to luxury with our Baltic Amber jewelry. These handmade items will make you feel unique. \u00a0Handmade of traditional, almost weightless,\u00a0Baltic gemstone. It is a perfect gift for the Anniversary, Birthday, or Christmas so your loved one could feel luxurious. Suitable for both the daily modern clothing and linen clothes.<\/p>\n<p>&nbsp;<\/p>\n","protected":false},"excerpt":{"rendered":"<p>Gold-plated Silver 925 Pendant, amber pendant with amber will be a great luxurious and unique gift for Her. Christmas or other occasion. Blue amber. Faceted. Size about 3.7 cm. 8 gr<br \/>\nA chain and leather cord are included.<\/p>\n","protected":false},"featured_media":28157,"comment_status":"open","ping_status":"closed","template":"","meta":[],"product_brand":[],"product_cat":[100],"product_tag":[2417],"class_list":{"0":"post-28361","1":"product","2":"type-product","3":"status-publish","4":"has-post-thumbnail","6":"product_cat-pendants","7":"product_tag-blue-amber-en","9":"first","10":"instock","11":"shipping-taxable","12":"purchasable","13":"product-type-simple"},"yoast_head":"<!-- This site is optimized with the Yoast SEO plugin v26.6 - https:\/\/yoast.com\/wordpress\/plugins\/seo\/ -->\n<title>Blue amber pendant amber pendant with gemtone gift for her Christmas - amberlithuania.com<\/title>\n<meta name=\"description\" content=\"Blue amber pendant amber pendant with gemtone gift for her Christmas natural Baltic Amber jewelry gemstone shop gifts bursztyn blau niebieski bernstein\" \/>\n<meta name=\"robots\" content=\"index, follow, max-snippet:-1, max-image-preview:large, max-video-preview:-1\" \/>\n<link rel=\"canonical\" href=\"https:\/\/www.amberlithuania.com\/en\/parduotuve\/pendants\/gold-plated-silver-925-pendant-amber-pendant-with-amber-will-be-a-great-luxurious-and-unique-gift-for-her-christmas-or-other-occasion-blue-amber-faceted-size-about-3-7-cm-8-gr-a-chain-and-leathe\/\" \/>\n<meta property=\"og:locale\" content=\"en_US\" \/>\n<meta property=\"og:type\" content=\"article\" \/>\n<meta property=\"og:title\" content=\"Blue amber pendant amber pendant with gemtone gift for her Christmas - amberlithuania.com\" \/>\n<meta property=\"og:description\" content=\"Blue amber pendant amber pendant with gemtone gift for her Christmas natural Baltic Amber jewelry gemstone shop gifts bursztyn blau niebieski bernstein\" \/>\n<meta property=\"og:url\" content=\"https:\/\/www.amberlithuania.com\/en\/parduotuve\/pendants\/gold-plated-silver-925-pendant-amber-pendant-with-amber-will-be-a-great-luxurious-and-unique-gift-for-her-christmas-or-other-occasion-blue-amber-faceted-size-about-3-7-cm-8-gr-a-chain-and-leathe\/\" \/>\n<meta property=\"og:site_name\" content=\"amberlithuania.com\" \/>\n<meta property=\"article:publisher\" content=\"https:\/\/www.facebook.com\/GintaroGaliaAmberLithuania\/\" \/>\n<meta property=\"article:modified_time\" content=\"2025-11-20T08:35:50+00:00\" \/>\n<meta property=\"og:image\" content=\"https:\/\/www.amberlithuania.com\/wp-content\/uploads\/2025\/10\/20251030_122955-scaled.jpg\" \/>\n\t<meta property=\"og:image:width\" content=\"2560\" \/>\n\t<meta property=\"og:image:height\" content=\"1920\" \/>\n\t<meta property=\"og:image:type\" content=\"image\/jpeg\" \/>\n<meta name=\"twitter:card\" content=\"summary_large_image\" \/>\n<meta name=\"twitter:site\" content=\"@com\" \/>\n<meta name=\"twitter:label1\" content=\"Est. reading time\" \/>\n\t<meta name=\"twitter:data1\" content=\"2 minutes\" \/>\n<script type=\"application\/ld+json\" class=\"yoast-schema-graph\">{\"@context\":\"https:\/\/schema.org\",\"@graph\":[{\"@type\":\"WebPage\",\"@id\":\"https:\/\/www.amberlithuania.com\/en\/parduotuve\/pendants\/gold-plated-silver-925-pendant-amber-pendant-with-amber-will-be-a-great-luxurious-and-unique-gift-for-her-christmas-or-other-occasion-blue-amber-faceted-size-about-3-7-cm-8-gr-a-chain-and-leathe\/\",\"url\":\"https:\/\/www.amberlithuania.com\/en\/parduotuve\/pendants\/gold-plated-silver-925-pendant-amber-pendant-with-amber-will-be-a-great-luxurious-and-unique-gift-for-her-christmas-or-other-occasion-blue-amber-faceted-size-about-3-7-cm-8-gr-a-chain-and-leathe\/\",\"name\":\"Blue amber pendant amber pendant with gemtone gift for her Christmas - amberlithuania.com\",\"isPartOf\":{\"@id\":\"https:\/\/www.amberlithuania.com\/en\/#website\"},\"primaryImageOfPage\":{\"@id\":\"https:\/\/www.amberlithuania.com\/en\/parduotuve\/pendants\/gold-plated-silver-925-pendant-amber-pendant-with-amber-will-be-a-great-luxurious-and-unique-gift-for-her-christmas-or-other-occasion-blue-amber-faceted-size-about-3-7-cm-8-gr-a-chain-and-leathe\/#primaryimage\"},\"image\":{\"@id\":\"https:\/\/www.amberlithuania.com\/en\/parduotuve\/pendants\/gold-plated-silver-925-pendant-amber-pendant-with-amber-will-be-a-great-luxurious-and-unique-gift-for-her-christmas-or-other-occasion-blue-amber-faceted-size-about-3-7-cm-8-gr-a-chain-and-leathe\/#primaryimage\"},\"thumbnailUrl\":\"https:\/\/www.amberlithuania.com\/wp-content\/uploads\/2025\/10\/20251030_122955-scaled.jpg\",\"datePublished\":\"2025-11-06T10:28:09+00:00\",\"dateModified\":\"2025-11-20T08:35:50+00:00\",\"description\":\"Blue amber pendant amber pendant with gemtone gift for her Christmas natural Baltic Amber jewelry gemstone shop gifts bursztyn blau niebieski bernstein\",\"breadcrumb\":{\"@id\":\"https:\/\/www.amberlithuania.com\/en\/parduotuve\/pendants\/gold-plated-silver-925-pendant-amber-pendant-with-amber-will-be-a-great-luxurious-and-unique-gift-for-her-christmas-or-other-occasion-blue-amber-faceted-size-about-3-7-cm-8-gr-a-chain-and-leathe\/#breadcrumb\"},\"inLanguage\":\"en-US\",\"potentialAction\":[{\"@type\":\"ReadAction\",\"target\":[\"https:\/\/www.amberlithuania.com\/en\/parduotuve\/pendants\/gold-plated-silver-925-pendant-amber-pendant-with-amber-will-be-a-great-luxurious-and-unique-gift-for-her-christmas-or-other-occasion-blue-amber-faceted-size-about-3-7-cm-8-gr-a-chain-and-leathe\/\"]}]},{\"@type\":\"ImageObject\",\"inLanguage\":\"en-US\",\"@id\":\"https:\/\/www.amberlithuania.com\/en\/parduotuve\/pendants\/gold-plated-silver-925-pendant-amber-pendant-with-amber-will-be-a-great-luxurious-and-unique-gift-for-her-christmas-or-other-occasion-blue-amber-faceted-size-about-3-7-cm-8-gr-a-chain-and-leathe\/#primaryimage\",\"url\":\"https:\/\/www.amberlithuania.com\/wp-content\/uploads\/2025\/10\/20251030_122955-scaled.jpg\",\"contentUrl\":\"https:\/\/www.amberlithuania.com\/wp-content\/uploads\/2025\/10\/20251030_122955-scaled.jpg\",\"width\":2560,\"height\":1920,\"caption\":\"Blue amber pendant amber pendant with gemtone gift for her Christmas\"},{\"@type\":\"BreadcrumbList\",\"@id\":\"https:\/\/www.amberlithuania.com\/en\/parduotuve\/pendants\/gold-plated-silver-925-pendant-amber-pendant-with-amber-will-be-a-great-luxurious-and-unique-gift-for-her-christmas-or-other-occasion-blue-amber-faceted-size-about-3-7-cm-8-gr-a-chain-and-leathe\/#breadcrumb\",\"itemListElement\":[{\"@type\":\"ListItem\",\"position\":1,\"name\":\"Home\",\"item\":\"https:\/\/www.amberlithuania.com\/en\/\"},{\"@type\":\"ListItem\",\"position\":2,\"name\":\"Shop\",\"item\":\"https:\/\/www.amberlithuania.com\/en\/shop\/\"},{\"@type\":\"ListItem\",\"position\":3,\"name\":\"Blue amber pendant amber pendant with gemtone gift for her Christmas\"}]},{\"@type\":\"WebSite\",\"@id\":\"https:\/\/www.amberlithuania.com\/en\/#website\",\"url\":\"https:\/\/www.amberlithuania.com\/en\/\",\"name\":\"amberlithuania.com\",\"description\":\"Gintariniai papuo\u0161alai Kal\u0117din\u0117s dovanos Juvelyriniai dirbiniai\",\"publisher\":{\"@id\":\"https:\/\/www.amberlithuania.com\/en\/#\/schema\/person\/6ba64bb15b47b2e25b6ff0bba2850db7\"},\"potentialAction\":[{\"@type\":\"SearchAction\",\"target\":{\"@type\":\"EntryPoint\",\"urlTemplate\":\"https:\/\/www.amberlithuania.com\/en\/?s={search_term_string}\"},\"query-input\":{\"@type\":\"PropertyValueSpecification\",\"valueRequired\":true,\"valueName\":\"search_term_string\"}}],\"inLanguage\":\"en-US\"},{\"@type\":[\"Person\",\"Organization\"],\"@id\":\"https:\/\/www.amberlithuania.com\/en\/#\/schema\/person\/6ba64bb15b47b2e25b6ff0bba2850db7\",\"name\":\"amberlithuania.com\",\"image\":{\"@type\":\"ImageObject\",\"inLanguage\":\"en-US\",\"@id\":\"https:\/\/www.amberlithuania.com\/en\/#\/schema\/person\/image\/\",\"url\":\"https:\/\/www.amberlithuania.com\/wp-content\/uploads\/2022\/02\/20220222_162041-scaled.jpg\",\"contentUrl\":\"https:\/\/www.amberlithuania.com\/wp-content\/uploads\/2022\/02\/20220222_162041-scaled.jpg\",\"width\":2560,\"height\":2560,\"caption\":\"amberlithuania.com\"},\"logo\":{\"@id\":\"https:\/\/www.amberlithuania.com\/en\/#\/schema\/person\/image\/\"},\"sameAs\":[\"http:\/\/www.amberlithuania.com\",\"https:\/\/www.facebook.com\/GintaroGaliaAmberLithuania\/\",\"https:\/\/x.com\/amberlithuania.com\"]}]}<\/script>\n<!-- \/ Yoast SEO plugin. -->","yoast_head_json":{"title":"Blue amber pendant amber pendant with gemtone gift for her Christmas - amberlithuania.com","description":"Blue amber pendant amber pendant with gemtone gift for her Christmas natural Baltic Amber jewelry gemstone shop gifts bursztyn blau niebieski bernstein","robots":{"index":"index","follow":"follow","max-snippet":"max-snippet:-1","max-image-preview":"max-image-preview:large","max-video-preview":"max-video-preview:-1"},"canonical":"https:\/\/www.amberlithuania.com\/en\/parduotuve\/pendants\/gold-plated-silver-925-pendant-amber-pendant-with-amber-will-be-a-great-luxurious-and-unique-gift-for-her-christmas-or-other-occasion-blue-amber-faceted-size-about-3-7-cm-8-gr-a-chain-and-leathe\/","og_locale":"en_US","og_type":"article","og_title":"Blue amber pendant amber pendant with gemtone gift for her Christmas - amberlithuania.com","og_description":"Blue amber pendant amber pendant with gemtone gift for her Christmas natural Baltic Amber jewelry gemstone shop gifts bursztyn blau niebieski bernstein","og_url":"https:\/\/www.amberlithuania.com\/en\/parduotuve\/pendants\/gold-plated-silver-925-pendant-amber-pendant-with-amber-will-be-a-great-luxurious-and-unique-gift-for-her-christmas-or-other-occasion-blue-amber-faceted-size-about-3-7-cm-8-gr-a-chain-and-leathe\/","og_site_name":"amberlithuania.com","article_publisher":"https:\/\/www.facebook.com\/GintaroGaliaAmberLithuania\/","article_modified_time":"2025-11-20T08:35:50+00:00","og_image":[{"width":2560,"height":1920,"url":"https:\/\/www.amberlithuania.com\/wp-content\/uploads\/2025\/10\/20251030_122955-scaled.jpg","type":"image\/jpeg"}],"twitter_card":"summary_large_image","twitter_site":"@com","twitter_misc":{"Est. reading time":"2 minutes"},"schema":{"@context":"https:\/\/schema.org","@graph":[{"@type":"WebPage","@id":"https:\/\/www.amberlithuania.com\/en\/parduotuve\/pendants\/gold-plated-silver-925-pendant-amber-pendant-with-amber-will-be-a-great-luxurious-and-unique-gift-for-her-christmas-or-other-occasion-blue-amber-faceted-size-about-3-7-cm-8-gr-a-chain-and-leathe\/","url":"https:\/\/www.amberlithuania.com\/en\/parduotuve\/pendants\/gold-plated-silver-925-pendant-amber-pendant-with-amber-will-be-a-great-luxurious-and-unique-gift-for-her-christmas-or-other-occasion-blue-amber-faceted-size-about-3-7-cm-8-gr-a-chain-and-leathe\/","name":"Blue amber pendant amber pendant with gemtone gift for her Christmas - amberlithuania.com","isPartOf":{"@id":"https:\/\/www.amberlithuania.com\/en\/#website"},"primaryImageOfPage":{"@id":"https:\/\/www.amberlithuania.com\/en\/parduotuve\/pendants\/gold-plated-silver-925-pendant-amber-pendant-with-amber-will-be-a-great-luxurious-and-unique-gift-for-her-christmas-or-other-occasion-blue-amber-faceted-size-about-3-7-cm-8-gr-a-chain-and-leathe\/#primaryimage"},"image":{"@id":"https:\/\/www.amberlithuania.com\/en\/parduotuve\/pendants\/gold-plated-silver-925-pendant-amber-pendant-with-amber-will-be-a-great-luxurious-and-unique-gift-for-her-christmas-or-other-occasion-blue-amber-faceted-size-about-3-7-cm-8-gr-a-chain-and-leathe\/#primaryimage"},"thumbnailUrl":"https:\/\/www.amberlithuania.com\/wp-content\/uploads\/2025\/10\/20251030_122955-scaled.jpg","datePublished":"2025-11-06T10:28:09+00:00","dateModified":"2025-11-20T08:35:50+00:00","description":"Blue amber pendant amber pendant with gemtone gift for her Christmas natural Baltic Amber jewelry gemstone shop gifts bursztyn blau niebieski bernstein","breadcrumb":{"@id":"https:\/\/www.amberlithuania.com\/en\/parduotuve\/pendants\/gold-plated-silver-925-pendant-amber-pendant-with-amber-will-be-a-great-luxurious-and-unique-gift-for-her-christmas-or-other-occasion-blue-amber-faceted-size-about-3-7-cm-8-gr-a-chain-and-leathe\/#breadcrumb"},"inLanguage":"en-US","potentialAction":[{"@type":"ReadAction","target":["https:\/\/www.amberlithuania.com\/en\/parduotuve\/pendants\/gold-plated-silver-925-pendant-amber-pendant-with-amber-will-be-a-great-luxurious-and-unique-gift-for-her-christmas-or-other-occasion-blue-amber-faceted-size-about-3-7-cm-8-gr-a-chain-and-leathe\/"]}]},{"@type":"ImageObject","inLanguage":"en-US","@id":"https:\/\/www.amberlithuania.com\/en\/parduotuve\/pendants\/gold-plated-silver-925-pendant-amber-pendant-with-amber-will-be-a-great-luxurious-and-unique-gift-for-her-christmas-or-other-occasion-blue-amber-faceted-size-about-3-7-cm-8-gr-a-chain-and-leathe\/#primaryimage","url":"https:\/\/www.amberlithuania.com\/wp-content\/uploads\/2025\/10\/20251030_122955-scaled.jpg","contentUrl":"https:\/\/www.amberlithuania.com\/wp-content\/uploads\/2025\/10\/20251030_122955-scaled.jpg","width":2560,"height":1920,"caption":"Blue amber pendant amber pendant with gemtone gift for her Christmas"},{"@type":"BreadcrumbList","@id":"https:\/\/www.amberlithuania.com\/en\/parduotuve\/pendants\/gold-plated-silver-925-pendant-amber-pendant-with-amber-will-be-a-great-luxurious-and-unique-gift-for-her-christmas-or-other-occasion-blue-amber-faceted-size-about-3-7-cm-8-gr-a-chain-and-leathe\/#breadcrumb","itemListElement":[{"@type":"ListItem","position":1,"name":"Home","item":"https:\/\/www.amberlithuania.com\/en\/"},{"@type":"ListItem","position":2,"name":"Shop","item":"https:\/\/www.amberlithuania.com\/en\/shop\/"},{"@type":"ListItem","position":3,"name":"Blue amber pendant amber pendant with gemtone gift for her Christmas"}]},{"@type":"WebSite","@id":"https:\/\/www.amberlithuania.com\/en\/#website","url":"https:\/\/www.amberlithuania.com\/en\/","name":"amberlithuania.com","description":"Gintariniai papuo\u0161alai Kal\u0117din\u0117s dovanos Juvelyriniai dirbiniai","publisher":{"@id":"https:\/\/www.amberlithuania.com\/en\/#\/schema\/person\/6ba64bb15b47b2e25b6ff0bba2850db7"},"potentialAction":[{"@type":"SearchAction","target":{"@type":"EntryPoint","urlTemplate":"https:\/\/www.amberlithuania.com\/en\/?s={search_term_string}"},"query-input":{"@type":"PropertyValueSpecification","valueRequired":true,"valueName":"search_term_string"}}],"inLanguage":"en-US"},{"@type":["Person","Organization"],"@id":"https:\/\/www.amberlithuania.com\/en\/#\/schema\/person\/6ba64bb15b47b2e25b6ff0bba2850db7","name":"amberlithuania.com","image":{"@type":"ImageObject","inLanguage":"en-US","@id":"https:\/\/www.amberlithuania.com\/en\/#\/schema\/person\/image\/","url":"https:\/\/www.amberlithuania.com\/wp-content\/uploads\/2022\/02\/20220222_162041-scaled.jpg","contentUrl":"https:\/\/www.amberlithuania.com\/wp-content\/uploads\/2022\/02\/20220222_162041-scaled.jpg","width":2560,"height":2560,"caption":"amberlithuania.com"},"logo":{"@id":"https:\/\/www.amberlithuania.com\/en\/#\/schema\/person\/image\/"},"sameAs":["http:\/\/www.amberlithuania.com","https:\/\/www.facebook.com\/GintaroGaliaAmberLithuania\/","https:\/\/x.com\/amberlithuania.com"]}]}},"_links":{"self":[{"href":"https:\/\/www.amberlithuania.com\/en\/wp-json\/wp\/v2\/product\/28361","targetHints":{"allow":["GET"]}}],"collection":[{"href":"https:\/\/www.amberlithuania.com\/en\/wp-json\/wp\/v2\/product"}],"about":[{"href":"https:\/\/www.amberlithuania.com\/en\/wp-json\/wp\/v2\/types\/product"}],"replies":[{"embeddable":true,"href":"https:\/\/www.amberlithuania.com\/en\/wp-json\/wp\/v2\/comments?post=28361"}],"wp:featuredmedia":[{"embeddable":true,"href":"https:\/\/www.amberlithuania.com\/en\/wp-json\/wp\/v2\/media\/28157"}],"wp:attachment":[{"href":"https:\/\/www.amberlithuania.com\/en\/wp-json\/wp\/v2\/media?parent=28361"}],"wp:term":[{"taxonomy":"product_brand","embeddable":true,"href":"https:\/\/www.amberlithuania.com\/en\/wp-json\/wp\/v2\/product_brand?post=28361"},{"taxonomy":"product_cat","embeddable":true,"href":"https:\/\/www.amberlithuania.com\/en\/wp-json\/wp\/v2\/product_cat?post=28361"},{"taxonomy":"product_tag","embeddable":true,"href":"https:\/\/www.amberlithuania.com\/en\/wp-json\/wp\/v2\/product_tag?post=28361"}],"curies":[{"name":"wp","href":"https:\/\/api.w.org\/{rel}","templated":true}]}}