{"id":28351,"date":"2025-06-22T17:20:47","date_gmt":"2025-06-22T15:20:47","guid":{"rendered":"https:\/\/www.amberlithuania.com\/?post_type=product&#038;p=28351"},"modified":"2025-11-03T17:00:56","modified_gmt":"2025-11-03T15:00:56","slug":"green-amber-ring-gold-ring-gift-for-her","status":"publish","type":"product","link":"https:\/\/www.amberlithuania.com\/en\/parduotuve\/rings\/green-amber-ring-gold-ring-gift-for-her\/","title":{"rendered":"Green amber ring Gold ring Gift for Her"},"content":{"rendered":"<div>Green Amber Ring Gold Ring Gift for Her.<\/div>\n<div><\/div>\n<div>Amber is an extraordinary creation of nature that the Baltic Sea has been giving for thousands of years. This petrified tree resin captivates with its warm hue, lightness and unique beauty. Each piece of amber is unique &#8211; with its patterns, color and even sometimes an insect or plant remains captured inside, like a history preserved by nature.<\/div>\n<div><\/div>\n<div>Amber has been used since ancient times not only as jewelry, but also as a healing agent. It is believed that it has anti-inflammatory properties, strengthens immunity, and calms the nervous system. Amber necklaces or bracelets are often made for children, which are believed to help reduce teething pain. Succinic acid, released from the warmth of the skin, has a positive effect on the human body. Green Amber Ring Gold Ring Gift for Her.<\/div>\n<div><\/div>\n<div>Today, handmade amber jewelry is not only a symbol of aesthetics, but also of authenticity. Our small, family-run shop carefully produces one-of-a-kind pieces: bracelets, necklaces, earrings and brooches. Each piece of jewelry is made with love and care, combining amber with silver, linen, leather or other natural materials. We believe that jewelry should not only decorate, but also spread good energy and a connection with nature.<\/div>\n<div><\/div>\n<div>When you visit our store, you will find exclusive handmade jewelry made only from natural Baltic amber. This is a great gift for yourself or a loved one &#8211; not only beautiful, but also with a deep symbolic and health-enhancing effect. Amber is more than a stone. It is a touch of life and warmth.<\/div>\n<div><\/div>\n<div>#Tags: #Amber #BalticAmber #HandmadeJewelry #AmberJewelry #HealingProperties #NaturalAmber #LithuanianJewelry #Amulets #AmberPower #Handmade #UniqueJewelry #NaturalEnergy #AmberBenefits #Ethnostyle #JewelryWithSoul<\/div>\n<div><\/div>\n<div><\/div>\n<div>Handmade Baltic amber jewelry \u2013 when natural beauty meets craftsmanship.<\/div>\n<div>Our store offers unique, hand-crafted jewelry made from authentic Baltic amber, which has been preserving the history of the Earth for millions of years. Each piece is not only a symbol of elegance, but also of tradition and naturalness. Delicate necklaces, exclusive rings, bracelets with character and elegant silver and gold earrings \u2013 each piece tells its own story.<\/div>\n<div><\/div>\n<div>We create not only jewelry, but also memories that are passed down from generation to generation. Perfect for gifts or special occasions. Treat your sister, mother, grandmother, friend to a birthday present.<\/div>\n","protected":false},"excerpt":{"rendered":"<p>Green amber ring Gold ring Gift for Her. Adjustable big ring. Gold plated sterling silver 925.<\/p>\n","protected":false},"featured_media":25628,"comment_status":"open","ping_status":"closed","template":"","meta":[],"product_brand":[],"product_cat":[103],"product_tag":[502,308,409,1989,411,480,488,2221,479],"class_list":{"0":"post-28351","1":"product","2":"type-product","3":"status-publish","4":"has-post-thumbnail","6":"product_cat-rings","7":"product_tag-amber-earrings-en","8":"product_tag-amber-necklace-en","9":"product_tag-amber-pendant-en","10":"product_tag-amber-ring-en-3","11":"product_tag-amber-ring","12":"product_tag-gold-and-amber","13":"product_tag-green-amber","14":"product_tag-green-amber-en-6","15":"product_tag-green-amber-earrings","17":"first","18":"outofstock","19":"shipping-taxable","20":"purchasable","21":"product-type-simple"},"yoast_head":"<!-- This site is optimized with the Yoast SEO plugin v26.6 - https:\/\/yoast.com\/wordpress\/plugins\/seo\/ -->\n<title>Green amber ring Gold ring Gift for Her - amberlithuania.com<\/title>\n<meta name=\"description\" content=\"Green amber ring Gold ring Gift for Her jewelry gifts for women unisex rings big size men&#039;s ring unisec gold jewelery shop\" \/>\n<meta name=\"robots\" content=\"index, follow, max-snippet:-1, max-image-preview:large, max-video-preview:-1\" \/>\n<link rel=\"canonical\" href=\"https:\/\/www.amberlithuania.com\/en\/parduotuve\/rings\/green-amber-ring-gold-ring-gift-for-her\/\" \/>\n<meta property=\"og:locale\" content=\"en_US\" \/>\n<meta property=\"og:type\" content=\"article\" \/>\n<meta property=\"og:title\" content=\"Green amber ring Gold ring Gift for Her - amberlithuania.com\" \/>\n<meta property=\"og:description\" content=\"Green amber ring Gold ring Gift for Her jewelry gifts for women unisex rings big size men&#039;s ring unisec gold jewelery shop\" \/>\n<meta property=\"og:url\" content=\"https:\/\/www.amberlithuania.com\/en\/parduotuve\/rings\/green-amber-ring-gold-ring-gift-for-her\/\" \/>\n<meta property=\"og:site_name\" content=\"amberlithuania.com\" \/>\n<meta property=\"article:publisher\" content=\"https:\/\/www.facebook.com\/GintaroGaliaAmberLithuania\/\" \/>\n<meta property=\"article:modified_time\" content=\"2025-11-03T15:00:56+00:00\" \/>\n<meta property=\"og:image\" content=\"https:\/\/www.amberlithuania.com\/wp-content\/uploads\/2025\/06\/20250211_141542-scaled.jpg\" \/>\n\t<meta property=\"og:image:width\" content=\"2560\" \/>\n\t<meta property=\"og:image:height\" content=\"1920\" \/>\n\t<meta property=\"og:image:type\" content=\"image\/jpeg\" \/>\n<meta name=\"twitter:card\" content=\"summary_large_image\" \/>\n<meta name=\"twitter:site\" content=\"@com\" \/>\n<meta name=\"twitter:label1\" content=\"Est. reading time\" \/>\n\t<meta name=\"twitter:data1\" content=\"3 minutes\" \/>\n<script type=\"application\/ld+json\" class=\"yoast-schema-graph\">{\"@context\":\"https:\/\/schema.org\",\"@graph\":[{\"@type\":\"WebPage\",\"@id\":\"https:\/\/www.amberlithuania.com\/en\/parduotuve\/rings\/green-amber-ring-gold-ring-gift-for-her\/\",\"url\":\"https:\/\/www.amberlithuania.com\/en\/parduotuve\/rings\/green-amber-ring-gold-ring-gift-for-her\/\",\"name\":\"Green amber ring Gold ring Gift for Her - amberlithuania.com\",\"isPartOf\":{\"@id\":\"https:\/\/www.amberlithuania.com\/en\/#website\"},\"primaryImageOfPage\":{\"@id\":\"https:\/\/www.amberlithuania.com\/en\/parduotuve\/rings\/green-amber-ring-gold-ring-gift-for-her\/#primaryimage\"},\"image\":{\"@id\":\"https:\/\/www.amberlithuania.com\/en\/parduotuve\/rings\/green-amber-ring-gold-ring-gift-for-her\/#primaryimage\"},\"thumbnailUrl\":\"https:\/\/www.amberlithuania.com\/wp-content\/uploads\/2025\/06\/20250211_141542-scaled.jpg\",\"datePublished\":\"2025-06-22T15:20:47+00:00\",\"dateModified\":\"2025-11-03T15:00:56+00:00\",\"description\":\"Green amber ring Gold ring Gift for Her jewelry gifts for women unisex rings big size men's ring unisec gold jewelery shop\",\"breadcrumb\":{\"@id\":\"https:\/\/www.amberlithuania.com\/en\/parduotuve\/rings\/green-amber-ring-gold-ring-gift-for-her\/#breadcrumb\"},\"inLanguage\":\"en-US\",\"potentialAction\":[{\"@type\":\"ReadAction\",\"target\":[\"https:\/\/www.amberlithuania.com\/en\/parduotuve\/rings\/green-amber-ring-gold-ring-gift-for-her\/\"]}]},{\"@type\":\"ImageObject\",\"inLanguage\":\"en-US\",\"@id\":\"https:\/\/www.amberlithuania.com\/en\/parduotuve\/rings\/green-amber-ring-gold-ring-gift-for-her\/#primaryimage\",\"url\":\"https:\/\/www.amberlithuania.com\/wp-content\/uploads\/2025\/06\/20250211_141542-scaled.jpg\",\"contentUrl\":\"https:\/\/www.amberlithuania.com\/wp-content\/uploads\/2025\/06\/20250211_141542-scaled.jpg\",\"width\":2560,\"height\":1920,\"caption\":\"\u017dalio gintaro \u017eiedas Auksinis \u017eiedas Dovana Jai\"},{\"@type\":\"BreadcrumbList\",\"@id\":\"https:\/\/www.amberlithuania.com\/en\/parduotuve\/rings\/green-amber-ring-gold-ring-gift-for-her\/#breadcrumb\",\"itemListElement\":[{\"@type\":\"ListItem\",\"position\":1,\"name\":\"Home\",\"item\":\"https:\/\/www.amberlithuania.com\/en\/\"},{\"@type\":\"ListItem\",\"position\":2,\"name\":\"Shop\",\"item\":\"https:\/\/www.amberlithuania.com\/en\/shop\/\"},{\"@type\":\"ListItem\",\"position\":3,\"name\":\"Green amber ring Gold ring Gift for Her\"}]},{\"@type\":\"WebSite\",\"@id\":\"https:\/\/www.amberlithuania.com\/en\/#website\",\"url\":\"https:\/\/www.amberlithuania.com\/en\/\",\"name\":\"amberlithuania.com\",\"description\":\"Gintariniai papuo\u0161alai Kal\u0117din\u0117s dovanos Juvelyriniai dirbiniai\",\"publisher\":{\"@id\":\"https:\/\/www.amberlithuania.com\/en\/#\/schema\/person\/6ba64bb15b47b2e25b6ff0bba2850db7\"},\"potentialAction\":[{\"@type\":\"SearchAction\",\"target\":{\"@type\":\"EntryPoint\",\"urlTemplate\":\"https:\/\/www.amberlithuania.com\/en\/?s={search_term_string}\"},\"query-input\":{\"@type\":\"PropertyValueSpecification\",\"valueRequired\":true,\"valueName\":\"search_term_string\"}}],\"inLanguage\":\"en-US\"},{\"@type\":[\"Person\",\"Organization\"],\"@id\":\"https:\/\/www.amberlithuania.com\/en\/#\/schema\/person\/6ba64bb15b47b2e25b6ff0bba2850db7\",\"name\":\"amberlithuania.com\",\"image\":{\"@type\":\"ImageObject\",\"inLanguage\":\"en-US\",\"@id\":\"https:\/\/www.amberlithuania.com\/en\/#\/schema\/person\/image\/\",\"url\":\"https:\/\/www.amberlithuania.com\/wp-content\/uploads\/2022\/02\/20220222_162041-scaled.jpg\",\"contentUrl\":\"https:\/\/www.amberlithuania.com\/wp-content\/uploads\/2022\/02\/20220222_162041-scaled.jpg\",\"width\":2560,\"height\":2560,\"caption\":\"amberlithuania.com\"},\"logo\":{\"@id\":\"https:\/\/www.amberlithuania.com\/en\/#\/schema\/person\/image\/\"},\"sameAs\":[\"http:\/\/www.amberlithuania.com\",\"https:\/\/www.facebook.com\/GintaroGaliaAmberLithuania\/\",\"https:\/\/x.com\/amberlithuania.com\"]}]}<\/script>\n<!-- \/ Yoast SEO plugin. -->","yoast_head_json":{"title":"Green amber ring Gold ring Gift for Her - amberlithuania.com","description":"Green amber ring Gold ring Gift for Her jewelry gifts for women unisex rings big size men's ring unisec gold jewelery shop","robots":{"index":"index","follow":"follow","max-snippet":"max-snippet:-1","max-image-preview":"max-image-preview:large","max-video-preview":"max-video-preview:-1"},"canonical":"https:\/\/www.amberlithuania.com\/en\/parduotuve\/rings\/green-amber-ring-gold-ring-gift-for-her\/","og_locale":"en_US","og_type":"article","og_title":"Green amber ring Gold ring Gift for Her - amberlithuania.com","og_description":"Green amber ring Gold ring Gift for Her jewelry gifts for women unisex rings big size men's ring unisec gold jewelery shop","og_url":"https:\/\/www.amberlithuania.com\/en\/parduotuve\/rings\/green-amber-ring-gold-ring-gift-for-her\/","og_site_name":"amberlithuania.com","article_publisher":"https:\/\/www.facebook.com\/GintaroGaliaAmberLithuania\/","article_modified_time":"2025-11-03T15:00:56+00:00","og_image":[{"width":2560,"height":1920,"url":"https:\/\/www.amberlithuania.com\/wp-content\/uploads\/2025\/06\/20250211_141542-scaled.jpg","type":"image\/jpeg"}],"twitter_card":"summary_large_image","twitter_site":"@com","twitter_misc":{"Est. reading time":"3 minutes"},"schema":{"@context":"https:\/\/schema.org","@graph":[{"@type":"WebPage","@id":"https:\/\/www.amberlithuania.com\/en\/parduotuve\/rings\/green-amber-ring-gold-ring-gift-for-her\/","url":"https:\/\/www.amberlithuania.com\/en\/parduotuve\/rings\/green-amber-ring-gold-ring-gift-for-her\/","name":"Green amber ring Gold ring Gift for Her - amberlithuania.com","isPartOf":{"@id":"https:\/\/www.amberlithuania.com\/en\/#website"},"primaryImageOfPage":{"@id":"https:\/\/www.amberlithuania.com\/en\/parduotuve\/rings\/green-amber-ring-gold-ring-gift-for-her\/#primaryimage"},"image":{"@id":"https:\/\/www.amberlithuania.com\/en\/parduotuve\/rings\/green-amber-ring-gold-ring-gift-for-her\/#primaryimage"},"thumbnailUrl":"https:\/\/www.amberlithuania.com\/wp-content\/uploads\/2025\/06\/20250211_141542-scaled.jpg","datePublished":"2025-06-22T15:20:47+00:00","dateModified":"2025-11-03T15:00:56+00:00","description":"Green amber ring Gold ring Gift for Her jewelry gifts for women unisex rings big size men's ring unisec gold jewelery shop","breadcrumb":{"@id":"https:\/\/www.amberlithuania.com\/en\/parduotuve\/rings\/green-amber-ring-gold-ring-gift-for-her\/#breadcrumb"},"inLanguage":"en-US","potentialAction":[{"@type":"ReadAction","target":["https:\/\/www.amberlithuania.com\/en\/parduotuve\/rings\/green-amber-ring-gold-ring-gift-for-her\/"]}]},{"@type":"ImageObject","inLanguage":"en-US","@id":"https:\/\/www.amberlithuania.com\/en\/parduotuve\/rings\/green-amber-ring-gold-ring-gift-for-her\/#primaryimage","url":"https:\/\/www.amberlithuania.com\/wp-content\/uploads\/2025\/06\/20250211_141542-scaled.jpg","contentUrl":"https:\/\/www.amberlithuania.com\/wp-content\/uploads\/2025\/06\/20250211_141542-scaled.jpg","width":2560,"height":1920,"caption":"\u017dalio gintaro \u017eiedas Auksinis \u017eiedas Dovana Jai"},{"@type":"BreadcrumbList","@id":"https:\/\/www.amberlithuania.com\/en\/parduotuve\/rings\/green-amber-ring-gold-ring-gift-for-her\/#breadcrumb","itemListElement":[{"@type":"ListItem","position":1,"name":"Home","item":"https:\/\/www.amberlithuania.com\/en\/"},{"@type":"ListItem","position":2,"name":"Shop","item":"https:\/\/www.amberlithuania.com\/en\/shop\/"},{"@type":"ListItem","position":3,"name":"Green amber ring Gold ring Gift for Her"}]},{"@type":"WebSite","@id":"https:\/\/www.amberlithuania.com\/en\/#website","url":"https:\/\/www.amberlithuania.com\/en\/","name":"amberlithuania.com","description":"Gintariniai papuo\u0161alai Kal\u0117din\u0117s dovanos Juvelyriniai dirbiniai","publisher":{"@id":"https:\/\/www.amberlithuania.com\/en\/#\/schema\/person\/6ba64bb15b47b2e25b6ff0bba2850db7"},"potentialAction":[{"@type":"SearchAction","target":{"@type":"EntryPoint","urlTemplate":"https:\/\/www.amberlithuania.com\/en\/?s={search_term_string}"},"query-input":{"@type":"PropertyValueSpecification","valueRequired":true,"valueName":"search_term_string"}}],"inLanguage":"en-US"},{"@type":["Person","Organization"],"@id":"https:\/\/www.amberlithuania.com\/en\/#\/schema\/person\/6ba64bb15b47b2e25b6ff0bba2850db7","name":"amberlithuania.com","image":{"@type":"ImageObject","inLanguage":"en-US","@id":"https:\/\/www.amberlithuania.com\/en\/#\/schema\/person\/image\/","url":"https:\/\/www.amberlithuania.com\/wp-content\/uploads\/2022\/02\/20220222_162041-scaled.jpg","contentUrl":"https:\/\/www.amberlithuania.com\/wp-content\/uploads\/2022\/02\/20220222_162041-scaled.jpg","width":2560,"height":2560,"caption":"amberlithuania.com"},"logo":{"@id":"https:\/\/www.amberlithuania.com\/en\/#\/schema\/person\/image\/"},"sameAs":["http:\/\/www.amberlithuania.com","https:\/\/www.facebook.com\/GintaroGaliaAmberLithuania\/","https:\/\/x.com\/amberlithuania.com"]}]}},"_links":{"self":[{"href":"https:\/\/www.amberlithuania.com\/en\/wp-json\/wp\/v2\/product\/28351","targetHints":{"allow":["GET"]}}],"collection":[{"href":"https:\/\/www.amberlithuania.com\/en\/wp-json\/wp\/v2\/product"}],"about":[{"href":"https:\/\/www.amberlithuania.com\/en\/wp-json\/wp\/v2\/types\/product"}],"replies":[{"embeddable":true,"href":"https:\/\/www.amberlithuania.com\/en\/wp-json\/wp\/v2\/comments?post=28351"}],"wp:featuredmedia":[{"embeddable":true,"href":"https:\/\/www.amberlithuania.com\/en\/wp-json\/wp\/v2\/media\/25628"}],"wp:attachment":[{"href":"https:\/\/www.amberlithuania.com\/en\/wp-json\/wp\/v2\/media?parent=28351"}],"wp:term":[{"taxonomy":"product_brand","embeddable":true,"href":"https:\/\/www.amberlithuania.com\/en\/wp-json\/wp\/v2\/product_brand?post=28351"},{"taxonomy":"product_cat","embeddable":true,"href":"https:\/\/www.amberlithuania.com\/en\/wp-json\/wp\/v2\/product_cat?post=28351"},{"taxonomy":"product_tag","embeddable":true,"href":"https:\/\/www.amberlithuania.com\/en\/wp-json\/wp\/v2\/product_tag?post=28351"}],"curies":[{"name":"wp","href":"https:\/\/api.w.org\/{rel}","templated":true}]}}