{"id":28337,"date":"2025-08-23T18:41:22","date_gmt":"2025-08-23T16:41:22","guid":{"rendered":"https:\/\/www.amberlithuania.com\/?post_type=product&#038;p=28337"},"modified":"2025-11-03T15:07:21","modified_gmt":"2025-11-03T13:07:21","slug":"raw-amber-silver-ring","status":"publish","type":"product","link":"https:\/\/www.amberlithuania.com\/en\/parduotuve\/rings\/raw-amber-silver-ring\/","title":{"rendered":"Raw amber silver ring"},"content":{"rendered":"<div>Raw amber silver ring. Stone size 3&#215;2 cm. Adjustable size. 925 sterling silver. Metal: silver.<\/div>\n<div><\/div>\n<div>Stone: amber<\/div>\n<div><\/div>\n<div>Weight: 12.05 gr.<\/div>\n<div><\/div>\n<div>Amber is an extraordinary creation of nature that the Baltic Sea has been giving for thousands of years. This petrified tree resin captivates with its warm hue, lightness and unique beauty. Each piece of amber is unique &#8211; with its patterns, color and even sometimes an insect or plant remains captured inside, like a history preserved by nature.<\/div>\n<div><\/div>\n<div>Amber has been used since ancient times not only as jewelry, but also as a healing agent. It is believed that it has anti-inflammatory properties, strengthens immunity, and calms the nervous system. Amber necklaces or bracelets are often made for children, which are believed to help reduce teething pain. Amber acid, released from the warmth of the skin, has a positive effect on the human body.<\/div>\n<div><\/div>\n<div>Today, handmade amber jewelry is not only a symbol of aesthetics, but also of authenticity. In our small, family-run shop, one-of-a-kind pieces are carefully crafted: bracelets, necklaces, earrings and brooches. Each piece of jewelry is made with love and care, combining amber with silver, linen, leather or other natural materials. We believe that jewelry should not only decorate, but also spread good energy and a connection with nature.<\/div>\n","protected":false},"excerpt":{"rendered":"<div>Raw amber silver ring. Stone size 3&#215;2 cm. Adjustable size. 925 sterling silver. Metal: silver.<\/div>\n<div><\/div>\n<div>Stone: amber<\/div>\n<div><\/div>\n<div>Weight: 12.05 gr.<\/div>\n<div><\/div>\n","protected":false},"featured_media":28795,"comment_status":"open","ping_status":"closed","template":"","meta":[],"product_brand":[],"product_cat":[103],"product_tag":[2079,2218,2428,932,507,510,2070,412,1304],"class_list":{"0":"post-28337","1":"product","2":"type-product","3":"status-publish","4":"has-post-thumbnail","6":"product_cat-rings","7":"product_tag-baltic-amber-gift-en","8":"product_tag-baltic-amber-jewelry-en","9":"product_tag-big-ring","10":"product_tag-gold-ring-en-2","11":"product_tag-green-amber-silver-ring","12":"product_tag-silver-ring-en","13":"product_tag-white-amber-en-2","14":"product_tag-white-amber-ring","15":"product_tag-white-amber-ring-handmade-baltic-amber-adjustable-ring","17":"first","18":"instock","19":"shipping-taxable","20":"purchasable","21":"product-type-simple"},"yoast_head":"<!-- This site is optimized with the Yoast SEO plugin v26.6 - https:\/\/yoast.com\/wordpress\/plugins\/seo\/ -->\n<title>Raw amber silver ring - amberlithuania.com<\/title>\n<meta name=\"description\" content=\"Raw amber silver ring Raw Baltic Amber necklace pendant orange milky butterscoth amber jewelry handmade gift shop gesmtone shop crystal earirngs gold silver\" \/>\n<meta name=\"robots\" content=\"index, follow, max-snippet:-1, max-image-preview:large, max-video-preview:-1\" \/>\n<link rel=\"canonical\" href=\"https:\/\/www.amberlithuania.com\/en\/parduotuve\/rings\/raw-amber-silver-ring\/\" \/>\n<meta property=\"og:locale\" content=\"en_US\" \/>\n<meta property=\"og:type\" content=\"article\" \/>\n<meta property=\"og:title\" content=\"Raw amber silver ring - amberlithuania.com\" \/>\n<meta property=\"og:description\" content=\"Raw amber silver ring Raw Baltic Amber necklace pendant orange milky butterscoth amber jewelry handmade gift shop gesmtone shop crystal earirngs gold silver\" \/>\n<meta property=\"og:url\" content=\"https:\/\/www.amberlithuania.com\/en\/parduotuve\/rings\/raw-amber-silver-ring\/\" \/>\n<meta property=\"og:site_name\" content=\"amberlithuania.com\" \/>\n<meta property=\"article:publisher\" content=\"https:\/\/www.facebook.com\/GintaroGaliaAmberLithuania\/\" \/>\n<meta property=\"article:modified_time\" content=\"2025-11-03T13:07:21+00:00\" \/>\n<meta property=\"og:image\" content=\"https:\/\/www.amberlithuania.com\/wp-content\/uploads\/2025\/08\/20250822_182732-scaled.jpg\" \/>\n\t<meta property=\"og:image:width\" content=\"2560\" \/>\n\t<meta property=\"og:image:height\" content=\"1920\" \/>\n\t<meta property=\"og:image:type\" content=\"image\/jpeg\" \/>\n<meta name=\"twitter:card\" content=\"summary_large_image\" \/>\n<meta name=\"twitter:site\" content=\"@com\" \/>\n<meta name=\"twitter:label1\" content=\"Est. reading time\" \/>\n\t<meta name=\"twitter:data1\" content=\"2 minutes\" \/>\n<script type=\"application\/ld+json\" class=\"yoast-schema-graph\">{\"@context\":\"https:\/\/schema.org\",\"@graph\":[{\"@type\":\"WebPage\",\"@id\":\"https:\/\/www.amberlithuania.com\/en\/parduotuve\/rings\/raw-amber-silver-ring\/\",\"url\":\"https:\/\/www.amberlithuania.com\/en\/parduotuve\/rings\/raw-amber-silver-ring\/\",\"name\":\"Raw amber silver ring - amberlithuania.com\",\"isPartOf\":{\"@id\":\"https:\/\/www.amberlithuania.com\/en\/#website\"},\"primaryImageOfPage\":{\"@id\":\"https:\/\/www.amberlithuania.com\/en\/parduotuve\/rings\/raw-amber-silver-ring\/#primaryimage\"},\"image\":{\"@id\":\"https:\/\/www.amberlithuania.com\/en\/parduotuve\/rings\/raw-amber-silver-ring\/#primaryimage\"},\"thumbnailUrl\":\"https:\/\/www.amberlithuania.com\/wp-content\/uploads\/2025\/08\/20251115_142726-scaled.jpg\",\"datePublished\":\"2025-08-23T16:41:22+00:00\",\"dateModified\":\"2025-11-03T13:07:21+00:00\",\"description\":\"Raw amber silver ring Raw Baltic Amber necklace pendant orange milky butterscoth amber jewelry handmade gift shop gesmtone shop crystal earirngs gold silver\",\"breadcrumb\":{\"@id\":\"https:\/\/www.amberlithuania.com\/en\/parduotuve\/rings\/raw-amber-silver-ring\/#breadcrumb\"},\"inLanguage\":\"en-US\",\"potentialAction\":[{\"@type\":\"ReadAction\",\"target\":[\"https:\/\/www.amberlithuania.com\/en\/parduotuve\/rings\/raw-amber-silver-ring\/\"]}]},{\"@type\":\"ImageObject\",\"inLanguage\":\"en-US\",\"@id\":\"https:\/\/www.amberlithuania.com\/en\/parduotuve\/rings\/raw-amber-silver-ring\/#primaryimage\",\"url\":\"https:\/\/www.amberlithuania.com\/wp-content\/uploads\/2025\/08\/20251115_142726-scaled.jpg\",\"contentUrl\":\"https:\/\/www.amberlithuania.com\/wp-content\/uploads\/2025\/08\/20251115_142726-scaled.jpg\",\"width\":2560,\"height\":1920,\"caption\":\"Neapdirbto gintaro sidabrinis \u017eiedas\"},{\"@type\":\"BreadcrumbList\",\"@id\":\"https:\/\/www.amberlithuania.com\/en\/parduotuve\/rings\/raw-amber-silver-ring\/#breadcrumb\",\"itemListElement\":[{\"@type\":\"ListItem\",\"position\":1,\"name\":\"Home\",\"item\":\"https:\/\/www.amberlithuania.com\/en\/\"},{\"@type\":\"ListItem\",\"position\":2,\"name\":\"Shop\",\"item\":\"https:\/\/www.amberlithuania.com\/en\/shop\/\"},{\"@type\":\"ListItem\",\"position\":3,\"name\":\"Raw amber silver ring\"}]},{\"@type\":\"WebSite\",\"@id\":\"https:\/\/www.amberlithuania.com\/en\/#website\",\"url\":\"https:\/\/www.amberlithuania.com\/en\/\",\"name\":\"amberlithuania.com\",\"description\":\"Gintariniai papuo\u0161alai Kal\u0117din\u0117s dovanos Juvelyriniai dirbiniai\",\"publisher\":{\"@id\":\"https:\/\/www.amberlithuania.com\/en\/#\/schema\/person\/6ba64bb15b47b2e25b6ff0bba2850db7\"},\"potentialAction\":[{\"@type\":\"SearchAction\",\"target\":{\"@type\":\"EntryPoint\",\"urlTemplate\":\"https:\/\/www.amberlithuania.com\/en\/?s={search_term_string}\"},\"query-input\":{\"@type\":\"PropertyValueSpecification\",\"valueRequired\":true,\"valueName\":\"search_term_string\"}}],\"inLanguage\":\"en-US\"},{\"@type\":[\"Person\",\"Organization\"],\"@id\":\"https:\/\/www.amberlithuania.com\/en\/#\/schema\/person\/6ba64bb15b47b2e25b6ff0bba2850db7\",\"name\":\"amberlithuania.com\",\"image\":{\"@type\":\"ImageObject\",\"inLanguage\":\"en-US\",\"@id\":\"https:\/\/www.amberlithuania.com\/en\/#\/schema\/person\/image\/\",\"url\":\"https:\/\/www.amberlithuania.com\/wp-content\/uploads\/2022\/02\/20220222_162041-scaled.jpg\",\"contentUrl\":\"https:\/\/www.amberlithuania.com\/wp-content\/uploads\/2022\/02\/20220222_162041-scaled.jpg\",\"width\":2560,\"height\":2560,\"caption\":\"amberlithuania.com\"},\"logo\":{\"@id\":\"https:\/\/www.amberlithuania.com\/en\/#\/schema\/person\/image\/\"},\"sameAs\":[\"http:\/\/www.amberlithuania.com\",\"https:\/\/www.facebook.com\/GintaroGaliaAmberLithuania\/\",\"https:\/\/x.com\/amberlithuania.com\"]}]}<\/script>\n<!-- \/ Yoast SEO plugin. -->","yoast_head_json":{"title":"Raw amber silver ring - amberlithuania.com","description":"Raw amber silver ring Raw Baltic Amber necklace pendant orange milky butterscoth amber jewelry handmade gift shop gesmtone shop crystal earirngs gold silver","robots":{"index":"index","follow":"follow","max-snippet":"max-snippet:-1","max-image-preview":"max-image-preview:large","max-video-preview":"max-video-preview:-1"},"canonical":"https:\/\/www.amberlithuania.com\/en\/parduotuve\/rings\/raw-amber-silver-ring\/","og_locale":"en_US","og_type":"article","og_title":"Raw amber silver ring - amberlithuania.com","og_description":"Raw amber silver ring Raw Baltic Amber necklace pendant orange milky butterscoth amber jewelry handmade gift shop gesmtone shop crystal earirngs gold silver","og_url":"https:\/\/www.amberlithuania.com\/en\/parduotuve\/rings\/raw-amber-silver-ring\/","og_site_name":"amberlithuania.com","article_publisher":"https:\/\/www.facebook.com\/GintaroGaliaAmberLithuania\/","article_modified_time":"2025-11-03T13:07:21+00:00","og_image":[{"width":2560,"height":1920,"url":"https:\/\/www.amberlithuania.com\/wp-content\/uploads\/2025\/08\/20250822_182732-scaled.jpg","type":"image\/jpeg"}],"twitter_card":"summary_large_image","twitter_site":"@com","twitter_misc":{"Est. reading time":"2 minutes"},"schema":{"@context":"https:\/\/schema.org","@graph":[{"@type":"WebPage","@id":"https:\/\/www.amberlithuania.com\/en\/parduotuve\/rings\/raw-amber-silver-ring\/","url":"https:\/\/www.amberlithuania.com\/en\/parduotuve\/rings\/raw-amber-silver-ring\/","name":"Raw amber silver ring - amberlithuania.com","isPartOf":{"@id":"https:\/\/www.amberlithuania.com\/en\/#website"},"primaryImageOfPage":{"@id":"https:\/\/www.amberlithuania.com\/en\/parduotuve\/rings\/raw-amber-silver-ring\/#primaryimage"},"image":{"@id":"https:\/\/www.amberlithuania.com\/en\/parduotuve\/rings\/raw-amber-silver-ring\/#primaryimage"},"thumbnailUrl":"https:\/\/www.amberlithuania.com\/wp-content\/uploads\/2025\/08\/20251115_142726-scaled.jpg","datePublished":"2025-08-23T16:41:22+00:00","dateModified":"2025-11-03T13:07:21+00:00","description":"Raw amber silver ring Raw Baltic Amber necklace pendant orange milky butterscoth amber jewelry handmade gift shop gesmtone shop crystal earirngs gold silver","breadcrumb":{"@id":"https:\/\/www.amberlithuania.com\/en\/parduotuve\/rings\/raw-amber-silver-ring\/#breadcrumb"},"inLanguage":"en-US","potentialAction":[{"@type":"ReadAction","target":["https:\/\/www.amberlithuania.com\/en\/parduotuve\/rings\/raw-amber-silver-ring\/"]}]},{"@type":"ImageObject","inLanguage":"en-US","@id":"https:\/\/www.amberlithuania.com\/en\/parduotuve\/rings\/raw-amber-silver-ring\/#primaryimage","url":"https:\/\/www.amberlithuania.com\/wp-content\/uploads\/2025\/08\/20251115_142726-scaled.jpg","contentUrl":"https:\/\/www.amberlithuania.com\/wp-content\/uploads\/2025\/08\/20251115_142726-scaled.jpg","width":2560,"height":1920,"caption":"Neapdirbto gintaro sidabrinis \u017eiedas"},{"@type":"BreadcrumbList","@id":"https:\/\/www.amberlithuania.com\/en\/parduotuve\/rings\/raw-amber-silver-ring\/#breadcrumb","itemListElement":[{"@type":"ListItem","position":1,"name":"Home","item":"https:\/\/www.amberlithuania.com\/en\/"},{"@type":"ListItem","position":2,"name":"Shop","item":"https:\/\/www.amberlithuania.com\/en\/shop\/"},{"@type":"ListItem","position":3,"name":"Raw amber silver ring"}]},{"@type":"WebSite","@id":"https:\/\/www.amberlithuania.com\/en\/#website","url":"https:\/\/www.amberlithuania.com\/en\/","name":"amberlithuania.com","description":"Gintariniai papuo\u0161alai Kal\u0117din\u0117s dovanos Juvelyriniai dirbiniai","publisher":{"@id":"https:\/\/www.amberlithuania.com\/en\/#\/schema\/person\/6ba64bb15b47b2e25b6ff0bba2850db7"},"potentialAction":[{"@type":"SearchAction","target":{"@type":"EntryPoint","urlTemplate":"https:\/\/www.amberlithuania.com\/en\/?s={search_term_string}"},"query-input":{"@type":"PropertyValueSpecification","valueRequired":true,"valueName":"search_term_string"}}],"inLanguage":"en-US"},{"@type":["Person","Organization"],"@id":"https:\/\/www.amberlithuania.com\/en\/#\/schema\/person\/6ba64bb15b47b2e25b6ff0bba2850db7","name":"amberlithuania.com","image":{"@type":"ImageObject","inLanguage":"en-US","@id":"https:\/\/www.amberlithuania.com\/en\/#\/schema\/person\/image\/","url":"https:\/\/www.amberlithuania.com\/wp-content\/uploads\/2022\/02\/20220222_162041-scaled.jpg","contentUrl":"https:\/\/www.amberlithuania.com\/wp-content\/uploads\/2022\/02\/20220222_162041-scaled.jpg","width":2560,"height":2560,"caption":"amberlithuania.com"},"logo":{"@id":"https:\/\/www.amberlithuania.com\/en\/#\/schema\/person\/image\/"},"sameAs":["http:\/\/www.amberlithuania.com","https:\/\/www.facebook.com\/GintaroGaliaAmberLithuania\/","https:\/\/x.com\/amberlithuania.com"]}]}},"_links":{"self":[{"href":"https:\/\/www.amberlithuania.com\/en\/wp-json\/wp\/v2\/product\/28337","targetHints":{"allow":["GET"]}}],"collection":[{"href":"https:\/\/www.amberlithuania.com\/en\/wp-json\/wp\/v2\/product"}],"about":[{"href":"https:\/\/www.amberlithuania.com\/en\/wp-json\/wp\/v2\/types\/product"}],"replies":[{"embeddable":true,"href":"https:\/\/www.amberlithuania.com\/en\/wp-json\/wp\/v2\/comments?post=28337"}],"wp:featuredmedia":[{"embeddable":true,"href":"https:\/\/www.amberlithuania.com\/en\/wp-json\/wp\/v2\/media\/28795"}],"wp:attachment":[{"href":"https:\/\/www.amberlithuania.com\/en\/wp-json\/wp\/v2\/media?parent=28337"}],"wp:term":[{"taxonomy":"product_brand","embeddable":true,"href":"https:\/\/www.amberlithuania.com\/en\/wp-json\/wp\/v2\/product_brand?post=28337"},{"taxonomy":"product_cat","embeddable":true,"href":"https:\/\/www.amberlithuania.com\/en\/wp-json\/wp\/v2\/product_cat?post=28337"},{"taxonomy":"product_tag","embeddable":true,"href":"https:\/\/www.amberlithuania.com\/en\/wp-json\/wp\/v2\/product_tag?post=28337"}],"curies":[{"name":"wp","href":"https:\/\/api.w.org\/{rel}","templated":true}]}}