{"id":28317,"date":"2025-09-13T16:50:46","date_gmt":"2025-09-13T14:50:46","guid":{"rendered":"https:\/\/www.amberlithuania.com\/?post_type=product&#038;p=28317"},"modified":"2025-11-02T17:34:11","modified_gmt":"2025-11-02T15:34:11","slug":"silver-earrings-with-faceted-amber-amber-earrings","status":"publish","type":"product","link":"https:\/\/www.amberlithuania.com\/en\/parduotuve\/earrings\/silver-earrings-with-faceted-amber-amber-earrings\/","title":{"rendered":"silver earrings with faceted amber Amber earrings"},"content":{"rendered":"<div>Silver earrings with round faceted amber, beautiful short earrings. Amber earrings. Amber is an extraordinary creation of nature, which the Baltic Sea has been giving for thousands of years. This petrified tree resin captivates with its warm shade, lightness and unique beauty. Each piece of amber is unique &#8211; with its patterns, color and even sometimes an insect or plant remains captured inside, like a history preserved by nature. silver earrings with amber Amber earrings silver earrings with faceted amber Amber earrings<\/div>\n<div><\/div>\n<div>Metal: silver<\/div>\n<div><\/div>\n<div>Savings: 925&#8242;<\/div>\n<div><\/div>\n<div>Weight: 4.367 gr<\/div>\n<div><\/div>\n<div>Stone: amber<\/div>\n<div><\/div>\n<div>Length: 4 cm.<\/div>\n","protected":false},"excerpt":{"rendered":"<p>silver earrings with faceted amber Amber earrings<\/p>\n","protected":false},"featured_media":26688,"comment_status":"open","ping_status":"closed","template":"","meta":[],"product_brand":[],"product_cat":[98],"product_tag":[1389,1227,2272,398,1232,474,2256,399,1224,1382,512,2257,478,2090,841],"class_list":{"0":"post-28317","1":"product","2":"type-product","3":"status-publish","4":"has-post-thumbnail","6":"product_cat-earrings","7":"product_tag-amber-en","8":"product_tag-amber-baltic-dangle-earring-en","9":"product_tag-amber-earring-en","10":"product_tag-amber-earrings","11":"product_tag-amber-earrings-en-3","12":"product_tag-amber-earrings-baltic-amber","13":"product_tag-beautiful-not-too-long-earrings","14":"product_tag-earrings-with-amber","15":"product_tag-elegant-gold-earrings-with-baltic-amber","16":"product_tag-gold-earrings-with-amber-birthday-gift-unique-handmade-jewellery","17":"product_tag-jewelery","18":"product_tag-moder-earrings-dangle","19":"product_tag-silver-earrings","20":"product_tag-small-round-gold-posts-with-real-baltic-amber","21":"product_tag-white-amber-stud-earrings-silver-earrings-en","23":"first","24":"instock","25":"shipping-taxable","26":"purchasable","27":"product-type-simple"},"yoast_head":"<!-- This site is optimized with the Yoast SEO plugin v26.6 - https:\/\/yoast.com\/wordpress\/plugins\/seo\/ -->\n<title>silver earrings with faceted amber Amber earrings - amberlithuania.com<\/title>\n<meta name=\"description\" content=\"silver earrings with faceted amber Amber earrings amber necklace roudn dangle earrings\" \/>\n<meta name=\"robots\" content=\"index, follow, max-snippet:-1, max-image-preview:large, max-video-preview:-1\" \/>\n<link rel=\"canonical\" href=\"https:\/\/www.amberlithuania.com\/en\/parduotuve\/earrings\/silver-earrings-with-faceted-amber-amber-earrings\/\" \/>\n<meta property=\"og:locale\" content=\"en_US\" \/>\n<meta property=\"og:type\" content=\"article\" \/>\n<meta property=\"og:title\" content=\"silver earrings with faceted amber Amber earrings - amberlithuania.com\" \/>\n<meta property=\"og:description\" content=\"silver earrings with faceted amber Amber earrings amber necklace roudn dangle earrings\" \/>\n<meta property=\"og:url\" content=\"https:\/\/www.amberlithuania.com\/en\/parduotuve\/earrings\/silver-earrings-with-faceted-amber-amber-earrings\/\" \/>\n<meta property=\"og:site_name\" content=\"amberlithuania.com\" \/>\n<meta property=\"article:publisher\" content=\"https:\/\/www.facebook.com\/GintaroGaliaAmberLithuania\/\" \/>\n<meta property=\"article:modified_time\" content=\"2025-11-02T15:34:11+00:00\" \/>\n<meta property=\"og:image\" content=\"https:\/\/www.amberlithuania.com\/wp-content\/uploads\/2025\/09\/20250910_161910-Copy-scaled.jpg\" \/>\n\t<meta property=\"og:image:width\" content=\"2560\" \/>\n\t<meta property=\"og:image:height\" content=\"1920\" \/>\n\t<meta property=\"og:image:type\" content=\"image\/jpeg\" \/>\n<meta name=\"twitter:card\" content=\"summary_large_image\" \/>\n<meta name=\"twitter:site\" content=\"@com\" \/>\n<meta name=\"twitter:label1\" content=\"Est. reading time\" \/>\n\t<meta name=\"twitter:data1\" content=\"1 minute\" \/>\n<script type=\"application\/ld+json\" class=\"yoast-schema-graph\">{\"@context\":\"https:\/\/schema.org\",\"@graph\":[{\"@type\":\"WebPage\",\"@id\":\"https:\/\/www.amberlithuania.com\/en\/parduotuve\/earrings\/silver-earrings-with-faceted-amber-amber-earrings\/\",\"url\":\"https:\/\/www.amberlithuania.com\/en\/parduotuve\/earrings\/silver-earrings-with-faceted-amber-amber-earrings\/\",\"name\":\"silver earrings with faceted amber Amber earrings - amberlithuania.com\",\"isPartOf\":{\"@id\":\"https:\/\/www.amberlithuania.com\/en\/#website\"},\"primaryImageOfPage\":{\"@id\":\"https:\/\/www.amberlithuania.com\/en\/parduotuve\/earrings\/silver-earrings-with-faceted-amber-amber-earrings\/#primaryimage\"},\"image\":{\"@id\":\"https:\/\/www.amberlithuania.com\/en\/parduotuve\/earrings\/silver-earrings-with-faceted-amber-amber-earrings\/#primaryimage\"},\"thumbnailUrl\":\"https:\/\/www.amberlithuania.com\/wp-content\/uploads\/2025\/09\/20250910_161910-Copy-scaled.jpg\",\"datePublished\":\"2025-09-13T14:50:46+00:00\",\"dateModified\":\"2025-11-02T15:34:11+00:00\",\"description\":\"silver earrings with faceted amber Amber earrings amber necklace roudn dangle earrings\",\"breadcrumb\":{\"@id\":\"https:\/\/www.amberlithuania.com\/en\/parduotuve\/earrings\/silver-earrings-with-faceted-amber-amber-earrings\/#breadcrumb\"},\"inLanguage\":\"en-US\",\"potentialAction\":[{\"@type\":\"ReadAction\",\"target\":[\"https:\/\/www.amberlithuania.com\/en\/parduotuve\/earrings\/silver-earrings-with-faceted-amber-amber-earrings\/\"]}]},{\"@type\":\"ImageObject\",\"inLanguage\":\"en-US\",\"@id\":\"https:\/\/www.amberlithuania.com\/en\/parduotuve\/earrings\/silver-earrings-with-faceted-amber-amber-earrings\/#primaryimage\",\"url\":\"https:\/\/www.amberlithuania.com\/wp-content\/uploads\/2025\/09\/20250910_161910-Copy-scaled.jpg\",\"contentUrl\":\"https:\/\/www.amberlithuania.com\/wp-content\/uploads\/2025\/09\/20250910_161910-Copy-scaled.jpg\",\"width\":2560,\"height\":1920,\"caption\":\"sidabriniai auskarai su facetuotu gintaru Gintaro auskarai\"},{\"@type\":\"BreadcrumbList\",\"@id\":\"https:\/\/www.amberlithuania.com\/en\/parduotuve\/earrings\/silver-earrings-with-faceted-amber-amber-earrings\/#breadcrumb\",\"itemListElement\":[{\"@type\":\"ListItem\",\"position\":1,\"name\":\"Home\",\"item\":\"https:\/\/www.amberlithuania.com\/en\/\"},{\"@type\":\"ListItem\",\"position\":2,\"name\":\"Shop\",\"item\":\"https:\/\/www.amberlithuania.com\/en\/shop\/\"},{\"@type\":\"ListItem\",\"position\":3,\"name\":\"silver earrings with faceted amber Amber earrings\"}]},{\"@type\":\"WebSite\",\"@id\":\"https:\/\/www.amberlithuania.com\/en\/#website\",\"url\":\"https:\/\/www.amberlithuania.com\/en\/\",\"name\":\"amberlithuania.com\",\"description\":\"Gintariniai papuo\u0161alai Kal\u0117din\u0117s dovanos Juvelyriniai dirbiniai\",\"publisher\":{\"@id\":\"https:\/\/www.amberlithuania.com\/en\/#\/schema\/person\/6ba64bb15b47b2e25b6ff0bba2850db7\"},\"potentialAction\":[{\"@type\":\"SearchAction\",\"target\":{\"@type\":\"EntryPoint\",\"urlTemplate\":\"https:\/\/www.amberlithuania.com\/en\/?s={search_term_string}\"},\"query-input\":{\"@type\":\"PropertyValueSpecification\",\"valueRequired\":true,\"valueName\":\"search_term_string\"}}],\"inLanguage\":\"en-US\"},{\"@type\":[\"Person\",\"Organization\"],\"@id\":\"https:\/\/www.amberlithuania.com\/en\/#\/schema\/person\/6ba64bb15b47b2e25b6ff0bba2850db7\",\"name\":\"amberlithuania.com\",\"image\":{\"@type\":\"ImageObject\",\"inLanguage\":\"en-US\",\"@id\":\"https:\/\/www.amberlithuania.com\/en\/#\/schema\/person\/image\/\",\"url\":\"https:\/\/www.amberlithuania.com\/wp-content\/uploads\/2022\/02\/20220222_162041-scaled.jpg\",\"contentUrl\":\"https:\/\/www.amberlithuania.com\/wp-content\/uploads\/2022\/02\/20220222_162041-scaled.jpg\",\"width\":2560,\"height\":2560,\"caption\":\"amberlithuania.com\"},\"logo\":{\"@id\":\"https:\/\/www.amberlithuania.com\/en\/#\/schema\/person\/image\/\"},\"sameAs\":[\"http:\/\/www.amberlithuania.com\",\"https:\/\/www.facebook.com\/GintaroGaliaAmberLithuania\/\",\"https:\/\/x.com\/amberlithuania.com\"]}]}<\/script>\n<!-- \/ Yoast SEO plugin. -->","yoast_head_json":{"title":"silver earrings with faceted amber Amber earrings - amberlithuania.com","description":"silver earrings with faceted amber Amber earrings amber necklace roudn dangle earrings","robots":{"index":"index","follow":"follow","max-snippet":"max-snippet:-1","max-image-preview":"max-image-preview:large","max-video-preview":"max-video-preview:-1"},"canonical":"https:\/\/www.amberlithuania.com\/en\/parduotuve\/earrings\/silver-earrings-with-faceted-amber-amber-earrings\/","og_locale":"en_US","og_type":"article","og_title":"silver earrings with faceted amber Amber earrings - amberlithuania.com","og_description":"silver earrings with faceted amber Amber earrings amber necklace roudn dangle earrings","og_url":"https:\/\/www.amberlithuania.com\/en\/parduotuve\/earrings\/silver-earrings-with-faceted-amber-amber-earrings\/","og_site_name":"amberlithuania.com","article_publisher":"https:\/\/www.facebook.com\/GintaroGaliaAmberLithuania\/","article_modified_time":"2025-11-02T15:34:11+00:00","og_image":[{"width":2560,"height":1920,"url":"https:\/\/www.amberlithuania.com\/wp-content\/uploads\/2025\/09\/20250910_161910-Copy-scaled.jpg","type":"image\/jpeg"}],"twitter_card":"summary_large_image","twitter_site":"@com","twitter_misc":{"Est. reading time":"1 minute"},"schema":{"@context":"https:\/\/schema.org","@graph":[{"@type":"WebPage","@id":"https:\/\/www.amberlithuania.com\/en\/parduotuve\/earrings\/silver-earrings-with-faceted-amber-amber-earrings\/","url":"https:\/\/www.amberlithuania.com\/en\/parduotuve\/earrings\/silver-earrings-with-faceted-amber-amber-earrings\/","name":"silver earrings with faceted amber Amber earrings - amberlithuania.com","isPartOf":{"@id":"https:\/\/www.amberlithuania.com\/en\/#website"},"primaryImageOfPage":{"@id":"https:\/\/www.amberlithuania.com\/en\/parduotuve\/earrings\/silver-earrings-with-faceted-amber-amber-earrings\/#primaryimage"},"image":{"@id":"https:\/\/www.amberlithuania.com\/en\/parduotuve\/earrings\/silver-earrings-with-faceted-amber-amber-earrings\/#primaryimage"},"thumbnailUrl":"https:\/\/www.amberlithuania.com\/wp-content\/uploads\/2025\/09\/20250910_161910-Copy-scaled.jpg","datePublished":"2025-09-13T14:50:46+00:00","dateModified":"2025-11-02T15:34:11+00:00","description":"silver earrings with faceted amber Amber earrings amber necklace roudn dangle earrings","breadcrumb":{"@id":"https:\/\/www.amberlithuania.com\/en\/parduotuve\/earrings\/silver-earrings-with-faceted-amber-amber-earrings\/#breadcrumb"},"inLanguage":"en-US","potentialAction":[{"@type":"ReadAction","target":["https:\/\/www.amberlithuania.com\/en\/parduotuve\/earrings\/silver-earrings-with-faceted-amber-amber-earrings\/"]}]},{"@type":"ImageObject","inLanguage":"en-US","@id":"https:\/\/www.amberlithuania.com\/en\/parduotuve\/earrings\/silver-earrings-with-faceted-amber-amber-earrings\/#primaryimage","url":"https:\/\/www.amberlithuania.com\/wp-content\/uploads\/2025\/09\/20250910_161910-Copy-scaled.jpg","contentUrl":"https:\/\/www.amberlithuania.com\/wp-content\/uploads\/2025\/09\/20250910_161910-Copy-scaled.jpg","width":2560,"height":1920,"caption":"sidabriniai auskarai su facetuotu gintaru Gintaro auskarai"},{"@type":"BreadcrumbList","@id":"https:\/\/www.amberlithuania.com\/en\/parduotuve\/earrings\/silver-earrings-with-faceted-amber-amber-earrings\/#breadcrumb","itemListElement":[{"@type":"ListItem","position":1,"name":"Home","item":"https:\/\/www.amberlithuania.com\/en\/"},{"@type":"ListItem","position":2,"name":"Shop","item":"https:\/\/www.amberlithuania.com\/en\/shop\/"},{"@type":"ListItem","position":3,"name":"silver earrings with faceted amber Amber earrings"}]},{"@type":"WebSite","@id":"https:\/\/www.amberlithuania.com\/en\/#website","url":"https:\/\/www.amberlithuania.com\/en\/","name":"amberlithuania.com","description":"Gintariniai papuo\u0161alai Kal\u0117din\u0117s dovanos Juvelyriniai dirbiniai","publisher":{"@id":"https:\/\/www.amberlithuania.com\/en\/#\/schema\/person\/6ba64bb15b47b2e25b6ff0bba2850db7"},"potentialAction":[{"@type":"SearchAction","target":{"@type":"EntryPoint","urlTemplate":"https:\/\/www.amberlithuania.com\/en\/?s={search_term_string}"},"query-input":{"@type":"PropertyValueSpecification","valueRequired":true,"valueName":"search_term_string"}}],"inLanguage":"en-US"},{"@type":["Person","Organization"],"@id":"https:\/\/www.amberlithuania.com\/en\/#\/schema\/person\/6ba64bb15b47b2e25b6ff0bba2850db7","name":"amberlithuania.com","image":{"@type":"ImageObject","inLanguage":"en-US","@id":"https:\/\/www.amberlithuania.com\/en\/#\/schema\/person\/image\/","url":"https:\/\/www.amberlithuania.com\/wp-content\/uploads\/2022\/02\/20220222_162041-scaled.jpg","contentUrl":"https:\/\/www.amberlithuania.com\/wp-content\/uploads\/2022\/02\/20220222_162041-scaled.jpg","width":2560,"height":2560,"caption":"amberlithuania.com"},"logo":{"@id":"https:\/\/www.amberlithuania.com\/en\/#\/schema\/person\/image\/"},"sameAs":["http:\/\/www.amberlithuania.com","https:\/\/www.facebook.com\/GintaroGaliaAmberLithuania\/","https:\/\/x.com\/amberlithuania.com"]}]}},"_links":{"self":[{"href":"https:\/\/www.amberlithuania.com\/en\/wp-json\/wp\/v2\/product\/28317","targetHints":{"allow":["GET"]}}],"collection":[{"href":"https:\/\/www.amberlithuania.com\/en\/wp-json\/wp\/v2\/product"}],"about":[{"href":"https:\/\/www.amberlithuania.com\/en\/wp-json\/wp\/v2\/types\/product"}],"replies":[{"embeddable":true,"href":"https:\/\/www.amberlithuania.com\/en\/wp-json\/wp\/v2\/comments?post=28317"}],"wp:featuredmedia":[{"embeddable":true,"href":"https:\/\/www.amberlithuania.com\/en\/wp-json\/wp\/v2\/media\/26688"}],"wp:attachment":[{"href":"https:\/\/www.amberlithuania.com\/en\/wp-json\/wp\/v2\/media?parent=28317"}],"wp:term":[{"taxonomy":"product_brand","embeddable":true,"href":"https:\/\/www.amberlithuania.com\/en\/wp-json\/wp\/v2\/product_brand?post=28317"},{"taxonomy":"product_cat","embeddable":true,"href":"https:\/\/www.amberlithuania.com\/en\/wp-json\/wp\/v2\/product_cat?post=28317"},{"taxonomy":"product_tag","embeddable":true,"href":"https:\/\/www.amberlithuania.com\/en\/wp-json\/wp\/v2\/product_tag?post=28317"}],"curies":[{"name":"wp","href":"https:\/\/api.w.org\/{rel}","templated":true}]}}