{"id":28125,"date":"2025-10-26T10:50:25","date_gmt":"2025-10-26T08:50:25","guid":{"rendered":"https:\/\/www.amberlithuania.com\/?post_type=product&#038;p=28125"},"modified":"2025-11-03T18:22:23","modified_gmt":"2025-11-03T16:22:23","slug":"red-amber-bracelet-gold-jewelry","status":"publish","type":"product","link":"https:\/\/www.amberlithuania.com\/en\/parduotuve\/bracelets\/red-amber-bracelet-gold-jewelry\/","title":{"rendered":"Red amber bracelet gold jewelry"},"content":{"rendered":"<p>Red amber bracelet gold jewelry. Adjusatable length. Weight about 8,81 gr. Gold plated sterlign silver 925.<\/p>\n<p><strong><em>Step into a world where ancient earth meets artisan craftsmanship.<\/em><\/strong><em> This handmade Baltic amber jewelry shop offers a unique collection of timeless pieces, each crafted with care and inspired by the natural beauty of the Baltic region. Every gem is genuine, ethically sourced amber\u2014formed over millions of years and hand-selected for its rich golden hues, organic inclusions, and warm, honeyed glow. From delicate necklaces and statement rings to earthy bracelets and vintage-style earrings, each piece tells a story, blending tradition with artistry. Whether you&#8217;re searching for a meaningful gift or a piece of history to wear close to your heart, this shop invites you to experience the magic of Baltic amber in its purest form. Perfect gift for wife , mother, sister, friend. <\/em><\/p>\n<p>Treat yourself or your loved one to luxury with our Baltic Amber jewelry. These handmade items will make you feel unique. \u00a0Handmade of traditional, almost weightless,\u00a0Baltic gemstone. It is a perfect gift for the Anniversary, Birthday, or Christmas so your loved one could feel luxurious. Suitable for both the daily modern clothing and linen clothes.<\/p>\n<p>&nbsp;<\/p>\n","protected":false},"excerpt":{"rendered":"<p>&nbsp;<\/p>\n<p>Red amber bracelet gold jewelry. Adjusatable length. Weight about 8,81 gr. Gold plated sterlign silver 925.<\/p>\n","protected":false},"featured_media":27640,"comment_status":"open","ping_status":"closed","template":"","meta":[],"product_brand":[],"product_cat":[99],"product_tag":[539,931,981,2215,982,858,2418,980,617],"class_list":{"0":"post-28125","1":"product","2":"type-product","3":"status-publish","4":"has-post-thumbnail","6":"product_cat-bracelets","7":"product_tag-amber-bracelet-en-3","8":"product_tag-gift-set","9":"product_tag-gold-en","10":"product_tag-gold-bracelet-en","11":"product_tag-jewellery-with-gold","12":"product_tag-raudonas-gintaras-en","13":"product_tag-red-amber-en","14":"product_tag-red-amber-bracelet","15":"product_tag-white-amber-bracelet","17":"first","18":"instock","19":"shipping-taxable","20":"purchasable","21":"product-type-simple"},"yoast_head":"<!-- This site is optimized with the Yoast SEO plugin v26.6 - https:\/\/yoast.com\/wordpress\/plugins\/seo\/ -->\n<title>Red amber bracelet gold jewelry - amberlithuania.com<\/title>\n<meta name=\"description\" content=\"Red amber bracelet gold jewelry Amber necklace pendant orange milky butterscoth amber jewelry handmade gift shop gesmtone shop crystal earirngs gold\" \/>\n<meta name=\"robots\" content=\"index, follow, max-snippet:-1, max-image-preview:large, max-video-preview:-1\" \/>\n<link rel=\"canonical\" href=\"https:\/\/www.amberlithuania.com\/en\/parduotuve\/bracelets\/red-amber-bracelet-gold-jewelry\/\" \/>\n<meta property=\"og:locale\" content=\"en_US\" \/>\n<meta property=\"og:type\" content=\"article\" \/>\n<meta property=\"og:title\" content=\"Red amber bracelet gold jewelry - amberlithuania.com\" \/>\n<meta property=\"og:description\" content=\"Red amber bracelet gold jewelry Amber necklace pendant orange milky butterscoth amber jewelry handmade gift shop gesmtone shop crystal earirngs gold\" \/>\n<meta property=\"og:url\" content=\"https:\/\/www.amberlithuania.com\/en\/parduotuve\/bracelets\/red-amber-bracelet-gold-jewelry\/\" \/>\n<meta property=\"og:site_name\" content=\"amberlithuania.com\" \/>\n<meta property=\"article:publisher\" content=\"https:\/\/www.facebook.com\/GintaroGaliaAmberLithuania\/\" \/>\n<meta property=\"article:modified_time\" content=\"2025-11-03T16:22:23+00:00\" \/>\n<meta property=\"og:image\" content=\"https:\/\/www.amberlithuania.com\/wp-content\/uploads\/2025\/10\/20251014_170840-scaled.jpg\" \/>\n\t<meta property=\"og:image:width\" content=\"2560\" \/>\n\t<meta property=\"og:image:height\" content=\"1920\" \/>\n\t<meta property=\"og:image:type\" content=\"image\/jpeg\" \/>\n<meta name=\"twitter:card\" content=\"summary_large_image\" \/>\n<meta name=\"twitter:site\" content=\"@com\" \/>\n<meta name=\"twitter:label1\" content=\"Est. reading time\" \/>\n\t<meta name=\"twitter:data1\" content=\"1 minute\" \/>\n<script type=\"application\/ld+json\" class=\"yoast-schema-graph\">{\"@context\":\"https:\/\/schema.org\",\"@graph\":[{\"@type\":\"WebPage\",\"@id\":\"https:\/\/www.amberlithuania.com\/en\/parduotuve\/bracelets\/red-amber-bracelet-gold-jewelry\/\",\"url\":\"https:\/\/www.amberlithuania.com\/en\/parduotuve\/bracelets\/red-amber-bracelet-gold-jewelry\/\",\"name\":\"Red amber bracelet gold jewelry - amberlithuania.com\",\"isPartOf\":{\"@id\":\"https:\/\/www.amberlithuania.com\/en\/#website\"},\"primaryImageOfPage\":{\"@id\":\"https:\/\/www.amberlithuania.com\/en\/parduotuve\/bracelets\/red-amber-bracelet-gold-jewelry\/#primaryimage\"},\"image\":{\"@id\":\"https:\/\/www.amberlithuania.com\/en\/parduotuve\/bracelets\/red-amber-bracelet-gold-jewelry\/#primaryimage\"},\"thumbnailUrl\":\"https:\/\/www.amberlithuania.com\/wp-content\/uploads\/2025\/10\/20251014_170840-scaled.jpg\",\"datePublished\":\"2025-10-26T08:50:25+00:00\",\"dateModified\":\"2025-11-03T16:22:23+00:00\",\"description\":\"Red amber bracelet gold jewelry Amber necklace pendant orange milky butterscoth amber jewelry handmade gift shop gesmtone shop crystal earirngs gold\",\"breadcrumb\":{\"@id\":\"https:\/\/www.amberlithuania.com\/en\/parduotuve\/bracelets\/red-amber-bracelet-gold-jewelry\/#breadcrumb\"},\"inLanguage\":\"en-US\",\"potentialAction\":[{\"@type\":\"ReadAction\",\"target\":[\"https:\/\/www.amberlithuania.com\/en\/parduotuve\/bracelets\/red-amber-bracelet-gold-jewelry\/\"]}]},{\"@type\":\"ImageObject\",\"inLanguage\":\"en-US\",\"@id\":\"https:\/\/www.amberlithuania.com\/en\/parduotuve\/bracelets\/red-amber-bracelet-gold-jewelry\/#primaryimage\",\"url\":\"https:\/\/www.amberlithuania.com\/wp-content\/uploads\/2025\/10\/20251014_170840-scaled.jpg\",\"contentUrl\":\"https:\/\/www.amberlithuania.com\/wp-content\/uploads\/2025\/10\/20251014_170840-scaled.jpg\",\"width\":2560,\"height\":1920,\"caption\":\"Raudono gintaro apyrank\u0117, auksas ir gintaras\"},{\"@type\":\"BreadcrumbList\",\"@id\":\"https:\/\/www.amberlithuania.com\/en\/parduotuve\/bracelets\/red-amber-bracelet-gold-jewelry\/#breadcrumb\",\"itemListElement\":[{\"@type\":\"ListItem\",\"position\":1,\"name\":\"Home\",\"item\":\"https:\/\/www.amberlithuania.com\/en\/\"},{\"@type\":\"ListItem\",\"position\":2,\"name\":\"Shop\",\"item\":\"https:\/\/www.amberlithuania.com\/en\/shop\/\"},{\"@type\":\"ListItem\",\"position\":3,\"name\":\"Red amber bracelet gold jewelry\"}]},{\"@type\":\"WebSite\",\"@id\":\"https:\/\/www.amberlithuania.com\/en\/#website\",\"url\":\"https:\/\/www.amberlithuania.com\/en\/\",\"name\":\"amberlithuania.com\",\"description\":\"Gintariniai papuo\u0161alai Kal\u0117din\u0117s dovanos Juvelyriniai dirbiniai\",\"publisher\":{\"@id\":\"https:\/\/www.amberlithuania.com\/en\/#\/schema\/person\/6ba64bb15b47b2e25b6ff0bba2850db7\"},\"potentialAction\":[{\"@type\":\"SearchAction\",\"target\":{\"@type\":\"EntryPoint\",\"urlTemplate\":\"https:\/\/www.amberlithuania.com\/en\/?s={search_term_string}\"},\"query-input\":{\"@type\":\"PropertyValueSpecification\",\"valueRequired\":true,\"valueName\":\"search_term_string\"}}],\"inLanguage\":\"en-US\"},{\"@type\":[\"Person\",\"Organization\"],\"@id\":\"https:\/\/www.amberlithuania.com\/en\/#\/schema\/person\/6ba64bb15b47b2e25b6ff0bba2850db7\",\"name\":\"amberlithuania.com\",\"image\":{\"@type\":\"ImageObject\",\"inLanguage\":\"en-US\",\"@id\":\"https:\/\/www.amberlithuania.com\/en\/#\/schema\/person\/image\/\",\"url\":\"https:\/\/www.amberlithuania.com\/wp-content\/uploads\/2022\/02\/20220222_162041-scaled.jpg\",\"contentUrl\":\"https:\/\/www.amberlithuania.com\/wp-content\/uploads\/2022\/02\/20220222_162041-scaled.jpg\",\"width\":2560,\"height\":2560,\"caption\":\"amberlithuania.com\"},\"logo\":{\"@id\":\"https:\/\/www.amberlithuania.com\/en\/#\/schema\/person\/image\/\"},\"sameAs\":[\"http:\/\/www.amberlithuania.com\",\"https:\/\/www.facebook.com\/GintaroGaliaAmberLithuania\/\",\"https:\/\/x.com\/amberlithuania.com\"]}]}<\/script>\n<!-- \/ Yoast SEO plugin. -->","yoast_head_json":{"title":"Red amber bracelet gold jewelry - amberlithuania.com","description":"Red amber bracelet gold jewelry Amber necklace pendant orange milky butterscoth amber jewelry handmade gift shop gesmtone shop crystal earirngs gold","robots":{"index":"index","follow":"follow","max-snippet":"max-snippet:-1","max-image-preview":"max-image-preview:large","max-video-preview":"max-video-preview:-1"},"canonical":"https:\/\/www.amberlithuania.com\/en\/parduotuve\/bracelets\/red-amber-bracelet-gold-jewelry\/","og_locale":"en_US","og_type":"article","og_title":"Red amber bracelet gold jewelry - amberlithuania.com","og_description":"Red amber bracelet gold jewelry Amber necklace pendant orange milky butterscoth amber jewelry handmade gift shop gesmtone shop crystal earirngs gold","og_url":"https:\/\/www.amberlithuania.com\/en\/parduotuve\/bracelets\/red-amber-bracelet-gold-jewelry\/","og_site_name":"amberlithuania.com","article_publisher":"https:\/\/www.facebook.com\/GintaroGaliaAmberLithuania\/","article_modified_time":"2025-11-03T16:22:23+00:00","og_image":[{"width":2560,"height":1920,"url":"https:\/\/www.amberlithuania.com\/wp-content\/uploads\/2025\/10\/20251014_170840-scaled.jpg","type":"image\/jpeg"}],"twitter_card":"summary_large_image","twitter_site":"@com","twitter_misc":{"Est. reading time":"1 minute"},"schema":{"@context":"https:\/\/schema.org","@graph":[{"@type":"WebPage","@id":"https:\/\/www.amberlithuania.com\/en\/parduotuve\/bracelets\/red-amber-bracelet-gold-jewelry\/","url":"https:\/\/www.amberlithuania.com\/en\/parduotuve\/bracelets\/red-amber-bracelet-gold-jewelry\/","name":"Red amber bracelet gold jewelry - amberlithuania.com","isPartOf":{"@id":"https:\/\/www.amberlithuania.com\/en\/#website"},"primaryImageOfPage":{"@id":"https:\/\/www.amberlithuania.com\/en\/parduotuve\/bracelets\/red-amber-bracelet-gold-jewelry\/#primaryimage"},"image":{"@id":"https:\/\/www.amberlithuania.com\/en\/parduotuve\/bracelets\/red-amber-bracelet-gold-jewelry\/#primaryimage"},"thumbnailUrl":"https:\/\/www.amberlithuania.com\/wp-content\/uploads\/2025\/10\/20251014_170840-scaled.jpg","datePublished":"2025-10-26T08:50:25+00:00","dateModified":"2025-11-03T16:22:23+00:00","description":"Red amber bracelet gold jewelry Amber necklace pendant orange milky butterscoth amber jewelry handmade gift shop gesmtone shop crystal earirngs gold","breadcrumb":{"@id":"https:\/\/www.amberlithuania.com\/en\/parduotuve\/bracelets\/red-amber-bracelet-gold-jewelry\/#breadcrumb"},"inLanguage":"en-US","potentialAction":[{"@type":"ReadAction","target":["https:\/\/www.amberlithuania.com\/en\/parduotuve\/bracelets\/red-amber-bracelet-gold-jewelry\/"]}]},{"@type":"ImageObject","inLanguage":"en-US","@id":"https:\/\/www.amberlithuania.com\/en\/parduotuve\/bracelets\/red-amber-bracelet-gold-jewelry\/#primaryimage","url":"https:\/\/www.amberlithuania.com\/wp-content\/uploads\/2025\/10\/20251014_170840-scaled.jpg","contentUrl":"https:\/\/www.amberlithuania.com\/wp-content\/uploads\/2025\/10\/20251014_170840-scaled.jpg","width":2560,"height":1920,"caption":"Raudono gintaro apyrank\u0117, auksas ir gintaras"},{"@type":"BreadcrumbList","@id":"https:\/\/www.amberlithuania.com\/en\/parduotuve\/bracelets\/red-amber-bracelet-gold-jewelry\/#breadcrumb","itemListElement":[{"@type":"ListItem","position":1,"name":"Home","item":"https:\/\/www.amberlithuania.com\/en\/"},{"@type":"ListItem","position":2,"name":"Shop","item":"https:\/\/www.amberlithuania.com\/en\/shop\/"},{"@type":"ListItem","position":3,"name":"Red amber bracelet gold jewelry"}]},{"@type":"WebSite","@id":"https:\/\/www.amberlithuania.com\/en\/#website","url":"https:\/\/www.amberlithuania.com\/en\/","name":"amberlithuania.com","description":"Gintariniai papuo\u0161alai Kal\u0117din\u0117s dovanos Juvelyriniai dirbiniai","publisher":{"@id":"https:\/\/www.amberlithuania.com\/en\/#\/schema\/person\/6ba64bb15b47b2e25b6ff0bba2850db7"},"potentialAction":[{"@type":"SearchAction","target":{"@type":"EntryPoint","urlTemplate":"https:\/\/www.amberlithuania.com\/en\/?s={search_term_string}"},"query-input":{"@type":"PropertyValueSpecification","valueRequired":true,"valueName":"search_term_string"}}],"inLanguage":"en-US"},{"@type":["Person","Organization"],"@id":"https:\/\/www.amberlithuania.com\/en\/#\/schema\/person\/6ba64bb15b47b2e25b6ff0bba2850db7","name":"amberlithuania.com","image":{"@type":"ImageObject","inLanguage":"en-US","@id":"https:\/\/www.amberlithuania.com\/en\/#\/schema\/person\/image\/","url":"https:\/\/www.amberlithuania.com\/wp-content\/uploads\/2022\/02\/20220222_162041-scaled.jpg","contentUrl":"https:\/\/www.amberlithuania.com\/wp-content\/uploads\/2022\/02\/20220222_162041-scaled.jpg","width":2560,"height":2560,"caption":"amberlithuania.com"},"logo":{"@id":"https:\/\/www.amberlithuania.com\/en\/#\/schema\/person\/image\/"},"sameAs":["http:\/\/www.amberlithuania.com","https:\/\/www.facebook.com\/GintaroGaliaAmberLithuania\/","https:\/\/x.com\/amberlithuania.com"]}]}},"_links":{"self":[{"href":"https:\/\/www.amberlithuania.com\/en\/wp-json\/wp\/v2\/product\/28125","targetHints":{"allow":["GET"]}}],"collection":[{"href":"https:\/\/www.amberlithuania.com\/en\/wp-json\/wp\/v2\/product"}],"about":[{"href":"https:\/\/www.amberlithuania.com\/en\/wp-json\/wp\/v2\/types\/product"}],"replies":[{"embeddable":true,"href":"https:\/\/www.amberlithuania.com\/en\/wp-json\/wp\/v2\/comments?post=28125"}],"wp:featuredmedia":[{"embeddable":true,"href":"https:\/\/www.amberlithuania.com\/en\/wp-json\/wp\/v2\/media\/27640"}],"wp:attachment":[{"href":"https:\/\/www.amberlithuania.com\/en\/wp-json\/wp\/v2\/media?parent=28125"}],"wp:term":[{"taxonomy":"product_brand","embeddable":true,"href":"https:\/\/www.amberlithuania.com\/en\/wp-json\/wp\/v2\/product_brand?post=28125"},{"taxonomy":"product_cat","embeddable":true,"href":"https:\/\/www.amberlithuania.com\/en\/wp-json\/wp\/v2\/product_cat?post=28125"},{"taxonomy":"product_tag","embeddable":true,"href":"https:\/\/www.amberlithuania.com\/en\/wp-json\/wp\/v2\/product_tag?post=28125"}],"curies":[{"name":"wp","href":"https:\/\/api.w.org\/{rel}","templated":true}]}}