{"id":25558,"date":"2025-05-15T19:05:40","date_gmt":"2025-05-15T17:05:40","guid":{"rendered":"https:\/\/www.amberlithuania.com\/parduotuve\/uncategorized\/blue-amber-ring-3\/"},"modified":"2025-11-03T16:30:15","modified_gmt":"2025-11-03T14:30:15","slug":"blue-amber-ring-3","status":"publish","type":"product","link":"https:\/\/www.amberlithuania.com\/en\/parduotuve\/rings\/blue-amber-ring-3\/","title":{"rendered":"Blue amber ring"},"content":{"rendered":"<p>Blue amber ring Goldplated adjustable size gold plated silver 925.<\/p>\n<p>Gold plated silver 925<\/p>\n<p>925&#8242;<\/p>\n<p>weight 9,26 gr , 2,6 \u00d7 2 cm<\/p>\n<p>Amber<\/p>\n<p>real amber Green Amber bracelet. real amber real amber real amber real amber real amber real amber<br \/>\nreal amber A necklace of unpolished, natural amber, secreting succinic acid, treats thyroid diseases, and a bracelet treats heart disease.<br \/>\nNecklaces for dogs and cats &#8211; protect them from fleas. Amber electrifies animal hair and thus eliminates parasites.<br \/>\nThe time comes when you need to start sharing your accumulated experience&#8230; This meaningful thought gave rise to a great desire to share my life&#8217;s passion &#8211; amber.<br \/>\nFor many years, I have devoted all my time to amber processing and making products. real amber I am extremely happy that this passion of mine has not remained just a hobby, but has grown into a beautiful family business and educational projects.<br \/>\nI will look forward to your orders.<\/p>\n","protected":false},"excerpt":{"rendered":"<p>Blue amber ring Goldplated adjustable size gold plated silver 925. Svoris 11,51 gr.<\/p>\n<p>Gold plated silver 925<\/p>\n<p>925&#8242;<\/p>\n<p>weight 9,26 gr , 2,6 \u00d7 2 cm<\/p>\n<p>Amber<\/p>\n","protected":false},"featured_media":25211,"comment_status":"open","ping_status":"closed","template":"","meta":[],"product_brand":[],"product_cat":[103],"product_tag":[411,2427,316,2218,2428,2131,2426,2429,932,2350,2430],"class_list":{"0":"post-25558","1":"product","2":"type-product","3":"status-publish","4":"has-post-thumbnail","6":"product_cat-rings","7":"product_tag-amber-ring","8":"product_tag-amber-ring-en-4","9":"product_tag-baltic-amber","10":"product_tag-baltic-amber-jewelry-en","11":"product_tag-big-ring","12":"product_tag-blau-bernstein-en","13":"product_tag-blue-amber-ring-en","14":"product_tag-blue-amber-ring-en-2","15":"product_tag-gold-ring-en-2","16":"product_tag-mens-rings","17":"product_tag-niebieski-bursztynowy-pierscien-en","19":"first","20":"instock","21":"shipping-taxable","22":"purchasable","23":"product-type-simple"},"yoast_head":"<!-- This site is optimized with the Yoast SEO plugin v26.6 - https:\/\/yoast.com\/wordpress\/plugins\/seo\/ -->\n<title>Blue amber ring - amberlithuania.com<\/title>\n<meta name=\"description\" content=\"Blue amber ring large handmade ring massive ring silver gold gift for her Christmas gift for mom blue amber ring Blue amber ring\" \/>\n<meta name=\"robots\" content=\"index, follow, max-snippet:-1, max-image-preview:large, max-video-preview:-1\" \/>\n<link rel=\"canonical\" href=\"https:\/\/www.amberlithuania.com\/en\/parduotuve\/rings\/blue-amber-ring-3\/\" \/>\n<meta property=\"og:locale\" content=\"en_US\" \/>\n<meta property=\"og:type\" content=\"article\" \/>\n<meta property=\"og:title\" content=\"Blue amber ring - amberlithuania.com\" \/>\n<meta property=\"og:description\" content=\"Blue amber ring large handmade ring massive ring silver gold gift for her Christmas gift for mom blue amber ring Blue amber ring\" \/>\n<meta property=\"og:url\" content=\"https:\/\/www.amberlithuania.com\/en\/parduotuve\/rings\/blue-amber-ring-3\/\" \/>\n<meta property=\"og:site_name\" content=\"amberlithuania.com\" \/>\n<meta property=\"article:publisher\" content=\"https:\/\/www.facebook.com\/GintaroGaliaAmberLithuania\/\" \/>\n<meta property=\"article:modified_time\" content=\"2025-11-03T14:30:15+00:00\" \/>\n<meta property=\"og:image\" content=\"https:\/\/www.amberlithuania.com\/wp-content\/uploads\/2025\/05\/1-scaled.webp\" \/>\n\t<meta property=\"og:image:width\" content=\"2560\" \/>\n\t<meta property=\"og:image:height\" content=\"1920\" \/>\n\t<meta property=\"og:image:type\" content=\"image\/webp\" \/>\n<meta name=\"twitter:card\" content=\"summary_large_image\" \/>\n<meta name=\"twitter:site\" content=\"@com\" \/>\n<meta name=\"twitter:label1\" content=\"Est. reading time\" \/>\n\t<meta name=\"twitter:data1\" content=\"2 minutes\" \/>\n<script type=\"application\/ld+json\" class=\"yoast-schema-graph\">{\"@context\":\"https:\/\/schema.org\",\"@graph\":[{\"@type\":\"WebPage\",\"@id\":\"https:\/\/www.amberlithuania.com\/en\/parduotuve\/rings\/blue-amber-ring-3\/\",\"url\":\"https:\/\/www.amberlithuania.com\/en\/parduotuve\/rings\/blue-amber-ring-3\/\",\"name\":\"Blue amber ring - amberlithuania.com\",\"isPartOf\":{\"@id\":\"https:\/\/www.amberlithuania.com\/en\/#website\"},\"primaryImageOfPage\":{\"@id\":\"https:\/\/www.amberlithuania.com\/en\/parduotuve\/rings\/blue-amber-ring-3\/#primaryimage\"},\"image\":{\"@id\":\"https:\/\/www.amberlithuania.com\/en\/parduotuve\/rings\/blue-amber-ring-3\/#primaryimage\"},\"thumbnailUrl\":\"https:\/\/www.amberlithuania.com\/wp-content\/uploads\/2025\/05\/1-scaled.webp\",\"datePublished\":\"2025-05-15T17:05:40+00:00\",\"dateModified\":\"2025-11-03T14:30:15+00:00\",\"description\":\"Blue amber ring large handmade ring massive ring silver gold gift for her Christmas gift for mom blue amber ring Blue amber ring\",\"breadcrumb\":{\"@id\":\"https:\/\/www.amberlithuania.com\/en\/parduotuve\/rings\/blue-amber-ring-3\/#breadcrumb\"},\"inLanguage\":\"en-US\",\"potentialAction\":[{\"@type\":\"ReadAction\",\"target\":[\"https:\/\/www.amberlithuania.com\/en\/parduotuve\/rings\/blue-amber-ring-3\/\"]}]},{\"@type\":\"ImageObject\",\"inLanguage\":\"en-US\",\"@id\":\"https:\/\/www.amberlithuania.com\/en\/parduotuve\/rings\/blue-amber-ring-3\/#primaryimage\",\"url\":\"https:\/\/www.amberlithuania.com\/wp-content\/uploads\/2025\/05\/1-scaled.webp\",\"contentUrl\":\"https:\/\/www.amberlithuania.com\/wp-content\/uploads\/2025\/05\/1-scaled.webp\",\"width\":2560,\"height\":1920,\"caption\":\"M\u0117lyno gintaro \u017eiedas\"},{\"@type\":\"BreadcrumbList\",\"@id\":\"https:\/\/www.amberlithuania.com\/en\/parduotuve\/rings\/blue-amber-ring-3\/#breadcrumb\",\"itemListElement\":[{\"@type\":\"ListItem\",\"position\":1,\"name\":\"Home\",\"item\":\"https:\/\/www.amberlithuania.com\/en\/\"},{\"@type\":\"ListItem\",\"position\":2,\"name\":\"Shop\",\"item\":\"https:\/\/www.amberlithuania.com\/en\/shop\/\"},{\"@type\":\"ListItem\",\"position\":3,\"name\":\"Blue amber ring\"}]},{\"@type\":\"WebSite\",\"@id\":\"https:\/\/www.amberlithuania.com\/en\/#website\",\"url\":\"https:\/\/www.amberlithuania.com\/en\/\",\"name\":\"amberlithuania.com\",\"description\":\"Gintariniai papuo\u0161alai Kal\u0117din\u0117s dovanos Juvelyriniai dirbiniai\",\"publisher\":{\"@id\":\"https:\/\/www.amberlithuania.com\/en\/#\/schema\/person\/6ba64bb15b47b2e25b6ff0bba2850db7\"},\"potentialAction\":[{\"@type\":\"SearchAction\",\"target\":{\"@type\":\"EntryPoint\",\"urlTemplate\":\"https:\/\/www.amberlithuania.com\/en\/?s={search_term_string}\"},\"query-input\":{\"@type\":\"PropertyValueSpecification\",\"valueRequired\":true,\"valueName\":\"search_term_string\"}}],\"inLanguage\":\"en-US\"},{\"@type\":[\"Person\",\"Organization\"],\"@id\":\"https:\/\/www.amberlithuania.com\/en\/#\/schema\/person\/6ba64bb15b47b2e25b6ff0bba2850db7\",\"name\":\"amberlithuania.com\",\"image\":{\"@type\":\"ImageObject\",\"inLanguage\":\"en-US\",\"@id\":\"https:\/\/www.amberlithuania.com\/en\/#\/schema\/person\/image\/\",\"url\":\"https:\/\/www.amberlithuania.com\/wp-content\/uploads\/2022\/02\/20220222_162041-scaled.jpg\",\"contentUrl\":\"https:\/\/www.amberlithuania.com\/wp-content\/uploads\/2022\/02\/20220222_162041-scaled.jpg\",\"width\":2560,\"height\":2560,\"caption\":\"amberlithuania.com\"},\"logo\":{\"@id\":\"https:\/\/www.amberlithuania.com\/en\/#\/schema\/person\/image\/\"},\"sameAs\":[\"http:\/\/www.amberlithuania.com\",\"https:\/\/www.facebook.com\/GintaroGaliaAmberLithuania\/\",\"https:\/\/x.com\/amberlithuania.com\"]}]}<\/script>\n<!-- \/ Yoast SEO plugin. -->","yoast_head_json":{"title":"Blue amber ring - amberlithuania.com","description":"Blue amber ring large handmade ring massive ring silver gold gift for her Christmas gift for mom blue amber ring Blue amber ring","robots":{"index":"index","follow":"follow","max-snippet":"max-snippet:-1","max-image-preview":"max-image-preview:large","max-video-preview":"max-video-preview:-1"},"canonical":"https:\/\/www.amberlithuania.com\/en\/parduotuve\/rings\/blue-amber-ring-3\/","og_locale":"en_US","og_type":"article","og_title":"Blue amber ring - amberlithuania.com","og_description":"Blue amber ring large handmade ring massive ring silver gold gift for her Christmas gift for mom blue amber ring Blue amber ring","og_url":"https:\/\/www.amberlithuania.com\/en\/parduotuve\/rings\/blue-amber-ring-3\/","og_site_name":"amberlithuania.com","article_publisher":"https:\/\/www.facebook.com\/GintaroGaliaAmberLithuania\/","article_modified_time":"2025-11-03T14:30:15+00:00","og_image":[{"width":2560,"height":1920,"url":"https:\/\/www.amberlithuania.com\/wp-content\/uploads\/2025\/05\/1-scaled.webp","type":"image\/webp"}],"twitter_card":"summary_large_image","twitter_site":"@com","twitter_misc":{"Est. reading time":"2 minutes"},"schema":{"@context":"https:\/\/schema.org","@graph":[{"@type":"WebPage","@id":"https:\/\/www.amberlithuania.com\/en\/parduotuve\/rings\/blue-amber-ring-3\/","url":"https:\/\/www.amberlithuania.com\/en\/parduotuve\/rings\/blue-amber-ring-3\/","name":"Blue amber ring - amberlithuania.com","isPartOf":{"@id":"https:\/\/www.amberlithuania.com\/en\/#website"},"primaryImageOfPage":{"@id":"https:\/\/www.amberlithuania.com\/en\/parduotuve\/rings\/blue-amber-ring-3\/#primaryimage"},"image":{"@id":"https:\/\/www.amberlithuania.com\/en\/parduotuve\/rings\/blue-amber-ring-3\/#primaryimage"},"thumbnailUrl":"https:\/\/www.amberlithuania.com\/wp-content\/uploads\/2025\/05\/1-scaled.webp","datePublished":"2025-05-15T17:05:40+00:00","dateModified":"2025-11-03T14:30:15+00:00","description":"Blue amber ring large handmade ring massive ring silver gold gift for her Christmas gift for mom blue amber ring Blue amber ring","breadcrumb":{"@id":"https:\/\/www.amberlithuania.com\/en\/parduotuve\/rings\/blue-amber-ring-3\/#breadcrumb"},"inLanguage":"en-US","potentialAction":[{"@type":"ReadAction","target":["https:\/\/www.amberlithuania.com\/en\/parduotuve\/rings\/blue-amber-ring-3\/"]}]},{"@type":"ImageObject","inLanguage":"en-US","@id":"https:\/\/www.amberlithuania.com\/en\/parduotuve\/rings\/blue-amber-ring-3\/#primaryimage","url":"https:\/\/www.amberlithuania.com\/wp-content\/uploads\/2025\/05\/1-scaled.webp","contentUrl":"https:\/\/www.amberlithuania.com\/wp-content\/uploads\/2025\/05\/1-scaled.webp","width":2560,"height":1920,"caption":"M\u0117lyno gintaro \u017eiedas"},{"@type":"BreadcrumbList","@id":"https:\/\/www.amberlithuania.com\/en\/parduotuve\/rings\/blue-amber-ring-3\/#breadcrumb","itemListElement":[{"@type":"ListItem","position":1,"name":"Home","item":"https:\/\/www.amberlithuania.com\/en\/"},{"@type":"ListItem","position":2,"name":"Shop","item":"https:\/\/www.amberlithuania.com\/en\/shop\/"},{"@type":"ListItem","position":3,"name":"Blue amber ring"}]},{"@type":"WebSite","@id":"https:\/\/www.amberlithuania.com\/en\/#website","url":"https:\/\/www.amberlithuania.com\/en\/","name":"amberlithuania.com","description":"Gintariniai papuo\u0161alai Kal\u0117din\u0117s dovanos Juvelyriniai dirbiniai","publisher":{"@id":"https:\/\/www.amberlithuania.com\/en\/#\/schema\/person\/6ba64bb15b47b2e25b6ff0bba2850db7"},"potentialAction":[{"@type":"SearchAction","target":{"@type":"EntryPoint","urlTemplate":"https:\/\/www.amberlithuania.com\/en\/?s={search_term_string}"},"query-input":{"@type":"PropertyValueSpecification","valueRequired":true,"valueName":"search_term_string"}}],"inLanguage":"en-US"},{"@type":["Person","Organization"],"@id":"https:\/\/www.amberlithuania.com\/en\/#\/schema\/person\/6ba64bb15b47b2e25b6ff0bba2850db7","name":"amberlithuania.com","image":{"@type":"ImageObject","inLanguage":"en-US","@id":"https:\/\/www.amberlithuania.com\/en\/#\/schema\/person\/image\/","url":"https:\/\/www.amberlithuania.com\/wp-content\/uploads\/2022\/02\/20220222_162041-scaled.jpg","contentUrl":"https:\/\/www.amberlithuania.com\/wp-content\/uploads\/2022\/02\/20220222_162041-scaled.jpg","width":2560,"height":2560,"caption":"amberlithuania.com"},"logo":{"@id":"https:\/\/www.amberlithuania.com\/en\/#\/schema\/person\/image\/"},"sameAs":["http:\/\/www.amberlithuania.com","https:\/\/www.facebook.com\/GintaroGaliaAmberLithuania\/","https:\/\/x.com\/amberlithuania.com"]}]}},"_links":{"self":[{"href":"https:\/\/www.amberlithuania.com\/en\/wp-json\/wp\/v2\/product\/25558","targetHints":{"allow":["GET"]}}],"collection":[{"href":"https:\/\/www.amberlithuania.com\/en\/wp-json\/wp\/v2\/product"}],"about":[{"href":"https:\/\/www.amberlithuania.com\/en\/wp-json\/wp\/v2\/types\/product"}],"replies":[{"embeddable":true,"href":"https:\/\/www.amberlithuania.com\/en\/wp-json\/wp\/v2\/comments?post=25558"}],"wp:featuredmedia":[{"embeddable":true,"href":"https:\/\/www.amberlithuania.com\/en\/wp-json\/wp\/v2\/media\/25211"}],"wp:attachment":[{"href":"https:\/\/www.amberlithuania.com\/en\/wp-json\/wp\/v2\/media?parent=25558"}],"wp:term":[{"taxonomy":"product_brand","embeddable":true,"href":"https:\/\/www.amberlithuania.com\/en\/wp-json\/wp\/v2\/product_brand?post=25558"},{"taxonomy":"product_cat","embeddable":true,"href":"https:\/\/www.amberlithuania.com\/en\/wp-json\/wp\/v2\/product_cat?post=25558"},{"taxonomy":"product_tag","embeddable":true,"href":"https:\/\/www.amberlithuania.com\/en\/wp-json\/wp\/v2\/product_tag?post=25558"}],"curies":[{"name":"wp","href":"https:\/\/api.w.org\/{rel}","templated":true}]}}