{"id":23686,"date":"2025-02-02T17:50:35","date_gmt":"2025-02-02T15:50:35","guid":{"rendered":"https:\/\/www.amberlithuania.com\/parduotuve\/uncategorized\/amber-jewelry-set-with-gold-details\/"},"modified":"2026-04-02T08:52:05","modified_gmt":"2026-04-02T06:52:05","slug":"amber-jewelry-set-with-gold-details","status":"publish","type":"product","link":"https:\/\/www.amberlithuania.com\/en\/parduotuve\/sets\/amber-jewelry-set-with-gold-details\/","title":{"rendered":"amber jewelry set with gold details"},"content":{"rendered":"<p>Amber jewelry set with gold details.<br \/>\nMetal: gold-plated silver<br \/>\nSample: 925<br \/>\nStone: amber<br \/>\nWeight of earrings 4.95 gr, pendant 2.19 gr.<br \/>\nLength of earrings about 4 cm, pendant about 3 cm.<\/p>\n<p>&nbsp;<\/p>\n","protected":false},"excerpt":{"rendered":"<p>Amber jewelry set with gold details.<br \/>\nMetal: gold-plated silver<br \/>\nSample: 925<br \/>\nStone: amber<br \/>\nWeight of earrings 4.95 gr, pendant 2.19 gr.<br \/>\nLength of earrings about 4 cm, pendant about 3 cm.<\/p>\n<p>&nbsp;<\/p>\n","protected":false},"featured_media":22903,"comment_status":"open","ping_status":"closed","template":"","meta":[],"product_brand":[],"product_cat":[102],"product_tag":[2269,1389,659,398,579,1017,415,316,2268,500,399,416,981,473,1109,599,2270],"class_list":{"0":"post-23686","1":"product","2":"type-product","3":"status-publish","4":"has-post-thumbnail","6":"product_cat-sets","7":"product_tag-14-k-gold-earrings-en","8":"product_tag-amber-en","9":"product_tag-amber-beads-en","10":"product_tag-amber-earrings","11":"product_tag-amber-earrings-en-2","12":"product_tag-amber-jewelery-en","13":"product_tag-amber-jewelry","14":"product_tag-baltic-amber","15":"product_tag-dangle-earrings-with-gold-en","16":"product_tag-earrings","17":"product_tag-earrings-with-amber","18":"product_tag-gift-fo-rmother","19":"product_tag-gold-en","20":"product_tag-gold-earrings","21":"product_tag-gold-jewelery-en","22":"product_tag-gold-jewelery","23":"product_tag-jewelery-en","25":"first","26":"instock","27":"shipping-taxable","28":"purchasable","29":"product-type-simple"},"yoast_head":"<!-- This site is optimized with the Yoast SEO plugin v26.6 - https:\/\/yoast.com\/wordpress\/plugins\/seo\/ -->\n<title>amber jewelry set with gold details - amberlithuania.com<\/title>\n<meta name=\"description\" content=\"amber jewelry set with gold details gold earrings with amber amber pendant gift for her gift amber\" \/>\n<meta name=\"robots\" content=\"index, follow, max-snippet:-1, max-image-preview:large, max-video-preview:-1\" \/>\n<link rel=\"canonical\" href=\"https:\/\/www.amberlithuania.com\/en\/parduotuve\/sets\/amber-jewelry-set-with-gold-details\/\" \/>\n<meta property=\"og:locale\" content=\"en_US\" \/>\n<meta property=\"og:type\" content=\"article\" \/>\n<meta property=\"og:title\" content=\"amber jewelry set with gold details - amberlithuania.com\" \/>\n<meta property=\"og:description\" content=\"amber jewelry set with gold details gold earrings with amber amber pendant gift for her gift amber\" \/>\n<meta property=\"og:url\" content=\"https:\/\/www.amberlithuania.com\/en\/parduotuve\/sets\/amber-jewelry-set-with-gold-details\/\" \/>\n<meta property=\"og:site_name\" content=\"amberlithuania.com\" \/>\n<meta property=\"article:publisher\" content=\"https:\/\/www.facebook.com\/GintaroGaliaAmberLithuania\/\" \/>\n<meta property=\"article:modified_time\" content=\"2026-04-02T06:52:05+00:00\" \/>\n<meta property=\"og:image\" content=\"https:\/\/www.amberlithuania.com\/wp-content\/uploads\/2025\/02\/20211215_192656-scaled.jpg\" \/>\n\t<meta property=\"og:image:width\" content=\"2560\" \/>\n\t<meta property=\"og:image:height\" content=\"2560\" \/>\n\t<meta property=\"og:image:type\" content=\"image\/jpeg\" \/>\n<meta name=\"twitter:card\" content=\"summary_large_image\" \/>\n<meta name=\"twitter:site\" content=\"@com\" \/>\n<script type=\"application\/ld+json\" class=\"yoast-schema-graph\">{\"@context\":\"https:\/\/schema.org\",\"@graph\":[{\"@type\":\"WebPage\",\"@id\":\"https:\/\/www.amberlithuania.com\/en\/parduotuve\/sets\/amber-jewelry-set-with-gold-details\/\",\"url\":\"https:\/\/www.amberlithuania.com\/en\/parduotuve\/sets\/amber-jewelry-set-with-gold-details\/\",\"name\":\"amber jewelry set with gold details - amberlithuania.com\",\"isPartOf\":{\"@id\":\"https:\/\/www.amberlithuania.com\/en\/#website\"},\"primaryImageOfPage\":{\"@id\":\"https:\/\/www.amberlithuania.com\/en\/parduotuve\/sets\/amber-jewelry-set-with-gold-details\/#primaryimage\"},\"image\":{\"@id\":\"https:\/\/www.amberlithuania.com\/en\/parduotuve\/sets\/amber-jewelry-set-with-gold-details\/#primaryimage\"},\"thumbnailUrl\":\"https:\/\/www.amberlithuania.com\/wp-content\/uploads\/2025\/02\/20211215_192656-scaled.jpg\",\"datePublished\":\"2025-02-02T15:50:35+00:00\",\"dateModified\":\"2026-04-02T06:52:05+00:00\",\"description\":\"amber jewelry set with gold details gold earrings with amber amber pendant gift for her gift amber\",\"breadcrumb\":{\"@id\":\"https:\/\/www.amberlithuania.com\/en\/parduotuve\/sets\/amber-jewelry-set-with-gold-details\/#breadcrumb\"},\"inLanguage\":\"en-US\",\"potentialAction\":[{\"@type\":\"ReadAction\",\"target\":[\"https:\/\/www.amberlithuania.com\/en\/parduotuve\/sets\/amber-jewelry-set-with-gold-details\/\"]}]},{\"@type\":\"ImageObject\",\"inLanguage\":\"en-US\",\"@id\":\"https:\/\/www.amberlithuania.com\/en\/parduotuve\/sets\/amber-jewelry-set-with-gold-details\/#primaryimage\",\"url\":\"https:\/\/www.amberlithuania.com\/wp-content\/uploads\/2025\/02\/20211215_192656-scaled.jpg\",\"contentUrl\":\"https:\/\/www.amberlithuania.com\/wp-content\/uploads\/2025\/02\/20211215_192656-scaled.jpg\",\"width\":2560,\"height\":2560,\"caption\":\"gintarinis papuo\u0161al\u0173 rinkinys su aukso detal\u0117mis\"},{\"@type\":\"BreadcrumbList\",\"@id\":\"https:\/\/www.amberlithuania.com\/en\/parduotuve\/sets\/amber-jewelry-set-with-gold-details\/#breadcrumb\",\"itemListElement\":[{\"@type\":\"ListItem\",\"position\":1,\"name\":\"Home\",\"item\":\"https:\/\/www.amberlithuania.com\/en\/\"},{\"@type\":\"ListItem\",\"position\":2,\"name\":\"Shop\",\"item\":\"https:\/\/www.amberlithuania.com\/en\/shop\/\"},{\"@type\":\"ListItem\",\"position\":3,\"name\":\"amber jewelry set with gold details\"}]},{\"@type\":\"WebSite\",\"@id\":\"https:\/\/www.amberlithuania.com\/en\/#website\",\"url\":\"https:\/\/www.amberlithuania.com\/en\/\",\"name\":\"amberlithuania.com\",\"description\":\"Gintariniai papuo\u0161alai Kal\u0117din\u0117s dovanos Juvelyriniai dirbiniai\",\"publisher\":{\"@id\":\"https:\/\/www.amberlithuania.com\/en\/#\/schema\/person\/6ba64bb15b47b2e25b6ff0bba2850db7\"},\"potentialAction\":[{\"@type\":\"SearchAction\",\"target\":{\"@type\":\"EntryPoint\",\"urlTemplate\":\"https:\/\/www.amberlithuania.com\/en\/?s={search_term_string}\"},\"query-input\":{\"@type\":\"PropertyValueSpecification\",\"valueRequired\":true,\"valueName\":\"search_term_string\"}}],\"inLanguage\":\"en-US\"},{\"@type\":[\"Person\",\"Organization\"],\"@id\":\"https:\/\/www.amberlithuania.com\/en\/#\/schema\/person\/6ba64bb15b47b2e25b6ff0bba2850db7\",\"name\":\"amberlithuania.com\",\"image\":{\"@type\":\"ImageObject\",\"inLanguage\":\"en-US\",\"@id\":\"https:\/\/www.amberlithuania.com\/en\/#\/schema\/person\/image\/\",\"url\":\"https:\/\/www.amberlithuania.com\/wp-content\/uploads\/2022\/02\/20220222_162041-scaled.jpg\",\"contentUrl\":\"https:\/\/www.amberlithuania.com\/wp-content\/uploads\/2022\/02\/20220222_162041-scaled.jpg\",\"width\":2560,\"height\":2560,\"caption\":\"amberlithuania.com\"},\"logo\":{\"@id\":\"https:\/\/www.amberlithuania.com\/en\/#\/schema\/person\/image\/\"},\"sameAs\":[\"http:\/\/www.amberlithuania.com\",\"https:\/\/www.facebook.com\/GintaroGaliaAmberLithuania\/\",\"https:\/\/x.com\/amberlithuania.com\"]}]}<\/script>\n<!-- \/ Yoast SEO plugin. -->","yoast_head_json":{"title":"amber jewelry set with gold details - amberlithuania.com","description":"amber jewelry set with gold details gold earrings with amber amber pendant gift for her gift amber","robots":{"index":"index","follow":"follow","max-snippet":"max-snippet:-1","max-image-preview":"max-image-preview:large","max-video-preview":"max-video-preview:-1"},"canonical":"https:\/\/www.amberlithuania.com\/en\/parduotuve\/sets\/amber-jewelry-set-with-gold-details\/","og_locale":"en_US","og_type":"article","og_title":"amber jewelry set with gold details - amberlithuania.com","og_description":"amber jewelry set with gold details gold earrings with amber amber pendant gift for her gift amber","og_url":"https:\/\/www.amberlithuania.com\/en\/parduotuve\/sets\/amber-jewelry-set-with-gold-details\/","og_site_name":"amberlithuania.com","article_publisher":"https:\/\/www.facebook.com\/GintaroGaliaAmberLithuania\/","article_modified_time":"2026-04-02T06:52:05+00:00","og_image":[{"width":2560,"height":2560,"url":"https:\/\/www.amberlithuania.com\/wp-content\/uploads\/2025\/02\/20211215_192656-scaled.jpg","type":"image\/jpeg"}],"twitter_card":"summary_large_image","twitter_site":"@com","schema":{"@context":"https:\/\/schema.org","@graph":[{"@type":"WebPage","@id":"https:\/\/www.amberlithuania.com\/en\/parduotuve\/sets\/amber-jewelry-set-with-gold-details\/","url":"https:\/\/www.amberlithuania.com\/en\/parduotuve\/sets\/amber-jewelry-set-with-gold-details\/","name":"amber jewelry set with gold details - amberlithuania.com","isPartOf":{"@id":"https:\/\/www.amberlithuania.com\/en\/#website"},"primaryImageOfPage":{"@id":"https:\/\/www.amberlithuania.com\/en\/parduotuve\/sets\/amber-jewelry-set-with-gold-details\/#primaryimage"},"image":{"@id":"https:\/\/www.amberlithuania.com\/en\/parduotuve\/sets\/amber-jewelry-set-with-gold-details\/#primaryimage"},"thumbnailUrl":"https:\/\/www.amberlithuania.com\/wp-content\/uploads\/2025\/02\/20211215_192656-scaled.jpg","datePublished":"2025-02-02T15:50:35+00:00","dateModified":"2026-04-02T06:52:05+00:00","description":"amber jewelry set with gold details gold earrings with amber amber pendant gift for her gift amber","breadcrumb":{"@id":"https:\/\/www.amberlithuania.com\/en\/parduotuve\/sets\/amber-jewelry-set-with-gold-details\/#breadcrumb"},"inLanguage":"en-US","potentialAction":[{"@type":"ReadAction","target":["https:\/\/www.amberlithuania.com\/en\/parduotuve\/sets\/amber-jewelry-set-with-gold-details\/"]}]},{"@type":"ImageObject","inLanguage":"en-US","@id":"https:\/\/www.amberlithuania.com\/en\/parduotuve\/sets\/amber-jewelry-set-with-gold-details\/#primaryimage","url":"https:\/\/www.amberlithuania.com\/wp-content\/uploads\/2025\/02\/20211215_192656-scaled.jpg","contentUrl":"https:\/\/www.amberlithuania.com\/wp-content\/uploads\/2025\/02\/20211215_192656-scaled.jpg","width":2560,"height":2560,"caption":"gintarinis papuo\u0161al\u0173 rinkinys su aukso detal\u0117mis"},{"@type":"BreadcrumbList","@id":"https:\/\/www.amberlithuania.com\/en\/parduotuve\/sets\/amber-jewelry-set-with-gold-details\/#breadcrumb","itemListElement":[{"@type":"ListItem","position":1,"name":"Home","item":"https:\/\/www.amberlithuania.com\/en\/"},{"@type":"ListItem","position":2,"name":"Shop","item":"https:\/\/www.amberlithuania.com\/en\/shop\/"},{"@type":"ListItem","position":3,"name":"amber jewelry set with gold details"}]},{"@type":"WebSite","@id":"https:\/\/www.amberlithuania.com\/en\/#website","url":"https:\/\/www.amberlithuania.com\/en\/","name":"amberlithuania.com","description":"Gintariniai papuo\u0161alai Kal\u0117din\u0117s dovanos Juvelyriniai dirbiniai","publisher":{"@id":"https:\/\/www.amberlithuania.com\/en\/#\/schema\/person\/6ba64bb15b47b2e25b6ff0bba2850db7"},"potentialAction":[{"@type":"SearchAction","target":{"@type":"EntryPoint","urlTemplate":"https:\/\/www.amberlithuania.com\/en\/?s={search_term_string}"},"query-input":{"@type":"PropertyValueSpecification","valueRequired":true,"valueName":"search_term_string"}}],"inLanguage":"en-US"},{"@type":["Person","Organization"],"@id":"https:\/\/www.amberlithuania.com\/en\/#\/schema\/person\/6ba64bb15b47b2e25b6ff0bba2850db7","name":"amberlithuania.com","image":{"@type":"ImageObject","inLanguage":"en-US","@id":"https:\/\/www.amberlithuania.com\/en\/#\/schema\/person\/image\/","url":"https:\/\/www.amberlithuania.com\/wp-content\/uploads\/2022\/02\/20220222_162041-scaled.jpg","contentUrl":"https:\/\/www.amberlithuania.com\/wp-content\/uploads\/2022\/02\/20220222_162041-scaled.jpg","width":2560,"height":2560,"caption":"amberlithuania.com"},"logo":{"@id":"https:\/\/www.amberlithuania.com\/en\/#\/schema\/person\/image\/"},"sameAs":["http:\/\/www.amberlithuania.com","https:\/\/www.facebook.com\/GintaroGaliaAmberLithuania\/","https:\/\/x.com\/amberlithuania.com"]}]}},"_links":{"self":[{"href":"https:\/\/www.amberlithuania.com\/en\/wp-json\/wp\/v2\/product\/23686","targetHints":{"allow":["GET"]}}],"collection":[{"href":"https:\/\/www.amberlithuania.com\/en\/wp-json\/wp\/v2\/product"}],"about":[{"href":"https:\/\/www.amberlithuania.com\/en\/wp-json\/wp\/v2\/types\/product"}],"replies":[{"embeddable":true,"href":"https:\/\/www.amberlithuania.com\/en\/wp-json\/wp\/v2\/comments?post=23686"}],"wp:featuredmedia":[{"embeddable":true,"href":"https:\/\/www.amberlithuania.com\/en\/wp-json\/wp\/v2\/media\/22903"}],"wp:attachment":[{"href":"https:\/\/www.amberlithuania.com\/en\/wp-json\/wp\/v2\/media?parent=23686"}],"wp:term":[{"taxonomy":"product_brand","embeddable":true,"href":"https:\/\/www.amberlithuania.com\/en\/wp-json\/wp\/v2\/product_brand?post=23686"},{"taxonomy":"product_cat","embeddable":true,"href":"https:\/\/www.amberlithuania.com\/en\/wp-json\/wp\/v2\/product_cat?post=23686"},{"taxonomy":"product_tag","embeddable":true,"href":"https:\/\/www.amberlithuania.com\/en\/wp-json\/wp\/v2\/product_tag?post=23686"}],"curies":[{"name":"wp","href":"https:\/\/api.w.org\/{rel}","templated":true}]}}