{"id":23681,"date":"2025-02-15T14:35:26","date_gmt":"2025-02-15T12:35:26","guid":{"rendered":"https:\/\/www.amberlithuania.com\/parduotuve\/uncategorized\/gold-earrings-with-amber-butterflies-gift-for-a-girl-childrens-accessories-childrens-earrings-gold-plated-silver-925-gift-for-children\/"},"modified":"2025-07-02T15:05:33","modified_gmt":"2025-07-02T13:05:33","slug":"gold-earrings-with-amber-butterflies-gift-for-a-girl-childrens-accessories-childrens-earrings-gold-plated-silver-925-gift-for-children","status":"publish","type":"product","link":"https:\/\/www.amberlithuania.com\/en\/parduotuve\/amber-stud-earrings\/gold-earrings-with-amber-butterflies-gift-for-a-girl-childrens-accessories-childrens-earrings-gold-plated-silver-925-gift-for-children\/","title":{"rendered":"Gold earrings with amber butterflies gift for a girl children&#8217;s accessories children&#8217;s earrings. Gold-plated silver 925 gift for children"},"content":{"rendered":"<p>Gold earrings with amber butterflies gift for a girl children&#8217;s accessories children&#8217;s earrings.<br \/>\nGold-plated silver 925.<br \/>\nWeight 1.79 gr.<\/p>\n","protected":false},"excerpt":{"rendered":"<p>Gold earrings with amber butterflies gift for a girl children&#8217;s accessories children&#8217;s earrings. Gold-plated silver 925. Weight 1.79 gr.<\/p>\n","protected":false},"featured_media":23082,"comment_status":"open","ping_status":"closed","template":"","meta":[],"product_brand":[],"product_cat":[442],"product_tag":[1389,2260,576,316,2061,571,1913,500,473,2261,3267],"class_list":{"0":"post-23681","1":"product","2":"type-product","3":"status-publish","4":"has-post-thumbnail","6":"product_cat-amber-stud-earrings","7":"product_tag-amber-en","8":"product_tag-amber-butterfly","9":"product_tag-amber-studs-en","10":"product_tag-baltic-amber","11":"product_tag-baltic-amber-earrings-en","12":"product_tag-children-gift","13":"product_tag-dovana-mergaitei-en","14":"product_tag-earrings","15":"product_tag-gold-earrings","16":"product_tag-gold-earrings-with-amber-butterflies-gift-for-a-girl-childrens-accessories-childrens-earrings-gold-plated-silver-925-gift-for-children","17":"product_tag-long-studs","19":"first","20":"instock","21":"shipping-taxable","22":"purchasable","23":"product-type-simple"},"yoast_head":"<!-- This site is optimized with the Yoast SEO plugin v26.6 - https:\/\/yoast.com\/wordpress\/plugins\/seo\/ -->\n<title>Gold earrings with amber butterflies, gift for a girl, children&#039;s accessories, children&#039;s earrings.<\/title>\n<meta name=\"description\" content=\"Gold earrings with amber butterflies gift for a girl children&#039;s accessories children&#039;s earrings. Gold-plated silver 925 gift for children\" \/>\n<meta name=\"robots\" content=\"index, follow, max-snippet:-1, max-image-preview:large, max-video-preview:-1\" \/>\n<link rel=\"canonical\" href=\"https:\/\/www.amberlithuania.com\/en\/parduotuve\/amber-stud-earrings\/gold-earrings-with-amber-butterflies-gift-for-a-girl-childrens-accessories-childrens-earrings-gold-plated-silver-925-gift-for-children\/\" \/>\n<meta property=\"og:locale\" content=\"en_US\" \/>\n<meta property=\"og:type\" content=\"article\" \/>\n<meta property=\"og:title\" content=\"Gold earrings with amber butterflies, gift for a girl, children&#039;s accessories, children&#039;s earrings.\" \/>\n<meta property=\"og:description\" content=\"Gold earrings with amber butterflies gift for a girl children&#039;s accessories children&#039;s earrings. Gold-plated silver 925 gift for children\" \/>\n<meta property=\"og:url\" content=\"https:\/\/www.amberlithuania.com\/en\/parduotuve\/amber-stud-earrings\/gold-earrings-with-amber-butterflies-gift-for-a-girl-childrens-accessories-childrens-earrings-gold-plated-silver-925-gift-for-children\/\" \/>\n<meta property=\"og:site_name\" content=\"amberlithuania.com\" \/>\n<meta property=\"article:publisher\" content=\"https:\/\/www.facebook.com\/GintaroGaliaAmberLithuania\/\" \/>\n<meta property=\"article:modified_time\" content=\"2025-07-02T13:05:33+00:00\" \/>\n<meta property=\"og:image\" content=\"https:\/\/www.amberlithuania.com\/wp-content\/uploads\/2025\/02\/20230331_172812-1-scaled.jpg\" \/>\n\t<meta property=\"og:image:width\" content=\"2560\" \/>\n\t<meta property=\"og:image:height\" content=\"1920\" \/>\n\t<meta property=\"og:image:type\" content=\"image\/jpeg\" \/>\n<meta name=\"twitter:card\" content=\"summary_large_image\" \/>\n<meta name=\"twitter:site\" content=\"@com\" \/>\n<script type=\"application\/ld+json\" class=\"yoast-schema-graph\">{\"@context\":\"https:\/\/schema.org\",\"@graph\":[{\"@type\":\"WebPage\",\"@id\":\"https:\/\/www.amberlithuania.com\/en\/parduotuve\/amber-stud-earrings\/gold-earrings-with-amber-butterflies-gift-for-a-girl-childrens-accessories-childrens-earrings-gold-plated-silver-925-gift-for-children\/\",\"url\":\"https:\/\/www.amberlithuania.com\/en\/parduotuve\/amber-stud-earrings\/gold-earrings-with-amber-butterflies-gift-for-a-girl-childrens-accessories-childrens-earrings-gold-plated-silver-925-gift-for-children\/\",\"name\":\"Gold earrings with amber butterflies, gift for a girl, children's accessories, children's earrings.\",\"isPartOf\":{\"@id\":\"https:\/\/www.amberlithuania.com\/en\/#website\"},\"primaryImageOfPage\":{\"@id\":\"https:\/\/www.amberlithuania.com\/en\/parduotuve\/amber-stud-earrings\/gold-earrings-with-amber-butterflies-gift-for-a-girl-childrens-accessories-childrens-earrings-gold-plated-silver-925-gift-for-children\/#primaryimage\"},\"image\":{\"@id\":\"https:\/\/www.amberlithuania.com\/en\/parduotuve\/amber-stud-earrings\/gold-earrings-with-amber-butterflies-gift-for-a-girl-childrens-accessories-childrens-earrings-gold-plated-silver-925-gift-for-children\/#primaryimage\"},\"thumbnailUrl\":\"https:\/\/www.amberlithuania.com\/wp-content\/uploads\/2025\/02\/20230331_172812-1-scaled.jpg\",\"datePublished\":\"2025-02-15T12:35:26+00:00\",\"dateModified\":\"2025-07-02T13:05:33+00:00\",\"description\":\"Gold earrings with amber butterflies gift for a girl children's accessories children's earrings. Gold-plated silver 925 gift for children\",\"breadcrumb\":{\"@id\":\"https:\/\/www.amberlithuania.com\/en\/parduotuve\/amber-stud-earrings\/gold-earrings-with-amber-butterflies-gift-for-a-girl-childrens-accessories-childrens-earrings-gold-plated-silver-925-gift-for-children\/#breadcrumb\"},\"inLanguage\":\"en-US\",\"potentialAction\":[{\"@type\":\"ReadAction\",\"target\":[\"https:\/\/www.amberlithuania.com\/en\/parduotuve\/amber-stud-earrings\/gold-earrings-with-amber-butterflies-gift-for-a-girl-childrens-accessories-childrens-earrings-gold-plated-silver-925-gift-for-children\/\"]}]},{\"@type\":\"ImageObject\",\"inLanguage\":\"en-US\",\"@id\":\"https:\/\/www.amberlithuania.com\/en\/parduotuve\/amber-stud-earrings\/gold-earrings-with-amber-butterflies-gift-for-a-girl-childrens-accessories-childrens-earrings-gold-plated-silver-925-gift-for-children\/#primaryimage\",\"url\":\"https:\/\/www.amberlithuania.com\/wp-content\/uploads\/2025\/02\/20230331_172812-1-scaled.jpg\",\"contentUrl\":\"https:\/\/www.amberlithuania.com\/wp-content\/uploads\/2025\/02\/20230331_172812-1-scaled.jpg\",\"width\":2560,\"height\":1920,\"caption\":\"Auksiniai vinukai su gintaru drugeliai dovana mergaitei vaiki\u0161ki aksesuarai vaiki\u0161ki auskarai. Paauksuotas sidabras 925. Svoris 1,79 gr.\"},{\"@type\":\"BreadcrumbList\",\"@id\":\"https:\/\/www.amberlithuania.com\/en\/parduotuve\/amber-stud-earrings\/gold-earrings-with-amber-butterflies-gift-for-a-girl-childrens-accessories-childrens-earrings-gold-plated-silver-925-gift-for-children\/#breadcrumb\",\"itemListElement\":[{\"@type\":\"ListItem\",\"position\":1,\"name\":\"Home\",\"item\":\"https:\/\/www.amberlithuania.com\/en\/\"},{\"@type\":\"ListItem\",\"position\":2,\"name\":\"Shop\",\"item\":\"https:\/\/www.amberlithuania.com\/en\/shop\/\"},{\"@type\":\"ListItem\",\"position\":3,\"name\":\"Gold earrings with amber butterflies gift for a girl children&#8217;s accessories children&#8217;s earrings. Gold-plated silver 925 gift for children\"}]},{\"@type\":\"WebSite\",\"@id\":\"https:\/\/www.amberlithuania.com\/en\/#website\",\"url\":\"https:\/\/www.amberlithuania.com\/en\/\",\"name\":\"amberlithuania.com\",\"description\":\"Gintariniai papuo\u0161alai Kal\u0117din\u0117s dovanos Juvelyriniai dirbiniai\",\"publisher\":{\"@id\":\"https:\/\/www.amberlithuania.com\/en\/#\/schema\/person\/6ba64bb15b47b2e25b6ff0bba2850db7\"},\"potentialAction\":[{\"@type\":\"SearchAction\",\"target\":{\"@type\":\"EntryPoint\",\"urlTemplate\":\"https:\/\/www.amberlithuania.com\/en\/?s={search_term_string}\"},\"query-input\":{\"@type\":\"PropertyValueSpecification\",\"valueRequired\":true,\"valueName\":\"search_term_string\"}}],\"inLanguage\":\"en-US\"},{\"@type\":[\"Person\",\"Organization\"],\"@id\":\"https:\/\/www.amberlithuania.com\/en\/#\/schema\/person\/6ba64bb15b47b2e25b6ff0bba2850db7\",\"name\":\"amberlithuania.com\",\"image\":{\"@type\":\"ImageObject\",\"inLanguage\":\"en-US\",\"@id\":\"https:\/\/www.amberlithuania.com\/en\/#\/schema\/person\/image\/\",\"url\":\"https:\/\/www.amberlithuania.com\/wp-content\/uploads\/2022\/02\/20220222_162041-scaled.jpg\",\"contentUrl\":\"https:\/\/www.amberlithuania.com\/wp-content\/uploads\/2022\/02\/20220222_162041-scaled.jpg\",\"width\":2560,\"height\":2560,\"caption\":\"amberlithuania.com\"},\"logo\":{\"@id\":\"https:\/\/www.amberlithuania.com\/en\/#\/schema\/person\/image\/\"},\"sameAs\":[\"http:\/\/www.amberlithuania.com\",\"https:\/\/www.facebook.com\/GintaroGaliaAmberLithuania\/\",\"https:\/\/x.com\/amberlithuania.com\"]}]}<\/script>\n<!-- \/ Yoast SEO plugin. -->","yoast_head_json":{"title":"Gold earrings with amber butterflies, gift for a girl, children's accessories, children's earrings.","description":"Gold earrings with amber butterflies gift for a girl children's accessories children's earrings. Gold-plated silver 925 gift for children","robots":{"index":"index","follow":"follow","max-snippet":"max-snippet:-1","max-image-preview":"max-image-preview:large","max-video-preview":"max-video-preview:-1"},"canonical":"https:\/\/www.amberlithuania.com\/en\/parduotuve\/amber-stud-earrings\/gold-earrings-with-amber-butterflies-gift-for-a-girl-childrens-accessories-childrens-earrings-gold-plated-silver-925-gift-for-children\/","og_locale":"en_US","og_type":"article","og_title":"Gold earrings with amber butterflies, gift for a girl, children's accessories, children's earrings.","og_description":"Gold earrings with amber butterflies gift for a girl children's accessories children's earrings. Gold-plated silver 925 gift for children","og_url":"https:\/\/www.amberlithuania.com\/en\/parduotuve\/amber-stud-earrings\/gold-earrings-with-amber-butterflies-gift-for-a-girl-childrens-accessories-childrens-earrings-gold-plated-silver-925-gift-for-children\/","og_site_name":"amberlithuania.com","article_publisher":"https:\/\/www.facebook.com\/GintaroGaliaAmberLithuania\/","article_modified_time":"2025-07-02T13:05:33+00:00","og_image":[{"width":2560,"height":1920,"url":"https:\/\/www.amberlithuania.com\/wp-content\/uploads\/2025\/02\/20230331_172812-1-scaled.jpg","type":"image\/jpeg"}],"twitter_card":"summary_large_image","twitter_site":"@com","schema":{"@context":"https:\/\/schema.org","@graph":[{"@type":"WebPage","@id":"https:\/\/www.amberlithuania.com\/en\/parduotuve\/amber-stud-earrings\/gold-earrings-with-amber-butterflies-gift-for-a-girl-childrens-accessories-childrens-earrings-gold-plated-silver-925-gift-for-children\/","url":"https:\/\/www.amberlithuania.com\/en\/parduotuve\/amber-stud-earrings\/gold-earrings-with-amber-butterflies-gift-for-a-girl-childrens-accessories-childrens-earrings-gold-plated-silver-925-gift-for-children\/","name":"Gold earrings with amber butterflies, gift for a girl, children's accessories, children's earrings.","isPartOf":{"@id":"https:\/\/www.amberlithuania.com\/en\/#website"},"primaryImageOfPage":{"@id":"https:\/\/www.amberlithuania.com\/en\/parduotuve\/amber-stud-earrings\/gold-earrings-with-amber-butterflies-gift-for-a-girl-childrens-accessories-childrens-earrings-gold-plated-silver-925-gift-for-children\/#primaryimage"},"image":{"@id":"https:\/\/www.amberlithuania.com\/en\/parduotuve\/amber-stud-earrings\/gold-earrings-with-amber-butterflies-gift-for-a-girl-childrens-accessories-childrens-earrings-gold-plated-silver-925-gift-for-children\/#primaryimage"},"thumbnailUrl":"https:\/\/www.amberlithuania.com\/wp-content\/uploads\/2025\/02\/20230331_172812-1-scaled.jpg","datePublished":"2025-02-15T12:35:26+00:00","dateModified":"2025-07-02T13:05:33+00:00","description":"Gold earrings with amber butterflies gift for a girl children's accessories children's earrings. Gold-plated silver 925 gift for children","breadcrumb":{"@id":"https:\/\/www.amberlithuania.com\/en\/parduotuve\/amber-stud-earrings\/gold-earrings-with-amber-butterflies-gift-for-a-girl-childrens-accessories-childrens-earrings-gold-plated-silver-925-gift-for-children\/#breadcrumb"},"inLanguage":"en-US","potentialAction":[{"@type":"ReadAction","target":["https:\/\/www.amberlithuania.com\/en\/parduotuve\/amber-stud-earrings\/gold-earrings-with-amber-butterflies-gift-for-a-girl-childrens-accessories-childrens-earrings-gold-plated-silver-925-gift-for-children\/"]}]},{"@type":"ImageObject","inLanguage":"en-US","@id":"https:\/\/www.amberlithuania.com\/en\/parduotuve\/amber-stud-earrings\/gold-earrings-with-amber-butterflies-gift-for-a-girl-childrens-accessories-childrens-earrings-gold-plated-silver-925-gift-for-children\/#primaryimage","url":"https:\/\/www.amberlithuania.com\/wp-content\/uploads\/2025\/02\/20230331_172812-1-scaled.jpg","contentUrl":"https:\/\/www.amberlithuania.com\/wp-content\/uploads\/2025\/02\/20230331_172812-1-scaled.jpg","width":2560,"height":1920,"caption":"Auksiniai vinukai su gintaru drugeliai dovana mergaitei vaiki\u0161ki aksesuarai vaiki\u0161ki auskarai. Paauksuotas sidabras 925. Svoris 1,79 gr."},{"@type":"BreadcrumbList","@id":"https:\/\/www.amberlithuania.com\/en\/parduotuve\/amber-stud-earrings\/gold-earrings-with-amber-butterflies-gift-for-a-girl-childrens-accessories-childrens-earrings-gold-plated-silver-925-gift-for-children\/#breadcrumb","itemListElement":[{"@type":"ListItem","position":1,"name":"Home","item":"https:\/\/www.amberlithuania.com\/en\/"},{"@type":"ListItem","position":2,"name":"Shop","item":"https:\/\/www.amberlithuania.com\/en\/shop\/"},{"@type":"ListItem","position":3,"name":"Gold earrings with amber butterflies gift for a girl children&#8217;s accessories children&#8217;s earrings. Gold-plated silver 925 gift for children"}]},{"@type":"WebSite","@id":"https:\/\/www.amberlithuania.com\/en\/#website","url":"https:\/\/www.amberlithuania.com\/en\/","name":"amberlithuania.com","description":"Gintariniai papuo\u0161alai Kal\u0117din\u0117s dovanos Juvelyriniai dirbiniai","publisher":{"@id":"https:\/\/www.amberlithuania.com\/en\/#\/schema\/person\/6ba64bb15b47b2e25b6ff0bba2850db7"},"potentialAction":[{"@type":"SearchAction","target":{"@type":"EntryPoint","urlTemplate":"https:\/\/www.amberlithuania.com\/en\/?s={search_term_string}"},"query-input":{"@type":"PropertyValueSpecification","valueRequired":true,"valueName":"search_term_string"}}],"inLanguage":"en-US"},{"@type":["Person","Organization"],"@id":"https:\/\/www.amberlithuania.com\/en\/#\/schema\/person\/6ba64bb15b47b2e25b6ff0bba2850db7","name":"amberlithuania.com","image":{"@type":"ImageObject","inLanguage":"en-US","@id":"https:\/\/www.amberlithuania.com\/en\/#\/schema\/person\/image\/","url":"https:\/\/www.amberlithuania.com\/wp-content\/uploads\/2022\/02\/20220222_162041-scaled.jpg","contentUrl":"https:\/\/www.amberlithuania.com\/wp-content\/uploads\/2022\/02\/20220222_162041-scaled.jpg","width":2560,"height":2560,"caption":"amberlithuania.com"},"logo":{"@id":"https:\/\/www.amberlithuania.com\/en\/#\/schema\/person\/image\/"},"sameAs":["http:\/\/www.amberlithuania.com","https:\/\/www.facebook.com\/GintaroGaliaAmberLithuania\/","https:\/\/x.com\/amberlithuania.com"]}]}},"_links":{"self":[{"href":"https:\/\/www.amberlithuania.com\/en\/wp-json\/wp\/v2\/product\/23681","targetHints":{"allow":["GET"]}}],"collection":[{"href":"https:\/\/www.amberlithuania.com\/en\/wp-json\/wp\/v2\/product"}],"about":[{"href":"https:\/\/www.amberlithuania.com\/en\/wp-json\/wp\/v2\/types\/product"}],"replies":[{"embeddable":true,"href":"https:\/\/www.amberlithuania.com\/en\/wp-json\/wp\/v2\/comments?post=23681"}],"wp:featuredmedia":[{"embeddable":true,"href":"https:\/\/www.amberlithuania.com\/en\/wp-json\/wp\/v2\/media\/23082"}],"wp:attachment":[{"href":"https:\/\/www.amberlithuania.com\/en\/wp-json\/wp\/v2\/media?parent=23681"}],"wp:term":[{"taxonomy":"product_brand","embeddable":true,"href":"https:\/\/www.amberlithuania.com\/en\/wp-json\/wp\/v2\/product_brand?post=23681"},{"taxonomy":"product_cat","embeddable":true,"href":"https:\/\/www.amberlithuania.com\/en\/wp-json\/wp\/v2\/product_cat?post=23681"},{"taxonomy":"product_tag","embeddable":true,"href":"https:\/\/www.amberlithuania.com\/en\/wp-json\/wp\/v2\/product_tag?post=23681"}],"curies":[{"name":"wp","href":"https:\/\/api.w.org\/{rel}","templated":true}]}}