{"id":21598,"date":"2024-11-08T10:41:18","date_gmt":"2024-11-08T08:41:18","guid":{"rendered":"https:\/\/www.amberlithuania.com\/parduotuve\/uncategorized\/clip-on-earrings-sterling-silver-clips-no-hole-earring-green-amber-hoop-earrings\/"},"modified":"2025-01-23T14:13:28","modified_gmt":"2025-01-23T12:13:28","slug":"clip-on-earrings-sterling-silver-clips-no-hole-earring-green-amber-hoop-earrings","status":"publish","type":"product","link":"https:\/\/www.amberlithuania.com\/en\/parduotuve\/earrings\/clip-on-earrings-sterling-silver-clips-no-hole-earring-green-amber-hoop-earrings\/","title":{"rendered":"Clip on earrings Sterling silver clips No hole earring Green Amber hoop earrings"},"content":{"rendered":"<p>Clip on earrings Sterling silver clips No hole earring Green Amber hoop earrings 1,8 cm.  <\/p>\n","protected":false},"excerpt":{"rendered":"<p>Clip on earrings Sterling silver clips No hole earring Green Amber hoop earrings 1,8 cm.  <\/p>\n<p>925 Svoris: 2,99 gr Sterling silver 925 earrings for mother or girls with amber gift for her handmade jewelery<\/p>\n","protected":false},"featured_media":21484,"comment_status":"open","ping_status":"closed","template":"","meta":[],"product_brand":[],"product_cat":[98],"product_tag":[1227,579,2243,2244,1354,500,488,2221,2124,2266,2125,478],"class_list":{"0":"post-21598","1":"product","2":"type-product","3":"status-publish","4":"has-post-thumbnail","6":"product_cat-earrings","7":"product_tag-amber-baltic-dangle-earring-en","8":"product_tag-amber-earrings-en-2","9":"product_tag-baltic-amber-clips-en","10":"product_tag-clip-on-earrings-en","11":"product_tag-clip-on-earrings-sterling-silver-clips-no-hole-earring-green-amber-hoop-earrings","12":"product_tag-earrings","13":"product_tag-green-amber","14":"product_tag-green-amber-en-6","15":"product_tag-green-amber-earring-en","16":"product_tag-short-earrings","17":"product_tag-silver-earring-en","18":"product_tag-silver-earrings","20":"first","21":"instock","22":"sale","23":"shipping-taxable","24":"purchasable","25":"product-type-simple"},"yoast_head":"<!-- This site is optimized with the Yoast SEO plugin v26.6 - https:\/\/yoast.com\/wordpress\/plugins\/seo\/ -->\n<title>Clip on earrings Sterling silver clips No hole earring Green Amber hoop earrings - amberlithuania.com<\/title>\n<meta name=\"description\" content=\"Clip on earrings Sterling silver clips No hole earring Green Amber hoop earrings\" \/>\n<meta name=\"robots\" content=\"index, follow, max-snippet:-1, max-image-preview:large, max-video-preview:-1\" \/>\n<link rel=\"canonical\" href=\"https:\/\/www.amberlithuania.com\/en\/parduotuve\/earrings\/clip-on-earrings-sterling-silver-clips-no-hole-earring-green-amber-hoop-earrings\/\" \/>\n<meta property=\"og:locale\" content=\"en_US\" \/>\n<meta property=\"og:type\" content=\"article\" \/>\n<meta property=\"og:title\" content=\"Clip on earrings Sterling silver clips No hole earring Green Amber hoop earrings - amberlithuania.com\" \/>\n<meta property=\"og:description\" content=\"Clip on earrings Sterling silver clips No hole earring Green Amber hoop earrings\" \/>\n<meta property=\"og:url\" content=\"https:\/\/www.amberlithuania.com\/en\/parduotuve\/earrings\/clip-on-earrings-sterling-silver-clips-no-hole-earring-green-amber-hoop-earrings\/\" \/>\n<meta property=\"og:site_name\" content=\"amberlithuania.com\" \/>\n<meta property=\"article:publisher\" content=\"https:\/\/www.facebook.com\/GintaroGaliaAmberLithuania\/\" \/>\n<meta property=\"article:modified_time\" content=\"2025-01-23T12:13:28+00:00\" \/>\n<meta property=\"og:image\" content=\"https:\/\/www.amberlithuania.com\/wp-content\/uploads\/2024\/11\/20220308_131841-scaled.jpg\" \/>\n\t<meta property=\"og:image:width\" content=\"2560\" \/>\n\t<meta property=\"og:image:height\" content=\"2560\" \/>\n\t<meta property=\"og:image:type\" content=\"image\/jpeg\" \/>\n<meta name=\"twitter:card\" content=\"summary_large_image\" \/>\n<meta name=\"twitter:site\" content=\"@com\" \/>\n<script type=\"application\/ld+json\" class=\"yoast-schema-graph\">{\"@context\":\"https:\/\/schema.org\",\"@graph\":[{\"@type\":\"WebPage\",\"@id\":\"https:\/\/www.amberlithuania.com\/en\/parduotuve\/earrings\/clip-on-earrings-sterling-silver-clips-no-hole-earring-green-amber-hoop-earrings\/\",\"url\":\"https:\/\/www.amberlithuania.com\/en\/parduotuve\/earrings\/clip-on-earrings-sterling-silver-clips-no-hole-earring-green-amber-hoop-earrings\/\",\"name\":\"Clip on earrings Sterling silver clips No hole earring Green Amber hoop earrings - amberlithuania.com\",\"isPartOf\":{\"@id\":\"https:\/\/www.amberlithuania.com\/en\/#website\"},\"primaryImageOfPage\":{\"@id\":\"https:\/\/www.amberlithuania.com\/en\/parduotuve\/earrings\/clip-on-earrings-sterling-silver-clips-no-hole-earring-green-amber-hoop-earrings\/#primaryimage\"},\"image\":{\"@id\":\"https:\/\/www.amberlithuania.com\/en\/parduotuve\/earrings\/clip-on-earrings-sterling-silver-clips-no-hole-earring-green-amber-hoop-earrings\/#primaryimage\"},\"thumbnailUrl\":\"https:\/\/www.amberlithuania.com\/wp-content\/uploads\/2024\/11\/20220308_131841-scaled.jpg\",\"datePublished\":\"2024-11-08T08:41:18+00:00\",\"dateModified\":\"2025-01-23T12:13:28+00:00\",\"description\":\"Clip on earrings Sterling silver clips No hole earring Green Amber hoop earrings\",\"breadcrumb\":{\"@id\":\"https:\/\/www.amberlithuania.com\/en\/parduotuve\/earrings\/clip-on-earrings-sterling-silver-clips-no-hole-earring-green-amber-hoop-earrings\/#breadcrumb\"},\"inLanguage\":\"en-US\",\"potentialAction\":[{\"@type\":\"ReadAction\",\"target\":[\"https:\/\/www.amberlithuania.com\/en\/parduotuve\/earrings\/clip-on-earrings-sterling-silver-clips-no-hole-earring-green-amber-hoop-earrings\/\"]}]},{\"@type\":\"ImageObject\",\"inLanguage\":\"en-US\",\"@id\":\"https:\/\/www.amberlithuania.com\/en\/parduotuve\/earrings\/clip-on-earrings-sterling-silver-clips-no-hole-earring-green-amber-hoop-earrings\/#primaryimage\",\"url\":\"https:\/\/www.amberlithuania.com\/wp-content\/uploads\/2024\/11\/20220308_131841-scaled.jpg\",\"contentUrl\":\"https:\/\/www.amberlithuania.com\/wp-content\/uploads\/2024\/11\/20220308_131841-scaled.jpg\",\"width\":2560,\"height\":2560,\"caption\":\"Sidabriniai klipsai su \u017ealiu gintaru\"},{\"@type\":\"BreadcrumbList\",\"@id\":\"https:\/\/www.amberlithuania.com\/en\/parduotuve\/earrings\/clip-on-earrings-sterling-silver-clips-no-hole-earring-green-amber-hoop-earrings\/#breadcrumb\",\"itemListElement\":[{\"@type\":\"ListItem\",\"position\":1,\"name\":\"Home\",\"item\":\"https:\/\/www.amberlithuania.com\/en\/\"},{\"@type\":\"ListItem\",\"position\":2,\"name\":\"Shop\",\"item\":\"https:\/\/www.amberlithuania.com\/en\/shop\/\"},{\"@type\":\"ListItem\",\"position\":3,\"name\":\"Clip on earrings Sterling silver clips No hole earring Green Amber hoop earrings\"}]},{\"@type\":\"WebSite\",\"@id\":\"https:\/\/www.amberlithuania.com\/en\/#website\",\"url\":\"https:\/\/www.amberlithuania.com\/en\/\",\"name\":\"amberlithuania.com\",\"description\":\"Gintariniai papuo\u0161alai Kal\u0117din\u0117s dovanos Juvelyriniai dirbiniai\",\"publisher\":{\"@id\":\"https:\/\/www.amberlithuania.com\/en\/#\/schema\/person\/6ba64bb15b47b2e25b6ff0bba2850db7\"},\"potentialAction\":[{\"@type\":\"SearchAction\",\"target\":{\"@type\":\"EntryPoint\",\"urlTemplate\":\"https:\/\/www.amberlithuania.com\/en\/?s={search_term_string}\"},\"query-input\":{\"@type\":\"PropertyValueSpecification\",\"valueRequired\":true,\"valueName\":\"search_term_string\"}}],\"inLanguage\":\"en-US\"},{\"@type\":[\"Person\",\"Organization\"],\"@id\":\"https:\/\/www.amberlithuania.com\/en\/#\/schema\/person\/6ba64bb15b47b2e25b6ff0bba2850db7\",\"name\":\"amberlithuania.com\",\"image\":{\"@type\":\"ImageObject\",\"inLanguage\":\"en-US\",\"@id\":\"https:\/\/www.amberlithuania.com\/en\/#\/schema\/person\/image\/\",\"url\":\"https:\/\/www.amberlithuania.com\/wp-content\/uploads\/2022\/02\/20220222_162041-scaled.jpg\",\"contentUrl\":\"https:\/\/www.amberlithuania.com\/wp-content\/uploads\/2022\/02\/20220222_162041-scaled.jpg\",\"width\":2560,\"height\":2560,\"caption\":\"amberlithuania.com\"},\"logo\":{\"@id\":\"https:\/\/www.amberlithuania.com\/en\/#\/schema\/person\/image\/\"},\"sameAs\":[\"http:\/\/www.amberlithuania.com\",\"https:\/\/www.facebook.com\/GintaroGaliaAmberLithuania\/\",\"https:\/\/x.com\/amberlithuania.com\"]}]}<\/script>\n<!-- \/ Yoast SEO plugin. -->","yoast_head_json":{"title":"Clip on earrings Sterling silver clips No hole earring Green Amber hoop earrings - amberlithuania.com","description":"Clip on earrings Sterling silver clips No hole earring Green Amber hoop earrings","robots":{"index":"index","follow":"follow","max-snippet":"max-snippet:-1","max-image-preview":"max-image-preview:large","max-video-preview":"max-video-preview:-1"},"canonical":"https:\/\/www.amberlithuania.com\/en\/parduotuve\/earrings\/clip-on-earrings-sterling-silver-clips-no-hole-earring-green-amber-hoop-earrings\/","og_locale":"en_US","og_type":"article","og_title":"Clip on earrings Sterling silver clips No hole earring Green Amber hoop earrings - amberlithuania.com","og_description":"Clip on earrings Sterling silver clips No hole earring Green Amber hoop earrings","og_url":"https:\/\/www.amberlithuania.com\/en\/parduotuve\/earrings\/clip-on-earrings-sterling-silver-clips-no-hole-earring-green-amber-hoop-earrings\/","og_site_name":"amberlithuania.com","article_publisher":"https:\/\/www.facebook.com\/GintaroGaliaAmberLithuania\/","article_modified_time":"2025-01-23T12:13:28+00:00","og_image":[{"width":2560,"height":2560,"url":"https:\/\/www.amberlithuania.com\/wp-content\/uploads\/2024\/11\/20220308_131841-scaled.jpg","type":"image\/jpeg"}],"twitter_card":"summary_large_image","twitter_site":"@com","schema":{"@context":"https:\/\/schema.org","@graph":[{"@type":"WebPage","@id":"https:\/\/www.amberlithuania.com\/en\/parduotuve\/earrings\/clip-on-earrings-sterling-silver-clips-no-hole-earring-green-amber-hoop-earrings\/","url":"https:\/\/www.amberlithuania.com\/en\/parduotuve\/earrings\/clip-on-earrings-sterling-silver-clips-no-hole-earring-green-amber-hoop-earrings\/","name":"Clip on earrings Sterling silver clips No hole earring Green Amber hoop earrings - amberlithuania.com","isPartOf":{"@id":"https:\/\/www.amberlithuania.com\/en\/#website"},"primaryImageOfPage":{"@id":"https:\/\/www.amberlithuania.com\/en\/parduotuve\/earrings\/clip-on-earrings-sterling-silver-clips-no-hole-earring-green-amber-hoop-earrings\/#primaryimage"},"image":{"@id":"https:\/\/www.amberlithuania.com\/en\/parduotuve\/earrings\/clip-on-earrings-sterling-silver-clips-no-hole-earring-green-amber-hoop-earrings\/#primaryimage"},"thumbnailUrl":"https:\/\/www.amberlithuania.com\/wp-content\/uploads\/2024\/11\/20220308_131841-scaled.jpg","datePublished":"2024-11-08T08:41:18+00:00","dateModified":"2025-01-23T12:13:28+00:00","description":"Clip on earrings Sterling silver clips No hole earring Green Amber hoop earrings","breadcrumb":{"@id":"https:\/\/www.amberlithuania.com\/en\/parduotuve\/earrings\/clip-on-earrings-sterling-silver-clips-no-hole-earring-green-amber-hoop-earrings\/#breadcrumb"},"inLanguage":"en-US","potentialAction":[{"@type":"ReadAction","target":["https:\/\/www.amberlithuania.com\/en\/parduotuve\/earrings\/clip-on-earrings-sterling-silver-clips-no-hole-earring-green-amber-hoop-earrings\/"]}]},{"@type":"ImageObject","inLanguage":"en-US","@id":"https:\/\/www.amberlithuania.com\/en\/parduotuve\/earrings\/clip-on-earrings-sterling-silver-clips-no-hole-earring-green-amber-hoop-earrings\/#primaryimage","url":"https:\/\/www.amberlithuania.com\/wp-content\/uploads\/2024\/11\/20220308_131841-scaled.jpg","contentUrl":"https:\/\/www.amberlithuania.com\/wp-content\/uploads\/2024\/11\/20220308_131841-scaled.jpg","width":2560,"height":2560,"caption":"Sidabriniai klipsai su \u017ealiu gintaru"},{"@type":"BreadcrumbList","@id":"https:\/\/www.amberlithuania.com\/en\/parduotuve\/earrings\/clip-on-earrings-sterling-silver-clips-no-hole-earring-green-amber-hoop-earrings\/#breadcrumb","itemListElement":[{"@type":"ListItem","position":1,"name":"Home","item":"https:\/\/www.amberlithuania.com\/en\/"},{"@type":"ListItem","position":2,"name":"Shop","item":"https:\/\/www.amberlithuania.com\/en\/shop\/"},{"@type":"ListItem","position":3,"name":"Clip on earrings Sterling silver clips No hole earring Green Amber hoop earrings"}]},{"@type":"WebSite","@id":"https:\/\/www.amberlithuania.com\/en\/#website","url":"https:\/\/www.amberlithuania.com\/en\/","name":"amberlithuania.com","description":"Gintariniai papuo\u0161alai Kal\u0117din\u0117s dovanos Juvelyriniai dirbiniai","publisher":{"@id":"https:\/\/www.amberlithuania.com\/en\/#\/schema\/person\/6ba64bb15b47b2e25b6ff0bba2850db7"},"potentialAction":[{"@type":"SearchAction","target":{"@type":"EntryPoint","urlTemplate":"https:\/\/www.amberlithuania.com\/en\/?s={search_term_string}"},"query-input":{"@type":"PropertyValueSpecification","valueRequired":true,"valueName":"search_term_string"}}],"inLanguage":"en-US"},{"@type":["Person","Organization"],"@id":"https:\/\/www.amberlithuania.com\/en\/#\/schema\/person\/6ba64bb15b47b2e25b6ff0bba2850db7","name":"amberlithuania.com","image":{"@type":"ImageObject","inLanguage":"en-US","@id":"https:\/\/www.amberlithuania.com\/en\/#\/schema\/person\/image\/","url":"https:\/\/www.amberlithuania.com\/wp-content\/uploads\/2022\/02\/20220222_162041-scaled.jpg","contentUrl":"https:\/\/www.amberlithuania.com\/wp-content\/uploads\/2022\/02\/20220222_162041-scaled.jpg","width":2560,"height":2560,"caption":"amberlithuania.com"},"logo":{"@id":"https:\/\/www.amberlithuania.com\/en\/#\/schema\/person\/image\/"},"sameAs":["http:\/\/www.amberlithuania.com","https:\/\/www.facebook.com\/GintaroGaliaAmberLithuania\/","https:\/\/x.com\/amberlithuania.com"]}]}},"_links":{"self":[{"href":"https:\/\/www.amberlithuania.com\/en\/wp-json\/wp\/v2\/product\/21598","targetHints":{"allow":["GET"]}}],"collection":[{"href":"https:\/\/www.amberlithuania.com\/en\/wp-json\/wp\/v2\/product"}],"about":[{"href":"https:\/\/www.amberlithuania.com\/en\/wp-json\/wp\/v2\/types\/product"}],"replies":[{"embeddable":true,"href":"https:\/\/www.amberlithuania.com\/en\/wp-json\/wp\/v2\/comments?post=21598"}],"wp:featuredmedia":[{"embeddable":true,"href":"https:\/\/www.amberlithuania.com\/en\/wp-json\/wp\/v2\/media\/21484"}],"wp:attachment":[{"href":"https:\/\/www.amberlithuania.com\/en\/wp-json\/wp\/v2\/media?parent=21598"}],"wp:term":[{"taxonomy":"product_brand","embeddable":true,"href":"https:\/\/www.amberlithuania.com\/en\/wp-json\/wp\/v2\/product_brand?post=21598"},{"taxonomy":"product_cat","embeddable":true,"href":"https:\/\/www.amberlithuania.com\/en\/wp-json\/wp\/v2\/product_cat?post=21598"},{"taxonomy":"product_tag","embeddable":true,"href":"https:\/\/www.amberlithuania.com\/en\/wp-json\/wp\/v2\/product_tag?post=21598"}],"curies":[{"name":"wp","href":"https:\/\/api.w.org\/{rel}","templated":true}]}}