{"id":19354,"date":"2024-03-02T16:28:17","date_gmt":"2024-03-02T14:28:17","guid":{"rendered":"https:\/\/www.amberlithuania.com\/parduotuve\/uncategorized\/red-amber-ring-ruby-red-baltic-amber-adjustable-ring-resizeable-statment-ring-gold-jewelry-gift-for-her-christmas-gift-idea-unisex\/"},"modified":"2024-03-02T17:51:15","modified_gmt":"2024-03-02T15:51:15","slug":"red-amber-ring-ruby-red-baltic-amber-adjustable-ring-resizeable-statment-ring-gold-jewelry-gift-for-her-christmas-gift-idea-unisex","status":"publish","type":"product","link":"https:\/\/www.amberlithuania.com\/en\/parduotuve\/rings\/red-amber-ring-ruby-red-baltic-amber-adjustable-ring-resizeable-statment-ring-gold-jewelry-gift-for-her-christmas-gift-idea-unisex\/","title":{"rendered":"Red Amber Ring, Ruby Red Baltic Amber, Adjustable ring, resizeable statment ring, Gold Jewelry, gift for her, Christmas gift Idea unisex"},"content":{"rendered":"<p>Red Amber Ring, Ruby Red Baltic Amber, Adjustable ring, resizeable statment ring, Gold Jewelry, gift for her, Christmas gift Idea unisex 2,6 x 2,2 cm, 9,06 gr. gold plated silver 925. <\/p>\n","protected":false},"excerpt":{"rendered":"<p>Red Amber Ring, Ruby Red Baltic Amber, Adjustable ring, resizeable statment ring, Gold Jewelry, gift for her, Christmas gift Idea unisex 2,6 x 2,2 cm, 9,06 gr. gold plated silver 925. <\/p>\n","protected":false},"featured_media":27698,"comment_status":"open","ping_status":"closed","template":"","meta":[],"product_brand":[],"product_cat":[103],"product_tag":[1148,411,316,2079,2218,2428,480,932,2103,2350,858,2418,493],"class_list":{"0":"post-19354","1":"product","2":"type-product","3":"status-publish","4":"has-post-thumbnail","6":"product_cat-rings","7":"product_tag-amber-gold-plated-sterling-silver-ring","8":"product_tag-amber-ring","9":"product_tag-baltic-amber","10":"product_tag-baltic-amber-gift-en","11":"product_tag-baltic-amber-jewelry-en","12":"product_tag-big-ring","13":"product_tag-gold-and-amber","14":"product_tag-gold-ring-en-2","15":"product_tag-mens-jewelery-en","16":"product_tag-mens-rings","17":"product_tag-raudonas-gintaras-en","18":"product_tag-red-amber-en","19":"product_tag-with-green-amber","21":"first","22":"instock","23":"shipping-taxable","24":"purchasable","25":"product-type-simple"},"yoast_head":"<!-- This site is optimized with the Yoast SEO plugin v26.6 - https:\/\/yoast.com\/wordpress\/plugins\/seo\/ -->\n<title>Red Amber Ring, Ruby Red Baltic Amber, Adjustable ring, resizeable statment ring, Gold Jewelry, gift for her, Christmas gift Idea unisex - amberlithuania.com<\/title>\n<meta name=\"description\" content=\"Red Amber Ring, Ruby Red Baltic Amber, Adjustable ring, resizeable statment ring, Gold Jewelry, gift for her, Christmas gift Idea unisex Red Amber Ring, Ruby Red Baltic Amber, Adjustable ring, resizeable statment ring, Gold Jewelry, gift for her, Christmas gift Idea unisex\" \/>\n<meta name=\"robots\" content=\"index, follow, max-snippet:-1, max-image-preview:large, max-video-preview:-1\" \/>\n<link rel=\"canonical\" href=\"https:\/\/www.amberlithuania.com\/en\/parduotuve\/rings\/red-amber-ring-ruby-red-baltic-amber-adjustable-ring-resizeable-statment-ring-gold-jewelry-gift-for-her-christmas-gift-idea-unisex\/\" \/>\n<meta property=\"og:locale\" content=\"en_US\" \/>\n<meta property=\"og:type\" content=\"article\" \/>\n<meta property=\"og:title\" content=\"Red Amber Ring, Ruby Red Baltic Amber, Adjustable ring, resizeable statment ring, Gold Jewelry, gift for her, Christmas gift Idea unisex - amberlithuania.com\" \/>\n<meta property=\"og:description\" content=\"Red Amber Ring, Ruby Red Baltic Amber, Adjustable ring, resizeable statment ring, Gold Jewelry, gift for her, Christmas gift Idea unisex Red Amber Ring, Ruby Red Baltic Amber, Adjustable ring, resizeable statment ring, Gold Jewelry, gift for her, Christmas gift Idea unisex\" \/>\n<meta property=\"og:url\" content=\"https:\/\/www.amberlithuania.com\/en\/parduotuve\/rings\/red-amber-ring-ruby-red-baltic-amber-adjustable-ring-resizeable-statment-ring-gold-jewelry-gift-for-her-christmas-gift-idea-unisex\/\" \/>\n<meta property=\"og:site_name\" content=\"amberlithuania.com\" \/>\n<meta property=\"article:publisher\" content=\"https:\/\/www.facebook.com\/GintaroGaliaAmberLithuania\/\" \/>\n<meta property=\"article:modified_time\" content=\"2024-03-02T15:51:15+00:00\" \/>\n<meta property=\"og:image\" content=\"https:\/\/www.amberlithuania.com\/wp-content\/uploads\/2024\/02\/20240228_181338-scaled.jpg\" \/>\n\t<meta property=\"og:image:width\" content=\"2560\" \/>\n\t<meta property=\"og:image:height\" content=\"1920\" \/>\n\t<meta property=\"og:image:type\" content=\"image\/jpeg\" \/>\n<meta name=\"twitter:card\" content=\"summary_large_image\" \/>\n<meta name=\"twitter:site\" content=\"@com\" \/>\n<script type=\"application\/ld+json\" class=\"yoast-schema-graph\">{\"@context\":\"https:\/\/schema.org\",\"@graph\":[{\"@type\":\"WebPage\",\"@id\":\"https:\/\/www.amberlithuania.com\/en\/parduotuve\/rings\/red-amber-ring-ruby-red-baltic-amber-adjustable-ring-resizeable-statment-ring-gold-jewelry-gift-for-her-christmas-gift-idea-unisex\/\",\"url\":\"https:\/\/www.amberlithuania.com\/en\/parduotuve\/rings\/red-amber-ring-ruby-red-baltic-amber-adjustable-ring-resizeable-statment-ring-gold-jewelry-gift-for-her-christmas-gift-idea-unisex\/\",\"name\":\"Red Amber Ring, Ruby Red Baltic Amber, Adjustable ring, resizeable statment ring, Gold Jewelry, gift for her, Christmas gift Idea unisex - amberlithuania.com\",\"isPartOf\":{\"@id\":\"https:\/\/www.amberlithuania.com\/en\/#website\"},\"primaryImageOfPage\":{\"@id\":\"https:\/\/www.amberlithuania.com\/en\/parduotuve\/rings\/red-amber-ring-ruby-red-baltic-amber-adjustable-ring-resizeable-statment-ring-gold-jewelry-gift-for-her-christmas-gift-idea-unisex\/#primaryimage\"},\"image\":{\"@id\":\"https:\/\/www.amberlithuania.com\/en\/parduotuve\/rings\/red-amber-ring-ruby-red-baltic-amber-adjustable-ring-resizeable-statment-ring-gold-jewelry-gift-for-her-christmas-gift-idea-unisex\/#primaryimage\"},\"thumbnailUrl\":\"https:\/\/www.amberlithuania.com\/wp-content\/uploads\/2025\/10\/20251014_172327-scaled.jpg\",\"datePublished\":\"2024-03-02T14:28:17+00:00\",\"dateModified\":\"2024-03-02T15:51:15+00:00\",\"description\":\"Red Amber Ring, Ruby Red Baltic Amber, Adjustable ring, resizeable statment ring, Gold Jewelry, gift for her, Christmas gift Idea unisex Red Amber Ring, Ruby Red Baltic Amber, Adjustable ring, resizeable statment ring, Gold Jewelry, gift for her, Christmas gift Idea unisex\",\"breadcrumb\":{\"@id\":\"https:\/\/www.amberlithuania.com\/en\/parduotuve\/rings\/red-amber-ring-ruby-red-baltic-amber-adjustable-ring-resizeable-statment-ring-gold-jewelry-gift-for-her-christmas-gift-idea-unisex\/#breadcrumb\"},\"inLanguage\":\"en-US\",\"potentialAction\":[{\"@type\":\"ReadAction\",\"target\":[\"https:\/\/www.amberlithuania.com\/en\/parduotuve\/rings\/red-amber-ring-ruby-red-baltic-amber-adjustable-ring-resizeable-statment-ring-gold-jewelry-gift-for-her-christmas-gift-idea-unisex\/\"]}]},{\"@type\":\"ImageObject\",\"inLanguage\":\"en-US\",\"@id\":\"https:\/\/www.amberlithuania.com\/en\/parduotuve\/rings\/red-amber-ring-ruby-red-baltic-amber-adjustable-ring-resizeable-statment-ring-gold-jewelry-gift-for-her-christmas-gift-idea-unisex\/#primaryimage\",\"url\":\"https:\/\/www.amberlithuania.com\/wp-content\/uploads\/2025\/10\/20251014_172327-scaled.jpg\",\"contentUrl\":\"https:\/\/www.amberlithuania.com\/wp-content\/uploads\/2025\/10\/20251014_172327-scaled.jpg\",\"width\":2560,\"height\":1920,\"caption\":\"Raudono gintaro \u017eiedas reguliuojamo dyd\u017eio \u017eiedai.\"},{\"@type\":\"BreadcrumbList\",\"@id\":\"https:\/\/www.amberlithuania.com\/en\/parduotuve\/rings\/red-amber-ring-ruby-red-baltic-amber-adjustable-ring-resizeable-statment-ring-gold-jewelry-gift-for-her-christmas-gift-idea-unisex\/#breadcrumb\",\"itemListElement\":[{\"@type\":\"ListItem\",\"position\":1,\"name\":\"Home\",\"item\":\"https:\/\/www.amberlithuania.com\/en\/\"},{\"@type\":\"ListItem\",\"position\":2,\"name\":\"Shop\",\"item\":\"https:\/\/www.amberlithuania.com\/en\/shop\/\"},{\"@type\":\"ListItem\",\"position\":3,\"name\":\"Red Amber Ring, Ruby Red Baltic Amber, Adjustable ring, resizeable statment ring, Gold Jewelry, gift for her, Christmas gift Idea unisex\"}]},{\"@type\":\"WebSite\",\"@id\":\"https:\/\/www.amberlithuania.com\/en\/#website\",\"url\":\"https:\/\/www.amberlithuania.com\/en\/\",\"name\":\"amberlithuania.com\",\"description\":\"Gintariniai papuo\u0161alai Kal\u0117din\u0117s dovanos Juvelyriniai dirbiniai\",\"publisher\":{\"@id\":\"https:\/\/www.amberlithuania.com\/en\/#\/schema\/person\/6ba64bb15b47b2e25b6ff0bba2850db7\"},\"potentialAction\":[{\"@type\":\"SearchAction\",\"target\":{\"@type\":\"EntryPoint\",\"urlTemplate\":\"https:\/\/www.amberlithuania.com\/en\/?s={search_term_string}\"},\"query-input\":{\"@type\":\"PropertyValueSpecification\",\"valueRequired\":true,\"valueName\":\"search_term_string\"}}],\"inLanguage\":\"en-US\"},{\"@type\":[\"Person\",\"Organization\"],\"@id\":\"https:\/\/www.amberlithuania.com\/en\/#\/schema\/person\/6ba64bb15b47b2e25b6ff0bba2850db7\",\"name\":\"amberlithuania.com\",\"image\":{\"@type\":\"ImageObject\",\"inLanguage\":\"en-US\",\"@id\":\"https:\/\/www.amberlithuania.com\/en\/#\/schema\/person\/image\/\",\"url\":\"https:\/\/www.amberlithuania.com\/wp-content\/uploads\/2022\/02\/20220222_162041-scaled.jpg\",\"contentUrl\":\"https:\/\/www.amberlithuania.com\/wp-content\/uploads\/2022\/02\/20220222_162041-scaled.jpg\",\"width\":2560,\"height\":2560,\"caption\":\"amberlithuania.com\"},\"logo\":{\"@id\":\"https:\/\/www.amberlithuania.com\/en\/#\/schema\/person\/image\/\"},\"sameAs\":[\"http:\/\/www.amberlithuania.com\",\"https:\/\/www.facebook.com\/GintaroGaliaAmberLithuania\/\",\"https:\/\/x.com\/amberlithuania.com\"]}]}<\/script>\n<!-- \/ Yoast SEO plugin. -->","yoast_head_json":{"title":"Red Amber Ring, Ruby Red Baltic Amber, Adjustable ring, resizeable statment ring, Gold Jewelry, gift for her, Christmas gift Idea unisex - amberlithuania.com","description":"Red Amber Ring, Ruby Red Baltic Amber, Adjustable ring, resizeable statment ring, Gold Jewelry, gift for her, Christmas gift Idea unisex Red Amber Ring, Ruby Red Baltic Amber, Adjustable ring, resizeable statment ring, Gold Jewelry, gift for her, Christmas gift Idea unisex","robots":{"index":"index","follow":"follow","max-snippet":"max-snippet:-1","max-image-preview":"max-image-preview:large","max-video-preview":"max-video-preview:-1"},"canonical":"https:\/\/www.amberlithuania.com\/en\/parduotuve\/rings\/red-amber-ring-ruby-red-baltic-amber-adjustable-ring-resizeable-statment-ring-gold-jewelry-gift-for-her-christmas-gift-idea-unisex\/","og_locale":"en_US","og_type":"article","og_title":"Red Amber Ring, Ruby Red Baltic Amber, Adjustable ring, resizeable statment ring, Gold Jewelry, gift for her, Christmas gift Idea unisex - amberlithuania.com","og_description":"Red Amber Ring, Ruby Red Baltic Amber, Adjustable ring, resizeable statment ring, Gold Jewelry, gift for her, Christmas gift Idea unisex Red Amber Ring, Ruby Red Baltic Amber, Adjustable ring, resizeable statment ring, Gold Jewelry, gift for her, Christmas gift Idea unisex","og_url":"https:\/\/www.amberlithuania.com\/en\/parduotuve\/rings\/red-amber-ring-ruby-red-baltic-amber-adjustable-ring-resizeable-statment-ring-gold-jewelry-gift-for-her-christmas-gift-idea-unisex\/","og_site_name":"amberlithuania.com","article_publisher":"https:\/\/www.facebook.com\/GintaroGaliaAmberLithuania\/","article_modified_time":"2024-03-02T15:51:15+00:00","og_image":[{"width":2560,"height":1920,"url":"https:\/\/www.amberlithuania.com\/wp-content\/uploads\/2024\/02\/20240228_181338-scaled.jpg","type":"image\/jpeg"}],"twitter_card":"summary_large_image","twitter_site":"@com","schema":{"@context":"https:\/\/schema.org","@graph":[{"@type":"WebPage","@id":"https:\/\/www.amberlithuania.com\/en\/parduotuve\/rings\/red-amber-ring-ruby-red-baltic-amber-adjustable-ring-resizeable-statment-ring-gold-jewelry-gift-for-her-christmas-gift-idea-unisex\/","url":"https:\/\/www.amberlithuania.com\/en\/parduotuve\/rings\/red-amber-ring-ruby-red-baltic-amber-adjustable-ring-resizeable-statment-ring-gold-jewelry-gift-for-her-christmas-gift-idea-unisex\/","name":"Red Amber Ring, Ruby Red Baltic Amber, Adjustable ring, resizeable statment ring, Gold Jewelry, gift for her, Christmas gift Idea unisex - amberlithuania.com","isPartOf":{"@id":"https:\/\/www.amberlithuania.com\/en\/#website"},"primaryImageOfPage":{"@id":"https:\/\/www.amberlithuania.com\/en\/parduotuve\/rings\/red-amber-ring-ruby-red-baltic-amber-adjustable-ring-resizeable-statment-ring-gold-jewelry-gift-for-her-christmas-gift-idea-unisex\/#primaryimage"},"image":{"@id":"https:\/\/www.amberlithuania.com\/en\/parduotuve\/rings\/red-amber-ring-ruby-red-baltic-amber-adjustable-ring-resizeable-statment-ring-gold-jewelry-gift-for-her-christmas-gift-idea-unisex\/#primaryimage"},"thumbnailUrl":"https:\/\/www.amberlithuania.com\/wp-content\/uploads\/2025\/10\/20251014_172327-scaled.jpg","datePublished":"2024-03-02T14:28:17+00:00","dateModified":"2024-03-02T15:51:15+00:00","description":"Red Amber Ring, Ruby Red Baltic Amber, Adjustable ring, resizeable statment ring, Gold Jewelry, gift for her, Christmas gift Idea unisex Red Amber Ring, Ruby Red Baltic Amber, Adjustable ring, resizeable statment ring, Gold Jewelry, gift for her, Christmas gift Idea unisex","breadcrumb":{"@id":"https:\/\/www.amberlithuania.com\/en\/parduotuve\/rings\/red-amber-ring-ruby-red-baltic-amber-adjustable-ring-resizeable-statment-ring-gold-jewelry-gift-for-her-christmas-gift-idea-unisex\/#breadcrumb"},"inLanguage":"en-US","potentialAction":[{"@type":"ReadAction","target":["https:\/\/www.amberlithuania.com\/en\/parduotuve\/rings\/red-amber-ring-ruby-red-baltic-amber-adjustable-ring-resizeable-statment-ring-gold-jewelry-gift-for-her-christmas-gift-idea-unisex\/"]}]},{"@type":"ImageObject","inLanguage":"en-US","@id":"https:\/\/www.amberlithuania.com\/en\/parduotuve\/rings\/red-amber-ring-ruby-red-baltic-amber-adjustable-ring-resizeable-statment-ring-gold-jewelry-gift-for-her-christmas-gift-idea-unisex\/#primaryimage","url":"https:\/\/www.amberlithuania.com\/wp-content\/uploads\/2025\/10\/20251014_172327-scaled.jpg","contentUrl":"https:\/\/www.amberlithuania.com\/wp-content\/uploads\/2025\/10\/20251014_172327-scaled.jpg","width":2560,"height":1920,"caption":"Raudono gintaro \u017eiedas reguliuojamo dyd\u017eio \u017eiedai."},{"@type":"BreadcrumbList","@id":"https:\/\/www.amberlithuania.com\/en\/parduotuve\/rings\/red-amber-ring-ruby-red-baltic-amber-adjustable-ring-resizeable-statment-ring-gold-jewelry-gift-for-her-christmas-gift-idea-unisex\/#breadcrumb","itemListElement":[{"@type":"ListItem","position":1,"name":"Home","item":"https:\/\/www.amberlithuania.com\/en\/"},{"@type":"ListItem","position":2,"name":"Shop","item":"https:\/\/www.amberlithuania.com\/en\/shop\/"},{"@type":"ListItem","position":3,"name":"Red Amber Ring, Ruby Red Baltic Amber, Adjustable ring, resizeable statment ring, Gold Jewelry, gift for her, Christmas gift Idea unisex"}]},{"@type":"WebSite","@id":"https:\/\/www.amberlithuania.com\/en\/#website","url":"https:\/\/www.amberlithuania.com\/en\/","name":"amberlithuania.com","description":"Gintariniai papuo\u0161alai Kal\u0117din\u0117s dovanos Juvelyriniai dirbiniai","publisher":{"@id":"https:\/\/www.amberlithuania.com\/en\/#\/schema\/person\/6ba64bb15b47b2e25b6ff0bba2850db7"},"potentialAction":[{"@type":"SearchAction","target":{"@type":"EntryPoint","urlTemplate":"https:\/\/www.amberlithuania.com\/en\/?s={search_term_string}"},"query-input":{"@type":"PropertyValueSpecification","valueRequired":true,"valueName":"search_term_string"}}],"inLanguage":"en-US"},{"@type":["Person","Organization"],"@id":"https:\/\/www.amberlithuania.com\/en\/#\/schema\/person\/6ba64bb15b47b2e25b6ff0bba2850db7","name":"amberlithuania.com","image":{"@type":"ImageObject","inLanguage":"en-US","@id":"https:\/\/www.amberlithuania.com\/en\/#\/schema\/person\/image\/","url":"https:\/\/www.amberlithuania.com\/wp-content\/uploads\/2022\/02\/20220222_162041-scaled.jpg","contentUrl":"https:\/\/www.amberlithuania.com\/wp-content\/uploads\/2022\/02\/20220222_162041-scaled.jpg","width":2560,"height":2560,"caption":"amberlithuania.com"},"logo":{"@id":"https:\/\/www.amberlithuania.com\/en\/#\/schema\/person\/image\/"},"sameAs":["http:\/\/www.amberlithuania.com","https:\/\/www.facebook.com\/GintaroGaliaAmberLithuania\/","https:\/\/x.com\/amberlithuania.com"]}]}},"_links":{"self":[{"href":"https:\/\/www.amberlithuania.com\/en\/wp-json\/wp\/v2\/product\/19354","targetHints":{"allow":["GET"]}}],"collection":[{"href":"https:\/\/www.amberlithuania.com\/en\/wp-json\/wp\/v2\/product"}],"about":[{"href":"https:\/\/www.amberlithuania.com\/en\/wp-json\/wp\/v2\/types\/product"}],"replies":[{"embeddable":true,"href":"https:\/\/www.amberlithuania.com\/en\/wp-json\/wp\/v2\/comments?post=19354"}],"wp:featuredmedia":[{"embeddable":true,"href":"https:\/\/www.amberlithuania.com\/en\/wp-json\/wp\/v2\/media\/27698"}],"wp:attachment":[{"href":"https:\/\/www.amberlithuania.com\/en\/wp-json\/wp\/v2\/media?parent=19354"}],"wp:term":[{"taxonomy":"product_brand","embeddable":true,"href":"https:\/\/www.amberlithuania.com\/en\/wp-json\/wp\/v2\/product_brand?post=19354"},{"taxonomy":"product_cat","embeddable":true,"href":"https:\/\/www.amberlithuania.com\/en\/wp-json\/wp\/v2\/product_cat?post=19354"},{"taxonomy":"product_tag","embeddable":true,"href":"https:\/\/www.amberlithuania.com\/en\/wp-json\/wp\/v2\/product_tag?post=19354"}],"curies":[{"name":"wp","href":"https:\/\/api.w.org\/{rel}","templated":true}]}}