{"id":18795,"date":"2024-01-24T12:18:16","date_gmt":"2024-01-24T10:18:16","guid":{"rendered":"https:\/\/www.amberlithuania.com\/parduotuve\/uncategorized\/akiniu-laikiklis-su-gintaru-gintariniai-akiniu-karoliai-laikikliai\/"},"modified":"2024-01-24T12:21:42","modified_gmt":"2024-01-24T10:21:42","slug":"amber-glasses-chain-necklace-for-sunglasses","status":"publish","type":"product","link":"https:\/\/www.amberlithuania.com\/en\/parduotuve\/other-items\/amber-glasses-chain-necklace-for-sunglasses\/","title":{"rendered":"Amber glasses Chain necklace for sunglasses"},"content":{"rendered":"<p>Colorful Amber Sunglasses Chain<br \/>\nMulti color amber sunglasses chain! Handmade with 100% natural organic Baltic amber, glasses chain also designed to be used as an awesome bracelet or necklace. Multi color polished amber beads are unique that\u2019s why every chain is one of the kind.<\/p>\n","protected":false},"excerpt":{"rendered":"<p>Multi color amber sunglasses chain! Handmade with 100% natural organic Baltic amber, glasses chain also designed to be used as an awesome bracelet or necklace. Multi color polished amber beads are unique that\u2019s why every chain is one of the kind.<\/p>\n","protected":false},"featured_media":18793,"comment_status":"open","ping_status":"closed","template":"","meta":[],"product_brand":[],"product_cat":[106],"product_tag":[917,416,1101,414,2052,918,1370,2238],"class_list":{"0":"post-18795","1":"product","2":"type-product","3":"status-publish","4":"has-post-thumbnail","6":"product_cat-other-items","7":"product_tag-akiniu-laikiklis-su-gintaru-en","8":"product_tag-gift-fo-rmother","9":"product_tag-gift-for-grandmother","10":"product_tag-gift-for-her-en","11":"product_tag-gift-for-mothers-day","12":"product_tag-gintariniai-akiniu-karoliai-laikikliai-en","13":"product_tag-mathers-day-gift","14":"product_tag-mothers-day-gift","16":"first","17":"instock","18":"shipping-taxable","19":"purchasable","20":"product-type-simple"},"yoast_head":"<!-- This site is optimized with the Yoast SEO plugin v26.6 - https:\/\/yoast.com\/wordpress\/plugins\/seo\/ -->\n<title>Amber glasses Chain necklace for sunglasses - amberlithuania.com<\/title>\n<meta name=\"description\" content=\"Multi color amber sunglasses chain! Handmade with 100% natural organic Baltic amber, glasses chain also designed to be used as an awesome bracelet or necklace. Multi color polished amber beads are unique that\u2019s why every chain is one of the kind.\" \/>\n<meta name=\"robots\" content=\"index, follow, max-snippet:-1, max-image-preview:large, max-video-preview:-1\" \/>\n<link rel=\"canonical\" href=\"https:\/\/www.amberlithuania.com\/en\/parduotuve\/other-items\/amber-glasses-chain-necklace-for-sunglasses\/\" \/>\n<meta property=\"og:locale\" content=\"en_US\" \/>\n<meta property=\"og:type\" content=\"article\" \/>\n<meta property=\"og:title\" content=\"Amber glasses Chain necklace for sunglasses - amberlithuania.com\" \/>\n<meta property=\"og:description\" content=\"Multi color amber sunglasses chain! Handmade with 100% natural organic Baltic amber, glasses chain also designed to be used as an awesome bracelet or necklace. Multi color polished amber beads are unique that\u2019s why every chain is one of the kind.\" \/>\n<meta property=\"og:url\" content=\"https:\/\/www.amberlithuania.com\/en\/parduotuve\/other-items\/amber-glasses-chain-necklace-for-sunglasses\/\" \/>\n<meta property=\"og:site_name\" content=\"amberlithuania.com\" \/>\n<meta property=\"article:publisher\" content=\"https:\/\/www.facebook.com\/GintaroGaliaAmberLithuania\/\" \/>\n<meta property=\"article:modified_time\" content=\"2024-01-24T10:21:42+00:00\" \/>\n<meta property=\"og:image\" content=\"https:\/\/www.amberlithuania.com\/wp-content\/uploads\/2024\/01\/20240124_095913-scaled.jpg\" \/>\n\t<meta property=\"og:image:width\" content=\"2560\" \/>\n\t<meta property=\"og:image:height\" content=\"1920\" \/>\n\t<meta property=\"og:image:type\" content=\"image\/jpeg\" \/>\n<meta name=\"twitter:card\" content=\"summary_large_image\" \/>\n<meta name=\"twitter:site\" content=\"@com\" \/>\n<meta name=\"twitter:label1\" content=\"Est. reading time\" \/>\n\t<meta name=\"twitter:data1\" content=\"1 minute\" \/>\n<script type=\"application\/ld+json\" class=\"yoast-schema-graph\">{\"@context\":\"https:\/\/schema.org\",\"@graph\":[{\"@type\":\"WebPage\",\"@id\":\"https:\/\/www.amberlithuania.com\/en\/parduotuve\/other-items\/amber-glasses-chain-necklace-for-sunglasses\/\",\"url\":\"https:\/\/www.amberlithuania.com\/en\/parduotuve\/other-items\/amber-glasses-chain-necklace-for-sunglasses\/\",\"name\":\"Amber glasses Chain necklace for sunglasses - amberlithuania.com\",\"isPartOf\":{\"@id\":\"https:\/\/www.amberlithuania.com\/en\/#website\"},\"primaryImageOfPage\":{\"@id\":\"https:\/\/www.amberlithuania.com\/en\/parduotuve\/other-items\/amber-glasses-chain-necklace-for-sunglasses\/#primaryimage\"},\"image\":{\"@id\":\"https:\/\/www.amberlithuania.com\/en\/parduotuve\/other-items\/amber-glasses-chain-necklace-for-sunglasses\/#primaryimage\"},\"thumbnailUrl\":\"https:\/\/www.amberlithuania.com\/wp-content\/uploads\/2024\/01\/20240124_095913-scaled.jpg\",\"datePublished\":\"2024-01-24T10:18:16+00:00\",\"dateModified\":\"2024-01-24T10:21:42+00:00\",\"description\":\"Multi color amber sunglasses chain! Handmade with 100% natural organic Baltic amber, glasses chain also designed to be used as an awesome bracelet or necklace. Multi color polished amber beads are unique that\u2019s why every chain is one of the kind.\",\"breadcrumb\":{\"@id\":\"https:\/\/www.amberlithuania.com\/en\/parduotuve\/other-items\/amber-glasses-chain-necklace-for-sunglasses\/#breadcrumb\"},\"inLanguage\":\"en-US\",\"potentialAction\":[{\"@type\":\"ReadAction\",\"target\":[\"https:\/\/www.amberlithuania.com\/en\/parduotuve\/other-items\/amber-glasses-chain-necklace-for-sunglasses\/\"]}]},{\"@type\":\"ImageObject\",\"inLanguage\":\"en-US\",\"@id\":\"https:\/\/www.amberlithuania.com\/en\/parduotuve\/other-items\/amber-glasses-chain-necklace-for-sunglasses\/#primaryimage\",\"url\":\"https:\/\/www.amberlithuania.com\/wp-content\/uploads\/2024\/01\/20240124_095913-scaled.jpg\",\"contentUrl\":\"https:\/\/www.amberlithuania.com\/wp-content\/uploads\/2024\/01\/20240124_095913-scaled.jpg\",\"width\":2560,\"height\":1920,\"caption\":\"Akini\u0173 laikiklis su gintaru, gintariniai akini\u0173 karoliai laikikliai\"},{\"@type\":\"BreadcrumbList\",\"@id\":\"https:\/\/www.amberlithuania.com\/en\/parduotuve\/other-items\/amber-glasses-chain-necklace-for-sunglasses\/#breadcrumb\",\"itemListElement\":[{\"@type\":\"ListItem\",\"position\":1,\"name\":\"Home\",\"item\":\"https:\/\/www.amberlithuania.com\/en\/\"},{\"@type\":\"ListItem\",\"position\":2,\"name\":\"Shop\",\"item\":\"https:\/\/www.amberlithuania.com\/en\/shop\/\"},{\"@type\":\"ListItem\",\"position\":3,\"name\":\"Amber glasses Chain necklace for sunglasses\"}]},{\"@type\":\"WebSite\",\"@id\":\"https:\/\/www.amberlithuania.com\/en\/#website\",\"url\":\"https:\/\/www.amberlithuania.com\/en\/\",\"name\":\"amberlithuania.com\",\"description\":\"Gintariniai papuo\u0161alai Kal\u0117din\u0117s dovanos Juvelyriniai dirbiniai\",\"publisher\":{\"@id\":\"https:\/\/www.amberlithuania.com\/en\/#\/schema\/person\/6ba64bb15b47b2e25b6ff0bba2850db7\"},\"potentialAction\":[{\"@type\":\"SearchAction\",\"target\":{\"@type\":\"EntryPoint\",\"urlTemplate\":\"https:\/\/www.amberlithuania.com\/en\/?s={search_term_string}\"},\"query-input\":{\"@type\":\"PropertyValueSpecification\",\"valueRequired\":true,\"valueName\":\"search_term_string\"}}],\"inLanguage\":\"en-US\"},{\"@type\":[\"Person\",\"Organization\"],\"@id\":\"https:\/\/www.amberlithuania.com\/en\/#\/schema\/person\/6ba64bb15b47b2e25b6ff0bba2850db7\",\"name\":\"amberlithuania.com\",\"image\":{\"@type\":\"ImageObject\",\"inLanguage\":\"en-US\",\"@id\":\"https:\/\/www.amberlithuania.com\/en\/#\/schema\/person\/image\/\",\"url\":\"https:\/\/www.amberlithuania.com\/wp-content\/uploads\/2022\/02\/20220222_162041-scaled.jpg\",\"contentUrl\":\"https:\/\/www.amberlithuania.com\/wp-content\/uploads\/2022\/02\/20220222_162041-scaled.jpg\",\"width\":2560,\"height\":2560,\"caption\":\"amberlithuania.com\"},\"logo\":{\"@id\":\"https:\/\/www.amberlithuania.com\/en\/#\/schema\/person\/image\/\"},\"sameAs\":[\"http:\/\/www.amberlithuania.com\",\"https:\/\/www.facebook.com\/GintaroGaliaAmberLithuania\/\",\"https:\/\/x.com\/amberlithuania.com\"]}]}<\/script>\n<!-- \/ Yoast SEO plugin. -->","yoast_head_json":{"title":"Amber glasses Chain necklace for sunglasses - amberlithuania.com","description":"Multi color amber sunglasses chain! Handmade with 100% natural organic Baltic amber, glasses chain also designed to be used as an awesome bracelet or necklace. Multi color polished amber beads are unique that\u2019s why every chain is one of the kind.","robots":{"index":"index","follow":"follow","max-snippet":"max-snippet:-1","max-image-preview":"max-image-preview:large","max-video-preview":"max-video-preview:-1"},"canonical":"https:\/\/www.amberlithuania.com\/en\/parduotuve\/other-items\/amber-glasses-chain-necklace-for-sunglasses\/","og_locale":"en_US","og_type":"article","og_title":"Amber glasses Chain necklace for sunglasses - amberlithuania.com","og_description":"Multi color amber sunglasses chain! Handmade with 100% natural organic Baltic amber, glasses chain also designed to be used as an awesome bracelet or necklace. Multi color polished amber beads are unique that\u2019s why every chain is one of the kind.","og_url":"https:\/\/www.amberlithuania.com\/en\/parduotuve\/other-items\/amber-glasses-chain-necklace-for-sunglasses\/","og_site_name":"amberlithuania.com","article_publisher":"https:\/\/www.facebook.com\/GintaroGaliaAmberLithuania\/","article_modified_time":"2024-01-24T10:21:42+00:00","og_image":[{"width":2560,"height":1920,"url":"https:\/\/www.amberlithuania.com\/wp-content\/uploads\/2024\/01\/20240124_095913-scaled.jpg","type":"image\/jpeg"}],"twitter_card":"summary_large_image","twitter_site":"@com","twitter_misc":{"Est. reading time":"1 minute"},"schema":{"@context":"https:\/\/schema.org","@graph":[{"@type":"WebPage","@id":"https:\/\/www.amberlithuania.com\/en\/parduotuve\/other-items\/amber-glasses-chain-necklace-for-sunglasses\/","url":"https:\/\/www.amberlithuania.com\/en\/parduotuve\/other-items\/amber-glasses-chain-necklace-for-sunglasses\/","name":"Amber glasses Chain necklace for sunglasses - amberlithuania.com","isPartOf":{"@id":"https:\/\/www.amberlithuania.com\/en\/#website"},"primaryImageOfPage":{"@id":"https:\/\/www.amberlithuania.com\/en\/parduotuve\/other-items\/amber-glasses-chain-necklace-for-sunglasses\/#primaryimage"},"image":{"@id":"https:\/\/www.amberlithuania.com\/en\/parduotuve\/other-items\/amber-glasses-chain-necklace-for-sunglasses\/#primaryimage"},"thumbnailUrl":"https:\/\/www.amberlithuania.com\/wp-content\/uploads\/2024\/01\/20240124_095913-scaled.jpg","datePublished":"2024-01-24T10:18:16+00:00","dateModified":"2024-01-24T10:21:42+00:00","description":"Multi color amber sunglasses chain! Handmade with 100% natural organic Baltic amber, glasses chain also designed to be used as an awesome bracelet or necklace. Multi color polished amber beads are unique that\u2019s why every chain is one of the kind.","breadcrumb":{"@id":"https:\/\/www.amberlithuania.com\/en\/parduotuve\/other-items\/amber-glasses-chain-necklace-for-sunglasses\/#breadcrumb"},"inLanguage":"en-US","potentialAction":[{"@type":"ReadAction","target":["https:\/\/www.amberlithuania.com\/en\/parduotuve\/other-items\/amber-glasses-chain-necklace-for-sunglasses\/"]}]},{"@type":"ImageObject","inLanguage":"en-US","@id":"https:\/\/www.amberlithuania.com\/en\/parduotuve\/other-items\/amber-glasses-chain-necklace-for-sunglasses\/#primaryimage","url":"https:\/\/www.amberlithuania.com\/wp-content\/uploads\/2024\/01\/20240124_095913-scaled.jpg","contentUrl":"https:\/\/www.amberlithuania.com\/wp-content\/uploads\/2024\/01\/20240124_095913-scaled.jpg","width":2560,"height":1920,"caption":"Akini\u0173 laikiklis su gintaru, gintariniai akini\u0173 karoliai laikikliai"},{"@type":"BreadcrumbList","@id":"https:\/\/www.amberlithuania.com\/en\/parduotuve\/other-items\/amber-glasses-chain-necklace-for-sunglasses\/#breadcrumb","itemListElement":[{"@type":"ListItem","position":1,"name":"Home","item":"https:\/\/www.amberlithuania.com\/en\/"},{"@type":"ListItem","position":2,"name":"Shop","item":"https:\/\/www.amberlithuania.com\/en\/shop\/"},{"@type":"ListItem","position":3,"name":"Amber glasses Chain necklace for sunglasses"}]},{"@type":"WebSite","@id":"https:\/\/www.amberlithuania.com\/en\/#website","url":"https:\/\/www.amberlithuania.com\/en\/","name":"amberlithuania.com","description":"Gintariniai papuo\u0161alai Kal\u0117din\u0117s dovanos Juvelyriniai dirbiniai","publisher":{"@id":"https:\/\/www.amberlithuania.com\/en\/#\/schema\/person\/6ba64bb15b47b2e25b6ff0bba2850db7"},"potentialAction":[{"@type":"SearchAction","target":{"@type":"EntryPoint","urlTemplate":"https:\/\/www.amberlithuania.com\/en\/?s={search_term_string}"},"query-input":{"@type":"PropertyValueSpecification","valueRequired":true,"valueName":"search_term_string"}}],"inLanguage":"en-US"},{"@type":["Person","Organization"],"@id":"https:\/\/www.amberlithuania.com\/en\/#\/schema\/person\/6ba64bb15b47b2e25b6ff0bba2850db7","name":"amberlithuania.com","image":{"@type":"ImageObject","inLanguage":"en-US","@id":"https:\/\/www.amberlithuania.com\/en\/#\/schema\/person\/image\/","url":"https:\/\/www.amberlithuania.com\/wp-content\/uploads\/2022\/02\/20220222_162041-scaled.jpg","contentUrl":"https:\/\/www.amberlithuania.com\/wp-content\/uploads\/2022\/02\/20220222_162041-scaled.jpg","width":2560,"height":2560,"caption":"amberlithuania.com"},"logo":{"@id":"https:\/\/www.amberlithuania.com\/en\/#\/schema\/person\/image\/"},"sameAs":["http:\/\/www.amberlithuania.com","https:\/\/www.facebook.com\/GintaroGaliaAmberLithuania\/","https:\/\/x.com\/amberlithuania.com"]}]}},"_links":{"self":[{"href":"https:\/\/www.amberlithuania.com\/en\/wp-json\/wp\/v2\/product\/18795","targetHints":{"allow":["GET"]}}],"collection":[{"href":"https:\/\/www.amberlithuania.com\/en\/wp-json\/wp\/v2\/product"}],"about":[{"href":"https:\/\/www.amberlithuania.com\/en\/wp-json\/wp\/v2\/types\/product"}],"replies":[{"embeddable":true,"href":"https:\/\/www.amberlithuania.com\/en\/wp-json\/wp\/v2\/comments?post=18795"}],"wp:featuredmedia":[{"embeddable":true,"href":"https:\/\/www.amberlithuania.com\/en\/wp-json\/wp\/v2\/media\/18793"}],"wp:attachment":[{"href":"https:\/\/www.amberlithuania.com\/en\/wp-json\/wp\/v2\/media?parent=18795"}],"wp:term":[{"taxonomy":"product_brand","embeddable":true,"href":"https:\/\/www.amberlithuania.com\/en\/wp-json\/wp\/v2\/product_brand?post=18795"},{"taxonomy":"product_cat","embeddable":true,"href":"https:\/\/www.amberlithuania.com\/en\/wp-json\/wp\/v2\/product_cat?post=18795"},{"taxonomy":"product_tag","embeddable":true,"href":"https:\/\/www.amberlithuania.com\/en\/wp-json\/wp\/v2\/product_tag?post=18795"}],"curies":[{"name":"wp","href":"https:\/\/api.w.org\/{rel}","templated":true}]}}