{"id":18755,"date":"2024-01-18T18:48:47","date_gmt":"2024-01-18T16:48:47","guid":{"rendered":"https:\/\/www.amberlithuania.com\/parduotuve\/uncategorized\/handmade-stud-in-earrings-small-silver-studs-real-baltic-amber-earrings-for-women\/"},"modified":"2024-01-18T18:58:12","modified_gmt":"2024-01-18T16:58:12","slug":"handmade-stud-in-earrings-small-silver-studs-real-baltic-amber-earrings-for-women","status":"publish","type":"product","link":"https:\/\/www.amberlithuania.com\/en\/parduotuve\/amber-stud-earrings\/handmade-stud-in-earrings-small-silver-studs-real-baltic-amber-earrings-for-women\/","title":{"rendered":"Handmade stud in earrings Small silver studs Real Baltic Amber earrings for women"},"content":{"rendered":"<p>Handmade stud in earrings Small silver studs Real Baltic Amber earrings for women Handmade stud in earrings Small silver studs Real Baltic Amber earrings for women Silver 925. <\/p>\n","protected":false},"excerpt":{"rendered":"<p>Handmade stud in earrings Small silver studs Real Baltic Amber earrings for women Handmade stud in earrings Small silver studs Real Baltic Amber earrings for women Silver 925. <\/p>\n","protected":false},"featured_media":18271,"comment_status":"open","ping_status":"closed","template":"","meta":[],"product_brand":[],"product_cat":[442],"product_tag":[376,2079,593,481,500,399,416,981,2114,479,1234,893,2078,2089],"class_list":{"0":"post-18755","1":"product","2":"type-product","3":"status-publish","4":"has-post-thumbnail","6":"product_cat-amber-stud-earrings","7":"product_tag-amber","8":"product_tag-baltic-amber-gift-en","9":"product_tag-christmas-gift-en","10":"product_tag-christmas-gift","11":"product_tag-earrings","12":"product_tag-earrings-with-amber","13":"product_tag-gift-fo-rmother","14":"product_tag-gold-en","15":"product_tag-gold-stud-in-earring","16":"product_tag-green-amber-earrings","17":"product_tag-handmade-jewelery-en","18":"product_tag-handmade-stud-in-earrings-small-silver-studs-real-baltic-amber-earrings-for-women","19":"product_tag-posts-en-2","20":"product_tag-stud-in-earrings-en","22":"first","23":"instock","24":"shipping-taxable","25":"purchasable","26":"product-type-simple"},"yoast_head":"<!-- This site is optimized with the Yoast SEO plugin v26.6 - https:\/\/yoast.com\/wordpress\/plugins\/seo\/ -->\n<title>Handmade stud in earrings Small silver studs Real Baltic Amber earrings for women - amberlithuania.com<\/title>\n<meta name=\"description\" content=\"Handmade stud in earrings Small silver studs Real Baltic Amber earrings for women Handmade stud in earrings Small silver studs Real Baltic Amber earrings for women Silver 925. Gift for wife\" \/>\n<meta name=\"robots\" content=\"index, follow, max-snippet:-1, max-image-preview:large, max-video-preview:-1\" \/>\n<link rel=\"canonical\" href=\"https:\/\/www.amberlithuania.com\/en\/parduotuve\/amber-stud-earrings\/handmade-stud-in-earrings-small-silver-studs-real-baltic-amber-earrings-for-women\/\" \/>\n<meta property=\"og:locale\" content=\"en_US\" \/>\n<meta property=\"og:type\" content=\"article\" \/>\n<meta property=\"og:title\" content=\"Handmade stud in earrings Small silver studs Real Baltic Amber earrings for women - amberlithuania.com\" \/>\n<meta property=\"og:description\" content=\"Handmade stud in earrings Small silver studs Real Baltic Amber earrings for women Handmade stud in earrings Small silver studs Real Baltic Amber earrings for women Silver 925. Gift for wife\" \/>\n<meta property=\"og:url\" content=\"https:\/\/www.amberlithuania.com\/en\/parduotuve\/amber-stud-earrings\/handmade-stud-in-earrings-small-silver-studs-real-baltic-amber-earrings-for-women\/\" \/>\n<meta property=\"og:site_name\" content=\"amberlithuania.com\" \/>\n<meta property=\"article:publisher\" content=\"https:\/\/www.facebook.com\/GintaroGaliaAmberLithuania\/\" \/>\n<meta property=\"article:modified_time\" content=\"2024-01-18T16:58:12+00:00\" \/>\n<meta property=\"og:image\" content=\"https:\/\/www.amberlithuania.com\/wp-content\/uploads\/2024\/01\/20230703_174009-scaled.jpg\" \/>\n\t<meta property=\"og:image:width\" content=\"2560\" \/>\n\t<meta property=\"og:image:height\" content=\"1920\" \/>\n\t<meta property=\"og:image:type\" content=\"image\/jpeg\" \/>\n<meta name=\"twitter:card\" content=\"summary_large_image\" \/>\n<meta name=\"twitter:site\" content=\"@com\" \/>\n<script type=\"application\/ld+json\" class=\"yoast-schema-graph\">{\"@context\":\"https:\/\/schema.org\",\"@graph\":[{\"@type\":\"WebPage\",\"@id\":\"https:\/\/www.amberlithuania.com\/en\/parduotuve\/amber-stud-earrings\/handmade-stud-in-earrings-small-silver-studs-real-baltic-amber-earrings-for-women\/\",\"url\":\"https:\/\/www.amberlithuania.com\/en\/parduotuve\/amber-stud-earrings\/handmade-stud-in-earrings-small-silver-studs-real-baltic-amber-earrings-for-women\/\",\"name\":\"Handmade stud in earrings Small silver studs Real Baltic Amber earrings for women - amberlithuania.com\",\"isPartOf\":{\"@id\":\"https:\/\/www.amberlithuania.com\/en\/#website\"},\"primaryImageOfPage\":{\"@id\":\"https:\/\/www.amberlithuania.com\/en\/parduotuve\/amber-stud-earrings\/handmade-stud-in-earrings-small-silver-studs-real-baltic-amber-earrings-for-women\/#primaryimage\"},\"image\":{\"@id\":\"https:\/\/www.amberlithuania.com\/en\/parduotuve\/amber-stud-earrings\/handmade-stud-in-earrings-small-silver-studs-real-baltic-amber-earrings-for-women\/#primaryimage\"},\"thumbnailUrl\":\"https:\/\/www.amberlithuania.com\/wp-content\/uploads\/2024\/01\/20230703_174009-scaled.jpg\",\"datePublished\":\"2024-01-18T16:48:47+00:00\",\"dateModified\":\"2024-01-18T16:58:12+00:00\",\"description\":\"Handmade stud in earrings Small silver studs Real Baltic Amber earrings for women Handmade stud in earrings Small silver studs Real Baltic Amber earrings for women Silver 925. Gift for wife\",\"breadcrumb\":{\"@id\":\"https:\/\/www.amberlithuania.com\/en\/parduotuve\/amber-stud-earrings\/handmade-stud-in-earrings-small-silver-studs-real-baltic-amber-earrings-for-women\/#breadcrumb\"},\"inLanguage\":\"en-US\",\"potentialAction\":[{\"@type\":\"ReadAction\",\"target\":[\"https:\/\/www.amberlithuania.com\/en\/parduotuve\/amber-stud-earrings\/handmade-stud-in-earrings-small-silver-studs-real-baltic-amber-earrings-for-women\/\"]}]},{\"@type\":\"ImageObject\",\"inLanguage\":\"en-US\",\"@id\":\"https:\/\/www.amberlithuania.com\/en\/parduotuve\/amber-stud-earrings\/handmade-stud-in-earrings-small-silver-studs-real-baltic-amber-earrings-for-women\/#primaryimage\",\"url\":\"https:\/\/www.amberlithuania.com\/wp-content\/uploads\/2024\/01\/20230703_174009-scaled.jpg\",\"contentUrl\":\"https:\/\/www.amberlithuania.com\/wp-content\/uploads\/2024\/01\/20230703_174009-scaled.jpg\",\"width\":2560,\"height\":1920,\"caption\":\"ma\u017ei auskarai sidabriniai su \u017ealiu gintaru Margi\"},{\"@type\":\"BreadcrumbList\",\"@id\":\"https:\/\/www.amberlithuania.com\/en\/parduotuve\/amber-stud-earrings\/handmade-stud-in-earrings-small-silver-studs-real-baltic-amber-earrings-for-women\/#breadcrumb\",\"itemListElement\":[{\"@type\":\"ListItem\",\"position\":1,\"name\":\"Home\",\"item\":\"https:\/\/www.amberlithuania.com\/en\/\"},{\"@type\":\"ListItem\",\"position\":2,\"name\":\"Shop\",\"item\":\"https:\/\/www.amberlithuania.com\/en\/shop\/\"},{\"@type\":\"ListItem\",\"position\":3,\"name\":\"Handmade stud in earrings Small silver studs Real Baltic Amber earrings for women\"}]},{\"@type\":\"WebSite\",\"@id\":\"https:\/\/www.amberlithuania.com\/en\/#website\",\"url\":\"https:\/\/www.amberlithuania.com\/en\/\",\"name\":\"amberlithuania.com\",\"description\":\"Gintariniai papuo\u0161alai Kal\u0117din\u0117s dovanos Juvelyriniai dirbiniai\",\"publisher\":{\"@id\":\"https:\/\/www.amberlithuania.com\/en\/#\/schema\/person\/6ba64bb15b47b2e25b6ff0bba2850db7\"},\"potentialAction\":[{\"@type\":\"SearchAction\",\"target\":{\"@type\":\"EntryPoint\",\"urlTemplate\":\"https:\/\/www.amberlithuania.com\/en\/?s={search_term_string}\"},\"query-input\":{\"@type\":\"PropertyValueSpecification\",\"valueRequired\":true,\"valueName\":\"search_term_string\"}}],\"inLanguage\":\"en-US\"},{\"@type\":[\"Person\",\"Organization\"],\"@id\":\"https:\/\/www.amberlithuania.com\/en\/#\/schema\/person\/6ba64bb15b47b2e25b6ff0bba2850db7\",\"name\":\"amberlithuania.com\",\"image\":{\"@type\":\"ImageObject\",\"inLanguage\":\"en-US\",\"@id\":\"https:\/\/www.amberlithuania.com\/en\/#\/schema\/person\/image\/\",\"url\":\"https:\/\/www.amberlithuania.com\/wp-content\/uploads\/2022\/02\/20220222_162041-scaled.jpg\",\"contentUrl\":\"https:\/\/www.amberlithuania.com\/wp-content\/uploads\/2022\/02\/20220222_162041-scaled.jpg\",\"width\":2560,\"height\":2560,\"caption\":\"amberlithuania.com\"},\"logo\":{\"@id\":\"https:\/\/www.amberlithuania.com\/en\/#\/schema\/person\/image\/\"},\"sameAs\":[\"http:\/\/www.amberlithuania.com\",\"https:\/\/www.facebook.com\/GintaroGaliaAmberLithuania\/\",\"https:\/\/x.com\/amberlithuania.com\"]}]}<\/script>\n<!-- \/ Yoast SEO plugin. -->","yoast_head_json":{"title":"Handmade stud in earrings Small silver studs Real Baltic Amber earrings for women - amberlithuania.com","description":"Handmade stud in earrings Small silver studs Real Baltic Amber earrings for women Handmade stud in earrings Small silver studs Real Baltic Amber earrings for women Silver 925. Gift for wife","robots":{"index":"index","follow":"follow","max-snippet":"max-snippet:-1","max-image-preview":"max-image-preview:large","max-video-preview":"max-video-preview:-1"},"canonical":"https:\/\/www.amberlithuania.com\/en\/parduotuve\/amber-stud-earrings\/handmade-stud-in-earrings-small-silver-studs-real-baltic-amber-earrings-for-women\/","og_locale":"en_US","og_type":"article","og_title":"Handmade stud in earrings Small silver studs Real Baltic Amber earrings for women - amberlithuania.com","og_description":"Handmade stud in earrings Small silver studs Real Baltic Amber earrings for women Handmade stud in earrings Small silver studs Real Baltic Amber earrings for women Silver 925. Gift for wife","og_url":"https:\/\/www.amberlithuania.com\/en\/parduotuve\/amber-stud-earrings\/handmade-stud-in-earrings-small-silver-studs-real-baltic-amber-earrings-for-women\/","og_site_name":"amberlithuania.com","article_publisher":"https:\/\/www.facebook.com\/GintaroGaliaAmberLithuania\/","article_modified_time":"2024-01-18T16:58:12+00:00","og_image":[{"width":2560,"height":1920,"url":"https:\/\/www.amberlithuania.com\/wp-content\/uploads\/2024\/01\/20230703_174009-scaled.jpg","type":"image\/jpeg"}],"twitter_card":"summary_large_image","twitter_site":"@com","schema":{"@context":"https:\/\/schema.org","@graph":[{"@type":"WebPage","@id":"https:\/\/www.amberlithuania.com\/en\/parduotuve\/amber-stud-earrings\/handmade-stud-in-earrings-small-silver-studs-real-baltic-amber-earrings-for-women\/","url":"https:\/\/www.amberlithuania.com\/en\/parduotuve\/amber-stud-earrings\/handmade-stud-in-earrings-small-silver-studs-real-baltic-amber-earrings-for-women\/","name":"Handmade stud in earrings Small silver studs Real Baltic Amber earrings for women - amberlithuania.com","isPartOf":{"@id":"https:\/\/www.amberlithuania.com\/en\/#website"},"primaryImageOfPage":{"@id":"https:\/\/www.amberlithuania.com\/en\/parduotuve\/amber-stud-earrings\/handmade-stud-in-earrings-small-silver-studs-real-baltic-amber-earrings-for-women\/#primaryimage"},"image":{"@id":"https:\/\/www.amberlithuania.com\/en\/parduotuve\/amber-stud-earrings\/handmade-stud-in-earrings-small-silver-studs-real-baltic-amber-earrings-for-women\/#primaryimage"},"thumbnailUrl":"https:\/\/www.amberlithuania.com\/wp-content\/uploads\/2024\/01\/20230703_174009-scaled.jpg","datePublished":"2024-01-18T16:48:47+00:00","dateModified":"2024-01-18T16:58:12+00:00","description":"Handmade stud in earrings Small silver studs Real Baltic Amber earrings for women Handmade stud in earrings Small silver studs Real Baltic Amber earrings for women Silver 925. Gift for wife","breadcrumb":{"@id":"https:\/\/www.amberlithuania.com\/en\/parduotuve\/amber-stud-earrings\/handmade-stud-in-earrings-small-silver-studs-real-baltic-amber-earrings-for-women\/#breadcrumb"},"inLanguage":"en-US","potentialAction":[{"@type":"ReadAction","target":["https:\/\/www.amberlithuania.com\/en\/parduotuve\/amber-stud-earrings\/handmade-stud-in-earrings-small-silver-studs-real-baltic-amber-earrings-for-women\/"]}]},{"@type":"ImageObject","inLanguage":"en-US","@id":"https:\/\/www.amberlithuania.com\/en\/parduotuve\/amber-stud-earrings\/handmade-stud-in-earrings-small-silver-studs-real-baltic-amber-earrings-for-women\/#primaryimage","url":"https:\/\/www.amberlithuania.com\/wp-content\/uploads\/2024\/01\/20230703_174009-scaled.jpg","contentUrl":"https:\/\/www.amberlithuania.com\/wp-content\/uploads\/2024\/01\/20230703_174009-scaled.jpg","width":2560,"height":1920,"caption":"ma\u017ei auskarai sidabriniai su \u017ealiu gintaru Margi"},{"@type":"BreadcrumbList","@id":"https:\/\/www.amberlithuania.com\/en\/parduotuve\/amber-stud-earrings\/handmade-stud-in-earrings-small-silver-studs-real-baltic-amber-earrings-for-women\/#breadcrumb","itemListElement":[{"@type":"ListItem","position":1,"name":"Home","item":"https:\/\/www.amberlithuania.com\/en\/"},{"@type":"ListItem","position":2,"name":"Shop","item":"https:\/\/www.amberlithuania.com\/en\/shop\/"},{"@type":"ListItem","position":3,"name":"Handmade stud in earrings Small silver studs Real Baltic Amber earrings for women"}]},{"@type":"WebSite","@id":"https:\/\/www.amberlithuania.com\/en\/#website","url":"https:\/\/www.amberlithuania.com\/en\/","name":"amberlithuania.com","description":"Gintariniai papuo\u0161alai Kal\u0117din\u0117s dovanos Juvelyriniai dirbiniai","publisher":{"@id":"https:\/\/www.amberlithuania.com\/en\/#\/schema\/person\/6ba64bb15b47b2e25b6ff0bba2850db7"},"potentialAction":[{"@type":"SearchAction","target":{"@type":"EntryPoint","urlTemplate":"https:\/\/www.amberlithuania.com\/en\/?s={search_term_string}"},"query-input":{"@type":"PropertyValueSpecification","valueRequired":true,"valueName":"search_term_string"}}],"inLanguage":"en-US"},{"@type":["Person","Organization"],"@id":"https:\/\/www.amberlithuania.com\/en\/#\/schema\/person\/6ba64bb15b47b2e25b6ff0bba2850db7","name":"amberlithuania.com","image":{"@type":"ImageObject","inLanguage":"en-US","@id":"https:\/\/www.amberlithuania.com\/en\/#\/schema\/person\/image\/","url":"https:\/\/www.amberlithuania.com\/wp-content\/uploads\/2022\/02\/20220222_162041-scaled.jpg","contentUrl":"https:\/\/www.amberlithuania.com\/wp-content\/uploads\/2022\/02\/20220222_162041-scaled.jpg","width":2560,"height":2560,"caption":"amberlithuania.com"},"logo":{"@id":"https:\/\/www.amberlithuania.com\/en\/#\/schema\/person\/image\/"},"sameAs":["http:\/\/www.amberlithuania.com","https:\/\/www.facebook.com\/GintaroGaliaAmberLithuania\/","https:\/\/x.com\/amberlithuania.com"]}]}},"_links":{"self":[{"href":"https:\/\/www.amberlithuania.com\/en\/wp-json\/wp\/v2\/product\/18755","targetHints":{"allow":["GET"]}}],"collection":[{"href":"https:\/\/www.amberlithuania.com\/en\/wp-json\/wp\/v2\/product"}],"about":[{"href":"https:\/\/www.amberlithuania.com\/en\/wp-json\/wp\/v2\/types\/product"}],"replies":[{"embeddable":true,"href":"https:\/\/www.amberlithuania.com\/en\/wp-json\/wp\/v2\/comments?post=18755"}],"wp:featuredmedia":[{"embeddable":true,"href":"https:\/\/www.amberlithuania.com\/en\/wp-json\/wp\/v2\/media\/18271"}],"wp:attachment":[{"href":"https:\/\/www.amberlithuania.com\/en\/wp-json\/wp\/v2\/media?parent=18755"}],"wp:term":[{"taxonomy":"product_brand","embeddable":true,"href":"https:\/\/www.amberlithuania.com\/en\/wp-json\/wp\/v2\/product_brand?post=18755"},{"taxonomy":"product_cat","embeddable":true,"href":"https:\/\/www.amberlithuania.com\/en\/wp-json\/wp\/v2\/product_cat?post=18755"},{"taxonomy":"product_tag","embeddable":true,"href":"https:\/\/www.amberlithuania.com\/en\/wp-json\/wp\/v2\/product_tag?post=18755"}],"curies":[{"name":"wp","href":"https:\/\/api.w.org\/{rel}","templated":true}]}}