{"id":18697,"date":"2024-01-14T13:02:29","date_gmt":"2024-01-14T11:06:45","guid":{"rendered":"https:\/\/www.amberlithuania.com\/parduotuve\/uncategorized\/raudono-gintaro-auskarai-mazi-vinukai\/"},"modified":"2024-01-14T13:19:32","modified_gmt":"2024-01-14T11:19:32","slug":"raudono-gintaro-auskarai-mazi-vinukai","status":"publish","type":"product","link":"https:\/\/www.amberlithuania.com\/en\/parduotuve\/amber-stud-earrings\/raudono-gintaro-auskarai-mazi-vinukai\/","title":{"rendered":"Red amber stud in earrings small studs"},"content":{"rendered":"<p>Red amber stud in earrings small studs .<\/p>\n<p>Treat yourself or your loved one to luxury with our Baltic Amber jewelry. These handmade items will make you feel unique.  Handmade of traditional, almost weightless, Baltic gemstone. It is a perfect gift for the Anniversary, Birthday, or Christmas so your loved one could feel luxurious. Suitable for both the daily modern clothing and linen clothes. <\/p>\n<p>Handmade item<br \/>\nMaterials: gold plated Sterling Silver 925, 100% Made of  Natural Baltic Amber<br \/>\nGemstone: red Baltic Amber gemstone<br \/>\nClosurpush back<\/p>\n<p>This item was made of natural Baltic Amber. All the amber used in my jewelry is collected in my home country Lithuania. I sell only genuine,  real, not pressed, authentic, natural Baltic Amber. Item may have natural imperfections.<\/p>\n<p>Amber is known as good energy, healing gemstone. It is especially valued as a thyroid and heart treatment.<\/p>\n<p>COMES IN A BEAUTIFUL BAG &#8211; READY AS A GIFT! <\/p>\n","protected":false},"excerpt":{"rendered":"<p>Red amber stud in earrings small studs .<\/p>\n<p>Treat yourself or your loved one to luxury with our Baltic Amber jewelry. These handmade items will make you feel unique.  Handmade of traditional, almost weightless, Baltic gemstone. It is a perfect gift for the Anniversary, Birthday, or Christmas so your loved one could feel luxurious. Suitable for both the daily modern clothing and linen clothes. <\/p>\n<p>Handmade item<br \/>\nMaterials: gold plated Sterling Silver 925, 100% Made of  Natural Baltic Amber<br \/>\nGemstone: red Baltic Amber gemstone<br \/>\nClosurpush back<\/p>\n<p>This item was made of natural Baltic Amber. All the amber used in my jewelry is collected in my home country Lithuania. I sell only genuine,  real, not pressed, authentic, natural Baltic Amber. Item may have natural imperfections.<\/p>\n<p>Amber is known as good energy, healing gemstone. It is especially valued as a thyroid and heart treatment.<\/p>\n<p>COMES IN A BEAUTIFUL BAG &#8211; READY AS A GIFT! <\/p>\n","protected":false},"featured_media":18277,"comment_status":"open","ping_status":"closed","template":"","meta":[],"product_brand":[],"product_cat":[442],"product_tag":[480,473,859,858,860],"class_list":{"0":"post-18697","1":"product","2":"type-product","3":"status-publish","4":"has-post-thumbnail","6":"product_cat-amber-stud-earrings","7":"product_tag-gold-and-amber","8":"product_tag-gold-earrings","9":"product_tag-mazi-auskarai-en","10":"product_tag-raudonas-gintaras-en","11":"product_tag-raudono-gintaro-auskarai-mazi-vinukai-en","13":"first","14":"outofstock","15":"shipping-taxable","16":"purchasable","17":"product-type-simple"},"yoast_head":"<!-- This site is optimized with the Yoast SEO plugin v26.6 - https:\/\/yoast.com\/wordpress\/plugins\/seo\/ -->\n<title>Red amber stud in earrings small studs - amberlithuania.com<\/title>\n<meta name=\"description\" content=\"Red amber stud in earrings small studs\" \/>\n<meta name=\"robots\" content=\"index, follow, max-snippet:-1, max-image-preview:large, max-video-preview:-1\" \/>\n<link rel=\"canonical\" href=\"https:\/\/www.amberlithuania.com\/en\/parduotuve\/amber-stud-earrings\/raudono-gintaro-auskarai-mazi-vinukai\/\" \/>\n<meta property=\"og:locale\" content=\"en_US\" \/>\n<meta property=\"og:type\" content=\"article\" \/>\n<meta property=\"og:title\" content=\"Red amber stud in earrings small studs - amberlithuania.com\" \/>\n<meta property=\"og:description\" content=\"Red amber stud in earrings small studs\" \/>\n<meta property=\"og:url\" content=\"https:\/\/www.amberlithuania.com\/en\/parduotuve\/amber-stud-earrings\/raudono-gintaro-auskarai-mazi-vinukai\/\" \/>\n<meta property=\"og:site_name\" content=\"amberlithuania.com\" \/>\n<meta property=\"article:publisher\" content=\"https:\/\/www.facebook.com\/GintaroGaliaAmberLithuania\/\" \/>\n<meta property=\"article:modified_time\" content=\"2024-01-14T11:19:32+00:00\" \/>\n<meta property=\"og:image\" content=\"https:\/\/www.amberlithuania.com\/wp-content\/uploads\/2024\/01\/20230331_162340-scaled.jpg\" \/>\n\t<meta property=\"og:image:width\" content=\"2560\" \/>\n\t<meta property=\"og:image:height\" content=\"1920\" \/>\n\t<meta property=\"og:image:type\" content=\"image\/jpeg\" \/>\n<meta name=\"twitter:card\" content=\"summary_large_image\" \/>\n<meta name=\"twitter:site\" content=\"@com\" \/>\n<meta name=\"twitter:label1\" content=\"Est. reading time\" \/>\n\t<meta name=\"twitter:data1\" content=\"1 minute\" \/>\n<script type=\"application\/ld+json\" class=\"yoast-schema-graph\">{\"@context\":\"https:\/\/schema.org\",\"@graph\":[{\"@type\":\"WebPage\",\"@id\":\"https:\/\/www.amberlithuania.com\/en\/parduotuve\/amber-stud-earrings\/raudono-gintaro-auskarai-mazi-vinukai\/\",\"url\":\"https:\/\/www.amberlithuania.com\/en\/parduotuve\/amber-stud-earrings\/raudono-gintaro-auskarai-mazi-vinukai\/\",\"name\":\"Red amber stud in earrings small studs - amberlithuania.com\",\"isPartOf\":{\"@id\":\"https:\/\/www.amberlithuania.com\/en\/#website\"},\"primaryImageOfPage\":{\"@id\":\"https:\/\/www.amberlithuania.com\/en\/parduotuve\/amber-stud-earrings\/raudono-gintaro-auskarai-mazi-vinukai\/#primaryimage\"},\"image\":{\"@id\":\"https:\/\/www.amberlithuania.com\/en\/parduotuve\/amber-stud-earrings\/raudono-gintaro-auskarai-mazi-vinukai\/#primaryimage\"},\"thumbnailUrl\":\"https:\/\/www.amberlithuania.com\/wp-content\/uploads\/2024\/01\/20230331_162340-scaled.jpg\",\"datePublished\":\"2024-01-14T11:06:45+00:00\",\"dateModified\":\"2024-01-14T11:19:32+00:00\",\"description\":\"Red amber stud in earrings small studs\",\"breadcrumb\":{\"@id\":\"https:\/\/www.amberlithuania.com\/en\/parduotuve\/amber-stud-earrings\/raudono-gintaro-auskarai-mazi-vinukai\/#breadcrumb\"},\"inLanguage\":\"en-US\",\"potentialAction\":[{\"@type\":\"ReadAction\",\"target\":[\"https:\/\/www.amberlithuania.com\/en\/parduotuve\/amber-stud-earrings\/raudono-gintaro-auskarai-mazi-vinukai\/\"]}]},{\"@type\":\"ImageObject\",\"inLanguage\":\"en-US\",\"@id\":\"https:\/\/www.amberlithuania.com\/en\/parduotuve\/amber-stud-earrings\/raudono-gintaro-auskarai-mazi-vinukai\/#primaryimage\",\"url\":\"https:\/\/www.amberlithuania.com\/wp-content\/uploads\/2024\/01\/20230331_162340-scaled.jpg\",\"contentUrl\":\"https:\/\/www.amberlithuania.com\/wp-content\/uploads\/2024\/01\/20230331_162340-scaled.jpg\",\"width\":2560,\"height\":1920,\"caption\":\"Raudono gintaro auskarai ma\u017ei vinukai\"},{\"@type\":\"BreadcrumbList\",\"@id\":\"https:\/\/www.amberlithuania.com\/en\/parduotuve\/amber-stud-earrings\/raudono-gintaro-auskarai-mazi-vinukai\/#breadcrumb\",\"itemListElement\":[{\"@type\":\"ListItem\",\"position\":1,\"name\":\"Home\",\"item\":\"https:\/\/www.amberlithuania.com\/en\/\"},{\"@type\":\"ListItem\",\"position\":2,\"name\":\"Shop\",\"item\":\"https:\/\/www.amberlithuania.com\/en\/shop\/\"},{\"@type\":\"ListItem\",\"position\":3,\"name\":\"Red amber stud in earrings small studs\"}]},{\"@type\":\"WebSite\",\"@id\":\"https:\/\/www.amberlithuania.com\/en\/#website\",\"url\":\"https:\/\/www.amberlithuania.com\/en\/\",\"name\":\"amberlithuania.com\",\"description\":\"Gintariniai papuo\u0161alai Kal\u0117din\u0117s dovanos Juvelyriniai dirbiniai\",\"publisher\":{\"@id\":\"https:\/\/www.amberlithuania.com\/en\/#\/schema\/person\/6ba64bb15b47b2e25b6ff0bba2850db7\"},\"potentialAction\":[{\"@type\":\"SearchAction\",\"target\":{\"@type\":\"EntryPoint\",\"urlTemplate\":\"https:\/\/www.amberlithuania.com\/en\/?s={search_term_string}\"},\"query-input\":{\"@type\":\"PropertyValueSpecification\",\"valueRequired\":true,\"valueName\":\"search_term_string\"}}],\"inLanguage\":\"en-US\"},{\"@type\":[\"Person\",\"Organization\"],\"@id\":\"https:\/\/www.amberlithuania.com\/en\/#\/schema\/person\/6ba64bb15b47b2e25b6ff0bba2850db7\",\"name\":\"amberlithuania.com\",\"image\":{\"@type\":\"ImageObject\",\"inLanguage\":\"en-US\",\"@id\":\"https:\/\/www.amberlithuania.com\/en\/#\/schema\/person\/image\/\",\"url\":\"https:\/\/www.amberlithuania.com\/wp-content\/uploads\/2022\/02\/20220222_162041-scaled.jpg\",\"contentUrl\":\"https:\/\/www.amberlithuania.com\/wp-content\/uploads\/2022\/02\/20220222_162041-scaled.jpg\",\"width\":2560,\"height\":2560,\"caption\":\"amberlithuania.com\"},\"logo\":{\"@id\":\"https:\/\/www.amberlithuania.com\/en\/#\/schema\/person\/image\/\"},\"sameAs\":[\"http:\/\/www.amberlithuania.com\",\"https:\/\/www.facebook.com\/GintaroGaliaAmberLithuania\/\",\"https:\/\/x.com\/amberlithuania.com\"]}]}<\/script>\n<!-- \/ Yoast SEO plugin. -->","yoast_head_json":{"title":"Red amber stud in earrings small studs - amberlithuania.com","description":"Red amber stud in earrings small studs","robots":{"index":"index","follow":"follow","max-snippet":"max-snippet:-1","max-image-preview":"max-image-preview:large","max-video-preview":"max-video-preview:-1"},"canonical":"https:\/\/www.amberlithuania.com\/en\/parduotuve\/amber-stud-earrings\/raudono-gintaro-auskarai-mazi-vinukai\/","og_locale":"en_US","og_type":"article","og_title":"Red amber stud in earrings small studs - amberlithuania.com","og_description":"Red amber stud in earrings small studs","og_url":"https:\/\/www.amberlithuania.com\/en\/parduotuve\/amber-stud-earrings\/raudono-gintaro-auskarai-mazi-vinukai\/","og_site_name":"amberlithuania.com","article_publisher":"https:\/\/www.facebook.com\/GintaroGaliaAmberLithuania\/","article_modified_time":"2024-01-14T11:19:32+00:00","og_image":[{"width":2560,"height":1920,"url":"https:\/\/www.amberlithuania.com\/wp-content\/uploads\/2024\/01\/20230331_162340-scaled.jpg","type":"image\/jpeg"}],"twitter_card":"summary_large_image","twitter_site":"@com","twitter_misc":{"Est. reading time":"1 minute"},"schema":{"@context":"https:\/\/schema.org","@graph":[{"@type":"WebPage","@id":"https:\/\/www.amberlithuania.com\/en\/parduotuve\/amber-stud-earrings\/raudono-gintaro-auskarai-mazi-vinukai\/","url":"https:\/\/www.amberlithuania.com\/en\/parduotuve\/amber-stud-earrings\/raudono-gintaro-auskarai-mazi-vinukai\/","name":"Red amber stud in earrings small studs - amberlithuania.com","isPartOf":{"@id":"https:\/\/www.amberlithuania.com\/en\/#website"},"primaryImageOfPage":{"@id":"https:\/\/www.amberlithuania.com\/en\/parduotuve\/amber-stud-earrings\/raudono-gintaro-auskarai-mazi-vinukai\/#primaryimage"},"image":{"@id":"https:\/\/www.amberlithuania.com\/en\/parduotuve\/amber-stud-earrings\/raudono-gintaro-auskarai-mazi-vinukai\/#primaryimage"},"thumbnailUrl":"https:\/\/www.amberlithuania.com\/wp-content\/uploads\/2024\/01\/20230331_162340-scaled.jpg","datePublished":"2024-01-14T11:06:45+00:00","dateModified":"2024-01-14T11:19:32+00:00","description":"Red amber stud in earrings small studs","breadcrumb":{"@id":"https:\/\/www.amberlithuania.com\/en\/parduotuve\/amber-stud-earrings\/raudono-gintaro-auskarai-mazi-vinukai\/#breadcrumb"},"inLanguage":"en-US","potentialAction":[{"@type":"ReadAction","target":["https:\/\/www.amberlithuania.com\/en\/parduotuve\/amber-stud-earrings\/raudono-gintaro-auskarai-mazi-vinukai\/"]}]},{"@type":"ImageObject","inLanguage":"en-US","@id":"https:\/\/www.amberlithuania.com\/en\/parduotuve\/amber-stud-earrings\/raudono-gintaro-auskarai-mazi-vinukai\/#primaryimage","url":"https:\/\/www.amberlithuania.com\/wp-content\/uploads\/2024\/01\/20230331_162340-scaled.jpg","contentUrl":"https:\/\/www.amberlithuania.com\/wp-content\/uploads\/2024\/01\/20230331_162340-scaled.jpg","width":2560,"height":1920,"caption":"Raudono gintaro auskarai ma\u017ei vinukai"},{"@type":"BreadcrumbList","@id":"https:\/\/www.amberlithuania.com\/en\/parduotuve\/amber-stud-earrings\/raudono-gintaro-auskarai-mazi-vinukai\/#breadcrumb","itemListElement":[{"@type":"ListItem","position":1,"name":"Home","item":"https:\/\/www.amberlithuania.com\/en\/"},{"@type":"ListItem","position":2,"name":"Shop","item":"https:\/\/www.amberlithuania.com\/en\/shop\/"},{"@type":"ListItem","position":3,"name":"Red amber stud in earrings small studs"}]},{"@type":"WebSite","@id":"https:\/\/www.amberlithuania.com\/en\/#website","url":"https:\/\/www.amberlithuania.com\/en\/","name":"amberlithuania.com","description":"Gintariniai papuo\u0161alai Kal\u0117din\u0117s dovanos Juvelyriniai dirbiniai","publisher":{"@id":"https:\/\/www.amberlithuania.com\/en\/#\/schema\/person\/6ba64bb15b47b2e25b6ff0bba2850db7"},"potentialAction":[{"@type":"SearchAction","target":{"@type":"EntryPoint","urlTemplate":"https:\/\/www.amberlithuania.com\/en\/?s={search_term_string}"},"query-input":{"@type":"PropertyValueSpecification","valueRequired":true,"valueName":"search_term_string"}}],"inLanguage":"en-US"},{"@type":["Person","Organization"],"@id":"https:\/\/www.amberlithuania.com\/en\/#\/schema\/person\/6ba64bb15b47b2e25b6ff0bba2850db7","name":"amberlithuania.com","image":{"@type":"ImageObject","inLanguage":"en-US","@id":"https:\/\/www.amberlithuania.com\/en\/#\/schema\/person\/image\/","url":"https:\/\/www.amberlithuania.com\/wp-content\/uploads\/2022\/02\/20220222_162041-scaled.jpg","contentUrl":"https:\/\/www.amberlithuania.com\/wp-content\/uploads\/2022\/02\/20220222_162041-scaled.jpg","width":2560,"height":2560,"caption":"amberlithuania.com"},"logo":{"@id":"https:\/\/www.amberlithuania.com\/en\/#\/schema\/person\/image\/"},"sameAs":["http:\/\/www.amberlithuania.com","https:\/\/www.facebook.com\/GintaroGaliaAmberLithuania\/","https:\/\/x.com\/amberlithuania.com"]}]}},"_links":{"self":[{"href":"https:\/\/www.amberlithuania.com\/en\/wp-json\/wp\/v2\/product\/18697","targetHints":{"allow":["GET"]}}],"collection":[{"href":"https:\/\/www.amberlithuania.com\/en\/wp-json\/wp\/v2\/product"}],"about":[{"href":"https:\/\/www.amberlithuania.com\/en\/wp-json\/wp\/v2\/types\/product"}],"replies":[{"embeddable":true,"href":"https:\/\/www.amberlithuania.com\/en\/wp-json\/wp\/v2\/comments?post=18697"}],"wp:featuredmedia":[{"embeddable":true,"href":"https:\/\/www.amberlithuania.com\/en\/wp-json\/wp\/v2\/media\/18277"}],"wp:attachment":[{"href":"https:\/\/www.amberlithuania.com\/en\/wp-json\/wp\/v2\/media?parent=18697"}],"wp:term":[{"taxonomy":"product_brand","embeddable":true,"href":"https:\/\/www.amberlithuania.com\/en\/wp-json\/wp\/v2\/product_brand?post=18697"},{"taxonomy":"product_cat","embeddable":true,"href":"https:\/\/www.amberlithuania.com\/en\/wp-json\/wp\/v2\/product_cat?post=18697"},{"taxonomy":"product_tag","embeddable":true,"href":"https:\/\/www.amberlithuania.com\/en\/wp-json\/wp\/v2\/product_tag?post=18697"}],"curies":[{"name":"wp","href":"https:\/\/api.w.org\/{rel}","templated":true}]}}