{"id":18670,"date":"2024-01-09T13:47:02","date_gmt":"2024-01-09T11:47:02","guid":{"rendered":"https:\/\/www.amberlithuania.com\/parduotuve\/uncategorized\/green-amber-gold-set-amber-earrings-and-pendant-necklace-set-gift-set-for-her-dangle-earring\/"},"modified":"2024-01-09T15:56:22","modified_gmt":"2024-01-09T13:56:22","slug":"green-amber-gold-earrings-and-pendant-with-chain","status":"publish","type":"product","link":"https:\/\/www.amberlithuania.com\/en\/parduotuve\/sets\/green-amber-gold-earrings-and-pendant-with-chain\/","title":{"rendered":"Green amber gold set Amber earrings and pendant necklace set Gift set for her Dangle earring"},"content":{"rendered":"<p>Green amber gold set Amber earrings and pendant necklace set Gift set for her Dangle earring chain will be added asa gift Handmade earrings and pendant Made of natural Baltic amber and gold plated sterling silver 925 <\/p>\n","protected":false},"excerpt":{"rendered":"<p>Green amber gold set Amber earrings and pendant necklace set Gift set for her Dangle earring chain will be added asa gift Handmade earrings and pendant Made of natural Baltic amber and gold plated sterling silver 925 <\/p>\n","protected":false},"featured_media":18377,"comment_status":"open","ping_status":"closed","template":"","meta":[],"product_brand":[],"product_cat":[102],"product_tag":[2122,316,2061,2079,2218,991,1367,500,399,383,846,473,1382,845,816,847],"class_list":{"0":"post-18670","1":"product","2":"type-product","3":"status-publish","4":"has-post-thumbnail","6":"product_cat-sets","7":"product_tag-amber-earrings-white-amber-gift-christmas-gift-birthday","8":"product_tag-baltic-amber","9":"product_tag-baltic-amber-earrings-en","10":"product_tag-baltic-amber-gift-en","11":"product_tag-baltic-amber-jewelry-en","12":"product_tag-birthday-gift","13":"product_tag-birthday-gift-for-wife","14":"product_tag-earrings","15":"product_tag-earrings-with-amber","16":"product_tag-gift-for-her","17":"product_tag-gold-earrings-en","18":"product_tag-gold-earrings","19":"product_tag-gold-earrings-with-amber-birthday-gift-unique-handmade-jewellery","20":"product_tag-green-amber-gold-set-amber-earrings-and-pendant-necklace-set-gift-set-for-her-dangle-earring","21":"product_tag-green-amber-set-with-gold-plated-sterling-silver-925-en","22":"product_tag-silver-earrings-en","24":"first","25":"instock","26":"shipping-taxable","27":"purchasable","28":"product-type-simple"},"yoast_head":"<!-- This site is optimized with the Yoast SEO plugin v26.6 - https:\/\/yoast.com\/wordpress\/plugins\/seo\/ -->\n<title>Green amber gold set Amber earrings and pendant necklace set Gift set for her Dangle earring - amberlithuania.com<\/title>\n<meta name=\"description\" content=\"Green amber gold set Amber earrings and pendant necklace set Gift set for her Dangle earring\" \/>\n<meta name=\"robots\" content=\"index, follow, max-snippet:-1, max-image-preview:large, max-video-preview:-1\" \/>\n<link rel=\"canonical\" href=\"https:\/\/www.amberlithuania.com\/en\/parduotuve\/sets\/green-amber-gold-earrings-and-pendant-with-chain\/\" \/>\n<meta property=\"og:locale\" content=\"en_US\" \/>\n<meta property=\"og:type\" content=\"article\" \/>\n<meta property=\"og:title\" content=\"Green amber gold set Amber earrings and pendant necklace set Gift set for her Dangle earring - amberlithuania.com\" \/>\n<meta property=\"og:description\" content=\"Green amber gold set Amber earrings and pendant necklace set Gift set for her Dangle earring\" \/>\n<meta property=\"og:url\" content=\"https:\/\/www.amberlithuania.com\/en\/parduotuve\/sets\/green-amber-gold-earrings-and-pendant-with-chain\/\" \/>\n<meta property=\"og:site_name\" content=\"amberlithuania.com\" \/>\n<meta property=\"article:publisher\" content=\"https:\/\/www.facebook.com\/GintaroGaliaAmberLithuania\/\" \/>\n<meta property=\"article:modified_time\" content=\"2024-01-09T13:56:22+00:00\" \/>\n<meta property=\"og:image\" content=\"https:\/\/www.amberlithuania.com\/wp-content\/uploads\/2024\/01\/20230909_184206-scaled.jpg\" \/>\n\t<meta property=\"og:image:width\" content=\"1920\" \/>\n\t<meta property=\"og:image:height\" content=\"2560\" \/>\n\t<meta property=\"og:image:type\" content=\"image\/jpeg\" \/>\n<meta name=\"twitter:card\" content=\"summary_large_image\" \/>\n<meta name=\"twitter:site\" content=\"@com\" \/>\n<script type=\"application\/ld+json\" class=\"yoast-schema-graph\">{\"@context\":\"https:\/\/schema.org\",\"@graph\":[{\"@type\":\"WebPage\",\"@id\":\"https:\/\/www.amberlithuania.com\/en\/parduotuve\/sets\/green-amber-gold-earrings-and-pendant-with-chain\/\",\"url\":\"https:\/\/www.amberlithuania.com\/en\/parduotuve\/sets\/green-amber-gold-earrings-and-pendant-with-chain\/\",\"name\":\"Green amber gold set Amber earrings and pendant necklace set Gift set for her Dangle earring - amberlithuania.com\",\"isPartOf\":{\"@id\":\"https:\/\/www.amberlithuania.com\/en\/#website\"},\"primaryImageOfPage\":{\"@id\":\"https:\/\/www.amberlithuania.com\/en\/parduotuve\/sets\/green-amber-gold-earrings-and-pendant-with-chain\/#primaryimage\"},\"image\":{\"@id\":\"https:\/\/www.amberlithuania.com\/en\/parduotuve\/sets\/green-amber-gold-earrings-and-pendant-with-chain\/#primaryimage\"},\"thumbnailUrl\":\"https:\/\/www.amberlithuania.com\/wp-content\/uploads\/2024\/01\/20230909_184206-scaled.jpg\",\"datePublished\":\"2024-01-09T11:47:02+00:00\",\"dateModified\":\"2024-01-09T13:56:22+00:00\",\"description\":\"Green amber gold set Amber earrings and pendant necklace set Gift set for her Dangle earring\",\"breadcrumb\":{\"@id\":\"https:\/\/www.amberlithuania.com\/en\/parduotuve\/sets\/green-amber-gold-earrings-and-pendant-with-chain\/#breadcrumb\"},\"inLanguage\":\"en-US\",\"potentialAction\":[{\"@type\":\"ReadAction\",\"target\":[\"https:\/\/www.amberlithuania.com\/en\/parduotuve\/sets\/green-amber-gold-earrings-and-pendant-with-chain\/\"]}]},{\"@type\":\"ImageObject\",\"inLanguage\":\"en-US\",\"@id\":\"https:\/\/www.amberlithuania.com\/en\/parduotuve\/sets\/green-amber-gold-earrings-and-pendant-with-chain\/#primaryimage\",\"url\":\"https:\/\/www.amberlithuania.com\/wp-content\/uploads\/2024\/01\/20230909_184206-scaled.jpg\",\"contentUrl\":\"https:\/\/www.amberlithuania.com\/wp-content\/uploads\/2024\/01\/20230909_184206-scaled.jpg\",\"width\":1920,\"height\":2560,\"caption\":\"\u017dalias gintaras Auksiniai auskarai ir pakabukas su grandin\u0117le\"},{\"@type\":\"BreadcrumbList\",\"@id\":\"https:\/\/www.amberlithuania.com\/en\/parduotuve\/sets\/green-amber-gold-earrings-and-pendant-with-chain\/#breadcrumb\",\"itemListElement\":[{\"@type\":\"ListItem\",\"position\":1,\"name\":\"Home\",\"item\":\"https:\/\/www.amberlithuania.com\/en\/\"},{\"@type\":\"ListItem\",\"position\":2,\"name\":\"Shop\",\"item\":\"https:\/\/www.amberlithuania.com\/en\/shop\/\"},{\"@type\":\"ListItem\",\"position\":3,\"name\":\"Green amber gold set Amber earrings and pendant necklace set Gift set for her Dangle earring\"}]},{\"@type\":\"WebSite\",\"@id\":\"https:\/\/www.amberlithuania.com\/en\/#website\",\"url\":\"https:\/\/www.amberlithuania.com\/en\/\",\"name\":\"amberlithuania.com\",\"description\":\"Gintariniai papuo\u0161alai Kal\u0117din\u0117s dovanos Juvelyriniai dirbiniai\",\"publisher\":{\"@id\":\"https:\/\/www.amberlithuania.com\/en\/#\/schema\/person\/6ba64bb15b47b2e25b6ff0bba2850db7\"},\"potentialAction\":[{\"@type\":\"SearchAction\",\"target\":{\"@type\":\"EntryPoint\",\"urlTemplate\":\"https:\/\/www.amberlithuania.com\/en\/?s={search_term_string}\"},\"query-input\":{\"@type\":\"PropertyValueSpecification\",\"valueRequired\":true,\"valueName\":\"search_term_string\"}}],\"inLanguage\":\"en-US\"},{\"@type\":[\"Person\",\"Organization\"],\"@id\":\"https:\/\/www.amberlithuania.com\/en\/#\/schema\/person\/6ba64bb15b47b2e25b6ff0bba2850db7\",\"name\":\"amberlithuania.com\",\"image\":{\"@type\":\"ImageObject\",\"inLanguage\":\"en-US\",\"@id\":\"https:\/\/www.amberlithuania.com\/en\/#\/schema\/person\/image\/\",\"url\":\"https:\/\/www.amberlithuania.com\/wp-content\/uploads\/2022\/02\/20220222_162041-scaled.jpg\",\"contentUrl\":\"https:\/\/www.amberlithuania.com\/wp-content\/uploads\/2022\/02\/20220222_162041-scaled.jpg\",\"width\":2560,\"height\":2560,\"caption\":\"amberlithuania.com\"},\"logo\":{\"@id\":\"https:\/\/www.amberlithuania.com\/en\/#\/schema\/person\/image\/\"},\"sameAs\":[\"http:\/\/www.amberlithuania.com\",\"https:\/\/www.facebook.com\/GintaroGaliaAmberLithuania\/\",\"https:\/\/x.com\/amberlithuania.com\"]}]}<\/script>\n<!-- \/ Yoast SEO plugin. -->","yoast_head_json":{"title":"Green amber gold set Amber earrings and pendant necklace set Gift set for her Dangle earring - amberlithuania.com","description":"Green amber gold set Amber earrings and pendant necklace set Gift set for her Dangle earring","robots":{"index":"index","follow":"follow","max-snippet":"max-snippet:-1","max-image-preview":"max-image-preview:large","max-video-preview":"max-video-preview:-1"},"canonical":"https:\/\/www.amberlithuania.com\/en\/parduotuve\/sets\/green-amber-gold-earrings-and-pendant-with-chain\/","og_locale":"en_US","og_type":"article","og_title":"Green amber gold set Amber earrings and pendant necklace set Gift set for her Dangle earring - amberlithuania.com","og_description":"Green amber gold set Amber earrings and pendant necklace set Gift set for her Dangle earring","og_url":"https:\/\/www.amberlithuania.com\/en\/parduotuve\/sets\/green-amber-gold-earrings-and-pendant-with-chain\/","og_site_name":"amberlithuania.com","article_publisher":"https:\/\/www.facebook.com\/GintaroGaliaAmberLithuania\/","article_modified_time":"2024-01-09T13:56:22+00:00","og_image":[{"width":1920,"height":2560,"url":"https:\/\/www.amberlithuania.com\/wp-content\/uploads\/2024\/01\/20230909_184206-scaled.jpg","type":"image\/jpeg"}],"twitter_card":"summary_large_image","twitter_site":"@com","schema":{"@context":"https:\/\/schema.org","@graph":[{"@type":"WebPage","@id":"https:\/\/www.amberlithuania.com\/en\/parduotuve\/sets\/green-amber-gold-earrings-and-pendant-with-chain\/","url":"https:\/\/www.amberlithuania.com\/en\/parduotuve\/sets\/green-amber-gold-earrings-and-pendant-with-chain\/","name":"Green amber gold set Amber earrings and pendant necklace set Gift set for her Dangle earring - amberlithuania.com","isPartOf":{"@id":"https:\/\/www.amberlithuania.com\/en\/#website"},"primaryImageOfPage":{"@id":"https:\/\/www.amberlithuania.com\/en\/parduotuve\/sets\/green-amber-gold-earrings-and-pendant-with-chain\/#primaryimage"},"image":{"@id":"https:\/\/www.amberlithuania.com\/en\/parduotuve\/sets\/green-amber-gold-earrings-and-pendant-with-chain\/#primaryimage"},"thumbnailUrl":"https:\/\/www.amberlithuania.com\/wp-content\/uploads\/2024\/01\/20230909_184206-scaled.jpg","datePublished":"2024-01-09T11:47:02+00:00","dateModified":"2024-01-09T13:56:22+00:00","description":"Green amber gold set Amber earrings and pendant necklace set Gift set for her Dangle earring","breadcrumb":{"@id":"https:\/\/www.amberlithuania.com\/en\/parduotuve\/sets\/green-amber-gold-earrings-and-pendant-with-chain\/#breadcrumb"},"inLanguage":"en-US","potentialAction":[{"@type":"ReadAction","target":["https:\/\/www.amberlithuania.com\/en\/parduotuve\/sets\/green-amber-gold-earrings-and-pendant-with-chain\/"]}]},{"@type":"ImageObject","inLanguage":"en-US","@id":"https:\/\/www.amberlithuania.com\/en\/parduotuve\/sets\/green-amber-gold-earrings-and-pendant-with-chain\/#primaryimage","url":"https:\/\/www.amberlithuania.com\/wp-content\/uploads\/2024\/01\/20230909_184206-scaled.jpg","contentUrl":"https:\/\/www.amberlithuania.com\/wp-content\/uploads\/2024\/01\/20230909_184206-scaled.jpg","width":1920,"height":2560,"caption":"\u017dalias gintaras Auksiniai auskarai ir pakabukas su grandin\u0117le"},{"@type":"BreadcrumbList","@id":"https:\/\/www.amberlithuania.com\/en\/parduotuve\/sets\/green-amber-gold-earrings-and-pendant-with-chain\/#breadcrumb","itemListElement":[{"@type":"ListItem","position":1,"name":"Home","item":"https:\/\/www.amberlithuania.com\/en\/"},{"@type":"ListItem","position":2,"name":"Shop","item":"https:\/\/www.amberlithuania.com\/en\/shop\/"},{"@type":"ListItem","position":3,"name":"Green amber gold set Amber earrings and pendant necklace set Gift set for her Dangle earring"}]},{"@type":"WebSite","@id":"https:\/\/www.amberlithuania.com\/en\/#website","url":"https:\/\/www.amberlithuania.com\/en\/","name":"amberlithuania.com","description":"Gintariniai papuo\u0161alai Kal\u0117din\u0117s dovanos Juvelyriniai dirbiniai","publisher":{"@id":"https:\/\/www.amberlithuania.com\/en\/#\/schema\/person\/6ba64bb15b47b2e25b6ff0bba2850db7"},"potentialAction":[{"@type":"SearchAction","target":{"@type":"EntryPoint","urlTemplate":"https:\/\/www.amberlithuania.com\/en\/?s={search_term_string}"},"query-input":{"@type":"PropertyValueSpecification","valueRequired":true,"valueName":"search_term_string"}}],"inLanguage":"en-US"},{"@type":["Person","Organization"],"@id":"https:\/\/www.amberlithuania.com\/en\/#\/schema\/person\/6ba64bb15b47b2e25b6ff0bba2850db7","name":"amberlithuania.com","image":{"@type":"ImageObject","inLanguage":"en-US","@id":"https:\/\/www.amberlithuania.com\/en\/#\/schema\/person\/image\/","url":"https:\/\/www.amberlithuania.com\/wp-content\/uploads\/2022\/02\/20220222_162041-scaled.jpg","contentUrl":"https:\/\/www.amberlithuania.com\/wp-content\/uploads\/2022\/02\/20220222_162041-scaled.jpg","width":2560,"height":2560,"caption":"amberlithuania.com"},"logo":{"@id":"https:\/\/www.amberlithuania.com\/en\/#\/schema\/person\/image\/"},"sameAs":["http:\/\/www.amberlithuania.com","https:\/\/www.facebook.com\/GintaroGaliaAmberLithuania\/","https:\/\/x.com\/amberlithuania.com"]}]}},"_links":{"self":[{"href":"https:\/\/www.amberlithuania.com\/en\/wp-json\/wp\/v2\/product\/18670","targetHints":{"allow":["GET"]}}],"collection":[{"href":"https:\/\/www.amberlithuania.com\/en\/wp-json\/wp\/v2\/product"}],"about":[{"href":"https:\/\/www.amberlithuania.com\/en\/wp-json\/wp\/v2\/types\/product"}],"replies":[{"embeddable":true,"href":"https:\/\/www.amberlithuania.com\/en\/wp-json\/wp\/v2\/comments?post=18670"}],"wp:featuredmedia":[{"embeddable":true,"href":"https:\/\/www.amberlithuania.com\/en\/wp-json\/wp\/v2\/media\/18377"}],"wp:attachment":[{"href":"https:\/\/www.amberlithuania.com\/en\/wp-json\/wp\/v2\/media?parent=18670"}],"wp:term":[{"taxonomy":"product_brand","embeddable":true,"href":"https:\/\/www.amberlithuania.com\/en\/wp-json\/wp\/v2\/product_brand?post=18670"},{"taxonomy":"product_cat","embeddable":true,"href":"https:\/\/www.amberlithuania.com\/en\/wp-json\/wp\/v2\/product_cat?post=18670"},{"taxonomy":"product_tag","embeddable":true,"href":"https:\/\/www.amberlithuania.com\/en\/wp-json\/wp\/v2\/product_tag?post=18670"}],"curies":[{"name":"wp","href":"https:\/\/api.w.org\/{rel}","templated":true}]}}