{"id":18664,"date":"2024-01-09T11:41:19","date_gmt":"2024-01-09T09:41:19","guid":{"rendered":"https:\/\/www.amberlithuania.com\/parduotuve\/uncategorized\/gold-plated-stud-earrings-with-green-amber\/"},"modified":"2024-01-09T14:25:16","modified_gmt":"2024-01-09T12:25:16","slug":"gold-plated-stud-earrings-with-green-amber","status":"publish","type":"product","link":"https:\/\/www.amberlithuania.com\/en\/parduotuve\/amber-stud-earrings\/gold-plated-stud-earrings-with-green-amber\/","title":{"rendered":"Gold plated stud earrings with green amber"},"content":{"rendered":"<p>Gold plated stud earrings with green amber all parts 925. 1 cm length <\/p>\n<blockquote class=\"wp-embedded-content\" data-secret=\"a42Ccdcm5Z\"><p><a href=\"https:\/\/www.amberlithuania.com\/parduotuve\/auskarai-vinukai\/auskarai-vinukai-su-gintaru-2\/\">Auskarai vinukai su gintaru<\/a><\/p><\/blockquote>\n<p><iframe loading=\"lazy\" class=\"wp-embedded-content\" sandbox=\"allow-scripts\" security=\"restricted\" style=\"position: absolute; clip: rect(1px, 1px, 1px, 1px);\" title=\"&#8220;Auskarai vinukai su gintaru&#8221; &#8212; amberlithuania.com\" src=\"https:\/\/www.amberlithuania.com\/parduotuve\/auskarai-vinukai\/auskarai-vinukai-su-gintaru-2\/embed\/#?secret=Y3Hw6tfKVU#?secret=a42Ccdcm5Z\" data-secret=\"a42Ccdcm5Z\" width=\"600\" height=\"338\" frameborder=\"0\" marginwidth=\"0\" marginheight=\"0\" scrolling=\"no\"><\/iframe><\/p>\n<p>Gold plated stud earrings with green amber<\/p>\n<p>real amber Green Amber bracelet. real amber real amber<br \/>\nreal amber real amber<br \/>\nreal amber real amber<\/p>\n<p>real amber real amber<br \/>\nPets amber necklace real amber<br \/>\nGenuine amber<br \/>\nGenuine amber handmade items . Real Baltic amber jewelery. Jewellery form silver and gemstone. real amber real amber<br \/>\nreal amber<br \/>\nGold plated stud earrings with green amber Gold plated stud earrings with green amber Gemstone amber <\/p>\n","protected":false},"excerpt":{"rendered":"<p>Gold plated stud earrings with green amber all parts 925. 1 cm length <\/p>\n<p>https:\/\/www.amberlithuania.com\/parduotuve\/auskarai-vinukai\/auskarai-vinukai-su-gintaru-2\/ <\/p>\n","protected":false},"featured_media":18353,"comment_status":"open","ping_status":"closed","template":"","meta":[],"product_brand":[],"product_cat":[442],"product_tag":[1389,1227,398,316,407,481,500,814,1102,836,834,835,479,478,837],"class_list":{"0":"post-18664","1":"product","2":"type-product","3":"status-publish","4":"has-post-thumbnail","6":"product_cat-amber-stud-earrings","7":"product_tag-amber-en","8":"product_tag-amber-baltic-dangle-earring-en","9":"product_tag-amber-earrings","10":"product_tag-baltic-amber","11":"product_tag-bracelet-and-amber","12":"product_tag-christmas-gift","13":"product_tag-earrings","14":"product_tag-earrings-with-baltic-amber-gemstone","15":"product_tag-gold-amber-studs-gemstone-studs","16":"product_tag-gold-plated-earrings","17":"product_tag-gold-plated-stud-earrings-with-green-amber","18":"product_tag-green-amber-en-2","19":"product_tag-green-amber-earrings","20":"product_tag-silver-earrings","21":"product_tag-stud-in-earring","23":"first","24":"instock","25":"shipping-taxable","26":"purchasable","27":"product-type-simple"},"yoast_head":"<!-- This site is optimized with the Yoast SEO plugin v26.6 - https:\/\/yoast.com\/wordpress\/plugins\/seo\/ -->\n<title>Gold plated stud earrings with green amber<\/title>\n<meta name=\"description\" content=\"Gold plated stud earrings with green amber Chritsmas gift for her amber earring Gift for her\" \/>\n<meta name=\"robots\" content=\"index, follow, max-snippet:-1, max-image-preview:large, max-video-preview:-1\" \/>\n<link rel=\"canonical\" href=\"https:\/\/www.amberlithuania.com\/en\/parduotuve\/amber-stud-earrings\/gold-plated-stud-earrings-with-green-amber\/\" \/>\n<meta property=\"og:locale\" content=\"en_US\" \/>\n<meta property=\"og:type\" content=\"article\" \/>\n<meta property=\"og:title\" content=\"Gold plated stud earrings with green amber\" \/>\n<meta property=\"og:description\" content=\"Gold plated stud earrings with green amber Chritsmas gift for her amber earring Gift for her\" \/>\n<meta property=\"og:url\" content=\"https:\/\/www.amberlithuania.com\/en\/parduotuve\/amber-stud-earrings\/gold-plated-stud-earrings-with-green-amber\/\" \/>\n<meta property=\"og:site_name\" content=\"amberlithuania.com\" \/>\n<meta property=\"article:publisher\" content=\"https:\/\/www.facebook.com\/GintaroGaliaAmberLithuania\/\" \/>\n<meta property=\"article:modified_time\" content=\"2024-01-09T12:25:16+00:00\" \/>\n<meta property=\"og:image\" content=\"https:\/\/www.amberlithuania.com\/wp-content\/uploads\/2024\/01\/20230909_174403-scaled-e1704793204201.jpg\" \/>\n\t<meta property=\"og:image:width\" content=\"2560\" \/>\n\t<meta property=\"og:image:height\" content=\"1920\" \/>\n\t<meta property=\"og:image:type\" content=\"image\/jpeg\" \/>\n<meta name=\"twitter:card\" content=\"summary_large_image\" \/>\n<meta name=\"twitter:site\" content=\"@com\" \/>\n<script type=\"application\/ld+json\" class=\"yoast-schema-graph\">{\"@context\":\"https:\/\/schema.org\",\"@graph\":[{\"@type\":\"WebPage\",\"@id\":\"https:\/\/www.amberlithuania.com\/en\/parduotuve\/amber-stud-earrings\/gold-plated-stud-earrings-with-green-amber\/\",\"url\":\"https:\/\/www.amberlithuania.com\/en\/parduotuve\/amber-stud-earrings\/gold-plated-stud-earrings-with-green-amber\/\",\"name\":\"Gold plated stud earrings with green amber\",\"isPartOf\":{\"@id\":\"https:\/\/www.amberlithuania.com\/en\/#website\"},\"primaryImageOfPage\":{\"@id\":\"https:\/\/www.amberlithuania.com\/en\/parduotuve\/amber-stud-earrings\/gold-plated-stud-earrings-with-green-amber\/#primaryimage\"},\"image\":{\"@id\":\"https:\/\/www.amberlithuania.com\/en\/parduotuve\/amber-stud-earrings\/gold-plated-stud-earrings-with-green-amber\/#primaryimage\"},\"thumbnailUrl\":\"https:\/\/www.amberlithuania.com\/wp-content\/uploads\/2024\/01\/20230909_174403-scaled-e1704793204201.jpg\",\"datePublished\":\"2024-01-09T09:41:19+00:00\",\"dateModified\":\"2024-01-09T12:25:16+00:00\",\"description\":\"Gold plated stud earrings with green amber Chritsmas gift for her amber earring Gift for her\",\"breadcrumb\":{\"@id\":\"https:\/\/www.amberlithuania.com\/en\/parduotuve\/amber-stud-earrings\/gold-plated-stud-earrings-with-green-amber\/#breadcrumb\"},\"inLanguage\":\"en-US\",\"potentialAction\":[{\"@type\":\"ReadAction\",\"target\":[\"https:\/\/www.amberlithuania.com\/en\/parduotuve\/amber-stud-earrings\/gold-plated-stud-earrings-with-green-amber\/\"]}]},{\"@type\":\"ImageObject\",\"inLanguage\":\"en-US\",\"@id\":\"https:\/\/www.amberlithuania.com\/en\/parduotuve\/amber-stud-earrings\/gold-plated-stud-earrings-with-green-amber\/#primaryimage\",\"url\":\"https:\/\/www.amberlithuania.com\/wp-content\/uploads\/2024\/01\/20230909_174403-scaled-e1704793204201.jpg\",\"contentUrl\":\"https:\/\/www.amberlithuania.com\/wp-content\/uploads\/2024\/01\/20230909_174403-scaled-e1704793204201.jpg\",\"width\":2560,\"height\":1920,\"caption\":\"Paaukuosti\"},{\"@type\":\"BreadcrumbList\",\"@id\":\"https:\/\/www.amberlithuania.com\/en\/parduotuve\/amber-stud-earrings\/gold-plated-stud-earrings-with-green-amber\/#breadcrumb\",\"itemListElement\":[{\"@type\":\"ListItem\",\"position\":1,\"name\":\"Home\",\"item\":\"https:\/\/www.amberlithuania.com\/en\/\"},{\"@type\":\"ListItem\",\"position\":2,\"name\":\"Shop\",\"item\":\"https:\/\/www.amberlithuania.com\/en\/shop\/\"},{\"@type\":\"ListItem\",\"position\":3,\"name\":\"Gold plated stud earrings with green amber\"}]},{\"@type\":\"WebSite\",\"@id\":\"https:\/\/www.amberlithuania.com\/en\/#website\",\"url\":\"https:\/\/www.amberlithuania.com\/en\/\",\"name\":\"amberlithuania.com\",\"description\":\"Gintariniai papuo\u0161alai Kal\u0117din\u0117s dovanos Juvelyriniai dirbiniai\",\"publisher\":{\"@id\":\"https:\/\/www.amberlithuania.com\/en\/#\/schema\/person\/6ba64bb15b47b2e25b6ff0bba2850db7\"},\"potentialAction\":[{\"@type\":\"SearchAction\",\"target\":{\"@type\":\"EntryPoint\",\"urlTemplate\":\"https:\/\/www.amberlithuania.com\/en\/?s={search_term_string}\"},\"query-input\":{\"@type\":\"PropertyValueSpecification\",\"valueRequired\":true,\"valueName\":\"search_term_string\"}}],\"inLanguage\":\"en-US\"},{\"@type\":[\"Person\",\"Organization\"],\"@id\":\"https:\/\/www.amberlithuania.com\/en\/#\/schema\/person\/6ba64bb15b47b2e25b6ff0bba2850db7\",\"name\":\"amberlithuania.com\",\"image\":{\"@type\":\"ImageObject\",\"inLanguage\":\"en-US\",\"@id\":\"https:\/\/www.amberlithuania.com\/en\/#\/schema\/person\/image\/\",\"url\":\"https:\/\/www.amberlithuania.com\/wp-content\/uploads\/2022\/02\/20220222_162041-scaled.jpg\",\"contentUrl\":\"https:\/\/www.amberlithuania.com\/wp-content\/uploads\/2022\/02\/20220222_162041-scaled.jpg\",\"width\":2560,\"height\":2560,\"caption\":\"amberlithuania.com\"},\"logo\":{\"@id\":\"https:\/\/www.amberlithuania.com\/en\/#\/schema\/person\/image\/\"},\"sameAs\":[\"http:\/\/www.amberlithuania.com\",\"https:\/\/www.facebook.com\/GintaroGaliaAmberLithuania\/\",\"https:\/\/x.com\/amberlithuania.com\"]}]}<\/script>\n<!-- \/ Yoast SEO plugin. -->","yoast_head_json":{"title":"Gold plated stud earrings with green amber","description":"Gold plated stud earrings with green amber Chritsmas gift for her amber earring Gift for her","robots":{"index":"index","follow":"follow","max-snippet":"max-snippet:-1","max-image-preview":"max-image-preview:large","max-video-preview":"max-video-preview:-1"},"canonical":"https:\/\/www.amberlithuania.com\/en\/parduotuve\/amber-stud-earrings\/gold-plated-stud-earrings-with-green-amber\/","og_locale":"en_US","og_type":"article","og_title":"Gold plated stud earrings with green amber","og_description":"Gold plated stud earrings with green amber Chritsmas gift for her amber earring Gift for her","og_url":"https:\/\/www.amberlithuania.com\/en\/parduotuve\/amber-stud-earrings\/gold-plated-stud-earrings-with-green-amber\/","og_site_name":"amberlithuania.com","article_publisher":"https:\/\/www.facebook.com\/GintaroGaliaAmberLithuania\/","article_modified_time":"2024-01-09T12:25:16+00:00","og_image":[{"width":2560,"height":1920,"url":"https:\/\/www.amberlithuania.com\/wp-content\/uploads\/2024\/01\/20230909_174403-scaled-e1704793204201.jpg","type":"image\/jpeg"}],"twitter_card":"summary_large_image","twitter_site":"@com","schema":{"@context":"https:\/\/schema.org","@graph":[{"@type":"WebPage","@id":"https:\/\/www.amberlithuania.com\/en\/parduotuve\/amber-stud-earrings\/gold-plated-stud-earrings-with-green-amber\/","url":"https:\/\/www.amberlithuania.com\/en\/parduotuve\/amber-stud-earrings\/gold-plated-stud-earrings-with-green-amber\/","name":"Gold plated stud earrings with green amber","isPartOf":{"@id":"https:\/\/www.amberlithuania.com\/en\/#website"},"primaryImageOfPage":{"@id":"https:\/\/www.amberlithuania.com\/en\/parduotuve\/amber-stud-earrings\/gold-plated-stud-earrings-with-green-amber\/#primaryimage"},"image":{"@id":"https:\/\/www.amberlithuania.com\/en\/parduotuve\/amber-stud-earrings\/gold-plated-stud-earrings-with-green-amber\/#primaryimage"},"thumbnailUrl":"https:\/\/www.amberlithuania.com\/wp-content\/uploads\/2024\/01\/20230909_174403-scaled-e1704793204201.jpg","datePublished":"2024-01-09T09:41:19+00:00","dateModified":"2024-01-09T12:25:16+00:00","description":"Gold plated stud earrings with green amber Chritsmas gift for her amber earring Gift for her","breadcrumb":{"@id":"https:\/\/www.amberlithuania.com\/en\/parduotuve\/amber-stud-earrings\/gold-plated-stud-earrings-with-green-amber\/#breadcrumb"},"inLanguage":"en-US","potentialAction":[{"@type":"ReadAction","target":["https:\/\/www.amberlithuania.com\/en\/parduotuve\/amber-stud-earrings\/gold-plated-stud-earrings-with-green-amber\/"]}]},{"@type":"ImageObject","inLanguage":"en-US","@id":"https:\/\/www.amberlithuania.com\/en\/parduotuve\/amber-stud-earrings\/gold-plated-stud-earrings-with-green-amber\/#primaryimage","url":"https:\/\/www.amberlithuania.com\/wp-content\/uploads\/2024\/01\/20230909_174403-scaled-e1704793204201.jpg","contentUrl":"https:\/\/www.amberlithuania.com\/wp-content\/uploads\/2024\/01\/20230909_174403-scaled-e1704793204201.jpg","width":2560,"height":1920,"caption":"Paaukuosti"},{"@type":"BreadcrumbList","@id":"https:\/\/www.amberlithuania.com\/en\/parduotuve\/amber-stud-earrings\/gold-plated-stud-earrings-with-green-amber\/#breadcrumb","itemListElement":[{"@type":"ListItem","position":1,"name":"Home","item":"https:\/\/www.amberlithuania.com\/en\/"},{"@type":"ListItem","position":2,"name":"Shop","item":"https:\/\/www.amberlithuania.com\/en\/shop\/"},{"@type":"ListItem","position":3,"name":"Gold plated stud earrings with green amber"}]},{"@type":"WebSite","@id":"https:\/\/www.amberlithuania.com\/en\/#website","url":"https:\/\/www.amberlithuania.com\/en\/","name":"amberlithuania.com","description":"Gintariniai papuo\u0161alai Kal\u0117din\u0117s dovanos Juvelyriniai dirbiniai","publisher":{"@id":"https:\/\/www.amberlithuania.com\/en\/#\/schema\/person\/6ba64bb15b47b2e25b6ff0bba2850db7"},"potentialAction":[{"@type":"SearchAction","target":{"@type":"EntryPoint","urlTemplate":"https:\/\/www.amberlithuania.com\/en\/?s={search_term_string}"},"query-input":{"@type":"PropertyValueSpecification","valueRequired":true,"valueName":"search_term_string"}}],"inLanguage":"en-US"},{"@type":["Person","Organization"],"@id":"https:\/\/www.amberlithuania.com\/en\/#\/schema\/person\/6ba64bb15b47b2e25b6ff0bba2850db7","name":"amberlithuania.com","image":{"@type":"ImageObject","inLanguage":"en-US","@id":"https:\/\/www.amberlithuania.com\/en\/#\/schema\/person\/image\/","url":"https:\/\/www.amberlithuania.com\/wp-content\/uploads\/2022\/02\/20220222_162041-scaled.jpg","contentUrl":"https:\/\/www.amberlithuania.com\/wp-content\/uploads\/2022\/02\/20220222_162041-scaled.jpg","width":2560,"height":2560,"caption":"amberlithuania.com"},"logo":{"@id":"https:\/\/www.amberlithuania.com\/en\/#\/schema\/person\/image\/"},"sameAs":["http:\/\/www.amberlithuania.com","https:\/\/www.facebook.com\/GintaroGaliaAmberLithuania\/","https:\/\/x.com\/amberlithuania.com"]}]}},"_links":{"self":[{"href":"https:\/\/www.amberlithuania.com\/en\/wp-json\/wp\/v2\/product\/18664","targetHints":{"allow":["GET"]}}],"collection":[{"href":"https:\/\/www.amberlithuania.com\/en\/wp-json\/wp\/v2\/product"}],"about":[{"href":"https:\/\/www.amberlithuania.com\/en\/wp-json\/wp\/v2\/types\/product"}],"replies":[{"embeddable":true,"href":"https:\/\/www.amberlithuania.com\/en\/wp-json\/wp\/v2\/comments?post=18664"}],"wp:featuredmedia":[{"embeddable":true,"href":"https:\/\/www.amberlithuania.com\/en\/wp-json\/wp\/v2\/media\/18353"}],"wp:attachment":[{"href":"https:\/\/www.amberlithuania.com\/en\/wp-json\/wp\/v2\/media?parent=18664"}],"wp:term":[{"taxonomy":"product_brand","embeddable":true,"href":"https:\/\/www.amberlithuania.com\/en\/wp-json\/wp\/v2\/product_brand?post=18664"},{"taxonomy":"product_cat","embeddable":true,"href":"https:\/\/www.amberlithuania.com\/en\/wp-json\/wp\/v2\/product_cat?post=18664"},{"taxonomy":"product_tag","embeddable":true,"href":"https:\/\/www.amberlithuania.com\/en\/wp-json\/wp\/v2\/product_tag?post=18664"}],"curies":[{"name":"wp","href":"https:\/\/api.w.org\/{rel}","templated":true}]}}