{"id":16603,"date":"2023-08-11T13:43:45","date_gmt":"2023-08-11T11:43:45","guid":{"rendered":"https:\/\/www.amberlithuania.com\/parduotuve\/uncategorized\/green-amber-earrings-4\/"},"modified":"2025-03-10T18:06:44","modified_gmt":"2025-03-10T16:06:44","slug":"green-amber-earrings-4","status":"publish","type":"product","link":"https:\/\/www.amberlithuania.com\/en\/parduotuve\/amber-earrings-with-gold\/green-amber-earrings-4\/","title":{"rendered":"Green Amber earrings"},"content":{"rendered":"<p>Green Amber earrings. All parts sterling Silver 925. Handmade gemstone earrings.<br \/>\nThis Item is made of genuine, natural Amber. This item will make You look simple but gorgeous. Our handmade jewelry is made with passion and love. Please note that colors can vary from originals depending on computer monitor\u2019s settings. Due to amber is being unique and natural gemstone, each item may be slightly different in shades or shapes. Items may have natural imperfections like lines and spots, specks, coloration and inclusions, layers and lines.<br \/>\nAll amber is fossilized tree resin and it is extremely light gemstone. Baltic amber has healing properties because it contains up to 8 percent succinct acid. Baltic region is home to the largest known deposit of amber. Green Amber earrings.<br \/>\nThis Item is made of genuine, natural Amber. This item will make You look simple but gorgeous. Our handmade jewelry is made with passion and love. Please note that colors can vary from originals depending on computer monitor\u2019s settings. Due to amber is being unique and natural gemstone, each item may be slightly different in shades or shapes. Items may have natural imperfections like lines and spots, specks, coloration and inclusions, layers and lines.<br \/>\nAll amber is fossilized tree resin and it is extremely light gemstone. Baltic amber has healing properties because it contains up to 8 percent succinct acid. Baltic region is home to the largest known deposit of amber.<\/p>\n","protected":false},"excerpt":{"rendered":"<p>Green Amber earrings. Lever back closure. Gold plated sterling silver. Not to massive. <\/p>\n","protected":false},"featured_media":16507,"comment_status":"open","ping_status":"closed","template":"","meta":[],"product_brand":[],"product_cat":[443],"product_tag":[1227,398,2129,2095,2030,488,479,2130],"class_list":{"0":"post-16603","1":"product","2":"type-product","3":"status-publish","4":"has-post-thumbnail","6":"product_cat-amber-earrings-with-gold","7":"product_tag-amber-baltic-dangle-earring-en","8":"product_tag-amber-earrings","9":"product_tag-benrstein-ohrringe-en","10":"product_tag-bernstein-schmuck-en","11":"product_tag-dangle-gold-earring-en","12":"product_tag-green-amber","13":"product_tag-green-amber-earrings","14":"product_tag-ohrringe-aus-bernstein-en","16":"first","17":"instock","18":"shipping-taxable","19":"purchasable","20":"product-type-simple"},"yoast_head":"<!-- This site is optimized with the Yoast SEO plugin v26.6 - https:\/\/yoast.com\/wordpress\/plugins\/seo\/ -->\n<title>Green Amber earrings - amberlithuania.com<\/title>\n<meta name=\"description\" content=\"Green Amber earrings. Gold and Amber jewellery. Genuine Baltic healing gemstone. Good energy crystal jelwery. Handmade items.\" \/>\n<meta name=\"robots\" content=\"index, follow, max-snippet:-1, max-image-preview:large, max-video-preview:-1\" \/>\n<link rel=\"canonical\" href=\"https:\/\/www.amberlithuania.com\/en\/parduotuve\/amber-earrings-with-gold\/green-amber-earrings-4\/\" \/>\n<meta property=\"og:locale\" content=\"en_US\" \/>\n<meta property=\"og:type\" content=\"article\" \/>\n<meta property=\"og:title\" content=\"Green Amber earrings - amberlithuania.com\" \/>\n<meta property=\"og:description\" content=\"Green Amber earrings. Gold and Amber jewellery. Genuine Baltic healing gemstone. Good energy crystal jelwery. Handmade items.\" \/>\n<meta property=\"og:url\" content=\"https:\/\/www.amberlithuania.com\/en\/parduotuve\/amber-earrings-with-gold\/green-amber-earrings-4\/\" \/>\n<meta property=\"og:site_name\" content=\"amberlithuania.com\" \/>\n<meta property=\"article:publisher\" content=\"https:\/\/www.facebook.com\/GintaroGaliaAmberLithuania\/\" \/>\n<meta property=\"article:modified_time\" content=\"2025-03-10T16:06:44+00:00\" \/>\n<meta property=\"og:image\" content=\"https:\/\/www.amberlithuania.com\/wp-content\/uploads\/2023\/08\/20220818_194704-scaled.jpg\" \/>\n\t<meta property=\"og:image:width\" content=\"2560\" \/>\n\t<meta property=\"og:image:height\" content=\"2560\" \/>\n\t<meta property=\"og:image:type\" content=\"image\/jpeg\" \/>\n<meta name=\"twitter:card\" content=\"summary_large_image\" \/>\n<meta name=\"twitter:site\" content=\"@com\" \/>\n<meta name=\"twitter:label1\" content=\"Est. reading time\" \/>\n\t<meta name=\"twitter:data1\" content=\"2 minutes\" \/>\n<script type=\"application\/ld+json\" class=\"yoast-schema-graph\">{\"@context\":\"https:\/\/schema.org\",\"@graph\":[{\"@type\":\"WebPage\",\"@id\":\"https:\/\/www.amberlithuania.com\/en\/parduotuve\/amber-earrings-with-gold\/green-amber-earrings-4\/\",\"url\":\"https:\/\/www.amberlithuania.com\/en\/parduotuve\/amber-earrings-with-gold\/green-amber-earrings-4\/\",\"name\":\"Green Amber earrings - amberlithuania.com\",\"isPartOf\":{\"@id\":\"https:\/\/www.amberlithuania.com\/en\/#website\"},\"primaryImageOfPage\":{\"@id\":\"https:\/\/www.amberlithuania.com\/en\/parduotuve\/amber-earrings-with-gold\/green-amber-earrings-4\/#primaryimage\"},\"image\":{\"@id\":\"https:\/\/www.amberlithuania.com\/en\/parduotuve\/amber-earrings-with-gold\/green-amber-earrings-4\/#primaryimage\"},\"thumbnailUrl\":\"https:\/\/www.amberlithuania.com\/wp-content\/uploads\/2023\/08\/20220818_194704-scaled.jpg\",\"datePublished\":\"2023-08-11T11:43:45+00:00\",\"dateModified\":\"2025-03-10T16:06:44+00:00\",\"description\":\"Green Amber earrings. Gold and Amber jewellery. Genuine Baltic healing gemstone. Good energy crystal jelwery. Handmade items.\",\"breadcrumb\":{\"@id\":\"https:\/\/www.amberlithuania.com\/en\/parduotuve\/amber-earrings-with-gold\/green-amber-earrings-4\/#breadcrumb\"},\"inLanguage\":\"en-US\",\"potentialAction\":[{\"@type\":\"ReadAction\",\"target\":[\"https:\/\/www.amberlithuania.com\/en\/parduotuve\/amber-earrings-with-gold\/green-amber-earrings-4\/\"]}]},{\"@type\":\"ImageObject\",\"inLanguage\":\"en-US\",\"@id\":\"https:\/\/www.amberlithuania.com\/en\/parduotuve\/amber-earrings-with-gold\/green-amber-earrings-4\/#primaryimage\",\"url\":\"https:\/\/www.amberlithuania.com\/wp-content\/uploads\/2023\/08\/20220818_194704-scaled.jpg\",\"contentUrl\":\"https:\/\/www.amberlithuania.com\/wp-content\/uploads\/2023\/08\/20220818_194704-scaled.jpg\",\"width\":2560,\"height\":2560,\"caption\":\"\u017dalio gintaro auskarai su auksu Green Amber earrings\"},{\"@type\":\"BreadcrumbList\",\"@id\":\"https:\/\/www.amberlithuania.com\/en\/parduotuve\/amber-earrings-with-gold\/green-amber-earrings-4\/#breadcrumb\",\"itemListElement\":[{\"@type\":\"ListItem\",\"position\":1,\"name\":\"Home\",\"item\":\"https:\/\/www.amberlithuania.com\/en\/\"},{\"@type\":\"ListItem\",\"position\":2,\"name\":\"Shop\",\"item\":\"https:\/\/www.amberlithuania.com\/en\/shop\/\"},{\"@type\":\"ListItem\",\"position\":3,\"name\":\"Green Amber earrings\"}]},{\"@type\":\"WebSite\",\"@id\":\"https:\/\/www.amberlithuania.com\/en\/#website\",\"url\":\"https:\/\/www.amberlithuania.com\/en\/\",\"name\":\"amberlithuania.com\",\"description\":\"Gintariniai papuo\u0161alai Kal\u0117din\u0117s dovanos Juvelyriniai dirbiniai\",\"publisher\":{\"@id\":\"https:\/\/www.amberlithuania.com\/en\/#\/schema\/person\/6ba64bb15b47b2e25b6ff0bba2850db7\"},\"potentialAction\":[{\"@type\":\"SearchAction\",\"target\":{\"@type\":\"EntryPoint\",\"urlTemplate\":\"https:\/\/www.amberlithuania.com\/en\/?s={search_term_string}\"},\"query-input\":{\"@type\":\"PropertyValueSpecification\",\"valueRequired\":true,\"valueName\":\"search_term_string\"}}],\"inLanguage\":\"en-US\"},{\"@type\":[\"Person\",\"Organization\"],\"@id\":\"https:\/\/www.amberlithuania.com\/en\/#\/schema\/person\/6ba64bb15b47b2e25b6ff0bba2850db7\",\"name\":\"amberlithuania.com\",\"image\":{\"@type\":\"ImageObject\",\"inLanguage\":\"en-US\",\"@id\":\"https:\/\/www.amberlithuania.com\/en\/#\/schema\/person\/image\/\",\"url\":\"https:\/\/www.amberlithuania.com\/wp-content\/uploads\/2022\/02\/20220222_162041-scaled.jpg\",\"contentUrl\":\"https:\/\/www.amberlithuania.com\/wp-content\/uploads\/2022\/02\/20220222_162041-scaled.jpg\",\"width\":2560,\"height\":2560,\"caption\":\"amberlithuania.com\"},\"logo\":{\"@id\":\"https:\/\/www.amberlithuania.com\/en\/#\/schema\/person\/image\/\"},\"sameAs\":[\"http:\/\/www.amberlithuania.com\",\"https:\/\/www.facebook.com\/GintaroGaliaAmberLithuania\/\",\"https:\/\/x.com\/amberlithuania.com\"]}]}<\/script>\n<!-- \/ Yoast SEO plugin. -->","yoast_head_json":{"title":"Green Amber earrings - amberlithuania.com","description":"Green Amber earrings. Gold and Amber jewellery. Genuine Baltic healing gemstone. Good energy crystal jelwery. Handmade items.","robots":{"index":"index","follow":"follow","max-snippet":"max-snippet:-1","max-image-preview":"max-image-preview:large","max-video-preview":"max-video-preview:-1"},"canonical":"https:\/\/www.amberlithuania.com\/en\/parduotuve\/amber-earrings-with-gold\/green-amber-earrings-4\/","og_locale":"en_US","og_type":"article","og_title":"Green Amber earrings - amberlithuania.com","og_description":"Green Amber earrings. Gold and Amber jewellery. Genuine Baltic healing gemstone. Good energy crystal jelwery. Handmade items.","og_url":"https:\/\/www.amberlithuania.com\/en\/parduotuve\/amber-earrings-with-gold\/green-amber-earrings-4\/","og_site_name":"amberlithuania.com","article_publisher":"https:\/\/www.facebook.com\/GintaroGaliaAmberLithuania\/","article_modified_time":"2025-03-10T16:06:44+00:00","og_image":[{"width":2560,"height":2560,"url":"https:\/\/www.amberlithuania.com\/wp-content\/uploads\/2023\/08\/20220818_194704-scaled.jpg","type":"image\/jpeg"}],"twitter_card":"summary_large_image","twitter_site":"@com","twitter_misc":{"Est. reading time":"2 minutes"},"schema":{"@context":"https:\/\/schema.org","@graph":[{"@type":"WebPage","@id":"https:\/\/www.amberlithuania.com\/en\/parduotuve\/amber-earrings-with-gold\/green-amber-earrings-4\/","url":"https:\/\/www.amberlithuania.com\/en\/parduotuve\/amber-earrings-with-gold\/green-amber-earrings-4\/","name":"Green Amber earrings - amberlithuania.com","isPartOf":{"@id":"https:\/\/www.amberlithuania.com\/en\/#website"},"primaryImageOfPage":{"@id":"https:\/\/www.amberlithuania.com\/en\/parduotuve\/amber-earrings-with-gold\/green-amber-earrings-4\/#primaryimage"},"image":{"@id":"https:\/\/www.amberlithuania.com\/en\/parduotuve\/amber-earrings-with-gold\/green-amber-earrings-4\/#primaryimage"},"thumbnailUrl":"https:\/\/www.amberlithuania.com\/wp-content\/uploads\/2023\/08\/20220818_194704-scaled.jpg","datePublished":"2023-08-11T11:43:45+00:00","dateModified":"2025-03-10T16:06:44+00:00","description":"Green Amber earrings. Gold and Amber jewellery. Genuine Baltic healing gemstone. Good energy crystal jelwery. Handmade items.","breadcrumb":{"@id":"https:\/\/www.amberlithuania.com\/en\/parduotuve\/amber-earrings-with-gold\/green-amber-earrings-4\/#breadcrumb"},"inLanguage":"en-US","potentialAction":[{"@type":"ReadAction","target":["https:\/\/www.amberlithuania.com\/en\/parduotuve\/amber-earrings-with-gold\/green-amber-earrings-4\/"]}]},{"@type":"ImageObject","inLanguage":"en-US","@id":"https:\/\/www.amberlithuania.com\/en\/parduotuve\/amber-earrings-with-gold\/green-amber-earrings-4\/#primaryimage","url":"https:\/\/www.amberlithuania.com\/wp-content\/uploads\/2023\/08\/20220818_194704-scaled.jpg","contentUrl":"https:\/\/www.amberlithuania.com\/wp-content\/uploads\/2023\/08\/20220818_194704-scaled.jpg","width":2560,"height":2560,"caption":"\u017dalio gintaro auskarai su auksu Green Amber earrings"},{"@type":"BreadcrumbList","@id":"https:\/\/www.amberlithuania.com\/en\/parduotuve\/amber-earrings-with-gold\/green-amber-earrings-4\/#breadcrumb","itemListElement":[{"@type":"ListItem","position":1,"name":"Home","item":"https:\/\/www.amberlithuania.com\/en\/"},{"@type":"ListItem","position":2,"name":"Shop","item":"https:\/\/www.amberlithuania.com\/en\/shop\/"},{"@type":"ListItem","position":3,"name":"Green Amber earrings"}]},{"@type":"WebSite","@id":"https:\/\/www.amberlithuania.com\/en\/#website","url":"https:\/\/www.amberlithuania.com\/en\/","name":"amberlithuania.com","description":"Gintariniai papuo\u0161alai Kal\u0117din\u0117s dovanos Juvelyriniai dirbiniai","publisher":{"@id":"https:\/\/www.amberlithuania.com\/en\/#\/schema\/person\/6ba64bb15b47b2e25b6ff0bba2850db7"},"potentialAction":[{"@type":"SearchAction","target":{"@type":"EntryPoint","urlTemplate":"https:\/\/www.amberlithuania.com\/en\/?s={search_term_string}"},"query-input":{"@type":"PropertyValueSpecification","valueRequired":true,"valueName":"search_term_string"}}],"inLanguage":"en-US"},{"@type":["Person","Organization"],"@id":"https:\/\/www.amberlithuania.com\/en\/#\/schema\/person\/6ba64bb15b47b2e25b6ff0bba2850db7","name":"amberlithuania.com","image":{"@type":"ImageObject","inLanguage":"en-US","@id":"https:\/\/www.amberlithuania.com\/en\/#\/schema\/person\/image\/","url":"https:\/\/www.amberlithuania.com\/wp-content\/uploads\/2022\/02\/20220222_162041-scaled.jpg","contentUrl":"https:\/\/www.amberlithuania.com\/wp-content\/uploads\/2022\/02\/20220222_162041-scaled.jpg","width":2560,"height":2560,"caption":"amberlithuania.com"},"logo":{"@id":"https:\/\/www.amberlithuania.com\/en\/#\/schema\/person\/image\/"},"sameAs":["http:\/\/www.amberlithuania.com","https:\/\/www.facebook.com\/GintaroGaliaAmberLithuania\/","https:\/\/x.com\/amberlithuania.com"]}]}},"_links":{"self":[{"href":"https:\/\/www.amberlithuania.com\/en\/wp-json\/wp\/v2\/product\/16603","targetHints":{"allow":["GET"]}}],"collection":[{"href":"https:\/\/www.amberlithuania.com\/en\/wp-json\/wp\/v2\/product"}],"about":[{"href":"https:\/\/www.amberlithuania.com\/en\/wp-json\/wp\/v2\/types\/product"}],"replies":[{"embeddable":true,"href":"https:\/\/www.amberlithuania.com\/en\/wp-json\/wp\/v2\/comments?post=16603"}],"wp:featuredmedia":[{"embeddable":true,"href":"https:\/\/www.amberlithuania.com\/en\/wp-json\/wp\/v2\/media\/16507"}],"wp:attachment":[{"href":"https:\/\/www.amberlithuania.com\/en\/wp-json\/wp\/v2\/media?parent=16603"}],"wp:term":[{"taxonomy":"product_brand","embeddable":true,"href":"https:\/\/www.amberlithuania.com\/en\/wp-json\/wp\/v2\/product_brand?post=16603"},{"taxonomy":"product_cat","embeddable":true,"href":"https:\/\/www.amberlithuania.com\/en\/wp-json\/wp\/v2\/product_cat?post=16603"},{"taxonomy":"product_tag","embeddable":true,"href":"https:\/\/www.amberlithuania.com\/en\/wp-json\/wp\/v2\/product_tag?post=16603"}],"curies":[{"name":"wp","href":"https:\/\/api.w.org\/{rel}","templated":true}]}}