{"id":15001,"date":"2023-06-08T11:08:19","date_gmt":"2023-06-08T09:08:19","guid":{"rendered":"https:\/\/www.amberlithuania.com\/parduotuve\/uncategorized\/green-amber-bracelet-sterling-silver-925-chain-all-parts-sterling-silver-925\/"},"modified":"2026-04-02T08:52:05","modified_gmt":"2026-04-02T06:52:05","slug":"green-amber-bracelet-sterling-silver-925-chain-all-parts-sterling-silver-925","status":"publish","type":"product","link":"https:\/\/www.amberlithuania.com\/en\/parduotuve\/bracelets\/green-amber-bracelet-sterling-silver-925-chain-all-parts-sterling-silver-925\/","title":{"rendered":"Green Amber bracelet Sterling silver 925 chain. All parts sterling silver 925."},"content":{"rendered":"<p>Amber bracelet Sterling silver 925 chain. All parts sterling silver 925. Green amber. Green Amber bracelet .<br \/>\nThis Item is made of genuine, natural Amber. This item will make You look simple but gorgeous. Our handmade jewelry is made with passion and love. Please note that colors can vary from originals depending on computer monitor\u2019s settings. Due to amber is being unique and natural gemstone, each item may be slightly different in shades or shapes. Items may have natural imperfections like lines and spots, specks, coloration and inclusions, layers and lines.<br \/>\nAll amber is fossilized tree resin and it is extremely light gemstone. Baltic amber has healing properties because it contains up to 8 percent succinct acid. Baltic region is home to the largest known deposit of amber.<br \/>\nThis Item is made of genuine, natural Amber. This item will make You look simple but gorgeous. Our handmade jewelry is made with passion and love. Please note that colors can vary from originals depending on computer monitor\u2019s settings. Due to amber is being unique and natural gemstone, each item may be slightly different in shades or shapes. Items may have natural imperfections like lines and spots, specks, coloration and inclusions, layers and lines.<br \/>\nAll amber is fossilized tree resin and it is extremely light gemstone. Baltic amber has healing properties because it contains up to 8 percent succinct acid. Baltic region is home to the largest known deposit of amber.<\/p>\n","protected":false},"excerpt":{"rendered":"<p>Amber bracelet Sterling silver 925 chain. All parts sterling silver 925. Green amber. Green Amber bracelet <\/p>\n","protected":false},"featured_media":14912,"comment_status":"open","ping_status":"closed","template":"","meta":[],"product_brand":[],"product_cat":[99],"product_tag":[2009,2010,1992,1301,481,593,416,414,931,588,882],"class_list":{"0":"post-15001","1":"product","2":"type-product","3":"status-publish","4":"has-post-thumbnail","6":"product_cat-bracelets","7":"product_tag-amber-bracelet-en-5","8":"product_tag-bernstein-armband-en","9":"product_tag-bursztyn-en","10":"product_tag-christmas-gift-en-2","11":"product_tag-christmas-gift","12":"product_tag-christmas-gift-en","13":"product_tag-gift-fo-rmother","14":"product_tag-gift-for-her-en","15":"product_tag-gift-set","16":"product_tag-green-bracelet","17":"product_tag-handmade-item-en","19":"first","20":"instock","21":"sale","22":"shipping-taxable","23":"purchasable","24":"product-type-simple"},"yoast_head":"<!-- This site is optimized with the Yoast SEO plugin v26.6 - https:\/\/yoast.com\/wordpress\/plugins\/seo\/ -->\n<title>Green Amber bracelet<\/title>\n<meta name=\"description\" content=\"Green Amber bracelet sterling silver 925 chain bracelet snaike bracelet handmade gift healling gemstone real crystal gift for her\" \/>\n<meta name=\"robots\" content=\"index, follow, max-snippet:-1, max-image-preview:large, max-video-preview:-1\" \/>\n<link rel=\"canonical\" href=\"https:\/\/www.amberlithuania.com\/en\/parduotuve\/bracelets\/green-amber-bracelet-sterling-silver-925-chain-all-parts-sterling-silver-925\/\" \/>\n<meta property=\"og:locale\" content=\"en_US\" \/>\n<meta property=\"og:type\" content=\"article\" \/>\n<meta property=\"og:title\" content=\"Green Amber bracelet\" \/>\n<meta property=\"og:description\" content=\"Green Amber bracelet sterling silver 925 chain bracelet snaike bracelet handmade gift healling gemstone real crystal gift for her\" \/>\n<meta property=\"og:url\" content=\"https:\/\/www.amberlithuania.com\/en\/parduotuve\/bracelets\/green-amber-bracelet-sterling-silver-925-chain-all-parts-sterling-silver-925\/\" \/>\n<meta property=\"og:site_name\" content=\"amberlithuania.com\" \/>\n<meta property=\"article:publisher\" content=\"https:\/\/www.facebook.com\/GintaroGaliaAmberLithuania\/\" \/>\n<meta property=\"article:modified_time\" content=\"2026-04-02T06:52:05+00:00\" \/>\n<meta property=\"og:image\" content=\"https:\/\/www.amberlithuania.com\/wp-content\/uploads\/2022\/03\/20230607_194938-scaled.jpg\" \/>\n\t<meta property=\"og:image:width\" content=\"2560\" \/>\n\t<meta property=\"og:image:height\" content=\"1920\" \/>\n\t<meta property=\"og:image:type\" content=\"image\/jpeg\" \/>\n<meta name=\"twitter:card\" content=\"summary_large_image\" \/>\n<meta name=\"twitter:site\" content=\"@com\" \/>\n<meta name=\"twitter:label1\" content=\"Est. reading time\" \/>\n\t<meta name=\"twitter:data1\" content=\"2 minutes\" \/>\n<script type=\"application\/ld+json\" class=\"yoast-schema-graph\">{\"@context\":\"https:\/\/schema.org\",\"@graph\":[{\"@type\":\"WebPage\",\"@id\":\"https:\/\/www.amberlithuania.com\/en\/parduotuve\/bracelets\/green-amber-bracelet-sterling-silver-925-chain-all-parts-sterling-silver-925\/\",\"url\":\"https:\/\/www.amberlithuania.com\/en\/parduotuve\/bracelets\/green-amber-bracelet-sterling-silver-925-chain-all-parts-sterling-silver-925\/\",\"name\":\"Green Amber bracelet\",\"isPartOf\":{\"@id\":\"https:\/\/www.amberlithuania.com\/en\/#website\"},\"primaryImageOfPage\":{\"@id\":\"https:\/\/www.amberlithuania.com\/en\/parduotuve\/bracelets\/green-amber-bracelet-sterling-silver-925-chain-all-parts-sterling-silver-925\/#primaryimage\"},\"image\":{\"@id\":\"https:\/\/www.amberlithuania.com\/en\/parduotuve\/bracelets\/green-amber-bracelet-sterling-silver-925-chain-all-parts-sterling-silver-925\/#primaryimage\"},\"thumbnailUrl\":\"https:\/\/www.amberlithuania.com\/wp-content\/uploads\/2022\/03\/20230607_194938-scaled.jpg\",\"datePublished\":\"2023-06-08T09:08:19+00:00\",\"dateModified\":\"2026-04-02T06:52:05+00:00\",\"description\":\"Green Amber bracelet sterling silver 925 chain bracelet snaike bracelet handmade gift healling gemstone real crystal gift for her\",\"breadcrumb\":{\"@id\":\"https:\/\/www.amberlithuania.com\/en\/parduotuve\/bracelets\/green-amber-bracelet-sterling-silver-925-chain-all-parts-sterling-silver-925\/#breadcrumb\"},\"inLanguage\":\"en-US\",\"potentialAction\":[{\"@type\":\"ReadAction\",\"target\":[\"https:\/\/www.amberlithuania.com\/en\/parduotuve\/bracelets\/green-amber-bracelet-sterling-silver-925-chain-all-parts-sterling-silver-925\/\"]}]},{\"@type\":\"ImageObject\",\"inLanguage\":\"en-US\",\"@id\":\"https:\/\/www.amberlithuania.com\/en\/parduotuve\/bracelets\/green-amber-bracelet-sterling-silver-925-chain-all-parts-sterling-silver-925\/#primaryimage\",\"url\":\"https:\/\/www.amberlithuania.com\/wp-content\/uploads\/2022\/03\/20230607_194938-scaled.jpg\",\"contentUrl\":\"https:\/\/www.amberlithuania.com\/wp-content\/uploads\/2022\/03\/20230607_194938-scaled.jpg\",\"width\":2560,\"height\":1920,\"caption\":\"Sidabrin\u0117 \u017ealio gintaro apyrank\u0117 Green Amber bracelet\"},{\"@type\":\"BreadcrumbList\",\"@id\":\"https:\/\/www.amberlithuania.com\/en\/parduotuve\/bracelets\/green-amber-bracelet-sterling-silver-925-chain-all-parts-sterling-silver-925\/#breadcrumb\",\"itemListElement\":[{\"@type\":\"ListItem\",\"position\":1,\"name\":\"Home\",\"item\":\"https:\/\/www.amberlithuania.com\/en\/\"},{\"@type\":\"ListItem\",\"position\":2,\"name\":\"Shop\",\"item\":\"https:\/\/www.amberlithuania.com\/en\/shop\/\"},{\"@type\":\"ListItem\",\"position\":3,\"name\":\"Green Amber bracelet Sterling silver 925 chain. All parts sterling silver 925.\"}]},{\"@type\":\"WebSite\",\"@id\":\"https:\/\/www.amberlithuania.com\/en\/#website\",\"url\":\"https:\/\/www.amberlithuania.com\/en\/\",\"name\":\"amberlithuania.com\",\"description\":\"Gintariniai papuo\u0161alai Kal\u0117din\u0117s dovanos Juvelyriniai dirbiniai\",\"publisher\":{\"@id\":\"https:\/\/www.amberlithuania.com\/en\/#\/schema\/person\/6ba64bb15b47b2e25b6ff0bba2850db7\"},\"potentialAction\":[{\"@type\":\"SearchAction\",\"target\":{\"@type\":\"EntryPoint\",\"urlTemplate\":\"https:\/\/www.amberlithuania.com\/en\/?s={search_term_string}\"},\"query-input\":{\"@type\":\"PropertyValueSpecification\",\"valueRequired\":true,\"valueName\":\"search_term_string\"}}],\"inLanguage\":\"en-US\"},{\"@type\":[\"Person\",\"Organization\"],\"@id\":\"https:\/\/www.amberlithuania.com\/en\/#\/schema\/person\/6ba64bb15b47b2e25b6ff0bba2850db7\",\"name\":\"amberlithuania.com\",\"image\":{\"@type\":\"ImageObject\",\"inLanguage\":\"en-US\",\"@id\":\"https:\/\/www.amberlithuania.com\/en\/#\/schema\/person\/image\/\",\"url\":\"https:\/\/www.amberlithuania.com\/wp-content\/uploads\/2022\/02\/20220222_162041-scaled.jpg\",\"contentUrl\":\"https:\/\/www.amberlithuania.com\/wp-content\/uploads\/2022\/02\/20220222_162041-scaled.jpg\",\"width\":2560,\"height\":2560,\"caption\":\"amberlithuania.com\"},\"logo\":{\"@id\":\"https:\/\/www.amberlithuania.com\/en\/#\/schema\/person\/image\/\"},\"sameAs\":[\"http:\/\/www.amberlithuania.com\",\"https:\/\/www.facebook.com\/GintaroGaliaAmberLithuania\/\",\"https:\/\/x.com\/amberlithuania.com\"]}]}<\/script>\n<!-- \/ Yoast SEO plugin. -->","yoast_head_json":{"title":"Green Amber bracelet","description":"Green Amber bracelet sterling silver 925 chain bracelet snaike bracelet handmade gift healling gemstone real crystal gift for her","robots":{"index":"index","follow":"follow","max-snippet":"max-snippet:-1","max-image-preview":"max-image-preview:large","max-video-preview":"max-video-preview:-1"},"canonical":"https:\/\/www.amberlithuania.com\/en\/parduotuve\/bracelets\/green-amber-bracelet-sterling-silver-925-chain-all-parts-sterling-silver-925\/","og_locale":"en_US","og_type":"article","og_title":"Green Amber bracelet","og_description":"Green Amber bracelet sterling silver 925 chain bracelet snaike bracelet handmade gift healling gemstone real crystal gift for her","og_url":"https:\/\/www.amberlithuania.com\/en\/parduotuve\/bracelets\/green-amber-bracelet-sterling-silver-925-chain-all-parts-sterling-silver-925\/","og_site_name":"amberlithuania.com","article_publisher":"https:\/\/www.facebook.com\/GintaroGaliaAmberLithuania\/","article_modified_time":"2026-04-02T06:52:05+00:00","og_image":[{"width":2560,"height":1920,"url":"https:\/\/www.amberlithuania.com\/wp-content\/uploads\/2022\/03\/20230607_194938-scaled.jpg","type":"image\/jpeg"}],"twitter_card":"summary_large_image","twitter_site":"@com","twitter_misc":{"Est. reading time":"2 minutes"},"schema":{"@context":"https:\/\/schema.org","@graph":[{"@type":"WebPage","@id":"https:\/\/www.amberlithuania.com\/en\/parduotuve\/bracelets\/green-amber-bracelet-sterling-silver-925-chain-all-parts-sterling-silver-925\/","url":"https:\/\/www.amberlithuania.com\/en\/parduotuve\/bracelets\/green-amber-bracelet-sterling-silver-925-chain-all-parts-sterling-silver-925\/","name":"Green Amber bracelet","isPartOf":{"@id":"https:\/\/www.amberlithuania.com\/en\/#website"},"primaryImageOfPage":{"@id":"https:\/\/www.amberlithuania.com\/en\/parduotuve\/bracelets\/green-amber-bracelet-sterling-silver-925-chain-all-parts-sterling-silver-925\/#primaryimage"},"image":{"@id":"https:\/\/www.amberlithuania.com\/en\/parduotuve\/bracelets\/green-amber-bracelet-sterling-silver-925-chain-all-parts-sterling-silver-925\/#primaryimage"},"thumbnailUrl":"https:\/\/www.amberlithuania.com\/wp-content\/uploads\/2022\/03\/20230607_194938-scaled.jpg","datePublished":"2023-06-08T09:08:19+00:00","dateModified":"2026-04-02T06:52:05+00:00","description":"Green Amber bracelet sterling silver 925 chain bracelet snaike bracelet handmade gift healling gemstone real crystal gift for her","breadcrumb":{"@id":"https:\/\/www.amberlithuania.com\/en\/parduotuve\/bracelets\/green-amber-bracelet-sterling-silver-925-chain-all-parts-sterling-silver-925\/#breadcrumb"},"inLanguage":"en-US","potentialAction":[{"@type":"ReadAction","target":["https:\/\/www.amberlithuania.com\/en\/parduotuve\/bracelets\/green-amber-bracelet-sterling-silver-925-chain-all-parts-sterling-silver-925\/"]}]},{"@type":"ImageObject","inLanguage":"en-US","@id":"https:\/\/www.amberlithuania.com\/en\/parduotuve\/bracelets\/green-amber-bracelet-sterling-silver-925-chain-all-parts-sterling-silver-925\/#primaryimage","url":"https:\/\/www.amberlithuania.com\/wp-content\/uploads\/2022\/03\/20230607_194938-scaled.jpg","contentUrl":"https:\/\/www.amberlithuania.com\/wp-content\/uploads\/2022\/03\/20230607_194938-scaled.jpg","width":2560,"height":1920,"caption":"Sidabrin\u0117 \u017ealio gintaro apyrank\u0117 Green Amber bracelet"},{"@type":"BreadcrumbList","@id":"https:\/\/www.amberlithuania.com\/en\/parduotuve\/bracelets\/green-amber-bracelet-sterling-silver-925-chain-all-parts-sterling-silver-925\/#breadcrumb","itemListElement":[{"@type":"ListItem","position":1,"name":"Home","item":"https:\/\/www.amberlithuania.com\/en\/"},{"@type":"ListItem","position":2,"name":"Shop","item":"https:\/\/www.amberlithuania.com\/en\/shop\/"},{"@type":"ListItem","position":3,"name":"Green Amber bracelet Sterling silver 925 chain. All parts sterling silver 925."}]},{"@type":"WebSite","@id":"https:\/\/www.amberlithuania.com\/en\/#website","url":"https:\/\/www.amberlithuania.com\/en\/","name":"amberlithuania.com","description":"Gintariniai papuo\u0161alai Kal\u0117din\u0117s dovanos Juvelyriniai dirbiniai","publisher":{"@id":"https:\/\/www.amberlithuania.com\/en\/#\/schema\/person\/6ba64bb15b47b2e25b6ff0bba2850db7"},"potentialAction":[{"@type":"SearchAction","target":{"@type":"EntryPoint","urlTemplate":"https:\/\/www.amberlithuania.com\/en\/?s={search_term_string}"},"query-input":{"@type":"PropertyValueSpecification","valueRequired":true,"valueName":"search_term_string"}}],"inLanguage":"en-US"},{"@type":["Person","Organization"],"@id":"https:\/\/www.amberlithuania.com\/en\/#\/schema\/person\/6ba64bb15b47b2e25b6ff0bba2850db7","name":"amberlithuania.com","image":{"@type":"ImageObject","inLanguage":"en-US","@id":"https:\/\/www.amberlithuania.com\/en\/#\/schema\/person\/image\/","url":"https:\/\/www.amberlithuania.com\/wp-content\/uploads\/2022\/02\/20220222_162041-scaled.jpg","contentUrl":"https:\/\/www.amberlithuania.com\/wp-content\/uploads\/2022\/02\/20220222_162041-scaled.jpg","width":2560,"height":2560,"caption":"amberlithuania.com"},"logo":{"@id":"https:\/\/www.amberlithuania.com\/en\/#\/schema\/person\/image\/"},"sameAs":["http:\/\/www.amberlithuania.com","https:\/\/www.facebook.com\/GintaroGaliaAmberLithuania\/","https:\/\/x.com\/amberlithuania.com"]}]}},"_links":{"self":[{"href":"https:\/\/www.amberlithuania.com\/en\/wp-json\/wp\/v2\/product\/15001","targetHints":{"allow":["GET"]}}],"collection":[{"href":"https:\/\/www.amberlithuania.com\/en\/wp-json\/wp\/v2\/product"}],"about":[{"href":"https:\/\/www.amberlithuania.com\/en\/wp-json\/wp\/v2\/types\/product"}],"replies":[{"embeddable":true,"href":"https:\/\/www.amberlithuania.com\/en\/wp-json\/wp\/v2\/comments?post=15001"}],"wp:featuredmedia":[{"embeddable":true,"href":"https:\/\/www.amberlithuania.com\/en\/wp-json\/wp\/v2\/media\/14912"}],"wp:attachment":[{"href":"https:\/\/www.amberlithuania.com\/en\/wp-json\/wp\/v2\/media?parent=15001"}],"wp:term":[{"taxonomy":"product_brand","embeddable":true,"href":"https:\/\/www.amberlithuania.com\/en\/wp-json\/wp\/v2\/product_brand?post=15001"},{"taxonomy":"product_cat","embeddable":true,"href":"https:\/\/www.amberlithuania.com\/en\/wp-json\/wp\/v2\/product_cat?post=15001"},{"taxonomy":"product_tag","embeddable":true,"href":"https:\/\/www.amberlithuania.com\/en\/wp-json\/wp\/v2\/product_tag?post=15001"}],"curies":[{"name":"wp","href":"https:\/\/api.w.org\/{rel}","templated":true}]}}