{"id":14416,"date":"2023-03-19T11:03:04","date_gmt":"2023-03-19T09:03:04","guid":{"rendered":"https:\/\/www.amberlithuania.com\/parduotuve\/uncategorized\/raw-amber-necklace-8\/"},"modified":"2024-07-11T19:06:54","modified_gmt":"2024-07-11T17:06:54","slug":"healing-baltic-amber-necklace-real-white-green-gemstone","status":"publish","type":"product","link":"https:\/\/www.amberlithuania.com\/en\/parduotuve\/necklace\/healing-baltic-amber-necklace-real-white-green-gemstone\/","title":{"rendered":"Healing gemstone necklace Genuine amber Healing Baltic Amber necklace real white green gemstone"},"content":{"rendered":"<p>Healing Baltic Amber necklace real white green gemstone Healing Baltic Amber necklace real white green gemstone Healing gemstone necklace Genuine amber handmade item not polished Length 70 cm, weight 211 gr.<\/p>\n","protected":false},"excerpt":{"rendered":"<p>Healing Baltic Amber necklace real white green gemstone Healing gemstone necklace Genuine amber handmade item raw gemstone Length 70 cm, weight 211 gr.<\/p>\n","protected":false},"featured_media":27227,"comment_status":"open","ping_status":"closed","template":"","meta":[],"product_brand":[],"product_cat":[101],"product_tag":[788,308,307,488,1208,305,501,377],"class_list":{"0":"post-14416","1":"product","2":"type-product","3":"status-publish","4":"has-post-thumbnail","6":"product_cat-necklace","7":"product_tag-amber-necklace-en-3","8":"product_tag-amber-necklace-en","9":"product_tag-crystal-necklace","10":"product_tag-green-amber","11":"product_tag-healing-gemstone-necklace-genuine-amber-handmade-necklace-crystal","12":"product_tag-healing-necklace","13":"product_tag-round-amber-bead","14":"product_tag-white-amber","16":"first","17":"instock","18":"shipping-taxable","19":"purchasable","20":"product-type-simple"},"yoast_head":"<!-- This site is optimized with the Yoast SEO plugin v26.6 - https:\/\/yoast.com\/wordpress\/plugins\/seo\/ -->\n<title>Healing gemstone necklace Genuine amber Healing Baltic Amber necklace real white green gemstone - amberlithuania.com<\/title>\n<meta name=\"description\" content=\"Healing Baltic Amber necklace real white green gemstone Healing gemstone necklace Genuine amber handmade item\" \/>\n<meta name=\"robots\" content=\"index, follow, max-snippet:-1, max-image-preview:large, max-video-preview:-1\" \/>\n<link rel=\"canonical\" href=\"https:\/\/www.amberlithuania.com\/en\/parduotuve\/necklace\/healing-baltic-amber-necklace-real-white-green-gemstone\/\" \/>\n<meta property=\"og:locale\" content=\"en_US\" \/>\n<meta property=\"og:type\" content=\"article\" \/>\n<meta property=\"og:title\" content=\"Healing gemstone necklace Genuine amber Healing Baltic Amber necklace real white green gemstone - amberlithuania.com\" \/>\n<meta property=\"og:description\" content=\"Healing Baltic Amber necklace real white green gemstone Healing gemstone necklace Genuine amber handmade item\" \/>\n<meta property=\"og:url\" content=\"https:\/\/www.amberlithuania.com\/en\/parduotuve\/necklace\/healing-baltic-amber-necklace-real-white-green-gemstone\/\" \/>\n<meta property=\"og:site_name\" content=\"amberlithuania.com\" \/>\n<meta property=\"article:publisher\" content=\"https:\/\/www.facebook.com\/GintaroGaliaAmberLithuania\/\" \/>\n<meta property=\"article:modified_time\" content=\"2024-07-11T17:06:54+00:00\" \/>\n<meta property=\"og:image\" content=\"https:\/\/www.amberlithuania.com\/wp-content\/uploads\/2023\/03\/20240711_190819-scaled.jpg\" \/>\n\t<meta property=\"og:image:width\" content=\"2560\" \/>\n\t<meta property=\"og:image:height\" content=\"1920\" \/>\n\t<meta property=\"og:image:type\" content=\"image\/jpeg\" \/>\n<meta name=\"twitter:card\" content=\"summary_large_image\" \/>\n<meta name=\"twitter:site\" content=\"@com\" \/>\n<script type=\"application\/ld+json\" class=\"yoast-schema-graph\">{\"@context\":\"https:\/\/schema.org\",\"@graph\":[{\"@type\":\"WebPage\",\"@id\":\"https:\/\/www.amberlithuania.com\/en\/parduotuve\/necklace\/healing-baltic-amber-necklace-real-white-green-gemstone\/\",\"url\":\"https:\/\/www.amberlithuania.com\/en\/parduotuve\/necklace\/healing-baltic-amber-necklace-real-white-green-gemstone\/\",\"name\":\"Healing gemstone necklace Genuine amber Healing Baltic Amber necklace real white green gemstone - amberlithuania.com\",\"isPartOf\":{\"@id\":\"https:\/\/www.amberlithuania.com\/en\/#website\"},\"primaryImageOfPage\":{\"@id\":\"https:\/\/www.amberlithuania.com\/en\/parduotuve\/necklace\/healing-baltic-amber-necklace-real-white-green-gemstone\/#primaryimage\"},\"image\":{\"@id\":\"https:\/\/www.amberlithuania.com\/en\/parduotuve\/necklace\/healing-baltic-amber-necklace-real-white-green-gemstone\/#primaryimage\"},\"thumbnailUrl\":\"https:\/\/www.amberlithuania.com\/wp-content\/uploads\/2025\/09\/20250919_142602-scaled.jpg\",\"datePublished\":\"2023-03-19T09:03:04+00:00\",\"dateModified\":\"2024-07-11T17:06:54+00:00\",\"description\":\"Healing Baltic Amber necklace real white green gemstone Healing gemstone necklace Genuine amber handmade item\",\"breadcrumb\":{\"@id\":\"https:\/\/www.amberlithuania.com\/en\/parduotuve\/necklace\/healing-baltic-amber-necklace-real-white-green-gemstone\/#breadcrumb\"},\"inLanguage\":\"en-US\",\"potentialAction\":[{\"@type\":\"ReadAction\",\"target\":[\"https:\/\/www.amberlithuania.com\/en\/parduotuve\/necklace\/healing-baltic-amber-necklace-real-white-green-gemstone\/\"]}]},{\"@type\":\"ImageObject\",\"inLanguage\":\"en-US\",\"@id\":\"https:\/\/www.amberlithuania.com\/en\/parduotuve\/necklace\/healing-baltic-amber-necklace-real-white-green-gemstone\/#primaryimage\",\"url\":\"https:\/\/www.amberlithuania.com\/wp-content\/uploads\/2025\/09\/20250919_142602-scaled.jpg\",\"contentUrl\":\"https:\/\/www.amberlithuania.com\/wp-content\/uploads\/2025\/09\/20250919_142602-scaled.jpg\",\"width\":2560,\"height\":1920,\"caption\":\"Gydomieji gintariniai karoliai. Nat\u016bralus gintaras. Karoliai skydliauk\u0117s gydymui\"},{\"@type\":\"BreadcrumbList\",\"@id\":\"https:\/\/www.amberlithuania.com\/en\/parduotuve\/necklace\/healing-baltic-amber-necklace-real-white-green-gemstone\/#breadcrumb\",\"itemListElement\":[{\"@type\":\"ListItem\",\"position\":1,\"name\":\"Home\",\"item\":\"https:\/\/www.amberlithuania.com\/en\/\"},{\"@type\":\"ListItem\",\"position\":2,\"name\":\"Shop\",\"item\":\"https:\/\/www.amberlithuania.com\/en\/shop\/\"},{\"@type\":\"ListItem\",\"position\":3,\"name\":\"Healing gemstone necklace Genuine amber Healing Baltic Amber necklace real white green gemstone\"}]},{\"@type\":\"WebSite\",\"@id\":\"https:\/\/www.amberlithuania.com\/en\/#website\",\"url\":\"https:\/\/www.amberlithuania.com\/en\/\",\"name\":\"amberlithuania.com\",\"description\":\"Gintariniai papuo\u0161alai Kal\u0117din\u0117s dovanos Juvelyriniai dirbiniai\",\"publisher\":{\"@id\":\"https:\/\/www.amberlithuania.com\/en\/#\/schema\/person\/6ba64bb15b47b2e25b6ff0bba2850db7\"},\"potentialAction\":[{\"@type\":\"SearchAction\",\"target\":{\"@type\":\"EntryPoint\",\"urlTemplate\":\"https:\/\/www.amberlithuania.com\/en\/?s={search_term_string}\"},\"query-input\":{\"@type\":\"PropertyValueSpecification\",\"valueRequired\":true,\"valueName\":\"search_term_string\"}}],\"inLanguage\":\"en-US\"},{\"@type\":[\"Person\",\"Organization\"],\"@id\":\"https:\/\/www.amberlithuania.com\/en\/#\/schema\/person\/6ba64bb15b47b2e25b6ff0bba2850db7\",\"name\":\"amberlithuania.com\",\"image\":{\"@type\":\"ImageObject\",\"inLanguage\":\"en-US\",\"@id\":\"https:\/\/www.amberlithuania.com\/en\/#\/schema\/person\/image\/\",\"url\":\"https:\/\/www.amberlithuania.com\/wp-content\/uploads\/2022\/02\/20220222_162041-scaled.jpg\",\"contentUrl\":\"https:\/\/www.amberlithuania.com\/wp-content\/uploads\/2022\/02\/20220222_162041-scaled.jpg\",\"width\":2560,\"height\":2560,\"caption\":\"amberlithuania.com\"},\"logo\":{\"@id\":\"https:\/\/www.amberlithuania.com\/en\/#\/schema\/person\/image\/\"},\"sameAs\":[\"http:\/\/www.amberlithuania.com\",\"https:\/\/www.facebook.com\/GintaroGaliaAmberLithuania\/\",\"https:\/\/x.com\/amberlithuania.com\"]}]}<\/script>\n<!-- \/ Yoast SEO plugin. -->","yoast_head_json":{"title":"Healing gemstone necklace Genuine amber Healing Baltic Amber necklace real white green gemstone - amberlithuania.com","description":"Healing Baltic Amber necklace real white green gemstone Healing gemstone necklace Genuine amber handmade item","robots":{"index":"index","follow":"follow","max-snippet":"max-snippet:-1","max-image-preview":"max-image-preview:large","max-video-preview":"max-video-preview:-1"},"canonical":"https:\/\/www.amberlithuania.com\/en\/parduotuve\/necklace\/healing-baltic-amber-necklace-real-white-green-gemstone\/","og_locale":"en_US","og_type":"article","og_title":"Healing gemstone necklace Genuine amber Healing Baltic Amber necklace real white green gemstone - amberlithuania.com","og_description":"Healing Baltic Amber necklace real white green gemstone Healing gemstone necklace Genuine amber handmade item","og_url":"https:\/\/www.amberlithuania.com\/en\/parduotuve\/necklace\/healing-baltic-amber-necklace-real-white-green-gemstone\/","og_site_name":"amberlithuania.com","article_publisher":"https:\/\/www.facebook.com\/GintaroGaliaAmberLithuania\/","article_modified_time":"2024-07-11T17:06:54+00:00","og_image":[{"width":2560,"height":1920,"url":"https:\/\/www.amberlithuania.com\/wp-content\/uploads\/2023\/03\/20240711_190819-scaled.jpg","type":"image\/jpeg"}],"twitter_card":"summary_large_image","twitter_site":"@com","schema":{"@context":"https:\/\/schema.org","@graph":[{"@type":"WebPage","@id":"https:\/\/www.amberlithuania.com\/en\/parduotuve\/necklace\/healing-baltic-amber-necklace-real-white-green-gemstone\/","url":"https:\/\/www.amberlithuania.com\/en\/parduotuve\/necklace\/healing-baltic-amber-necklace-real-white-green-gemstone\/","name":"Healing gemstone necklace Genuine amber Healing Baltic Amber necklace real white green gemstone - amberlithuania.com","isPartOf":{"@id":"https:\/\/www.amberlithuania.com\/en\/#website"},"primaryImageOfPage":{"@id":"https:\/\/www.amberlithuania.com\/en\/parduotuve\/necklace\/healing-baltic-amber-necklace-real-white-green-gemstone\/#primaryimage"},"image":{"@id":"https:\/\/www.amberlithuania.com\/en\/parduotuve\/necklace\/healing-baltic-amber-necklace-real-white-green-gemstone\/#primaryimage"},"thumbnailUrl":"https:\/\/www.amberlithuania.com\/wp-content\/uploads\/2025\/09\/20250919_142602-scaled.jpg","datePublished":"2023-03-19T09:03:04+00:00","dateModified":"2024-07-11T17:06:54+00:00","description":"Healing Baltic Amber necklace real white green gemstone Healing gemstone necklace Genuine amber handmade item","breadcrumb":{"@id":"https:\/\/www.amberlithuania.com\/en\/parduotuve\/necklace\/healing-baltic-amber-necklace-real-white-green-gemstone\/#breadcrumb"},"inLanguage":"en-US","potentialAction":[{"@type":"ReadAction","target":["https:\/\/www.amberlithuania.com\/en\/parduotuve\/necklace\/healing-baltic-amber-necklace-real-white-green-gemstone\/"]}]},{"@type":"ImageObject","inLanguage":"en-US","@id":"https:\/\/www.amberlithuania.com\/en\/parduotuve\/necklace\/healing-baltic-amber-necklace-real-white-green-gemstone\/#primaryimage","url":"https:\/\/www.amberlithuania.com\/wp-content\/uploads\/2025\/09\/20250919_142602-scaled.jpg","contentUrl":"https:\/\/www.amberlithuania.com\/wp-content\/uploads\/2025\/09\/20250919_142602-scaled.jpg","width":2560,"height":1920,"caption":"Gydomieji gintariniai karoliai. Nat\u016bralus gintaras. Karoliai skydliauk\u0117s gydymui"},{"@type":"BreadcrumbList","@id":"https:\/\/www.amberlithuania.com\/en\/parduotuve\/necklace\/healing-baltic-amber-necklace-real-white-green-gemstone\/#breadcrumb","itemListElement":[{"@type":"ListItem","position":1,"name":"Home","item":"https:\/\/www.amberlithuania.com\/en\/"},{"@type":"ListItem","position":2,"name":"Shop","item":"https:\/\/www.amberlithuania.com\/en\/shop\/"},{"@type":"ListItem","position":3,"name":"Healing gemstone necklace Genuine amber Healing Baltic Amber necklace real white green gemstone"}]},{"@type":"WebSite","@id":"https:\/\/www.amberlithuania.com\/en\/#website","url":"https:\/\/www.amberlithuania.com\/en\/","name":"amberlithuania.com","description":"Gintariniai papuo\u0161alai Kal\u0117din\u0117s dovanos Juvelyriniai dirbiniai","publisher":{"@id":"https:\/\/www.amberlithuania.com\/en\/#\/schema\/person\/6ba64bb15b47b2e25b6ff0bba2850db7"},"potentialAction":[{"@type":"SearchAction","target":{"@type":"EntryPoint","urlTemplate":"https:\/\/www.amberlithuania.com\/en\/?s={search_term_string}"},"query-input":{"@type":"PropertyValueSpecification","valueRequired":true,"valueName":"search_term_string"}}],"inLanguage":"en-US"},{"@type":["Person","Organization"],"@id":"https:\/\/www.amberlithuania.com\/en\/#\/schema\/person\/6ba64bb15b47b2e25b6ff0bba2850db7","name":"amberlithuania.com","image":{"@type":"ImageObject","inLanguage":"en-US","@id":"https:\/\/www.amberlithuania.com\/en\/#\/schema\/person\/image\/","url":"https:\/\/www.amberlithuania.com\/wp-content\/uploads\/2022\/02\/20220222_162041-scaled.jpg","contentUrl":"https:\/\/www.amberlithuania.com\/wp-content\/uploads\/2022\/02\/20220222_162041-scaled.jpg","width":2560,"height":2560,"caption":"amberlithuania.com"},"logo":{"@id":"https:\/\/www.amberlithuania.com\/en\/#\/schema\/person\/image\/"},"sameAs":["http:\/\/www.amberlithuania.com","https:\/\/www.facebook.com\/GintaroGaliaAmberLithuania\/","https:\/\/x.com\/amberlithuania.com"]}]}},"_links":{"self":[{"href":"https:\/\/www.amberlithuania.com\/en\/wp-json\/wp\/v2\/product\/14416","targetHints":{"allow":["GET"]}}],"collection":[{"href":"https:\/\/www.amberlithuania.com\/en\/wp-json\/wp\/v2\/product"}],"about":[{"href":"https:\/\/www.amberlithuania.com\/en\/wp-json\/wp\/v2\/types\/product"}],"replies":[{"embeddable":true,"href":"https:\/\/www.amberlithuania.com\/en\/wp-json\/wp\/v2\/comments?post=14416"}],"wp:featuredmedia":[{"embeddable":true,"href":"https:\/\/www.amberlithuania.com\/en\/wp-json\/wp\/v2\/media\/27227"}],"wp:attachment":[{"href":"https:\/\/www.amberlithuania.com\/en\/wp-json\/wp\/v2\/media?parent=14416"}],"wp:term":[{"taxonomy":"product_brand","embeddable":true,"href":"https:\/\/www.amberlithuania.com\/en\/wp-json\/wp\/v2\/product_brand?post=14416"},{"taxonomy":"product_cat","embeddable":true,"href":"https:\/\/www.amberlithuania.com\/en\/wp-json\/wp\/v2\/product_cat?post=14416"},{"taxonomy":"product_tag","embeddable":true,"href":"https:\/\/www.amberlithuania.com\/en\/wp-json\/wp\/v2\/product_tag?post=14416"}],"curies":[{"name":"wp","href":"https:\/\/api.w.org\/{rel}","templated":true}]}}