{"id":12647,"date":"2022-11-30T17:22:47","date_gmt":"2022-11-30T15:22:47","guid":{"rendered":"https:\/\/www.amberlithuania.com\/parduotuve\/uncategorized\/amber-bracelet-15\/"},"modified":"2024-10-05T17:07:31","modified_gmt":"2024-10-05T15:07:31","slug":"https-www-amberlithuania-com-en-parduotuve-bracelets-amber-bracelet-15","status":"publish","type":"product","link":"https:\/\/www.amberlithuania.com\/en\/parduotuve\/bracelets\/https-www-amberlithuania-com-en-parduotuve-bracelets-amber-bracelet-15\/","title":{"rendered":"Amber bracelet Green Amber bracelet"},"content":{"rendered":"<p>Amber bracelet. Green real Baltic amber. Handmade item. Not very massive, not to big stones. Length  18,50 gr. Amber bracelet Green Amber bracelet. <\/p>\n<p>This Item is made of genuine, natural Amber. This item will make You look simple but gorgeous. Our handmade jewelry is made with passion and love. Please note that colors can vary from originals depending on computer monitor\u2019s settings. Due to amber is being unique and natural gemstone, each item may be slightly different in shades or shapes. Items may have natural imperfections like lines and spots, specks, coloration and inclusions, layers and lines. Amber bracelet Green Amber bracelet will be just a perfect gift for her.<br \/>\nAll amber is fossilized tree resin and it is extremely light gemstone. Baltic amber has healing properties because it contains up to 8 percent succinct acid. Baltic region is home to the largest known deposit of amber.<\/p>\n<p>This Item is made of genuine, natural Amber. This item will make You look simple but gorgeous. Our handmade jewelry is made with passion and love. Please note that colors can vary from originals depending on computer monitor\u2019s settings. Due to amber is being unique and natural gemstone, each item may be slightly different in shades or shapes. Items may have natural imperfections like lines and spots, specks, coloration and inclusions, layers and lines. Amber bracelet Green Amber bracelet will be just a perfect gift for her.<br \/>\nAll amber is fossilized tree resin and it is extremely light gemstone. Baltic amber has healing properties because it contains up to 8 percent succinct acid. Baltic region is home to the largest known deposit of amber.<\/p>\n","protected":false},"excerpt":{"rendered":"<p>Amber bracelet. Green real Baltic amber. Handmade item. Not very massive, not to big stones. Length  18,50 gr. <\/p>\n","protected":false},"featured_media":29369,"comment_status":"open","ping_status":"closed","template":"","meta":[],"product_brand":[],"product_cat":[99],"product_tag":[1389,376,483,484,308,316,2061,2079,2218,407,1111,488,588,1234,1108,377],"class_list":{"0":"post-12647","1":"product","2":"type-product","3":"status-publish","4":"has-post-thumbnail","6":"product_cat-bracelets","7":"product_tag-amber-en","8":"product_tag-amber","9":"product_tag-amber-bracelet","10":"product_tag-amber-bracelet-en","11":"product_tag-amber-necklace-en","12":"product_tag-baltic-amber","13":"product_tag-baltic-amber-earrings-en","14":"product_tag-baltic-amber-gift-en","15":"product_tag-baltic-amber-jewelry-en","16":"product_tag-bracelet-and-amber","17":"product_tag-gemstone-studs","18":"product_tag-green-amber","19":"product_tag-green-bracelet","20":"product_tag-handmade-jewelery-en","21":"product_tag-handmade-jewellery","22":"product_tag-white-amber","24":"first","25":"outofstock","26":"shipping-taxable","27":"purchasable","28":"product-type-simple"},"yoast_head":"<!-- This site is optimized with the Yoast SEO plugin v26.6 - https:\/\/yoast.com\/wordpress\/plugins\/seo\/ -->\n<title>Amber bracelet Green Amber bracelet - amberlithuania.com<\/title>\n<meta name=\"description\" content=\"Amber bracelet Green Amber bracelet Real genuine Baltic Amber jewelry Handmade items Gemstone bracelet Healing crystal\" \/>\n<meta name=\"robots\" content=\"index, follow, max-snippet:-1, max-image-preview:large, max-video-preview:-1\" \/>\n<link rel=\"canonical\" href=\"https:\/\/www.amberlithuania.com\/en\/parduotuve\/bracelets\/https-www-amberlithuania-com-en-parduotuve-bracelets-amber-bracelet-15\/\" \/>\n<meta property=\"og:locale\" content=\"en_US\" \/>\n<meta property=\"og:type\" content=\"article\" \/>\n<meta property=\"og:title\" content=\"Amber bracelet Green Amber bracelet - amberlithuania.com\" \/>\n<meta property=\"og:description\" content=\"Amber bracelet Green Amber bracelet Real genuine Baltic Amber jewelry Handmade items Gemstone bracelet Healing crystal\" \/>\n<meta property=\"og:url\" content=\"https:\/\/www.amberlithuania.com\/en\/parduotuve\/bracelets\/https-www-amberlithuania-com-en-parduotuve-bracelets-amber-bracelet-15\/\" \/>\n<meta property=\"og:site_name\" content=\"amberlithuania.com\" \/>\n<meta property=\"article:publisher\" content=\"https:\/\/www.facebook.com\/GintaroGaliaAmberLithuania\/\" \/>\n<meta property=\"article:modified_time\" content=\"2024-10-05T15:07:31+00:00\" \/>\n<meta property=\"og:image\" content=\"https:\/\/www.amberlithuania.com\/wp-content\/uploads\/2022\/11\/20220830_201952-scaled.jpg\" \/>\n\t<meta property=\"og:image:width\" content=\"2560\" \/>\n\t<meta property=\"og:image:height\" content=\"2560\" \/>\n\t<meta property=\"og:image:type\" content=\"image\/jpeg\" \/>\n<meta name=\"twitter:card\" content=\"summary_large_image\" \/>\n<meta name=\"twitter:site\" content=\"@com\" \/>\n<meta name=\"twitter:label1\" content=\"Est. reading time\" \/>\n\t<meta name=\"twitter:data1\" content=\"1 minute\" \/>\n<script type=\"application\/ld+json\" class=\"yoast-schema-graph\">{\"@context\":\"https:\/\/schema.org\",\"@graph\":[{\"@type\":\"WebPage\",\"@id\":\"https:\/\/www.amberlithuania.com\/en\/parduotuve\/bracelets\/https-www-amberlithuania-com-en-parduotuve-bracelets-amber-bracelet-15\/\",\"url\":\"https:\/\/www.amberlithuania.com\/en\/parduotuve\/bracelets\/https-www-amberlithuania-com-en-parduotuve-bracelets-amber-bracelet-15\/\",\"name\":\"Amber bracelet Green Amber bracelet - amberlithuania.com\",\"isPartOf\":{\"@id\":\"https:\/\/www.amberlithuania.com\/en\/#website\"},\"primaryImageOfPage\":{\"@id\":\"https:\/\/www.amberlithuania.com\/en\/parduotuve\/bracelets\/https-www-amberlithuania-com-en-parduotuve-bracelets-amber-bracelet-15\/#primaryimage\"},\"image\":{\"@id\":\"https:\/\/www.amberlithuania.com\/en\/parduotuve\/bracelets\/https-www-amberlithuania-com-en-parduotuve-bracelets-amber-bracelet-15\/#primaryimage\"},\"thumbnailUrl\":\"https:\/\/www.amberlithuania.com\/wp-content\/uploads\/2022\/11\/20250216_135327-scaled.jpg\",\"datePublished\":\"2022-11-30T15:22:47+00:00\",\"dateModified\":\"2024-10-05T15:07:31+00:00\",\"description\":\"Amber bracelet Green Amber bracelet Real genuine Baltic Amber jewelry Handmade items Gemstone bracelet Healing crystal\",\"breadcrumb\":{\"@id\":\"https:\/\/www.amberlithuania.com\/en\/parduotuve\/bracelets\/https-www-amberlithuania-com-en-parduotuve-bracelets-amber-bracelet-15\/#breadcrumb\"},\"inLanguage\":\"en-US\",\"potentialAction\":[{\"@type\":\"ReadAction\",\"target\":[\"https:\/\/www.amberlithuania.com\/en\/parduotuve\/bracelets\/https-www-amberlithuania-com-en-parduotuve-bracelets-amber-bracelet-15\/\"]}]},{\"@type\":\"ImageObject\",\"inLanguage\":\"en-US\",\"@id\":\"https:\/\/www.amberlithuania.com\/en\/parduotuve\/bracelets\/https-www-amberlithuania-com-en-parduotuve-bracelets-amber-bracelet-15\/#primaryimage\",\"url\":\"https:\/\/www.amberlithuania.com\/wp-content\/uploads\/2022\/11\/20250216_135327-scaled.jpg\",\"contentUrl\":\"https:\/\/www.amberlithuania.com\/wp-content\/uploads\/2022\/11\/20250216_135327-scaled.jpg\",\"width\":2560,\"height\":1920,\"caption\":\"Gintarin\u0117 Apyrank\u0117 \u017dalio gintaro apyrank\u0117\"},{\"@type\":\"BreadcrumbList\",\"@id\":\"https:\/\/www.amberlithuania.com\/en\/parduotuve\/bracelets\/https-www-amberlithuania-com-en-parduotuve-bracelets-amber-bracelet-15\/#breadcrumb\",\"itemListElement\":[{\"@type\":\"ListItem\",\"position\":1,\"name\":\"Home\",\"item\":\"https:\/\/www.amberlithuania.com\/en\/\"},{\"@type\":\"ListItem\",\"position\":2,\"name\":\"Shop\",\"item\":\"https:\/\/www.amberlithuania.com\/en\/shop\/\"},{\"@type\":\"ListItem\",\"position\":3,\"name\":\"Amber bracelet Green Amber bracelet\"}]},{\"@type\":\"WebSite\",\"@id\":\"https:\/\/www.amberlithuania.com\/en\/#website\",\"url\":\"https:\/\/www.amberlithuania.com\/en\/\",\"name\":\"amberlithuania.com\",\"description\":\"Gintariniai papuo\u0161alai Kal\u0117din\u0117s dovanos Juvelyriniai dirbiniai\",\"publisher\":{\"@id\":\"https:\/\/www.amberlithuania.com\/en\/#\/schema\/person\/6ba64bb15b47b2e25b6ff0bba2850db7\"},\"potentialAction\":[{\"@type\":\"SearchAction\",\"target\":{\"@type\":\"EntryPoint\",\"urlTemplate\":\"https:\/\/www.amberlithuania.com\/en\/?s={search_term_string}\"},\"query-input\":{\"@type\":\"PropertyValueSpecification\",\"valueRequired\":true,\"valueName\":\"search_term_string\"}}],\"inLanguage\":\"en-US\"},{\"@type\":[\"Person\",\"Organization\"],\"@id\":\"https:\/\/www.amberlithuania.com\/en\/#\/schema\/person\/6ba64bb15b47b2e25b6ff0bba2850db7\",\"name\":\"amberlithuania.com\",\"image\":{\"@type\":\"ImageObject\",\"inLanguage\":\"en-US\",\"@id\":\"https:\/\/www.amberlithuania.com\/en\/#\/schema\/person\/image\/\",\"url\":\"https:\/\/www.amberlithuania.com\/wp-content\/uploads\/2022\/02\/20220222_162041-scaled.jpg\",\"contentUrl\":\"https:\/\/www.amberlithuania.com\/wp-content\/uploads\/2022\/02\/20220222_162041-scaled.jpg\",\"width\":2560,\"height\":2560,\"caption\":\"amberlithuania.com\"},\"logo\":{\"@id\":\"https:\/\/www.amberlithuania.com\/en\/#\/schema\/person\/image\/\"},\"sameAs\":[\"http:\/\/www.amberlithuania.com\",\"https:\/\/www.facebook.com\/GintaroGaliaAmberLithuania\/\",\"https:\/\/x.com\/amberlithuania.com\"]}]}<\/script>\n<!-- \/ Yoast SEO plugin. -->","yoast_head_json":{"title":"Amber bracelet Green Amber bracelet - amberlithuania.com","description":"Amber bracelet Green Amber bracelet Real genuine Baltic Amber jewelry Handmade items Gemstone bracelet Healing crystal","robots":{"index":"index","follow":"follow","max-snippet":"max-snippet:-1","max-image-preview":"max-image-preview:large","max-video-preview":"max-video-preview:-1"},"canonical":"https:\/\/www.amberlithuania.com\/en\/parduotuve\/bracelets\/https-www-amberlithuania-com-en-parduotuve-bracelets-amber-bracelet-15\/","og_locale":"en_US","og_type":"article","og_title":"Amber bracelet Green Amber bracelet - amberlithuania.com","og_description":"Amber bracelet Green Amber bracelet Real genuine Baltic Amber jewelry Handmade items Gemstone bracelet Healing crystal","og_url":"https:\/\/www.amberlithuania.com\/en\/parduotuve\/bracelets\/https-www-amberlithuania-com-en-parduotuve-bracelets-amber-bracelet-15\/","og_site_name":"amberlithuania.com","article_publisher":"https:\/\/www.facebook.com\/GintaroGaliaAmberLithuania\/","article_modified_time":"2024-10-05T15:07:31+00:00","og_image":[{"width":2560,"height":2560,"url":"https:\/\/www.amberlithuania.com\/wp-content\/uploads\/2022\/11\/20220830_201952-scaled.jpg","type":"image\/jpeg"}],"twitter_card":"summary_large_image","twitter_site":"@com","twitter_misc":{"Est. reading time":"1 minute"},"schema":{"@context":"https:\/\/schema.org","@graph":[{"@type":"WebPage","@id":"https:\/\/www.amberlithuania.com\/en\/parduotuve\/bracelets\/https-www-amberlithuania-com-en-parduotuve-bracelets-amber-bracelet-15\/","url":"https:\/\/www.amberlithuania.com\/en\/parduotuve\/bracelets\/https-www-amberlithuania-com-en-parduotuve-bracelets-amber-bracelet-15\/","name":"Amber bracelet Green Amber bracelet - amberlithuania.com","isPartOf":{"@id":"https:\/\/www.amberlithuania.com\/en\/#website"},"primaryImageOfPage":{"@id":"https:\/\/www.amberlithuania.com\/en\/parduotuve\/bracelets\/https-www-amberlithuania-com-en-parduotuve-bracelets-amber-bracelet-15\/#primaryimage"},"image":{"@id":"https:\/\/www.amberlithuania.com\/en\/parduotuve\/bracelets\/https-www-amberlithuania-com-en-parduotuve-bracelets-amber-bracelet-15\/#primaryimage"},"thumbnailUrl":"https:\/\/www.amberlithuania.com\/wp-content\/uploads\/2022\/11\/20250216_135327-scaled.jpg","datePublished":"2022-11-30T15:22:47+00:00","dateModified":"2024-10-05T15:07:31+00:00","description":"Amber bracelet Green Amber bracelet Real genuine Baltic Amber jewelry Handmade items Gemstone bracelet Healing crystal","breadcrumb":{"@id":"https:\/\/www.amberlithuania.com\/en\/parduotuve\/bracelets\/https-www-amberlithuania-com-en-parduotuve-bracelets-amber-bracelet-15\/#breadcrumb"},"inLanguage":"en-US","potentialAction":[{"@type":"ReadAction","target":["https:\/\/www.amberlithuania.com\/en\/parduotuve\/bracelets\/https-www-amberlithuania-com-en-parduotuve-bracelets-amber-bracelet-15\/"]}]},{"@type":"ImageObject","inLanguage":"en-US","@id":"https:\/\/www.amberlithuania.com\/en\/parduotuve\/bracelets\/https-www-amberlithuania-com-en-parduotuve-bracelets-amber-bracelet-15\/#primaryimage","url":"https:\/\/www.amberlithuania.com\/wp-content\/uploads\/2022\/11\/20250216_135327-scaled.jpg","contentUrl":"https:\/\/www.amberlithuania.com\/wp-content\/uploads\/2022\/11\/20250216_135327-scaled.jpg","width":2560,"height":1920,"caption":"Gintarin\u0117 Apyrank\u0117 \u017dalio gintaro apyrank\u0117"},{"@type":"BreadcrumbList","@id":"https:\/\/www.amberlithuania.com\/en\/parduotuve\/bracelets\/https-www-amberlithuania-com-en-parduotuve-bracelets-amber-bracelet-15\/#breadcrumb","itemListElement":[{"@type":"ListItem","position":1,"name":"Home","item":"https:\/\/www.amberlithuania.com\/en\/"},{"@type":"ListItem","position":2,"name":"Shop","item":"https:\/\/www.amberlithuania.com\/en\/shop\/"},{"@type":"ListItem","position":3,"name":"Amber bracelet Green Amber bracelet"}]},{"@type":"WebSite","@id":"https:\/\/www.amberlithuania.com\/en\/#website","url":"https:\/\/www.amberlithuania.com\/en\/","name":"amberlithuania.com","description":"Gintariniai papuo\u0161alai Kal\u0117din\u0117s dovanos Juvelyriniai dirbiniai","publisher":{"@id":"https:\/\/www.amberlithuania.com\/en\/#\/schema\/person\/6ba64bb15b47b2e25b6ff0bba2850db7"},"potentialAction":[{"@type":"SearchAction","target":{"@type":"EntryPoint","urlTemplate":"https:\/\/www.amberlithuania.com\/en\/?s={search_term_string}"},"query-input":{"@type":"PropertyValueSpecification","valueRequired":true,"valueName":"search_term_string"}}],"inLanguage":"en-US"},{"@type":["Person","Organization"],"@id":"https:\/\/www.amberlithuania.com\/en\/#\/schema\/person\/6ba64bb15b47b2e25b6ff0bba2850db7","name":"amberlithuania.com","image":{"@type":"ImageObject","inLanguage":"en-US","@id":"https:\/\/www.amberlithuania.com\/en\/#\/schema\/person\/image\/","url":"https:\/\/www.amberlithuania.com\/wp-content\/uploads\/2022\/02\/20220222_162041-scaled.jpg","contentUrl":"https:\/\/www.amberlithuania.com\/wp-content\/uploads\/2022\/02\/20220222_162041-scaled.jpg","width":2560,"height":2560,"caption":"amberlithuania.com"},"logo":{"@id":"https:\/\/www.amberlithuania.com\/en\/#\/schema\/person\/image\/"},"sameAs":["http:\/\/www.amberlithuania.com","https:\/\/www.facebook.com\/GintaroGaliaAmberLithuania\/","https:\/\/x.com\/amberlithuania.com"]}]}},"_links":{"self":[{"href":"https:\/\/www.amberlithuania.com\/en\/wp-json\/wp\/v2\/product\/12647","targetHints":{"allow":["GET"]}}],"collection":[{"href":"https:\/\/www.amberlithuania.com\/en\/wp-json\/wp\/v2\/product"}],"about":[{"href":"https:\/\/www.amberlithuania.com\/en\/wp-json\/wp\/v2\/types\/product"}],"replies":[{"embeddable":true,"href":"https:\/\/www.amberlithuania.com\/en\/wp-json\/wp\/v2\/comments?post=12647"}],"wp:featuredmedia":[{"embeddable":true,"href":"https:\/\/www.amberlithuania.com\/en\/wp-json\/wp\/v2\/media\/29369"}],"wp:attachment":[{"href":"https:\/\/www.amberlithuania.com\/en\/wp-json\/wp\/v2\/media?parent=12647"}],"wp:term":[{"taxonomy":"product_brand","embeddable":true,"href":"https:\/\/www.amberlithuania.com\/en\/wp-json\/wp\/v2\/product_brand?post=12647"},{"taxonomy":"product_cat","embeddable":true,"href":"https:\/\/www.amberlithuania.com\/en\/wp-json\/wp\/v2\/product_cat?post=12647"},{"taxonomy":"product_tag","embeddable":true,"href":"https:\/\/www.amberlithuania.com\/en\/wp-json\/wp\/v2\/product_tag?post=12647"}],"curies":[{"name":"wp","href":"https:\/\/api.w.org\/{rel}","templated":true}]}}