{"id":4080,"date":"2020-05-09T06:51:37","date_gmt":"2020-05-09T08:51:37","guid":{"rendered":"https:\/\/www.amberlithuania.com\/pirkimo-taisykles\/"},"modified":"2024-12-18T13:45:53","modified_gmt":"2024-12-18T11:45:53","slug":"pirkimo-taisykles","status":"publish","type":"page","link":"https:\/\/www.amberlithuania.com\/en\/pirkimo-taisykles\/","title":{"rendered":"Pirkimo taisykl\u0117s"},"content":{"rendered":"<div class=\"container section-title-container\" ><h3 class=\"section-title section-title-normal\"><b><\/b><span class=\"section-title-main\" >Pirkimo taisykl\u0117s<\/span><b><\/b><\/h3><\/div>\n<div style=\"text-align: justify;\"><strong>1. Bendrosios nuostatos.<\/strong><\/div>\n<ol style=\"text-align: justify;\">\n<li>\u0160ios pirkimo &#8211; pardavimo taisykl\u0117s (toliau \u201eTaisykl\u0117s\u201c) tai Pirk\u0117jo ir Pardav\u0117jo teis\u0117s bei pareigos, preki\u0173 \u012fsigijimo bei apmok\u0117jimo u\u017e jas s\u0105lygos, preki\u0173 pristatymo ir gr\u0105\u017einimo tvarka, \u0161ali\u0173 atsakomyb\u0117 bei kitos \u0161ioje elektronin\u0117je parduotuv\u0117je su preki\u0173 pirkimu \u2013 pardavimu susijusios nuostatos. \u0160ios taisykl\u0117s parengtos vadovaujantis Lietuvos Respublikos \u012fstatymais. Pardav\u0117jas pasilieka teis\u0119 bet kuriuo metu pakeisti, taisyti ar papildyti taisykles, atsi\u017evelgdamas \u012f teis\u0117s akt\u0173 nustatytus reikalavimus.<\/li>\n<li>Pirk\u0117jas, pateikdamas u\u017esakym\u0105 patvirtina, kad sutinka su \u0161iomis Taisykl\u0117mis.<\/li>\n<li>Sutartis tarp Pirk\u0117jo ir Pardav\u0117jo laikoma sudaryta nuo to momento, kai Pirk\u0117jas elektronin\u0117je parduotuv\u0117je suformav\u0119s preki\u0173 krep\u0161el\u012f apmoka u\u017esakym\u0105 pasirinktu b\u016bdu.<\/li>\n<\/ol>\n<div style=\"text-align: justify;\"><strong>2. Asmens duomen\u0173 apsauga.<\/strong><\/div>\n<ol style=\"text-align: justify;\">\n<li>Bet kokiai informacijai, kuri yra susijusi su asmens duomenimis ir kuri yra u\u017eregistruojama \u0161ioje elektronin\u0117je parduotuv\u0117je, taikoma Pardav\u0117jo asmens duomen\u0173 apsaugos politika, atitinkanti LR asmens duomen\u0173 apsaugos \u012fstatymus.<\/li>\n<li>U\u017esisakant prekes \u0161ioje el. parduotuv\u0117je pirk\u0117jas privalo pateikti pirkimo metu pra\u0161omus duomenis.<\/li>\n<li>Pirk\u0117jas yra atsakingas u\u017e teising\u0173 duomen\u0173 pirkimo metu pateikim\u0105.<\/li>\n<li>Pateikdamas u\u017esakym\u0105 Pirk\u0117jas sutinka, kad jo pateikti asmens duomenys b\u016bt\u0173 tvarkomi u\u017esakymo vykdymo tikslais. Pirk\u0117jas taip pat sutinka, kad Pirk\u0117jo nurodytu el. pa\u0161to adresu b\u016bt\u0173 siun\u010diami informaciniai prane\u0161imai, b\u016btini preki\u0173 u\u017esakymui \u012fvykdyti.<\/li>\n<li>Pardav\u0117jas \u012fsipareigoja neatskleisti Pirk\u0117jo asmens duomen\u0173 tretiesiems asmenims, i\u0161skyrus kai to reikalauja kompetentinga Valstyb\u0117s institucija LR \u012fstatym\u0173 numatytais atvejais arba atskiru ra\u0161ytiniu Pirk\u0117jo sutikimu.<\/li>\n<\/ol>\n<div style=\"text-align: justify;\"><strong>3. Pirk\u0117jo teis\u0117s ir pareigos.<\/strong><\/div>\n<ol style=\"text-align: justify;\">\n<li>Sumok\u0117ti u\u017e prekes ir priimti jas \u0161i\u0173 taisykli\u0173 nustatyta tvarka.<\/li>\n<li>U\u017esakymo formoje pateikti teisingus\u00a0duomenis.<\/li>\n<li>Pasikeitus Pirk\u0117jo duomenims, pateiktiems u\u017esakymo metu, Pirk\u0117jas privalo nedelsiant informuoti Pardav\u0117j\u0105.<\/li>\n<li>Pirk\u0117jas turi teis\u0119 atsisakyti preki\u0173 pirkimo \u2013 pardavimo sutarties, laikantis Preki\u0173 Gr\u0105\u017einimo taisykl\u0117se i\u0161d\u0117styt\u0173 nuostat\u0173.<\/li>\n<li>Pirk\u0117jas, pateikdamas u\u017esakym\u0105 \u0161ioje elektronin\u0117je parduotuv\u0117je sutinka su \u0161iomis pirkimo \u2013 pardavimo Taisykl\u0117mis ir \u012fsipareigoja j\u0173 ir nustatyt\u0173 LR teis\u0117s akt\u0173.<\/li>\n<\/ol>\n<div style=\"text-align: justify;\"><strong>4. Pardav\u0117jo teis\u0117s ir pareigos.<\/strong><\/div>\n<ol style=\"text-align: justify;\">\n<li>Sudaryti s\u0105lygas Pirk\u0117jui tinkamai naudotis \u0161ia el. parduotuve.<\/li>\n<li>Jei Pirk\u0117jas bando pakenkti elektronin\u0117s\u00a0parduotuv\u0117s darbo stabilumui ir saugumui ar pa\u017eeid\u017eia savo \u012fsipareigojimus, Pardav\u0117jas turi teis\u0119 nedelsiant ir be persp\u0117jimo apriboti, sustabdyti ar panaikinti Pirk\u0117jo galimyb\u0119 naudotis elektronine\u00a0parduotuve.<\/li>\n<li>Pardav\u0117jas \u012fsipareigoja neperleisi Pirk\u0117jo asmenin\u0117s informacijos\u00a0 tretiesiems asmenims.<\/li>\n<li>Pardav\u0117jas \u012fsipareigoja pristatyti Pirk\u0117jo u\u017esakytas prekes Pirk\u0117jo nurodytu adresu.<\/li>\n<li>Pardav\u0117jas, susidarius svarbioms aplinkyb\u0117ms, gali laikinai arba i\u0161 viso nutraukti elektronin\u0117s\u00a0parduotuv\u0117s veikl\u0105 apie tai i\u0161 anksto neprane\u0161\u0119s Pirk\u0117jui.<\/li>\n<li>Pardav\u0117jas turi teis\u0119 viena\u0161ali\u0161kai pakeisti \u0161ias taisykles, pakeistas taisykles paskelbdamas elektronin\u0117s parduotuv\u0117s tinklalapyje.<\/li>\n<\/ol>\n<div style=\"text-align: justify;\"><strong>5. Preki\u0173 u\u017esakymas<\/strong><\/div>\n<ol style=\"text-align: justify;\">\n<li>U\u017esakymai priimami tik naudojantis \u0161ia elektronine parduotuve.<\/li>\n<li>Visos preki\u0173 kainos elektronin\u0117je parduotuv\u0117je nurodytos eurais \u012fskaitant visus LR galiojan\u010dius mokes\u010dius;<\/li>\n<li>Pirk\u0117jas \u012fsipareigoja apmok\u0117ti u\u017esakym\u0105 per i\u0161ankstin\u0117je s\u0105skaitoje nurodyt\u0105 termin\u0105.<\/li>\n<li>Pirk\u0117jui ne\u012fvykd\u017eius mok\u0117jimo per nurodyt\u0105 termin\u0105, u\u017esakymas anuliuojamas.<\/li>\n<\/ol>\n<div style=\"text-align: justify;\"><strong>6. Preki\u0173 pristatymas.<\/strong><\/div>\n<ol style=\"text-align: justify;\">\n<li>Prek\u0117s pristatomos u\u017esakymo metu pasirinktu pristatymo b\u016bdu;<\/li>\n<li>Pirk\u0117jas \u012fsipareigoja nurodyti tiksli\u0105 preki\u0173 pristatymo viet\u0105.<\/li>\n<li>Prek\u0117s Pirk\u0117jui i\u0161siun\u010diamos po apmok\u0117jimo gavimo.<\/li>\n<li>Visais atvejais Pardav\u0117jas atleid\u017eiamas nuo atsakomyb\u0117s u\u017e preki\u0173 pristatymo termin\u0173 nesilaikym\u0105, jeigu prek\u0117s Pirk\u0117jui n\u0117ra pristatytos arba pristatomos ne laiku d\u0117l Pirk\u0117jo kalt\u0117s arba d\u0117l nuo Pardav\u0117jo nepriklausan\u010di\u0173 aplinkybi\u0173.<\/li>\n<li>Pirk\u0117jas privalo nedelsiant informuoti Pardav\u0117j\u0105, jeigu siunta gaunama pa\u017eeistoje pakuot\u0117je, jeigu siuntoje gautos neu\u017esakytos prek\u0117s arba netinkamas j\u0173 kiekis, nepilna prek\u0117s komplektacija.<\/li>\n<li>Pirk\u0117jas privalo el. pa\u0161tu pateikti Pardav\u0117jui pa\u017eeisto siuntinio ir(arba) prek\u0117s (-i\u0173) nuotraukas.<\/li>\n<\/ol>\n<div style=\"text-align: justify;\"><strong>7. Kokyb\u0117 ir garantijos.<\/strong><\/div>\n<ol style=\"text-align: justify;\">\n<li>Visoms \u0161ioje el. parduotuv\u0117je parduodamoms prek\u0117ms taikoma LR teis\u0117s aktais nustatyta garantija.<\/li>\n<li>Visi \u0161ioje elektronin\u0117je parduotuv\u0117je parduodam\u0173 preki\u0173 duomenys nurodomi prie kiekvienos prek\u0117s esan\u010diame prek\u0117s apra\u0161yme.<\/li>\n<li>Tuo atveju, kai Pardav\u0117jas tam tikroms preki\u0173 r\u016b\u0161ims daikt\u0173 kokyb\u0117s garantijos nesuteikia, galioja garantija, numatyta atitinkam\u0173 teis\u0117s akt\u0173.<\/li>\n<li>Parduotuv\u0117je pavaizduoti preki\u0173 kiekiai nuotraukose ne visada susij\u0119 su prek\u0117s kaina \u2013 preki\u0173 gali b\u016bti pavaizduota daugiau nei vieno vieneto kaina. Matavimo vienetai nurodyti prek\u0117s apra\u0161yme. Preki\u0173 spalva, priklausomai nuo Pirk\u0117jo naudojamo monitoriaus, gali ne\u017eymiai skirtis.<\/li>\n<li>Pardav\u0117jas atskiroms preki\u0173 r\u016b\u0161ims gali suteikti atitinkam\u0105 kokyb\u0117s garantij\u0105, kurios konkretus terminas ir kitos s\u0105lygos yra nurodomos prek\u0117s apra\u0161yme.<\/li>\n<\/ol>\n<div style=\"text-align: justify;\"><strong>8. Baigiamosios nuostatos.<\/strong><\/div>\n<ol>\n<li style=\"text-align: justify;\">\u0160ios preki\u0173 pirkimo \u2013 pardavimo Taisykl\u0117s sudarytos vadovaujantis LR \u012fstatymais ir teis\u0117s aktais.<\/li>\n<li style=\"text-align: justify;\">\u0160ioms taisykl\u0117ms yra taikoma LR teis\u0117. Visi nesutarimai, kil\u0119 d\u0117l \u0161i\u0173 taisykli\u0173 vykdymo, yra sprend\u017eiami deryb\u0173 keliu. Nepavykus susitarti, nesutarimai yra sprend\u017eiami LR \u012fstatym\u0173 nustatyta tvarka<\/li>\n<\/ol>\n<p><strong>9. GPRS\u00a0<\/strong><\/p>\n<p>In an effort to comply with the EU directive on <strong>GPSR:<\/strong><\/p>\n<p><strong>Product identification and description:<\/strong> most items made of 925 silver and genuine 100 percent Baltic amber, that can be worn on the body. All items are Nickel free items.<\/p>\n<p><strong>Warning about hazards, allergies:<\/strong> Jewelry is not suitable for-children-to play with, because it often contains small elements or finishes made of small beads, which a child can tear off, destroy and choke on. Sharp parts can cause injuries if worn incorrectly.<\/p>\n<p><strong>Instructions for use (simplified) and handling, storage, cleaning:\u00a0 <\/strong>Do not clean the products yourself as you may damage the amber. Contact a local jeweler.<\/p>\n<p>Each of my works, in accordance with applicable law, undergoes Assay Office testing.<\/p>\n","protected":false},"excerpt":{"rendered":"<p>1. Bendrosios nuostatos. \u0160ios pirkimo &#8211; pardavimo taisykl\u0117s (toliau \u201eTaisykl\u0117s\u201c) tai Pirk\u0117jo ir Pardav\u0117jo teis\u0117s bei pareigos, preki\u0173 \u012fsigijimo bei apmok\u0117jimo u\u017e jas s\u0105lygos, preki\u0173 pristatymo ir gr\u0105\u017einimo tvarka, \u0161ali\u0173 atsakomyb\u0117 bei kitos \u0161ioje elektronin\u0117je parduotuv\u0117je su preki\u0173 pirkimu \u2013 pardavimu susijusios nuostatos. \u0160ios taisykl\u0117s parengtos vadovaujantis Lietuvos Respublikos \u012fstatymais. Pardav\u0117jas pasilieka teis\u0119 bet kuriuo&#8230;<\/p>\n","protected":false},"author":1,"featured_media":0,"parent":0,"menu_order":0,"comment_status":"closed","ping_status":"closed","template":"","meta":{"footnotes":""},"class_list":["post-4080","page","type-page","status-publish","hentry"],"yoast_head":"<!-- This site is optimized with the Yoast SEO plugin v26.6 - https:\/\/yoast.com\/wordpress\/plugins\/seo\/ -->\n<title>Pirkimo taisykl\u0117s - amberlithuania.com<\/title>\n<meta name=\"robots\" content=\"noindex, nofollow\" \/>\n<meta property=\"og:locale\" content=\"en_US\" \/>\n<meta property=\"og:type\" content=\"article\" \/>\n<meta property=\"og:title\" content=\"Pirkimo taisykl\u0117s - amberlithuania.com\" \/>\n<meta property=\"og:description\" content=\"1. Bendrosios nuostatos. \u0160ios pirkimo &#8211; pardavimo taisykl\u0117s (toliau \u201eTaisykl\u0117s\u201c) tai Pirk\u0117jo ir Pardav\u0117jo teis\u0117s bei pareigos, preki\u0173 \u012fsigijimo bei apmok\u0117jimo u\u017e jas s\u0105lygos, preki\u0173 pristatymo ir gr\u0105\u017einimo tvarka, \u0161ali\u0173 atsakomyb\u0117 bei kitos \u0161ioje elektronin\u0117je parduotuv\u0117je su preki\u0173 pirkimu \u2013 pardavimu susijusios nuostatos. \u0160ios taisykl\u0117s parengtos vadovaujantis Lietuvos Respublikos \u012fstatymais. Pardav\u0117jas pasilieka teis\u0119 bet kuriuo...\" \/>\n<meta property=\"og:url\" content=\"https:\/\/www.amberlithuania.com\/en\/pirkimo-taisykles\/\" \/>\n<meta property=\"og:site_name\" content=\"amberlithuania.com\" \/>\n<meta property=\"article:publisher\" content=\"https:\/\/www.facebook.com\/GintaroGaliaAmberLithuania\/\" \/>\n<meta property=\"article:modified_time\" content=\"2024-12-18T11:45:53+00:00\" \/>\n<meta property=\"og:image\" content=\"https:\/\/www.amberlithuania.com\/wp-content\/uploads\/2021\/10\/20211124_150206-scaled.jpg\" \/>\n\t<meta property=\"og:image:width\" content=\"2560\" \/>\n\t<meta property=\"og:image:height\" content=\"2560\" \/>\n\t<meta property=\"og:image:type\" content=\"image\/jpeg\" \/>\n<meta name=\"twitter:card\" content=\"summary_large_image\" \/>\n<meta name=\"twitter:site\" content=\"@com\" \/>\n<meta name=\"twitter:label1\" content=\"Est. reading time\" \/>\n\t<meta name=\"twitter:data1\" content=\"5 minutes\" \/>\n<script type=\"application\/ld+json\" class=\"yoast-schema-graph\">{\"@context\":\"https:\/\/schema.org\",\"@graph\":[{\"@type\":\"WebPage\",\"@id\":\"https:\/\/www.amberlithuania.com\/en\/pirkimo-taisykles\/\",\"url\":\"https:\/\/www.amberlithuania.com\/en\/pirkimo-taisykles\/\",\"name\":\"Pirkimo taisykl\u0117s - amberlithuania.com\",\"isPartOf\":{\"@id\":\"https:\/\/www.amberlithuania.com\/en\/#website\"},\"datePublished\":\"2020-05-09T08:51:37+00:00\",\"dateModified\":\"2024-12-18T11:45:53+00:00\",\"breadcrumb\":{\"@id\":\"https:\/\/www.amberlithuania.com\/en\/pirkimo-taisykles\/#breadcrumb\"},\"inLanguage\":\"en-US\",\"potentialAction\":[{\"@type\":\"ReadAction\",\"target\":[\"https:\/\/www.amberlithuania.com\/en\/pirkimo-taisykles\/\"]}]},{\"@type\":\"BreadcrumbList\",\"@id\":\"https:\/\/www.amberlithuania.com\/en\/pirkimo-taisykles\/#breadcrumb\",\"itemListElement\":[{\"@type\":\"ListItem\",\"position\":1,\"name\":\"Home\",\"item\":\"https:\/\/www.amberlithuania.com\/en\/\"},{\"@type\":\"ListItem\",\"position\":2,\"name\":\"Pirkimo taisykl\u0117s\"}]},{\"@type\":\"WebSite\",\"@id\":\"https:\/\/www.amberlithuania.com\/en\/#website\",\"url\":\"https:\/\/www.amberlithuania.com\/en\/\",\"name\":\"amberlithuania.com\",\"description\":\"Gintariniai papuo\u0161alai Kal\u0117din\u0117s dovanos Juvelyriniai dirbiniai\",\"publisher\":{\"@id\":\"https:\/\/www.amberlithuania.com\/en\/#\/schema\/person\/6ba64bb15b47b2e25b6ff0bba2850db7\"},\"potentialAction\":[{\"@type\":\"SearchAction\",\"target\":{\"@type\":\"EntryPoint\",\"urlTemplate\":\"https:\/\/www.amberlithuania.com\/en\/?s={search_term_string}\"},\"query-input\":{\"@type\":\"PropertyValueSpecification\",\"valueRequired\":true,\"valueName\":\"search_term_string\"}}],\"inLanguage\":\"en-US\"},{\"@type\":[\"Person\",\"Organization\"],\"@id\":\"https:\/\/www.amberlithuania.com\/en\/#\/schema\/person\/6ba64bb15b47b2e25b6ff0bba2850db7\",\"name\":\"amberlithuania.com\",\"image\":{\"@type\":\"ImageObject\",\"inLanguage\":\"en-US\",\"@id\":\"https:\/\/www.amberlithuania.com\/en\/#\/schema\/person\/image\/\",\"url\":\"https:\/\/www.amberlithuania.com\/wp-content\/uploads\/2022\/02\/20220222_162041-scaled.jpg\",\"contentUrl\":\"https:\/\/www.amberlithuania.com\/wp-content\/uploads\/2022\/02\/20220222_162041-scaled.jpg\",\"width\":2560,\"height\":2560,\"caption\":\"amberlithuania.com\"},\"logo\":{\"@id\":\"https:\/\/www.amberlithuania.com\/en\/#\/schema\/person\/image\/\"},\"sameAs\":[\"http:\/\/www.amberlithuania.com\",\"https:\/\/www.facebook.com\/GintaroGaliaAmberLithuania\/\",\"https:\/\/x.com\/amberlithuania.com\"]}]}<\/script>\n<!-- \/ Yoast SEO plugin. -->","yoast_head_json":{"title":"Pirkimo taisykl\u0117s - amberlithuania.com","robots":{"index":"noindex","follow":"nofollow"},"og_locale":"en_US","og_type":"article","og_title":"Pirkimo taisykl\u0117s - amberlithuania.com","og_description":"1. Bendrosios nuostatos. \u0160ios pirkimo &#8211; pardavimo taisykl\u0117s (toliau \u201eTaisykl\u0117s\u201c) tai Pirk\u0117jo ir Pardav\u0117jo teis\u0117s bei pareigos, preki\u0173 \u012fsigijimo bei apmok\u0117jimo u\u017e jas s\u0105lygos, preki\u0173 pristatymo ir gr\u0105\u017einimo tvarka, \u0161ali\u0173 atsakomyb\u0117 bei kitos \u0161ioje elektronin\u0117je parduotuv\u0117je su preki\u0173 pirkimu \u2013 pardavimu susijusios nuostatos. \u0160ios taisykl\u0117s parengtos vadovaujantis Lietuvos Respublikos \u012fstatymais. Pardav\u0117jas pasilieka teis\u0119 bet kuriuo...","og_url":"https:\/\/www.amberlithuania.com\/en\/pirkimo-taisykles\/","og_site_name":"amberlithuania.com","article_publisher":"https:\/\/www.facebook.com\/GintaroGaliaAmberLithuania\/","article_modified_time":"2024-12-18T11:45:53+00:00","og_image":[{"width":2560,"height":2560,"url":"https:\/\/www.amberlithuania.com\/wp-content\/uploads\/2021\/10\/20211124_150206-scaled.jpg","type":"image\/jpeg"}],"twitter_card":"summary_large_image","twitter_site":"@com","twitter_misc":{"Est. reading time":"5 minutes"},"schema":{"@context":"https:\/\/schema.org","@graph":[{"@type":"WebPage","@id":"https:\/\/www.amberlithuania.com\/en\/pirkimo-taisykles\/","url":"https:\/\/www.amberlithuania.com\/en\/pirkimo-taisykles\/","name":"Pirkimo taisykl\u0117s - amberlithuania.com","isPartOf":{"@id":"https:\/\/www.amberlithuania.com\/en\/#website"},"datePublished":"2020-05-09T08:51:37+00:00","dateModified":"2024-12-18T11:45:53+00:00","breadcrumb":{"@id":"https:\/\/www.amberlithuania.com\/en\/pirkimo-taisykles\/#breadcrumb"},"inLanguage":"en-US","potentialAction":[{"@type":"ReadAction","target":["https:\/\/www.amberlithuania.com\/en\/pirkimo-taisykles\/"]}]},{"@type":"BreadcrumbList","@id":"https:\/\/www.amberlithuania.com\/en\/pirkimo-taisykles\/#breadcrumb","itemListElement":[{"@type":"ListItem","position":1,"name":"Home","item":"https:\/\/www.amberlithuania.com\/en\/"},{"@type":"ListItem","position":2,"name":"Pirkimo taisykl\u0117s"}]},{"@type":"WebSite","@id":"https:\/\/www.amberlithuania.com\/en\/#website","url":"https:\/\/www.amberlithuania.com\/en\/","name":"amberlithuania.com","description":"Gintariniai papuo\u0161alai Kal\u0117din\u0117s dovanos Juvelyriniai dirbiniai","publisher":{"@id":"https:\/\/www.amberlithuania.com\/en\/#\/schema\/person\/6ba64bb15b47b2e25b6ff0bba2850db7"},"potentialAction":[{"@type":"SearchAction","target":{"@type":"EntryPoint","urlTemplate":"https:\/\/www.amberlithuania.com\/en\/?s={search_term_string}"},"query-input":{"@type":"PropertyValueSpecification","valueRequired":true,"valueName":"search_term_string"}}],"inLanguage":"en-US"},{"@type":["Person","Organization"],"@id":"https:\/\/www.amberlithuania.com\/en\/#\/schema\/person\/6ba64bb15b47b2e25b6ff0bba2850db7","name":"amberlithuania.com","image":{"@type":"ImageObject","inLanguage":"en-US","@id":"https:\/\/www.amberlithuania.com\/en\/#\/schema\/person\/image\/","url":"https:\/\/www.amberlithuania.com\/wp-content\/uploads\/2022\/02\/20220222_162041-scaled.jpg","contentUrl":"https:\/\/www.amberlithuania.com\/wp-content\/uploads\/2022\/02\/20220222_162041-scaled.jpg","width":2560,"height":2560,"caption":"amberlithuania.com"},"logo":{"@id":"https:\/\/www.amberlithuania.com\/en\/#\/schema\/person\/image\/"},"sameAs":["http:\/\/www.amberlithuania.com","https:\/\/www.facebook.com\/GintaroGaliaAmberLithuania\/","https:\/\/x.com\/amberlithuania.com"]}]}},"_links":{"self":[{"href":"https:\/\/www.amberlithuania.com\/en\/wp-json\/wp\/v2\/pages\/4080","targetHints":{"allow":["GET"]}}],"collection":[{"href":"https:\/\/www.amberlithuania.com\/en\/wp-json\/wp\/v2\/pages"}],"about":[{"href":"https:\/\/www.amberlithuania.com\/en\/wp-json\/wp\/v2\/types\/page"}],"author":[{"embeddable":true,"href":"https:\/\/www.amberlithuania.com\/en\/wp-json\/wp\/v2\/users\/1"}],"replies":[{"embeddable":true,"href":"https:\/\/www.amberlithuania.com\/en\/wp-json\/wp\/v2\/comments?post=4080"}],"version-history":[{"count":3,"href":"https:\/\/www.amberlithuania.com\/en\/wp-json\/wp\/v2\/pages\/4080\/revisions"}],"predecessor-version":[{"id":22235,"href":"https:\/\/www.amberlithuania.com\/en\/wp-json\/wp\/v2\/pages\/4080\/revisions\/22235"}],"wp:attachment":[{"href":"https:\/\/www.amberlithuania.com\/en\/wp-json\/wp\/v2\/media?parent=4080"}],"curies":[{"name":"wp","href":"https:\/\/api.w.org\/{rel}","templated":true}]}}